{"id":689,"date":"2023-03-03T10:09:16","date_gmt":"2023-03-03T15:09:16","guid":{"rendered":"http:\/\/framework.local.loud\/?page_id=689"},"modified":"2025-05-14T08:48:43","modified_gmt":"2025-05-14T13:48:43","slug":"about","status":"publish","type":"page","link":"https:\/\/www.oceaneering.com\/de\/about\/","title":{"rendered":"\u00dcber uns"},"content":{"rendered":"<a href=\"https:\/\/www.oceaneering.com\/de\/about\/#contact\" target=\"_self\">\n\t\t\t\t\t\t\tKontakt\n\t\t\t\t\t<\/a>\n<h1>\n\t\t\u00dcber Oceaneering\n\t<\/h1>\n\t<p>Um Ihre schwierigsten Herausforderungen zu l\u00f6sen, gehen wir die Dinge anders, kreativ und intelligenter an. Als Ihr vertrauensw\u00fcrdiger Partner geben uns unsere un\u00fcbertroffene Erfahrung und unser wirklich innovatives Portfolio an Technologien und L\u00f6sungen die Flexibilit\u00e4t, uns anzupassen und weiterzuentwickeln, unabh\u00e4ngig von den Marktbedingungen.<\/p>\n\n\t\tWir bieten technische Dienstleistungen und Produkte haupts\u00e4chlich f\u00fcr die Offshore-Energieindustrie an. Heute nutzen wir unser Fachwissen in der angewandten Technologie auch f\u00fcr die Branchen Verteidigung, Materialtransport, Luft- und Raumfahrt, Wissenschaft und erneuerbare Energien.\n\t\n\t\t\t\t\t\t<img decoding=\"async\" src=\"https:\/\/oceaneering.com\/wp-content\/uploads\/2023\/11\/ROV-700x644-1.jpeg\" alt=\"\"\/>\n\t\t\t\t\t\t<h3>Ferngesteuerte Fahrzeuge<\/h3>\n\t\t\t\t\t\t<h3>Ferngesteuerte Fahrzeuge<\/h3>\n\t\t\t\t\t\t<p>Die weltweit f\u00fchrende ROV-Flotte und Pilotenf\u00e4higkeiten.<\/p>\n\t\t\t\t\t\t<img decoding=\"async\" src=\"https:\/\/oceaneering.com\/wp-content\/uploads\/2023\/11\/13EW076-about-700x644-1.jpeg\" alt=\"\"\/>\n\t\t\t\t\t\t<h3>Unterwasser-Hardware<\/h3>\n\t\t\t\t\t\t<h3>Unterwasser-Hardware<\/h3>\n\t\t\t\t\t\t<p>Unerreichte Zuverl\u00e4ssigkeit und Anpassungsf\u00e4higkeit von Unterwasserverbindungen.<\/p>\n\t\t\t\t\t\t<img decoding=\"async\" src=\"https:\/\/oceaneering.com\/wp-content\/uploads\/2023\/11\/Project-Mgmnt-700x644-1.jpeg\" alt=\"\"\/>\n\t\t\t\t\t\t<h3>Projektleitung<\/h3>\n\t\t\t\t\t\t<h3>Projektleitung<\/h3>\n\t\t\t\t\t\t<p>Jahrzehntelange Erfahrung mit einigen der komplexesten Projekte der Branche.<\/p>\n<h2>\n\t\tKundenengagement\n\t<\/h2>\n\n\t\tNur wenn wir zusammenarbeiten, k\u00f6nnen wir die Zukunft der von uns bedienten Branchen sicher und zuverl\u00e4ssig neu gestalten.\n\t\n<h2>\n\t\tSoziale Verantwortung der Unternehmen\n\t<\/h2>\n\t<p>Bei Oceaneering, <a href=\"https:\/\/www.oceaneering.com\/de\/sustainability\/\">Soziale Verantwortung der Unternehmen<\/a> ist auf unseren Grundwerten aufgebaut. Wir sind davon \u00fcberzeugt, dass wir unser Gesch\u00e4ft so f\u00fchren, dass Sicherheit und Gesundheit, die Umwelt und eine starke Ethik gef\u00f6rdert werden, w\u00e4hrend wir gleichzeitig die Gemeinden, in denen wir leben und arbeiten, unterst\u00fctzen.<\/p>\n<h2>\n\t\tMission, Vision und Werte von Oceaneering\n\t<\/h2>\n\t<p>Unsere Aufgabe ist es, das Unl\u00f6sbare zu l\u00f6sen. Wir sind erfolgreich, indem wir branchenver\u00e4ndernde, technisch kreative L\u00f6sungen f\u00fcr die komplexesten operativen Herausforderungen unter Wasser, an Land und im Weltraum entwickeln. Unsere f\u00fcnf Grundwerte bilden eine gemeinsame Kultur und zeigen, was f\u00fcr uns als Unternehmen am wichtigsten ist.<\/p>\n\t\t\t<a href=\"https:\/\/www.oceaneering.com\/de\/about\/mission-vision-and-values\/\" target=\"_self\">\n\t\t\t\t\t\t\tMehr erfahren\n\t\t\t\t\t<\/a>\n\t\t\t\t<img decoding=\"async\" src=\"https:\/\/oceaneering.com\/wp-content\/uploads\/2023\/11\/oceaneering_vision_badge-2-300x300.png\" alt=\"oceaneering_vision_badge-2\" itemprop=\"image\" title=\"oceaneering_vision_badge-2\" onerror=\"this.style.display='none'\"  \/>\n<h2>\n\t\tDie Oceaneering-Geschichte\n\t<\/h2>\n\tVon einem kleinen Tauchunternehmen zu einem weltweit f\u00fchrenden<br \/>\nAnbieter von technischen Produkten und Dienstleistungen.\n\t<p>1964 gr\u00fcndeten Mike Hughes und Johnny Johnson ein Tauchunternehmen im Golf von Mexiko mit dem Namen World Wide Divers. Das Unternehmen wuchs als Reaktion auf die steigende Nachfrage nach ihren Dienstleistungen und fusionierte 1969 mit zwei anderen Tauchunternehmen zur Oceaneering International, Inc.<\/p>\n<p>Seit den Anf\u00e4ngen hat sich das Unternehmen von einem kleinen regionalen Tauchunternehmen zu einem globalen Anbieter von technischen Produkten und Dienstleistungen entwickelt.<\/p>\n\t<p>Heute entwickeln wir Produkte und Dienstleistungen f\u00fcr den Einsatz w\u00e4hrend des gesamten Lebenszyklus eines Offshore-\u00d6lfeldes, von der Bohrung bis zur Stilllegung. Wir betreiben die weltweit f\u00fchrende Flotte von ROVs der Arbeitsklasse. Dar\u00fcber hinaus sind wir f\u00fchrend in den Bereichen Offshore-\u00d6lfeld-Wartungsdienste, Versorgungskabel, Unterwasser-Hardware und Werkzeuge.<\/p>\n<p>Wir beliefern auch die Luft- und Raumfahrt-, Verteidigungs- und Themenparkindustrie.<\/p>\n<h1>\n\t\tKontakt\n\t<\/h1>\n<h2>\n\t\tUnser Expertenteam ist bereit, Ihnen den Einstieg zu erleichtern.\n\t<\/h2>\n\t<p>Oceaneering bietet erstklassige Produkte und L\u00f6sungen, die sich durch unvergleichliche Qualit\u00e4t, Zuverl\u00e4ssigkeit und globalen Support auszeichnen. F\u00fcllen Sie das Anfrageformular aus, um noch heute ein Gespr\u00e4ch zu beginnen.<\/p>","protected":false},"excerpt":{"rendered":"<p>Kontakt \u00dcber Oceaneering Um Ihre schwierigsten Herausforderungen zu l\u00f6sen, gehen wir die Dinge anders, kreativ und intelligenter an. Als Ihr zuverl\u00e4ssiger Partner verf\u00fcgen wir \u00fcber eine un\u00fcbertroffene Erfahrung und ein wirklich innovatives Portfolio an Technologien und L\u00f6sungen, die uns die Flexibilit\u00e4t geben, uns unabh\u00e4ngig von den Marktbedingungen anzupassen und weiterzuentwickeln. Wir bieten technische Dienstleistungen und Produkte haupts\u00e4chlich f\u00fcr die Offshore-Energieindustrie an. ... <a title=\"\u00dcber uns\" class=\"read-more\" href=\"https:\/\/www.oceaneering.com\/de\/about\/\" aria-label=\"Mehr Informationen \u00fcber uns\">Weiterlesen ...<\/a><\/p>","protected":false},"author":7,"featured_media":0,"parent":0,"menu_order":0,"comment_status":"closed","ping_status":"closed","template":"","meta":{"_acf_changed":false,"footnotes":"","_links_to":"","_links_to_target":""},"product_category":[],"search_tags":[1865],"class_list":["post-689","page","type-page","status-publish","search_tags-about"],"acf":[],"aioseo_notices":[],"_links":{"self":[{"href":"https:\/\/www.oceaneering.com\/de\/wp-json\/wp\/v2\/pages\/689","targetHints":{"allow":["GET"]}}],"collection":[{"href":"https:\/\/www.oceaneering.com\/de\/wp-json\/wp\/v2\/pages"}],"about":[{"href":"https:\/\/www.oceaneering.com\/de\/wp-json\/wp\/v2\/types\/page"}],"author":[{"embeddable":true,"href":"https:\/\/www.oceaneering.com\/de\/wp-json\/wp\/v2\/users\/7"}],"replies":[{"embeddable":true,"href":"https:\/\/www.oceaneering.com\/de\/wp-json\/wp\/v2\/comments?post=689"}],"version-history":[{"count":0,"href":"https:\/\/www.oceaneering.com\/de\/wp-json\/wp\/v2\/pages\/689\/revisions"}],"wp:attachment":[{"href":"https:\/\/www.oceaneering.com\/de\/wp-json\/wp\/v2\/media?parent=689"}],"wp:term":[{"taxonomy":"product_category","embeddable":true,"href":"https:\/\/www.oceaneering.com\/de\/wp-json\/wp\/v2\/product_category?post=689"},{"taxonomy":"search_tags","embeddable":true,"href":"https:\/\/www.oceaneering.com\/de\/wp-json\/wp\/v2\/search_tags?post=689"}],"curies":[{"name":"wp","href":"https:\/\/api.w.org\/{rel}","templated":true}]}}