{"id":64967,"date":"2023-11-14T08:44:42","date_gmt":"2023-11-14T13:44:42","guid":{"rendered":"https:\/\/oceaneering.com\/?page_id=64967"},"modified":"2026-03-02T09:12:15","modified_gmt":"2026-03-02T15:12:15","slug":"pipeline-repair","status":"publish","type":"page","link":"https:\/\/www.oceaneering.com\/de\/pipeline-repair\/","title":{"rendered":"Pipeline-Reparatur"},"content":{"rendered":"<a href=\"\/de\/pipeline-repair\/#contact\" target=\"_self\">\n\t\t\t\t\t\t\tEin Projekt besprechen\n\t\t\t\t\t<\/a>\n<h1>\n\t\tPipeline-Reparatur\n\t<\/h1>\n\t<p>Dank jahrzehntelanger Erfahrung und innovativer, praxiserprobter Technologien zur Reparatur von Pipelines k\u00f6nnen wir schnell auf Ihre Anliegen reagieren. Wir implementieren sichere, zuverl\u00e4ssige L\u00f6sungen, die die Auswirkungen auf die Umwelt minimieren und die Produktion schnell wiederherstellen.<\/p>\n<h2>\n\t\tHalten Sie Ihre Produktion online\n\t<\/h2>\n<h2>\n\t\tInspektion und Reparatur von Unterwasser-Pipelines\n\t<\/h2>\n\t<p>Vermeiden Sie schwerwiegende wirtschaftliche und \u00f6kologische Auswirkungen, die mit Ausf\u00e4llen von Unterwasserpipelines und pl\u00f6tzlichen Produktionsausf\u00e4llen verbunden sind. Mit einem breiten Spektrum an Gr\u00f6\u00dfen, Druckstufen und Wassertiefen f\u00fchren wir Unterwasserinspektionen durch, identifizieren Ausfallarten, bereiten besch\u00e4digte Anlagen vor und f\u00fchren Reparaturen durch, die Ihre Produktion schnell wieder in Gang bringen. Wenn es darum geht, die beste Pipeline-Reparaturl\u00f6sung f\u00fcr Sie zu entwickeln, sind wir verpflichtet <strong>Das Notwendige mit dem Zuk\u00fcnftigen verbinden\u2122<\/strong>.<\/p>\n\t\t\t<img decoding=\"async\" src=\"https:\/\/oceaneering.com\/wp-content\/uploads\/2023\/11\/website-thumbnail-201952-scaled.jpeg\" title=\"website-thumbnail-201952\" alt=\"\" \/>\t\t\t\t\t\t\t\n\t\t\t\t\tVideo abspielen\n\t\t<!-- Comment to fix spacing issue\n\t-->\n\t\tWir haben mehr als0\n\t<!-- Comment to fix spacing issue\n\t-->\t\n\t<p>Pipelines<\/p>\n<h2>\n\t\tIdentifizierung des Fehlermodus\n\t<\/h2>\n\t<p>Wir setzen eine <a href=\"https:\/\/www.oceaneering.com\/de\/rov-services\/\">ferngesteuertes Fahrzeug (ROV)<\/a> oder <a href=\"https:\/\/www.oceaneering.com\/de\/survey-and-mapping\/geoscience-and-auv-surveys\/\">Autonomes Unterwasserfahrzeug (AUV)<\/a> um Pipelines visuell zu inspizieren und Anomalien zu erkennen. Wir arbeiten mit Ihren Molchdaten, um sicherzustellen, dass wir Ihnen die zuverl\u00e4ssigste und kosteng\u00fcnstigste L\u00f6sung bieten. Unsere hochqualifizierten Ingenieure bestimmen den Grad der Besch\u00e4digung - von kleinen Defekten bis hin zu katastrophalen Ausf\u00e4llen - und entwickeln einen individuellen Sanierungsplan.<\/p>\n<h3>\n\t\tROV-Dienste\n\t<\/h3>\n\t\t\t<a href=\"https:\/\/oceaneering.canto.com\/download\/document\/m8lmrpktql1ut151i4d61fkp72\/original.pdf\" target=\"_blank\" rel=\"noopener\">\n\t\t\t\t\t\t\tMillennium\u00ae Plus\n\t\t\t<\/a>\n\t\t\t<a href=\"https:\/\/oceaneering.canto.com\/download\/document\/6a76i8d2r56qr67pl4j8s8tr64\/original.pdf\" target=\"_blank\" rel=\"noopener\">\n\t\t\t\t\t\t\tMagnum\u00ae Plus\n\t\t\t<\/a>\n\t\t\t<a href=\"https:\/\/oceaneering.canto.com\/download\/document\/s378t80gth0nlc78uio8k5to3q\/original.pdf\" target=\"_blank\" rel=\"noopener\">\n\t\t\t\t\t\t\tNEXXUS \n\t\t\t<\/a>\n<h3>\n\t\tInspektion von Unterwasser-Pipelines\n\t<\/h3>\n\t\t\t<a href=\"https:\/\/oceaneering.canto.com\/download\/document\/niernsgve16a3emdtgrsgapu7l\/original.pdf\" target=\"_blank\" rel=\"noopener\">\n\t\t\t\t\t\t\tDeepwater AUV Pipeline-Inspektion \n\t\t\t<\/a>\n<h2>\n\t\tVorbereitung und Zugang zur Pipeline\n\t<\/h2>\n\t<p>Unser <a href=\"https:\/\/www.oceaneering.com\/de\/decommissioning\/dredging\/\">Baggertechnologien<\/a> Tr\u00fcmmer zu entfernen und die besch\u00e4digte Unterwasserpipeline freizulegen. Wir nutzen unsere umfassende Erfahrung mit der Entfernung von Beschichtungen, einschlie\u00dflich Beton und schmelzgebundenem Epoxid (FBE), um einen direkten Zugang zum Grundmaterial der Pipeline zu gew\u00e4hrleisten. Die Freilegung der Pipeline und die Entfernung der Beschichtung erleichtern die weitere visuelle Inspektion und erh\u00f6hen die Effizienz der Unterwasserinspektion.<\/p>\n<h3>\n\t\tEntfernung der Beschichtung\n\t<\/h3>\n\t\t\t<a href=\"https:\/\/oceaneering.canto.com\/download\/document\/hka39719mh677dfvoonqdr7l0t\/original.pdf\" target=\"_blank\" rel=\"noopener\">\n\t\t\t\t\t\t\tWerkzeuge zum Entfernen von Schutzbeschichtungen\n\t\t\t<\/a>\n\t\t\t<a href=\"https:\/\/oceaneering.canto.com\/download\/document\/hhgt3e8h1922fcs7t0epkgbc4n\/original.pdf\" target=\"_blank\" rel=\"noopener\">\n\t\t\t\t\t\t\tWerkzeug zum Entfernen von Beschichtungen und Schwei\u00dfn\u00e4hten\n\t\t\t<\/a>\n<h3>\n\t\tUnterwasser-Baggerarbeiten\n\t<\/h3>\n\t\t\t<a href=\"https:\/\/oceaneering.canto.com\/download\/document\/p4oslspknd5b1doo3goaoojj69\/original.pdf\" target=\"_blank\" rel=\"noopener\">\n\t\t\t\t\t\t\t12-Zoll-Elektro-XL-Dredge\n\t\t\t<\/a>\n<h2>\n\t\tErweiterte Inspektion von Unterwasser-Pipelines\n\t<\/h2>\n\t<p>Wir setzen fortschrittliche Screening- und Bewertungsinstrumente ein, um die Integrit\u00e4t von Unterwasser-Pipelines zu bewerten. Wir kombinieren unser Fachwissen \u00fcber Unterwasserleitungen und Anlagenintegrit\u00e4t, um t\u00e4glich kilometerlange Pipelines auf Anomalien zu untersuchen. Wir verwenden detaillierte Methoden und <a href=\"https:\/\/www.oceaneering.com\/de\/asset-integrity\/in-service-inspection\/subsea-inspection\/\">Unterwasser-Inspektionstechnik<\/a> um die Merkmale der Anomalien zu definieren, sowohl innerhalb als auch au\u00dferhalb der Pipeline.<\/p>\n<h3>\n\t\tWerkzeuge zur Inspektion von Unterwasser-Pipelines\n\t<\/h3>\n\t\t\t<a href=\"https:\/\/oceaneering.canto.com\/download\/document\/cvv245iaoh46pb3molqpmj185b\/original.pdf\" target=\"_blank\" rel=\"noopener\">\n\t\t\t\t\t\t\tMagIQ SZ200 Scanningsystem\n\t\t\t<\/a>\n\t\t\t<a href=\"https:\/\/oceaneering.canto.com\/download\/document\/nldfsitovd3d96vjdsodiie53q\/original.pdf\" target=\"_blank\" rel=\"noopener\">\n\t\t\t\t\t\t\tNeptun\n\t\t\t<\/a>\n\t\t\t<a href=\"https:\/\/oceaneering.canto.com\/download\/document\/76j74lipgt2lvbo3c7ged26i2g\/original.pdf\" target=\"_blank\" rel=\"noopener\">\n\t\t\t\t\t\t\tDigitale Unterwasser-Radiographie\n\t\t\t<\/a>\n\t\t\t<a href=\"https:\/\/oceaneering.canto.com\/download\/document\/f01nln224t3m56rpm2qhs76i2t\/original.pdf\" target=\"_blank\" rel=\"noopener\">\n\t\t\t\t\t\t\tDreizack-System\n\t\t\t<\/a>\n<h2>\n\t\tUnterwasser-Pipeline-Reparatur-Verbindungen\n\t<\/h2>\n\t<p>Unser Katalog der <a href=\"https:\/\/www.oceaneering.com\/de\/pipeline-repair-systems\/\">Pipeline-Reparaturl\u00f6sungen<\/a> hat sich weiterentwickelt, um den Anforderungen anspruchsvoller Anwendungen und rauer Tiefseeumgebungen gerecht zu werden.<\/p>\n<h3>\n\t\tHardware f\u00fcr die Reparatur von Unterwasser-Pipelines\n\t<\/h3>\n\t\t\t<a href=\"https:\/\/oceaneering.canto.com\/download\/document\/vbo1iu2f0l51l9iftrpq9irm47\/original.pdf\" target=\"_blank\" rel=\"noopener\">\n\t\t\t\t\t\t\tSmart Flange Plus\n\t\t\t<\/a>\n\t\t\t<a href=\"https:\/\/oceaneering.canto.com\/download\/document\/7ocrfr3jdt4d71adr261n8793q\/original.pdf\" target=\"_blank\" rel=\"noopener\">\n\t\t\t\t\t\t\tDiverless Smart Clamp \n\t\t\t<\/a>\n\t\t\t<a href=\"https:\/\/oceaneering.canto.com\/download\/document\/2flhlaqpbh6pdc4hi9mtgk2s63\/original.pdf\" target=\"_blank\" rel=\"noopener\">\n\t\t\t\t\t\t\tSmart Tap\n\t\t\t<\/a>\n\t\t\t<a href=\"https:\/\/oceaneering.canto.com\/download\/document\/7via1227mt2lf7uqef7gcib31f\/original.pdf\" target=\"_blank\" rel=\"noopener\">\n\t\t\t\t\t\t\tTauchergest\u00fctzte Smart Clamp\n\t\t\t<\/a>\n\t\t\t<a href=\"https:\/\/oceaneering.canto.com\/download\/document\/7hirf70vvp7at7cfactdc7mf2r\/original.pdf\" target=\"_blank\" rel=\"noopener\">\n\t\t\t\t\t\t\tHydraulischer Anschluss mit doppelter Klemmung und Dichtung (HDGSC)\n\t\t\t<\/a>\n\t<p>Wir bieten kosteneffiziente, schl\u00fcsselfertige L\u00f6sungen f\u00fcr die Reparatur von Rohrleitungen an, um einen sicheren, zeitgerechten Durchfluss und maximale Betriebszeit zu gew\u00e4hrleisten. Wir sind in der Lage, jede unserer propriet\u00e4ren Schellen, Flansche und Anzapfungen schnell von unserem B\u00fcro aus zu installieren. <a href=\"https:\/\/www.oceaneering.com\/de\/subsea-projects\/vessel-fleet\/\">branchenf\u00fchrende Schiffe<\/a>und erm\u00f6glicht eine schnellere Bearbeitung.<\/p>\n\t\t\t\t\t\t\t\t\t<h3>Praxiserprobt. Branchenf\u00fchrend.<\/h3>\n\t\t\t\t\t\t\t\t\t<p>Lesen Sie unsere Fallstudien \u00fcber Pipeline-Sanierungsprojekte. <\/p>\n\t\t\t\t\t\t<a href=\"https:\/\/www.oceaneering.com\/de\/resources\/?_content_types=case-study\" target=\"_self\">\n\t\t\t\t\t\t\t\tAlle Fallstudien anzeigen\t\t\t\t\t\t\t\n\t\t\t\t\t\t\t\t\t\t\t\t\t<\/a>\n\t\t\t\t\t\t<button>\n\t\t\t\t\t\t\tVorherige\n\t\t\t\t\t\t<\/button>\n\t\t\t\t\t\t<button>\n\t\t\t\t\t\t\tWeiter\n\t\t\t\t\t\t<\/button>\n\t\t\t\t\t\t\t<a href=\"https:\/\/www.oceaneering.com\/de\/case-studies\/oceaneering-completes-water-injection-pipeline-repair-at-field-offshore-angola\/\">\n\t\t\t\t\t\t\t\t\t\t<img decoding=\"async\" src=\"https:\/\/www.oceaneering.com\/wp-content\/uploads\/2021\/10\/351ab494-e6fb-44ce-bca8-681f69291520-2.jpg\" alt=\"Subsea pipeline coating removal tool strapped down on deck of an offshore vessel.\"\/>\n\t\t\t\t\t\t\t\t\t\t<h3>Oceaneering schlie\u00dft Reparatur der Wassereinspritzleitung in einem Feld vor der K\u00fcste Angolas ab<\/h3>\n\t\t\t\t\t\t\t\t\t\t<h3>Oceaneering schlie\u00dft Reparatur der Wassereinspritzleitung in einem Feld vor der K\u00fcste Angolas ab<\/h3>\n\t\t\t\t\t\t\t\t\t\t\tMehr erfahren\n\t\t\t\t\t\t\t<\/a>\n\t\t\t\t\t\t\t<a href=\"https:\/\/www.oceaneering.com\/de\/case-studies\/oceaneering-enables-safe-continued-production-by-mitigating-the-risk-of-fatigue-on-a-thermowell\/\">\n\t\t\t\t\t\t\t\t\t\t<img decoding=\"async\" src=\"https:\/\/www.oceaneering.com\/wp-content\/uploads\/2020\/01\/pressure-systems.jpg\" alt=\"\"\/>\n\t\t\t\t\t\t\t\t\t\t<h3>Oceaneering erm\u00f6glicht sichere, kontinuierliche Produktion durch Minderung des Erm\u00fcdungsrisikos bei einem Schutzrohr<\/h3>\n\t\t\t\t\t\t\t\t\t\t<h3>Oceaneering erm\u00f6glicht sichere, kontinuierliche Produktion durch Minderung des Erm\u00fcdungsrisikos bei einem Schutzrohr<\/h3>\n\t\t\t\t\t\t\t\t\t\t\tMehr erfahren\n\t\t\t\t\t\t\t<\/a>\n\t\t\t\t\t\t\t<a href=\"https:\/\/www.oceaneering.com\/de\/case-studies\/oceaneering-survey-solution-enables-client-to-assess-deepwater-pipeline-integrity\/\">\n\t\t\t\t\t\t\t\t\t\t<img decoding=\"async\" src=\"https:\/\/www.oceaneering.com\/wp-content\/uploads\/2019\/12\/a6ebfdc6018d45d18b38680d2556f875-1.webp\" alt=\"Data capture image of a deepwater subsea pipeline survey operation in 2000 meter water depths showing a yellow pipeline on multicolored background.\"\/>\n\t\t\t\t\t\t\t\t\t\t<h3>Vermessungsl\u00f6sung von Oceaneering erm\u00f6glicht dem Kunden die Bewertung der Integrit\u00e4t von Tiefsee-Pipelines<\/h3>\n\t\t\t\t\t\t\t\t\t\t<h3>Vermessungsl\u00f6sung von Oceaneering erm\u00f6glicht dem Kunden die Bewertung der Integrit\u00e4t von Tiefsee-Pipelines<\/h3>\n\t\t\t\t\t\t\t\t\t\t\tMehr erfahren\n\t\t\t\t\t\t\t<\/a>\n\t\t\t\t\t\t\t<a href=\"https:\/\/www.oceaneering.com\/de\/case-studies\/oceaneering-repairs-subsea-leak-at-gulf-of-mexico-field\/\">\n\t\t\t\t\t\t\t\t\t\t<img decoding=\"async\" src=\"https:\/\/www.oceaneering.com\/wp-content\/uploads\/2019\/01\/2f5b75d3b8ed4f9c970aee5751c1efa0-1.webp\" alt=\"Oceaneering hydrate remediation spread on deck of a vessel used to complete offshore intervention scopes.\"\/>\n\t\t\t\t\t\t\t\t\t\t<h3>Oceaneering repariert Unterwasserleck im Golf von Mexiko<\/h3>\n\t\t\t\t\t\t\t\t\t\t<h3>Oceaneering repariert Unterwasserleck im Golf von Mexiko<\/h3>\n\t\t\t\t\t\t\t\t\t\t\tMehr erfahren\n\t\t\t\t\t\t\t<\/a>\n<h2>\n\t\tKontakt\n\t<\/h2>\n<h3>\n\t\tUnser Expertenteam ist bereit, Ihnen den Einstieg zu erleichtern.\n\t<\/h3>\n\t<p>Oceaneering bietet erstklassige Produkte und L\u00f6sungen, die sich durch unvergleichliche Qualit\u00e4t, Zuverl\u00e4ssigkeit und globalen Support auszeichnen. F\u00fcllen Sie das Anfrageformular aus, um noch heute ein Gespr\u00e4ch zu beginnen.<\/p>","protected":false},"excerpt":{"rendered":"<p>Discuss a Project Pipeline Repair Decades of unmatched experience and innovative, field-proven pipeline repair technologies enable us to rapidly respond to your concerns. We implement safe, reliable solutions that minimize environmental impact and restore production quickly. Keep Your Production Online Subsea Pipeline Inspection and Repair Avoid severe economic and environmental impacts associated with subsea pipeline &#8230; <a title=\"Pipeline-Reparatur\" class=\"read-more\" href=\"https:\/\/www.oceaneering.com\/de\/pipeline-repair\/\" aria-label=\"Mehr Informationen \u00fcber Rohrleitungsreparatur\">Weiterlesen ...<\/a><\/p>","protected":false},"author":13,"featured_media":0,"parent":0,"menu_order":0,"comment_status":"closed","ping_status":"closed","template":"","meta":{"_acf_changed":false,"footnotes":"","_links_to":"","_links_to_target":""},"product_category":[1209],"search_tags":[1786,1788],"class_list":["post-64967","page","type-page","status-publish","product_category-pipeline-repair","search_tags-pipeline","search_tags-repair"],"acf":[],"aioseo_notices":[],"_links":{"self":[{"href":"https:\/\/www.oceaneering.com\/de\/wp-json\/wp\/v2\/pages\/64967","targetHints":{"allow":["GET"]}}],"collection":[{"href":"https:\/\/www.oceaneering.com\/de\/wp-json\/wp\/v2\/pages"}],"about":[{"href":"https:\/\/www.oceaneering.com\/de\/wp-json\/wp\/v2\/types\/page"}],"author":[{"embeddable":true,"href":"https:\/\/www.oceaneering.com\/de\/wp-json\/wp\/v2\/users\/13"}],"replies":[{"embeddable":true,"href":"https:\/\/www.oceaneering.com\/de\/wp-json\/wp\/v2\/comments?post=64967"}],"version-history":[{"count":8,"href":"https:\/\/www.oceaneering.com\/de\/wp-json\/wp\/v2\/pages\/64967\/revisions"}],"predecessor-version":[{"id":81263,"href":"https:\/\/www.oceaneering.com\/de\/wp-json\/wp\/v2\/pages\/64967\/revisions\/81263"}],"wp:attachment":[{"href":"https:\/\/www.oceaneering.com\/de\/wp-json\/wp\/v2\/media?parent=64967"}],"wp:term":[{"taxonomy":"product_category","embeddable":true,"href":"https:\/\/www.oceaneering.com\/de\/wp-json\/wp\/v2\/product_category?post=64967"},{"taxonomy":"search_tags","embeddable":true,"href":"https:\/\/www.oceaneering.com\/de\/wp-json\/wp\/v2\/search_tags?post=64967"}],"curies":[{"name":"wp","href":"https:\/\/api.w.org\/{rel}","templated":true}]}}