{"id":62465,"date":"2023-11-13T06:08:19","date_gmt":"2023-11-13T11:08:19","guid":{"rendered":"https:\/\/oceaneering.com\/?page_id=62465"},"modified":"2024-09-11T04:17:28","modified_gmt":"2024-09-11T09:17:28","slug":"flowline-connection-systems","status":"publish","type":"page","link":"https:\/\/www.oceaneering.com\/de\/flowline-connection-systems\/","title":{"rendered":"Flowline-Anschluss-Systeme"},"content":{"rendered":"<a href=\"https:\/\/www.oceaneering.com\/de\/subsea-connection-systems\/#contact\" target=\"_self\" rel=\"noopener\">\n\t\t\t\t\t\t\tEin Projekt besprechen\n\t\t\t\t\t<\/a>\n\t\tUnterwasser-Verbindungssysteme\n<h1>\n\t\tFlowline-Anschluss-Systeme\n\t<\/h1>\n\t<p>Unsere Flowline-Verbindungssysteme bieten kosteng\u00fcnstige Unterwasser-Verbindungsl\u00f6sungen und basieren auf unserer bew\u00e4hrten Oceaneering\u00ae Grayloc\u00ae Metall-auf-Metall-Dichtungstechnologie.<\/p>\n<h2>\n\t\tVertikale und horizontale Verbinder \n\t<\/h2>\n\t<p>Unsere vertikalen und horizontalen Verbinder verwenden eine einzelne Antriebsschraube und einen Standard-API-Drehmomentaufnehmer, der mit einem branchen\u00fcblichen, ferngesteuerten ROV-Drehmomentwerkzeug montiert werden kann. Der vertikale Flowline-Verbinder erfordert kein spezielles Installationswerkzeug und stellt eine wirtschaftliche L\u00f6sung dar, die weniger ROV-Eins\u00e4tze erfordert, um die Verbindung abzuschlie\u00dfen.<\/p>\n<h3>\n\t\tKonform\n\t<\/h3>\n\t<p>Konform mit API 6A, 17D und 17R<\/p>\n<h3>\n\t\tKleiner Fu\u00dfabdruck\n\t<\/h3>\n\t<p>Geringe Stellfl\u00e4che minimiert den Platzbedarf f\u00fcr Unterwasserb\u00e4ume oder Infrastruktur<\/p>\n<h3>\n\t\tKosteng\u00fcnstig\n\t<\/h3>\n\t<p>Kosteng\u00fcnstiges, zuverl\u00e4ssiges, praxiserprobtes Design<\/p>\n<h3>\n\t\tEinfache Installation\n\t<\/h3>\n\t<p>Einfacher Einbau, taucherlose Installation<\/p>\n<h3>\n\t\tVerf\u00fcgbare L\u00f6sungen\n\t<\/h3>\n\t<p>Schl\u00fcsselfertige Jumper-L\u00f6sungen verf\u00fcgbar<\/p>\n<h3>\n\t\tVerf\u00fcgbare Werkzeuge\n\t<\/h3>\n\t<p>Werkzeuge f\u00fcr ROV-Eingriffe verf\u00fcgbar<\/p>\n\t\t\t<img decoding=\"async\" src=\"https:\/\/oceaneering.com\/wp-content\/uploads\/2023\/11\/Horizontal-Connection-System-1.jpg\" title=\"Horizontales Verbindungssystem\" alt=\"\" \/>\t\t\t\t\t\t\t\n\t\t\t\t\tVideo abspielen\n<h3>\n\t\tHorizontaler Verbinder\n\t<\/h3>\n\t<p>Unsere ROV-gesteuerten Flowline-Anschl\u00fcsse erm\u00f6glichen eine schnelle und zuverl\u00e4ssige Verbindung zwischen Pipelines und Flowlines zu neuen Produktionsfeldern oder Feldeserweiterungen.<\/p>\n\t\t\t<a href=\"https:\/\/oceaneering.canto.com\/download\/document\/qi7tgobjbt08n4pvg1ja2h877v\/original.pdf\" target=\"_blank\" rel=\"noopener\">\n\t\t\t\t\t\t\tHorizontales taucherloses Verbindungssystem\n\t\t\t\t\t<\/a>\n\t\t\t<img decoding=\"async\" src=\"https:\/\/oceaneering.com\/wp-content\/uploads\/2023\/11\/Vertical-Connection-System-1.jpg\" title=\"Vertikales Verbindungssystem\" alt=\"Vertical Connection System video thumbnail\" \/>\t\t\t\t\t\t\t\n\t\t\t\t\tVideo abspielen\n<h3>\n\t\tVertikaler Verbinder\n\t<\/h3>\n\t<p>Binden Sie Ihre Durchflussleitungen und Pipelines mit unseren kosteng\u00fcnstigen, zuverl\u00e4ssigen und einfach zu installierenden Durchflussleitungsanschl\u00fcssen an Unterwasserinfrastrukturen an.<\/p>\n\t\t\t<a href=\"https:\/\/oceaneering.canto.com\/download\/document\/ombsm6ok410ntc68ms33s2li7u\/original.pdf\" target=\"_blank\" rel=\"noopener\">\n\t\t\t\t\t\t\tVertikales Flowline-Anschluss-System\n\t\t\t\t\t<\/a>\n\t\t\t\t\t\t\t\t\t<h3>Siehe unsere Fallstudien<\/h3>\n\t\t\t\t\t\t\t\t\t<p>Erfahren Sie, wie unsere Dienstleistungen und Technologien die Herausforderungen unserer Kunden auf der ganzen Welt l\u00f6sen.<\/p>\n\t\t\t\t\t\t<button>\n\t\t\t\t\t\t\tVorherige\n\t\t\t\t\t\t<\/button>\n\t\t\t\t\t\t<button>\n\t\t\t\t\t\t\tWeiter\n\t\t\t\t\t\t<\/button>\n\t\t\t\t\t\t\t\t\t\t\t\t\t\t\t<a href=\"\/de\/innovative-subsea-flowline-pressure-containing-clamp-system-reduces-intervention-time-and-cost\/\" target=\"_blank\" rel=\"noopener\">\n\t\t\t\t\t\t\t\t\t\t<img decoding=\"async\" src=\"https:\/\/oceaneering.com\/wp-content\/uploads\/2023\/11\/20211012_221915-1-scaled-1.jpg\" alt=\"\"\/>\n\t\t\t\t\t\t\t\t\t\t<h3>Innovatives System zur Druckhaltung von Unterwasser-Flussleitungen reduziert Zeit und Kosten von Eingriffen<\/h3>\n\t\t\t\t\t\t\t\t\t\t<h3>Innovatives System zur Druckhaltung von Unterwasser-Flussleitungen reduziert Zeit und Kosten von Eingriffen<\/h3>\n\t\t\t\t\t\t\t\t\t\t<p>Einzigartige L\u00f6sung zur Hydratsanierung aus einer Hand erm\u00f6glicht dem Kunden einen effizienten Zugang und die Freigabe der Flie\u00dfleitung.<\/p>\n\t\t\t\t\t\t\t\t\t\t\t\tMehr erfahren\n\t\t\t\t\t\t\t\t\t\t\t\t\t\t\t<\/a>\n\t\t\t\t\t\t\t\t\t\t\t\t\t\t\t<a href=\"https:\/\/oceaneering.canto.com\/download\/document\/r11bmat0054f7bk0oo48qno33v\/original.pdf\" target=\"_blank\" rel=\"noopener\">\n\t\t\t\t\t\t\t\t\t\t<img decoding=\"async\" src=\"https:\/\/oceaneering.com\/wp-content\/uploads\/2023\/11\/Case-study.jpg\" alt=\"\"\/>\n\t\t\t\t\t\t\t\t\t\t<h3>Oceaneering schlie\u00dft Reparatur der Wassereinspritz-Pipeline in einem Feld vor der K\u00fcste Angolas ab<\/h3>\n\t\t\t\t\t\t\t\t\t\t<h3>Oceaneering schlie\u00dft Reparatur der Wassereinspritz-Pipeline in einem Feld vor der K\u00fcste Angolas ab<\/h3>\n\t\t\t\t\t\t\t\t\t\tSuccessful repair enables customer to resume \noperations and enhance production.\n\t\t\t\t\t\t\t\t\t\t\t\tLearn More\n\t\t\t\t\t\t\t\t\t\t\t\t\t\t\t<\/a>\n\t\t\t\t\t\t\t\t\t\t\t\t\t\t\t<a href=\"https:\/\/oceaneering.canto.com\/download\/document\/blhk1da4p12ef5dvlf8mff6j14\/original.pdf\" target=\"_blank\" rel=\"noopener\">\n\t\t\t\t\t\t\t\t\t\t<img decoding=\"async\" src=\"https:\/\/oceaneering.com\/wp-content\/uploads\/2023\/11\/PCRS-5-1.jpg\" alt=\"\"\/>\n\t\t\t\t\t\t\t\t\t\t<h3>Oceaneering schlie\u00dft Installation von Pipeline-Reparaturschellen ab<\/h3>\n\t\t\t\t\t\t\t\t\t\t<h3>Oceaneering schlie\u00dft Installation von Pipeline-Reparaturschellen ab<\/h3>\n\t\t\t\t\t\t\t\t\t\tProject restores flow to 48 in pipelines off the \ncoast of Singapore.\n\t\t\t\t\t\t\t\t\t\t\t\tLearn More\n\t\t\t\t\t\t\t\t\t\t\t\t\t\t\t<\/a>\n\t\t\t\t\t\t\t\t\t\t\t\t\t\t\t<a href=\"https:\/\/oceaneering.canto.com\/download\/document\/f1ogrum4cd08ne1ovf49dugt34\/original.pdf\" target=\"_blank\" rel=\"noopener\">\n\t\t\t\t\t\t\t\t\t\t<img decoding=\"async\" src=\"https:\/\/oceaneering.com\/wp-content\/uploads\/2023\/11\/image-edited-1.jpg\" alt=\"\"\/>\n\t\t\t\t\t\t\t\t\t\t<h3>Oceaneering liefert Unterwasser-Molchstarter-L\u00f6sung<\/h3>\n\t\t\t\t\t\t\t\t\t\t<h3>Oceaneering liefert Unterwasser-Molchstarter-L\u00f6sung<\/h3>\n\t\t\t\t\t\t\t\t\t\t<p>Ein Kunde beauftragte Oceaneering mit der Entwicklung, dem Bau und der Qualifizierung eines wiederverwendbaren Unterwasser-Molchwerfers und der dazugeh\u00f6rigen Hardware. <\/p>\n\t\t\t\t\t\t\t\t\t\t\t\tMehr erfahren\n\t\t\t\t\t\t\t\t\t\t\t\t\t\t\t<\/a>\n\t\t\t\t<img decoding=\"async\" src=\"https:\/\/oceaneering.com\/wp-content\/uploads\/2023\/11\/170531_M5_Connector_V2-1.jpg\" alt=\"170531_M5_Connector_V2-1\" itemprop=\"image\" title=\"170531_M5_Connector_V2-1\" onerror=\"this.style.display='none'\"  \/>\n\t\tWebinar\n<h3>\n\t\tSteigern Sie die Effizienz und Zuverl\u00e4ssigkeit mit praxiserprobten Unterwasserverbindungsl\u00f6sungen\n\t<\/h3>\n\t<p><strong>Webinarreihe zu Energieprodukten<\/strong><\/p>\n\t<p>Das \u00e4u\u00dferst zuverl\u00e4ssige M5-Anschlusssystem von Oceaneering bietet eine einfach zu installierende L\u00f6sung, die die Einspeisung von Gas oder Chemikalien in die Unterwasserinfrastruktur erm\u00f6glicht und als Zugangspunkt f\u00fcr zuk\u00fcnftige Eingriffe w\u00e4hrend der Lebensdauer des Feldes dient.<\/p>\n\t\t\t<a href=\"https:\/\/www.oceaneering.com\/de\/webinars\/boost-efficiency-and-reliability-with-field-proven-subsea-connection-solutions\/\" target=\"_self\" rel=\"noopener\">\n\t\t\t\t\t\t\tAuf Abruf ansehen\n\t\t\t\t\t<\/a>\n<h1>\n\t\tKontakt\n\t<\/h1>\n<h2>\n\t\tUnser Expertenteam ist bereit, Ihnen den Einstieg zu erleichtern.\n\t<\/h2>\n\t<p>Oceaneering bietet erstklassige Produkte und L\u00f6sungen, die sich durch unvergleichliche Qualit\u00e4t, Zuverl\u00e4ssigkeit und globalen Support auszeichnen. F\u00fcllen Sie das Anfrageformular aus, um noch heute ein Gespr\u00e4ch zu beginnen.<\/p>","protected":false},"excerpt":{"rendered":"<p>Projekt besprechen Unterwasser-Verbindungssysteme Flowline-Verbindungssysteme Unsere Flowline-Verbindungssysteme bieten kosteng\u00fcnstige Unterwasser-Verbindungsl\u00f6sungen und basieren auf unserer bew\u00e4hrten Oceaneering\u00ae Grayloc\u00ae Metall-Metall-Dichtungstechnologie. Vertikale und horizontale Verbinder Unsere vertikalen und horizontalen Verbinder verwenden eine einzelne Antriebsschraube und einen Standard-API-Drehmomentbecher f\u00fcr ... <a title=\"Flowline-Anschluss-Systeme\" class=\"read-more\" href=\"https:\/\/www.oceaneering.com\/de\/flowline-connection-systems\/\" aria-label=\"Mehr Informationen \u00fcber Flowline Connection Systems\">Weiterlesen ...<\/a><\/p>","protected":false},"author":25,"featured_media":0,"parent":0,"menu_order":0,"comment_status":"closed","ping_status":"closed","template":"","meta":{"_acf_changed":false,"footnotes":"","_links_to":"","_links_to_target":""},"product_category":[1431],"search_tags":[1498],"class_list":["post-62465","page","type-page","status-publish","product_category-subsea-connection-systems","search_tags-subsea-connection-system"],"acf":[],"aioseo_notices":[],"_links":{"self":[{"href":"https:\/\/www.oceaneering.com\/de\/wp-json\/wp\/v2\/pages\/62465","targetHints":{"allow":["GET"]}}],"collection":[{"href":"https:\/\/www.oceaneering.com\/de\/wp-json\/wp\/v2\/pages"}],"about":[{"href":"https:\/\/www.oceaneering.com\/de\/wp-json\/wp\/v2\/types\/page"}],"author":[{"embeddable":true,"href":"https:\/\/www.oceaneering.com\/de\/wp-json\/wp\/v2\/users\/25"}],"replies":[{"embeddable":true,"href":"https:\/\/www.oceaneering.com\/de\/wp-json\/wp\/v2\/comments?post=62465"}],"version-history":[{"count":0,"href":"https:\/\/www.oceaneering.com\/de\/wp-json\/wp\/v2\/pages\/62465\/revisions"}],"wp:attachment":[{"href":"https:\/\/www.oceaneering.com\/de\/wp-json\/wp\/v2\/media?parent=62465"}],"wp:term":[{"taxonomy":"product_category","embeddable":true,"href":"https:\/\/www.oceaneering.com\/de\/wp-json\/wp\/v2\/product_category?post=62465"},{"taxonomy":"search_tags","embeddable":true,"href":"https:\/\/www.oceaneering.com\/de\/wp-json\/wp\/v2\/search_tags?post=62465"}],"curies":[{"name":"wp","href":"https:\/\/api.w.org\/{rel}","templated":true}]}}