{"id":61180,"date":"2023-11-09T09:03:35","date_gmt":"2023-11-09T14:03:35","guid":{"rendered":"https:\/\/oceaneering.com\/m5-connection-system\/"},"modified":"2025-10-20T10:21:54","modified_gmt":"2025-10-20T15:21:54","slug":"m5-connection-system","status":"publish","type":"page","link":"https:\/\/www.oceaneering.com\/de\/subsea-connection-systems\/m5-connection-system\/","title":{"rendered":"M5 Anschluss-System"},"content":{"rendered":"<a href=\"https:\/\/www.oceaneering.com\/de\/subsea-connection-systems\/#contact\" target=\"_self\">\n\t\t\t\t\t\t\tEin Projekt besprechen\n\t\t\t\t\t<\/a>\n\t\tUnterwasser-Verbindungssystem\n<h1>\n\t\tM5 Anschluss-System\n\t<\/h1>\n\t<p>Unser \u00e4u\u00dferst zuverl\u00e4ssiges M5-Verbindungssystem bietet eine einfach zu installierende Verbindungsl\u00f6sung, die die Einspeisung von Gas oder Chemikalien in die Unterwasserinfrastruktur erm\u00f6glicht und als Zugangspunkt f\u00fcr zuk\u00fcnftige Eingriffe w\u00e4hrend der Lebensdauer des Feldes dient.<\/p>\n<h2>\n\t\tZuverl\u00e4ssige Technologie f\u00fcr Unterwasseranwendungen\n\t<\/h2>\n\t<p>Der M5-Steckverbinder ist mit der un\u00fcbertroffenen Grayloc-Metall-auf-Metall-Dichtungstechnologie ausgestattet, die 25 Schlie\u00df- und \u00d6ffnungszyklen erm\u00f6glicht. Er eignet sich f\u00fcr den langfristigen Unterwassereinsatz in vertikaler und horizontaler Ausrichtung und kann in verschiedenen Mono-Bore-Serviceleitungen eingesetzt werden.<\/p>\n\t<ul>\n\t\t\t\t\t<li>\n\t\t\t\tGaslift-Injektion\n\t\t\t<\/li>\n\t\t\t\t\t<li>\n\t\t\t\tChemische Injektion\n\t\t\t<\/li>\n\t\t\t\t\t<li>\n\t\t\t\tSicherung des Durchflusses\n\t\t\t<\/li>\n\t\t\t\t\t<li>\n\t\t\t\tSanierung von Hydraten\n\t\t\t<\/li>\n\t\t\t\t\t<li>\n\t\t\t\tStimulierung des Bohrlochs\n\t\t\t<\/li>\n\t\t\t\t\t<li>\n\t\t\t\tInstallations-, Workover- und Kontrollsysteme (IWOCS)\n\t\t\t<\/li>\n\t\t\t<\/ul>\n\t\t\t<a href=\"https:\/\/oceaneering.canto.com\/download\/document\/jiedc11mqh7gv0muna81d7gp6a\/original.pdf\" target=\"_blank\" rel=\"noopener\">\n\t\t\t\t\t\t\tM5 ROV Flyable Full Bore Connector\n\t\t\t\t\t<\/a>\n\t\t\t\t<img decoding=\"async\" src=\"https:\/\/oceaneering.com\/wp-content\/uploads\/2023\/12\/0468228-M5-Jumper-with-2in-HCR-1-e1652858083675.png\" alt=\"0468228-M5-Jumper-with-2in-HCR-1-e1652858083675\" itemprop=\"image\" title=\"0468228-M5-Jumper-with-2in-HCR-1-e1652858083675\" onerror=\"this.style.display='none'\"  \/>\n\t\t\t<img decoding=\"async\" src=\"https:\/\/oceaneering.com\/wp-content\/uploads\/2023\/12\/M5-video-thumb-1.jpg\" title=\"M5-video-daumen-1\" alt=\"\" \/>\t\t\t\t\t\t\t\n\t\t\t\t\tPlay Video\n\t\tConfigurable Design\n<h2>\n\t\tL\u00f6sen Sie Ihre Herausforderungen mit ma\u00dfgeschneiderten L\u00f6sungen\n\t<\/h2>\n\t<p>Unsere schl\u00fcsselfertigen Steckbr\u00fcckenl\u00f6sungen optimieren das Schnittstellenmanagement und die Kosteneffizienz. Sie sind so konstruiert, dass sie den Kr\u00e4ften starrer Steckbr\u00fccken standhalten und beinhalten einen Verriegelungsmechanismus, der auf unseren \u00e4u\u00dferst zuverl\u00e4ssigen Anschlussplatten der M-Serie basiert. Das M5-Steckverbindersystem kann in einer Vielzahl von Konfigurationen geliefert werden, einschlie\u00dflich verschiedener Leitungstypen und Materialien, abh\u00e4ngig von den erforderlichen Druckstufen.<\/p>\n\t<ul>\n\t\t\t\t\t<li>\n\t\t\t\tBohrungsgr\u00f6\u00dfen: Bis zu 3 Zoll\n\t\t\t<\/li>\n\t\t\t\t\t<li>\n\t\t\t\tROV-freundlich: Erfordert keine speziellen Werkzeuge\n\t\t\t<\/li>\n\t\t\t\t\t<li>\n\t\t\t\tVerf\u00fcgbare Zusatzausr\u00fcstungen: Meeresbewuchsabdeckungen, Interventionspaneele, Fl\u00fcssigkeitsr\u00fcckhaltekappen\n\t\t\t<\/li>\n\t\t\t\t\t<li>\n\t\t\t\tRohrleitungen: Hoch kollabierf\u00e4hige thermoplastische Schl\u00e4uche, Verbundrohre, geb\u00fcndelte Stahlrohrleitungen, flexible Durchflussleitungen, Wickelrohre\n\t\t\t<\/li>\n\t\t\t<\/ul>\n<h2>\n\t\tSparen Sie Geld und Zeit mit dem Austausch von Unterwasserdichtungen\n\t<\/h2>\n\t<p>Das M5-Verbindungsdesign erm\u00f6glicht den Austausch von Unterwasserdichtungen, wodurch die Notwendigkeit entf\u00e4llt, das Verbindungsst\u00fcck f\u00fcr den Dichtungswechsel an der Oberseite zu bergen. Das innovative M5-Panel f\u00fcr den Austausch von Unterwasserdichtungen unterst\u00fctzt den Austausch von Unterwasserdichtungen und kann an einem ROV-K\u00e4fig oder einer Unterwasserstruktur montiert werden.<\/p>\n\t\t\t<img decoding=\"async\" src=\"https:\/\/oceaneering.com\/wp-content\/uploads\/2023\/12\/M5-video-thumb-ovie2-1.jpg\" title=\"M5-video-thumb-ovie2-1\" alt=\"\" \/>\t\t\t\t\t\t\t\n\t\t\t\t\tVideo abspielen\n<h1>\n\t\tKontakt\n\t<\/h1>\n<h2>\n\t\tUnser Expertenteam ist bereit, Ihnen den Einstieg zu erleichtern.\n\t<\/h2>\n\t<p>Oceaneering bietet erstklassige Produkte und L\u00f6sungen, die sich durch unvergleichliche Qualit\u00e4t, Zuverl\u00e4ssigkeit und globalen Support auszeichnen. F\u00fcllen Sie das Anfrageformular aus, um noch heute ein Gespr\u00e4ch zu beginnen.<\/p>","protected":false},"excerpt":{"rendered":"<p>Diskutieren Sie ein Projekt Unterwasser-Verbindungssystem M5-Verbindungssystem Unser \u00e4u\u00dferst zuverl\u00e4ssiges M5-Verbindungssystem bietet eine einfach zu installierende Verbindungsl\u00f6sung, die die Einspeisung von Gas oder Chemikalien in die Unterwasserinfrastruktur erm\u00f6glicht und als Zugangspunkt f\u00fcr zuk\u00fcnftige Eingriffe w\u00e4hrend der Lebensdauer des Feldes dient. Bew\u00e4hrte Technologie f\u00fcr Unterwasseranwendungen Integration der un\u00fcbertroffenen Grayloc Metall-Metall-Dichtung ... <a title=\"M5 Anschluss-System\" class=\"read-more\" href=\"https:\/\/www.oceaneering.com\/de\/subsea-connection-systems\/m5-connection-system\/\" aria-label=\"Mehr Informationen \u00fcber M5 Connection System\">Weiterlesen ...<\/a><\/p>","protected":false},"author":20,"featured_media":0,"parent":61178,"menu_order":107,"comment_status":"closed","ping_status":"closed","template":"","meta":{"_acf_changed":false,"footnotes":"","_links_to":"","_links_to_target":""},"product_category":[1431],"search_tags":[1498],"class_list":["post-61180","page","type-page","status-publish","product_category-subsea-connection-systems","search_tags-subsea-connection-system"],"acf":[],"aioseo_notices":[],"_links":{"self":[{"href":"https:\/\/www.oceaneering.com\/de\/wp-json\/wp\/v2\/pages\/61180","targetHints":{"allow":["GET"]}}],"collection":[{"href":"https:\/\/www.oceaneering.com\/de\/wp-json\/wp\/v2\/pages"}],"about":[{"href":"https:\/\/www.oceaneering.com\/de\/wp-json\/wp\/v2\/types\/page"}],"author":[{"embeddable":true,"href":"https:\/\/www.oceaneering.com\/de\/wp-json\/wp\/v2\/users\/20"}],"replies":[{"embeddable":true,"href":"https:\/\/www.oceaneering.com\/de\/wp-json\/wp\/v2\/comments?post=61180"}],"version-history":[{"count":2,"href":"https:\/\/www.oceaneering.com\/de\/wp-json\/wp\/v2\/pages\/61180\/revisions"}],"predecessor-version":[{"id":79199,"href":"https:\/\/www.oceaneering.com\/de\/wp-json\/wp\/v2\/pages\/61180\/revisions\/79199"}],"up":[{"embeddable":true,"href":"https:\/\/www.oceaneering.com\/de\/wp-json\/wp\/v2\/pages\/61178"}],"wp:attachment":[{"href":"https:\/\/www.oceaneering.com\/de\/wp-json\/wp\/v2\/media?parent=61180"}],"wp:term":[{"taxonomy":"product_category","embeddable":true,"href":"https:\/\/www.oceaneering.com\/de\/wp-json\/wp\/v2\/product_category?post=61180"},{"taxonomy":"search_tags","embeddable":true,"href":"https:\/\/www.oceaneering.com\/de\/wp-json\/wp\/v2\/search_tags?post=61180"}],"curies":[{"name":"wp","href":"https:\/\/api.w.org\/{rel}","templated":true}]}}