{"id":61175,"date":"2023-11-09T09:02:31","date_gmt":"2023-11-09T14:02:31","guid":{"rendered":"https:\/\/oceaneering.com\/subsea-distribution-solutions\/services\/"},"modified":"2025-10-21T03:59:03","modified_gmt":"2025-10-21T08:59:03","slug":"services","status":"publish","type":"page","link":"https:\/\/www.oceaneering.com\/de\/subsea-distribution-solutions\/services\/","title":{"rendered":"Unterwasser-Verteilungsdienste"},"content":{"rendered":"<h1>Unterwasser-Verteilungsdienste<\/h1>\r\n<h2>Reduzieren Sie das Risiko durch Vorhersage der Leistung<\/h2>\r\n<p>Verringern Sie Ihre Gesamtprojektrisiken und sagen Sie die Produktleistung unter extremen Bedingungen mit unseren fortschrittlichen Systemmodellierungs- und Analysefunktionen voraus. Unser erfahrenes Team von Analysetechnikern, das mit fortschrittlichen, vollst\u00e4ndig validierten Hardware- und Software-Tools ausgestattet ist, unterst\u00fctzt Ihre Projekte von der Konzeptentwicklung bis zur Auslieferung.<\/p>\r\n<p><strong>Wir liefern umfassende L\u00f6sungen.<\/strong><\/p>\r\n<ul>\r\n<li>Dynamische Gesamtanalyse von Steigleitungen (Versorgungskabel und flexible Leitungen)<\/li>\r\n<li>Lokale Spannungsanalyse an Versorgungskabeln (2D und 3D) und Unterwasserstrukturen<\/li>\r\n<li>Interferenz- und Kollisionsanalyse<\/li>\r\n<li>Thermische Analyse<\/li>\r\n<li>Elektrische Analyse<\/li>\r\n<li>Flussanalyse<\/li>\r\n<\/ul>\r\n<p><img loading=\"lazy\" decoding=\"async\" title=\"Lokale Analyse der Ungleichgewichte\" src=\"https:\/\/oceaneering.com\/wp-content\/uploads\/2023\/11\/Local-Analysis-of-Umbilicals.png\" alt=\"Local-Analysis-of-Umbilicals\" width=\"539\" height=\"289\" \/> <img loading=\"lazy\" decoding=\"async\" title=\"Analyse der Hardware-3\" src=\"https:\/\/oceaneering.com\/wp-content\/uploads\/2023\/11\/Analysis-of-Hardware-3.png\" alt=\"Analysis-of-Hardware-3\" width=\"500\" height=\"546\" \/><\/p>\r\n<h2>Entwurfsvalidierungspr\u00fcfung und Zuverl\u00e4ssigkeitsanalyse<\/h2>\r\n<p>Durch die Simulation von kritischen Installations-, Betriebs- und Wiederherstellungsszenarien k\u00f6nnen wir Ihre L\u00f6sungen validieren und optimieren. Unsere Ingenieure setzen modernste Testger\u00e4te ein, um Produktgrenzen besser zu verstehen, dieses Wissen in den Entwicklungsprozess einflie\u00dfen zu lassen und die Produktleistung und -zuverl\u00e4ssigkeit kontinuierlich zu verbessern.<\/p>\r\n<p>Projektspezifische Tests k\u00f6nnen entwickelt werden, um eine L\u00f6sung f\u00fcr die vorgesehene Umgebung zu validieren. Oceaneering verf\u00fcgt \u00fcber die Ressourcen, um alle in der ISO 13628-5 beschriebenen Tests durchzuf\u00fchren.<\/p>\r\n<p><a href=\"https:\/\/www.oceaneering.com\/de\/global-component-and-product-testing-and-qualification-capabilities\/\" target=\"_self\" rel=\"noopener\"> Mehr erfahren <\/a><\/p>\r\n<h2>Installation und Reparatur von Hardware f\u00fcr die Unterwasserverteilung<\/h2>\r\n<p>Wir erf\u00fcllen Ihre Anforderungen mit erstklassigen Dienstleistungen in den Bereichen Installation, Reparatur, Wartung und Aufarbeitung von Versorgungsleitungen.<\/p>\r\n<p>Kunden auf der ganzen Welt vertrauen uns bei der Wartung ihrer Versorgungskabel und Hardware - unabh\u00e4ngig von Typ, Funktion oder Hersteller.<\/p>\r\n<ul>\r\n<li>Weltweit ans\u00e4ssige und einsatzbereite Techniker<\/li>\r\n<li>Dienstleistungen sowohl f\u00fcr thermoplastische als auch f\u00fcr Stahlrohr-Nabelschn\u00fcre<\/li>\r\n<li>Service sowohl f\u00fcr Produktions- als auch f\u00fcr tempor\u00e4r installierte Versorgungskabel (IWOCS) verf\u00fcgbar<\/li>\r\n<li>Pr\u00fcfung, Sp\u00fclung und Austausch von Fl\u00fcssigkeiten<\/li>\r\n<li>Neukonfektionierung und Reparatur von Hydraulikschl\u00e4uchen und elektrischen Leitungen<\/li>\r\n<li>Aufspulen der Nabelschnur zur Messung oder Reparatur<\/li>\r\n<li>Reparaturen von Nabelschnurhaspeln<\/li>\r\n<li>Austausch von Fl\u00fcssigkeiten<\/li>\r\n<\/ul>\r\n<p>Kontakt<\/p>\r\n<h3>Unser Expertenteam ist bereit, Ihnen den Einstieg zu erleichtern.<\/h3>\r\n<p>Oceaneering bietet erstklassige Produkte und L\u00f6sungen, die sich durch unvergleichliche Qualit\u00e4t, Zuverl\u00e4ssigkeit und globalen Support auszeichnen. F\u00fcllen Sie das Anfrageformular aus, um noch heute ein Gespr\u00e4ch zu beginnen.<\/p>\r\n<p>\"*\" kennzeichnet Pflichtfelder<\/p>\r\n<form id=\"gform_4\" action=\"\/de\/?page_id=61175&#038;fl_builder#gf_4\" enctype=\"multipart\/form-data\" method=\"post\" target=\"gform_ajax_frame_4\" data-formid=\"4\" data-trp-original-action=\"\/?page_id=61175&amp;fl_builder#gf_4\"><fieldset id=\"field_4_1\" data-js-reload=\"field_4_1\"><legend class=\"gfield_label gform-field-label gfield_label_before_complex\">Name*<\/legend> <input id=\"input_4_1_3\" tabindex=\"201\" name=\"input_1.3\" type=\"text\" value=\"\" aria-required=\"true\" \/> <label class=\"gform-field-label gform-field-label--type-sub\" for=\"input_4_1_3\">Erste<\/label> <input id=\"input_4_1_6\" tabindex=\"203\" name=\"input_1.6\" type=\"text\" value=\"\" aria-required=\"true\" \/> <label class=\"gform-field-label gform-field-label--type-sub\" for=\"input_4_1_6\">Zuletzt<\/label><\/fieldset><label class=\"gfield_label gform-field-label\" for=\"input_4_4\">Telefon*<\/label><input id=\"input_4_4\" class=\"large\" tabindex=\"205\" name=\"input_4\" type=\"text\" value=\"\" aria-required=\"true\" aria-invalid=\"false\" \/><label class=\"gfield_label gform-field-label\" for=\"input_4_3\">E-Mail*<\/label> <input id=\"input_4_3\" class=\"large\" tabindex=\"206\" name=\"input_3\" type=\"text\" value=\"\" aria-required=\"true\" aria-invalid=\"false\" \/> <label class=\"gfield_label gform-field-label\" for=\"input_4_5\">Eine weitere<\/label><select id=\"input_4_5\" class=\"large gfield_select\" tabindex=\"207\" name=\"input_5\" aria-invalid=\"false\">\r\n<option class=\"gf_placeholder\" selected=\"selected\" value=\"\">W\u00e4hlen Sie eine<\/option>\r\n<option value=\"First Choice\">Erste Wahl<\/option>\r\n<option value=\"Second Choice\">Zweite Wahl<\/option>\r\n<option value=\"Third Choice\">Dritte Wahl<\/option>\r\n<\/select><label class=\"gfield_label gform-field-label\" for=\"input_4_6\">Eine weitere<\/label><select id=\"input_4_6\" class=\"large gfield_select\" tabindex=\"208\" name=\"input_6\" aria-invalid=\"false\">\r\n<option class=\"gf_placeholder\" selected=\"selected\" value=\"\">W\u00e4hlen Sie eine<\/option>\r\n<option value=\"First Choice\">Erste Wahl<\/option>\r\n<option value=\"Second Choice\">Zweite Wahl<\/option>\r\n<option value=\"Third Choice\">Dritte Wahl<\/option>\r\n<\/select><label class=\"gfield_label gform-field-label\" for=\"input_4_7\">Eine weitere<\/label><input id=\"input_4_7\" class=\"large\" tabindex=\"209\" name=\"input_7\" type=\"text\" value=\"\" aria-invalid=\"false\" \/> <label class=\"gfield_label gform-field-label\" for=\"input_4_8\">Eine weitere<\/label><input id=\"input_4_8\" class=\"large\" tabindex=\"210\" name=\"input_8\" type=\"text\" value=\"\" aria-invalid=\"false\" \/>\r\n<p>Lorem ipsum dolor sit amet, consetetur sadipscing elitr, sed diam nonumy eirmod tempor invidunt ut labore et dolore magna aliquyam erat voluptua.<\/p>\r\n<input id=\"gform_submit_button_4\" class=\"gform_button button\" tabindex=\"211\" type=\"submit\" value=\"Angebot anfordern\" \/> <input name=\"gform_ajax\" type=\"hidden\" value=\"form_id=4&amp;title=&amp;description=&amp;tabindex=200\" \/> <input class=\"gform_hidden\" name=\"is_submit_4\" type=\"hidden\" value=\"1\" \/> <input class=\"gform_hidden\" name=\"gform_submit\" type=\"hidden\" value=\"4\" \/> <input class=\"gform_hidden\" name=\"gform_unique_id\" type=\"hidden\" value=\"\" \/> <input class=\"gform_hidden\" name=\"state_4\" type=\"hidden\" value=\"WyJ7XCI1XCI6W1wiZGYzN2E2ZTliYzJkYTVlMjU5ZDBmNDMwMTdlYjVhMGVcIixcImZhNGEwM2ZkMGU0YmYxOGMzYzM3NDhmYWZmMGIzYmJkXCIsXCIxMTAzYTVhMmJlZjQ3NWI5MjRhMmZmYTMyYTNhNzM1N1wiXSxcIjZcIjpbXCJkZjM3YTZlOWJjMmRhNWUyNTlkMGY0MzAxN2ViNWEwZVwiLFwiZmE0YTAzZmQwZTRiZjE4YzNjMzc0OGZhZmYwYjNiYmRcIixcIjExMDNhNWEyYmVmNDc1YjkyNGEyZmZhMzJhM2E3MzU3XCJdfSIsImExMTE4N2U4YmFkMGY5NmE2ZTIxYTQxYTMyMDZjM2E4Il0=\" \/> <input id=\"gform_target_page_number_4\" class=\"gform_hidden\" name=\"gform_target_page_number_4\" type=\"hidden\" value=\"0\" \/> <input id=\"gform_source_page_number_4\" class=\"gform_hidden\" name=\"gform_source_page_number_4\" type=\"hidden\" value=\"1\" \/> <input name=\"gform_field_values\" type=\"hidden\" value=\"\" \/>\r\n<p><label>\u0394<textarea cols=\"45\" maxlength=\"100\" name=\"ak_hp_textarea\" rows=\"8\"><\/textarea><\/label><input id=\"ak_js_1\" name=\"ak_js\" type=\"hidden\" value=\"118\" \/><\/p>\r\n<input type=\"hidden\" name=\"trp-form-language\" value=\"de\"\/><\/form>\r\n<p><iframe id=\"gform_ajax_frame_4\" style=\"display: none; width: 0px; height: 0px;\" title=\"Dieser iframe enth\u00e4lt die Logik, die f\u00fcr die Handhabung von Ajax-gesteuerten Gravity-Formularen erforderlich ist.\" src=\"about:blank\" name=\"gform_ajax_frame_4\"><\/iframe><\/p>","protected":false},"excerpt":{"rendered":"<p>Subsea Distribution Services Reduzieren Sie das Risiko durch Vorhersage der Leistung Reduzieren Sie Ihre Gesamtprojektrisiken und sagen Sie die Produktleistung unter extremen Bedingungen mit unseren fortschrittlichen Systemmodellierungs- und Analysefunktionen voraus. Unser erfahrenes Team von Analysetechnikern, das mit fortschrittlichen, vollst\u00e4ndig validierten Hardware- und Software-Tools ausgestattet ist, unterst\u00fctzt Ihre Projekte von der Konzeptentwicklung bis zur Auslieferung. Wir liefern umfassende L\u00f6sungen. Dynamisch ... <a title=\"Unterwasser-Verteilungsdienste\" class=\"read-more\" href=\"https:\/\/www.oceaneering.com\/de\/subsea-distribution-solutions\/services\/\" aria-label=\"Mehr Informationen \u00fcber Subsea Distribution Services\">Weiterlesen ...<\/a><\/p>","protected":false},"author":20,"featured_media":0,"parent":61172,"menu_order":104,"comment_status":"closed","ping_status":"closed","template":"","meta":{"_acf_changed":false,"footnotes":"","_links_to":"","_links_to_target":""},"product_category":[1783],"search_tags":[1782],"class_list":["post-61175","page","type-page","status-publish","product_category-subsea-distribution-solutions","search_tags-subsea-distribution-solutions"],"acf":[],"aioseo_notices":[],"_links":{"self":[{"href":"https:\/\/www.oceaneering.com\/de\/wp-json\/wp\/v2\/pages\/61175","targetHints":{"allow":["GET"]}}],"collection":[{"href":"https:\/\/www.oceaneering.com\/de\/wp-json\/wp\/v2\/pages"}],"about":[{"href":"https:\/\/www.oceaneering.com\/de\/wp-json\/wp\/v2\/types\/page"}],"author":[{"embeddable":true,"href":"https:\/\/www.oceaneering.com\/de\/wp-json\/wp\/v2\/users\/20"}],"replies":[{"embeddable":true,"href":"https:\/\/www.oceaneering.com\/de\/wp-json\/wp\/v2\/comments?post=61175"}],"version-history":[{"count":1,"href":"https:\/\/www.oceaneering.com\/de\/wp-json\/wp\/v2\/pages\/61175\/revisions"}],"predecessor-version":[{"id":79221,"href":"https:\/\/www.oceaneering.com\/de\/wp-json\/wp\/v2\/pages\/61175\/revisions\/79221"}],"up":[{"embeddable":true,"href":"https:\/\/www.oceaneering.com\/de\/wp-json\/wp\/v2\/pages\/61172"}],"wp:attachment":[{"href":"https:\/\/www.oceaneering.com\/de\/wp-json\/wp\/v2\/media?parent=61175"}],"wp:term":[{"taxonomy":"product_category","embeddable":true,"href":"https:\/\/www.oceaneering.com\/de\/wp-json\/wp\/v2\/product_category?post=61175"},{"taxonomy":"search_tags","embeddable":true,"href":"https:\/\/www.oceaneering.com\/de\/wp-json\/wp\/v2\/search_tags?post=61175"}],"curies":[{"name":"wp","href":"https:\/\/api.w.org\/{rel}","templated":true}]}}