{"id":61174,"date":"2023-11-09T09:02:30","date_gmt":"2023-11-09T14:02:30","guid":{"rendered":"https:\/\/oceaneering.com\/subsea-distribution-solutions\/products\/"},"modified":"2026-04-10T03:58:12","modified_gmt":"2026-04-10T08:58:12","slug":"products","status":"publish","type":"page","link":"https:\/\/www.oceaneering.com\/de\/subsea-distribution-solutions\/products\/","title":{"rendered":"Produkte f\u00fcr die Unterwasserverteilung"},"content":{"rendered":"<a href=\"https:\/\/www.oceaneering.com\/de\/subsea-distribution-solutions\/#contact\" target=\"_self\">\n\t\t\t\t\t\t\tEin Projekt besprechen\n\t\t\t\t\t<\/a>\n<h1>\n\t\tProdukte f\u00fcr die Unterwasserverteilung\n\t<\/h1>\n\t<p>Mit unseren erstklassigen globalen Produktionsanlagen und unserer Branchenerfahrung k\u00f6nnen wir Ihre gesamten Anforderungen an die Unterwasserverteilung mit optimierten L\u00f6sungen erf\u00fcllen.<\/p>\n\t\t<!-- Comment to fix spacing issue\n\t-->\n\t\tWe have delivered more than0kmof subsea umbilical control systems\n\t<!-- Comment to fix spacing issue\n\t-->\t\n<h2>\n\t\tNabelschn\u00fcre\n\t<\/h2>\n\t<p>Unsere Unterwasser-Versorgungsleitungen stellen die kritischen Verbindungen zwischen den Unterwasser-Architekturen her und verteilen die Energie-, Steuerungs- und Kommunikationsfunktionen in den tiefsten und rauesten Umgebungen.<\/p>\n\t<ul>\n\t\t\t\t\t<li>\n\t\t\t\tOptimierte, kosteneffiziente Designs und Komponentenauswahl f\u00fchren zu zuverl\u00e4ssigen, langfristigen L\u00f6sungen\n\t\t\t<\/li>\n\t\t\t\t\t<li>\n\t\t\t\tEinhaltung von internationalen und kundenspezifischen Standards\n\t\t\t<\/li>\n\t\t\t\t\t<li>\n\t\t\t\tProdukte zur Unterst\u00fctzung globaler Tiefseeanwendungen\n\t\t\t<\/li>\n\t\t\t\t\t<li>\n\t\t\t\tVollst\u00e4ndige Systemverf\u00fcgbarkeit - von der Oberfl\u00e4che bis zum Bohrloch\n\t\t\t<\/li>\n\t\t\t\t\t<li>\n\t\t\t\tUmfassende Erfahrung in der Konstruktion von Pumpenversorgungs- und Stromkabeln\n\t\t\t<\/li>\n\t\t\t\t\t<li>\n\t\t\t\tUmfassendstes globales Angebot an Installations-, Workover- und Kontrollsystemen (IWOCs) f\u00fcr Nabelschn\u00fcre\n\t\t\t<\/li>\n\t\t\t\t\t<li>\n\t\t\t\tEntwurf und Herstellung von Array- und Exportkabeln f\u00fcr den Markt der erneuerbaren Energien\n\t\t\t<\/li>\n\t\t\t<\/ul>\n\t\t\t\t<img loading=\"lazy\" decoding=\"async\" src=\"https:\/\/www.oceaneering.com\/wp-content\/uploads\/2026\/04\/Umbilical-Render-copy.webp\" alt=\"Umbilical Render copy\" itemprop=\"image\" height=\"893\" width=\"893\" title=\"Umbilical Render copy\" onerror=\"this.style.display='none'\"  \/>\n\t\t\t\t<a href=\"https:\/\/oceaneering.canto.com\/download\/document\/kgf62lojft0gha0hr84gp9665g\/original.pdf\"  target=\"_blank\" rel=\"noopener\"  itemprop=\"url\">\n\t\t\t\t<img loading=\"lazy\" decoding=\"async\" src=\"https:\/\/www.oceaneering.com\/wp-content\/uploads\/2023\/11\/Steel-Tube-umbilical-1.jpeg\" alt=\"Steel-Tube-umbilical-1\" itemprop=\"image\" height=\"850\" width=\"567\" title=\"Stahl-Rohr-umbilikal-1\" onerror=\"this.style.display='none'\"  \/>\n\t\t\t\t<\/a>\n<h3>\n\t\t<a href=\"https:\/\/www.oceaneering.com\/wp-content\/uploads\/2018\/05\/Distribution-unit-right.jpg\" title=\"Stahlrohr-Schlauchleitungen\"  target=\"_self\">\n\t\tStahlrohr-Schlauchleitungen\n\t\t<\/a>\n\t<\/h3>\n\t<p>Starke L\u00f6sungen f\u00fcr hydraulische Steuerung und chemische Einspritzung<\/p>\n\t\t\t<a href=\"https:\/\/oceaneering.canto.com\/download\/document\/kgf62lojft0gha0hr84gp9665g\/original.pdf\" target=\"_blank\" rel=\"noopener\">\n\t\t\t\t\t\t\tStahlrohr-Schlauchleitungen\n\t\t\t<\/a>\n\t\t\t\t<a href=\"https:\/\/oceaneering.canto.com\/download\/document\/r23makihut0pb75q4r49n1q83t\/original.pdf\"  target=\"_blank\" rel=\"noopener\"  itemprop=\"url\">\n\t\t\t\t<img loading=\"lazy\" decoding=\"async\" src=\"https:\/\/www.oceaneering.com\/wp-content\/uploads\/2023\/11\/Thermoplastic-umbilical.jpeg\" alt=\"Thermoplastic-umbilical\" itemprop=\"image\" height=\"850\" width=\"567\" title=\"Thermoplastisch-umbilikal\" onerror=\"this.style.display='none'\"  \/>\n\t\t\t\t<\/a>\n<h3>\n\t\t<a href=\"https:\/\/oceaneering.canto.com\/download\/document\/r23makihut0pb75q4r49n1q83t\/original.pdf\" title=\"Thermoplastische Schlauchleitungen\"  target=\"_self\">\n\t\tThermoplastische Schlauchleitungen\n\t\t<\/a>\n\t<\/h3>\n\t<p>Praxiserprobte, zuverl\u00e4ssige L\u00f6sungen f\u00fcr Ihre Anforderungen an die Unterwasserverteilung<\/p>\n\t\t\t<a href=\"https:\/\/oceaneering.canto.com\/download\/document\/r23makihut0pb75q4r49n1q83t\/original.pdf\" target=\"_blank\" rel=\"noopener\">\n\t\t\t\t\t\t\tThermoplastische Schlauchleitungen\n\t\t\t<\/a>\n\t\t\t\t<a href=\"https:\/\/oceaneering.canto.com\/download\/document\/0dt96ep7sl2dvdfjlv49uegd6s\/original.pdf\"  target=\"_blank\" rel=\"noopener\"  itemprop=\"url\">\n\t\t\t\t<img loading=\"lazy\" decoding=\"async\" src=\"https:\/\/www.oceaneering.com\/wp-content\/uploads\/2023\/11\/Power-umbilical-1.jpeg\" alt=\"Power-umbilical-1\" itemprop=\"image\" height=\"850\" width=\"567\" title=\"Macht-umbilikal-1\" onerror=\"this.style.display='none'\"  \/>\n\t\t\t\t<\/a>\n<h3>\n\t\t<a href=\"https:\/\/oceaneering.canto.com\/download\/document\/0dt96ep7sl2dvdfjlv49uegd6s\/original.pdf\" title=\"Stromschienen\"  target=\"_self\">\n\t\tStromschienen\n\t\t<\/a>\n\t<\/h3>\n\t<p>Integrierte L\u00f6sungen f\u00fcr die Stromversorgung und Kommunikation von Unterwasserinfrastrukturen<\/p>\n\t\t\t<a href=\"https:\/\/oceaneering.canto.com\/download\/document\/0dt96ep7sl2dvdfjlv49uegd6s\/original.pdf\" target=\"_blank\" rel=\"noopener\">\n\t\t\t\t\t\t\tStromschienen\n\t\t\t<\/a>\n\t\t\t\t<a href=\"https:\/\/oceaneering.canto.com\/download\/document\/ij6tuada9l0o19m2hm5mhbi821\/original.pdf\"  target=\"_blank\" rel=\"noopener\"  itemprop=\"url\">\n\t\t\t\t<img loading=\"lazy\" decoding=\"async\" src=\"https:\/\/www.oceaneering.com\/wp-content\/uploads\/2023\/11\/IWOCS-umbilical.jpeg\" alt=\"IWOCS-umbilical\" itemprop=\"image\" height=\"850\" width=\"567\" title=\"IWOCS-umbilical\" onerror=\"this.style.display='none'\"  \/>\n\t\t\t\t<\/a>\n<h3>\n\t\t<a href=\"https:\/\/oceaneering.canto.com\/download\/document\/ij6tuada9l0o19m2hm5mhbi821\/original.pdf\" title=\"IWOCS Nabelschn\u00fcre\"  target=\"_self\">\n\t\tIWOCS Nabelschn\u00fcre\n\t\t<\/a>\n\t<\/h3>\n\t<p>Bereitstellung von tempor\u00e4ren hydraulischen Verbindungen, elektrischer Energie\/Steuerung und Chemikalienversorgung<\/p>\n\t\t\t<a href=\"https:\/\/oceaneering.canto.com\/download\/document\/ij6tuada9l0o19m2hm5mhbi821\/original.pdf\" target=\"_blank\" rel=\"noopener\">\n\t\t\t\t\t\t\tIWOCS Nabelschn\u00fcre\n\t\t\t<\/a>\n\t\tMehrspurige, durchflussstarke, ROV-geeignete Verbindungsl\u00f6sungen\n<h2>\n\t\tAbzweigplatten der Serie M\n\t<\/h2>\n\t<p>Erf\u00fcllen Sie Ihre vielf\u00e4ltigen Projektanforderungen mit unseren Anschlussplatten der M-Serie mit festen, konfigurierbaren und abnehmbaren Baugruppen. Die Platten erm\u00f6glichen die Fernverbindung von Unterwasserstrukturen zur Unterst\u00fctzung der chemischen Injektion, indem sie die Blockierung von Bohrl\u00f6chern verhindern, hydraulische Energie zum \u00d6ffnen und Schlie\u00dfen von Unterwasserventilen liefern und die \u00dcberwachung des Drucks im Bohrlochring erm\u00f6glichen.<\/p>\n<p>Unsere Anschlussplatten werden h\u00e4ufig in fliegenden Leitungssystemen oder auf Verteilern, Unterwasser-X-Mas-Trees und Unterwasserstrukturen eingesetzt.<\/p>\n\t<ul>\n\t\t\t\t\t<li>\n\t\t\t\tBest\u00fcckt mit angemessen dimensionierten Hydraulikkupplungen, um die h\u00f6chste Integrit\u00e4t und Optimierung der Funktionen zu gew\u00e4hrleisten\n\t\t\t<\/li>\n\t\t\t\t\t<li>\n\t\t\t\tCurabitur arcu erat accumsan id \n\t\t\t<\/li>\n\t\t\t\t\t<li>\n\t\t\t\tEin extrem zuverl\u00e4ssiges, patentiertes und vorverschraubtes Verriegelungssystem sorgt f\u00fcr eine sichere und effiziente Verbindungsl\u00f6sung\n\t\t\t<\/li>\n\t\t\t\t\t<li>\n\t\t\t\tDas Produktportfolio umfasst Zusatzausr\u00fcstungen wie Logikkappen, Meeresbewuchsabdeckungen sowie Test- und Sp\u00fclplatten\n\t\t\t<\/li>\n\t\t\t<\/ul>\n\t\t\t<a href=\"https:\/\/oceaneering.canto.com\/download\/document\/riaqrcsjm50871hj3im9r5k46n\/original.pdf\" target=\"_blank\" rel=\"noopener\">\n\t\t\t\t\t\t\tUnterwasser-Anschlussplatten der Serie M\n\t\t\t\t\t<\/a>\n<h2>\n\t\tUnterwasser-Verteilereinheiten\n\t<\/h2>\n\t<p>Projektspezifische Entw\u00fcrfe f\u00fcr elektrische Verteilereinheiten, hydraulische Verteilereinheiten und Unterwasser-Verteilereinheiten erf\u00fcllen Ihre Anforderungen an eine optimierte Unterwasser-Verteilung von Funktionen.<\/p>\n<p>Die am Meeresboden installierten Verteilereinheiten werden so konfiguriert, dass sie die hydraulischen und elektrischen Schnittstellen enthalten, die Ihr System unterst\u00fctzen. Von der Routine bis zur Komplexit\u00e4t liefern unsere Ingenieure die effektivsten und robustesten L\u00f6sungen, um die Produktion und Betriebszeit sicherzustellen.<\/p>\n\t\tBereitstellung sicherer und effizienter Verbindungen zwischen Unterwasserverteilern\n<h2>\n\t\tHydraulische Flugleitungen\n\t<\/h2>\n\t<p>Verbinden Sie Ihre Unterwasser-Infrastruktur - von Umbilical Termination Assemblies (UTAs) und Verteilern bis hin zu X-Mas Trees und Unterwasser-Verteilungseinheiten - mit unseren praxiserprobten fliegenden Leitungen. Unsere fliegenden Leitungen unterst\u00fctzen die sichere und effiziente Bef\u00f6rderung von Hydraulikfl\u00fcssigkeit und Chemikalien.<\/p>\n<p>Die Kombination eines prim\u00e4ren Leitungsabschnitts - in der Regel Stahlrohre oder thermoplastische Schl\u00e4uche - mit einem Anschlusskopf und der erforderlichen ROV-f\u00e4higen Anschlussplatte bietet volle Funktionalit\u00e4t.<\/p>\n\t<ul>\n\t\t\t\t\t<li>\n\t\t\t\tModulare Designs f\u00fcr hydraulische, elektrohydraulische und hybride Anwendungen\n\t\t\t<\/li>\n\t\t\t\t\t<li>\n\t\t\t\tGeb\u00fcndelte oder extrudierte Rohrabschnitte\n\t\t\t<\/li>\n\t\t\t\t\t<li>\n\t\t\t\tROV-freundlich\n\t\t\t<\/li>\n\t\t\t\t\t<li>\n\t\t\t\tUmfassende Erfolgsbilanz\n\t\t\t<\/li>\n\t\t\t\t\t<li>\n\t\t\t\tL\u00f6sungen f\u00fcr Langzeitstauung, Langstreckentransport und Installation\n\t\t\t<\/li>\n\t\t\t<\/ul>\n\t\t\t<a href=\"https:\/\/oceaneering.canto.com\/download\/document\/1pa0v34emd13rbds4kk63r6c3m\/original.pdf\" target=\"_blank\" rel=\"noopener\">\n\t\t\t\t\t\t\tHydraulische Flugleitungen\n\t\t\t<\/a>\n\t\tVerwendung von Standardteilen zur Bereitstellung ma\u00dfgeschneiderter L\u00f6sungen\n<h2>\n\t\tUnterwasser-Nabelschienen-Abschlussbaugruppen\n\t<\/h2>\n\t<p>Unsere Umbilical Termination Assemblies (UTAs) werden mit modularen Komponenten konfiguriert, um Ihre Projektanforderungen f\u00fcr robuste Unterwasserverbindungsl\u00f6sungen zu erf\u00fcllen. Ihre anspruchsvollsten Installations- und Betriebsanforderungen werden durch unsere standardisierten, konfigurierbaren Designs erf\u00fcllt. Wir bieten auch kundenspezifische UTAs an, um Ihre betrieblichen Anforderungen zu erf\u00fcllen.<\/p>\n<h3>\n\t\tWarum modular?\n\t<\/h3>\n\t<ul>\n\t\t\t\t\t<li>\n\t\t\t\tVerbesserter Zeitplan durch parallele Fertigung\n\t\t\t<\/li>\n\t\t\t\t\t<li>\n\t\t\t\tVerbesserter Zugang f\u00fcr Schwei\u00dfen und Montage\n\t\t\t<\/li>\n\t\t\t\t\t<li>\n\t\t\t\tUnterst\u00fctzt den fr\u00fchzeitigen Abschluss von Belastungs- und Drucktests\n\t\t\t<\/li>\n\t\t\t\t\t<li>\n\t\t\t\tSofortige Anwendung der gewonnenen Erkenntnisse und Wiederholbarkeit der Entw\u00fcrfe\n\t\t\t<\/li>\n\t\t\t\t\t<li>\n\t\t\t\tKonfigurierbare Seitenw\u00e4nde bieten L\u00f6sungen f\u00fcr hydraulische, elektrische und faseroptische Verbindungen\n\t\t\t<\/li>\n\t\t\t<\/ul>\n\t\t\t<a href=\"https:\/\/oceaneering.canto.com\/download\/document\/o7esiplnqt3lt5cefi0j2o5s0r\/original.pdf\" target=\"_blank\" rel=\"noopener\">\n\t\t\t\t\t\t\tUmbilical Termination Assembly (UTA)\n\t\t\t\t\t<\/a>\n\t\t\t\t<img decoding=\"async\" src=\"https:\/\/oceaneering.com\/wp-content\/uploads\/2023\/12\/Termination-unit.jpg\" alt=\"Termination-unit\" itemprop=\"image\" title=\"Terminierungseinheit\" onerror=\"this.style.display='none'\"  \/>\n<h2>\n\t\tHardware f\u00fcr den Anschluss an die Oberseite und Zusatzger\u00e4te\n\t<\/h2>\n\t<p>Anschlusssysteme sind ohne Zusatzausr\u00fcstung und Topside-Hardware nicht vollst\u00e4ndig. Von I- und J-Rohr-Dichtungen bis hin zu Schwachstellen in der Nabelschnur erf\u00fcllen wir die vielf\u00e4ltigen Herausforderungen, die Ihre Systeme an die Konstruktion stellen.<\/p>\n\t\t\t\t<a href=\"https:\/\/oceaneering.canto.com\/download\/document\/i5075pl765497cjq572oiq354h\/original.pdf\"  target=\"_blank\" rel=\"noopener\"  itemprop=\"url\">\n\t\t\t\t<img decoding=\"async\" src=\"https:\/\/oceaneering.com\/wp-content\/uploads\/2023\/11\/IJ-Tube-Seals.jpeg\" alt=\"IJ-Tube-Seals\" itemprop=\"image\" title=\"IJ-Schlauch-Dichtungen\" onerror=\"this.style.display='none'\"  \/>\n\t\t\t\t<\/a>\n<h3>\n\t\t<a href=\"https:\/\/oceaneering.canto.com\/download\/document\/i5075pl765497cjq572oiq354h\/original.pdf\" title=\"Umbilical I- und J-Tube Dichtungen\"  target=\"_blank\"  rel=\"noopener\">\n\t\tUmbilical I- und J-Tube Dichtungen\n\t\t<\/a>\n\t<\/h3>\n\t\t\t<a href=\"https:\/\/oceaneering.canto.com\/download\/document\/i5075pl765497cjq572oiq354h\/original.pdf\" target=\"_blank\" rel=\"noopener\">\n\t\t\t\t\t\t\tI\/J Rohrdichtungen\n\t\t\t<\/a>\n\t\t\t\t<a href=\"https:\/\/oceaneering.canto.com\/download\/document\/cnp8sjmcjd5ut8k7qcib8r9c5v\/original.pdf\"  target=\"_blank\" rel=\"noopener\"  itemprop=\"url\">\n\t\t\t\t<img decoding=\"async\" src=\"https:\/\/oceaneering.com\/wp-content\/uploads\/2023\/11\/Pull-in-and-hang-off-systems.jpeg\" alt=\"Pull-in-and-hang-off-systems\" itemprop=\"image\" title=\"Einzieh- und Aush\u00e4ngesysteme\" onerror=\"this.style.display='none'\"  \/>\n\t\t\t\t<\/a>\n<h3>\n\t\t<a href=\"https:\/\/oceaneering.canto.com\/download\/document\/cnp8sjmcjd5ut8k7qcib8r9c5v\/original.pdf\" title=\"Pull-In- und Hang-Off-Systeme\"  target=\"_blank\"  rel=\"noopener\">\n\t\tPull-In- und Hang-Off-Systeme\n\t\t<\/a>\n\t<\/h3>\n\t\t\t<a href=\"https:\/\/oceaneering.canto.com\/download\/document\/cnp8sjmcjd5ut8k7qcib8r9c5v\/original.pdf\" target=\"_blank\" rel=\"noopener\">\n\t\t\t\t\t\t\tPull-In- und Hang-Off-Systeme\n\t\t\t<\/a>\n\t\t\t\t<a href=\"https:\/\/oceaneering.canto.com\/download\/document\/jasm8ugf411pj8mn88a63rqp68\/original.pdf\"  target=\"_blank\" rel=\"noopener\"  itemprop=\"url\">\n\t\t\t\t<img decoding=\"async\" src=\"https:\/\/oceaneering.com\/wp-content\/uploads\/2023\/11\/Subsea-umbilical-termination-interfaces.jpeg\" alt=\"Subsea-umbilical-termination-interfaces\" itemprop=\"image\" title=\"Subsea-umbilical-termination-interfaces\" onerror=\"this.style.display='none'\"  \/>\n\t\t\t\t<\/a>\n<h3>\n\t\t<a href=\"https:\/\/oceaneering.canto.com\/download\/document\/jasm8ugf411pj8mn88a63rqp68\/original.pdf\" title=\"Schnittstellen f\u00fcr Unterwasser-Nabelschienenabschl\u00fcsse\"  target=\"_blank\"  rel=\"noopener\">\n\t\tSchnittstellen f\u00fcr Unterwasser-Nabelschienenabschl\u00fcsse\n\t\t<\/a>\n\t<\/h3>\n\t\t\t<a href=\"https:\/\/oceaneering.canto.com\/download\/document\/jasm8ugf411pj8mn88a63rqp68\/original.pdf\" target=\"_blank\" rel=\"noopener\">\n\t\t\t\t\t\t\tSubsea Umbilical Termination Interface\n\t\t\t<\/a>\n\t\t\t\t<a href=\"https:\/\/oceaneering.canto.com\/download\/document\/vhdkfvekg136pcq5va56bvbg36\/original.pdf\"  target=\"_blank\" rel=\"noopener\"  itemprop=\"url\">\n\t\t\t\t<img decoding=\"async\" src=\"https:\/\/oceaneering.com\/wp-content\/uploads\/2023\/11\/Umbilical-tie-back.jpeg\" alt=\"Umbilical-tie-back\" itemprop=\"image\" title=\"Nabelschnur-R\u00fcckgrat\" onerror=\"this.style.display='none'\"  \/>\n\t\t\t\t<\/a>\n<h3>\n\t\t<a href=\"https:\/\/oceaneering.canto.com\/download\/document\/vhdkfvekg136pcq5va56bvbg36\/original.pdf\" title=\"Umbilical Tie Back oder Tie Down Halsb\u00e4nder\"  target=\"_blank\"  rel=\"noopener\">\n\t\tUmbilical Tie Back oder Tie Down Halsb\u00e4nder\n\t\t<\/a>\n\t<\/h3>\n\t\t\t<a href=\"https:\/\/oceaneering.canto.com\/download\/document\/vhdkfvekg136pcq5va56bvbg36\/original.pdf\" target=\"_blank\" rel=\"noopener\">\n\t\t\t\t\t\t\tUmbilical Krawatte zur\u00fcck Kragen\n\t\t\t<\/a>\n\t\t\t\t<a href=\"https:\/\/oceaneering.canto.com\/download\/document\/doh2tlq2lh7kr86rcq19v7r770\/original.pdf\"  target=\"_blank\" rel=\"noopener\"  itemprop=\"url\">\n\t\t\t\t<img decoding=\"async\" src=\"https:\/\/oceaneering.com\/wp-content\/uploads\/2023\/11\/Weak-link.jpeg\" alt=\"Weak-link\" itemprop=\"image\" title=\"Schwaches Glied\" onerror=\"this.style.display='none'\"  \/>\n\t\t\t\t<\/a>\n<h3>\n\t\t<a href=\"https:\/\/oceaneering.canto.com\/download\/document\/doh2tlq2lh7kr86rcq19v7r770\/original.pdf\" title=\"Schwachstellen der Unterwasser-Nabelschnur\"  target=\"_blank\"  rel=\"noopener\">\n\t\tSchwachstellen der Unterwasser-Nabelschnur\n\t\t<\/a>\n\t<\/h3>\n\t\t\t<a href=\"https:\/\/oceaneering.canto.com\/download\/document\/doh2tlq2lh7kr86rcq19v7r770\/original.pdf\" target=\"_blank\" rel=\"noopener\">\n\t\t\t\t\t\t\tSchwache Verbindungen\n\t\t\t<\/a>\n<h2>\n\t\tKontakt\n\t<\/h2>\n<h3>\n\t\tUnser Expertenteam ist bereit, Ihnen den Einstieg zu erleichtern.\n\t<\/h3>\n\t<p>Oceaneering bietet erstklassige Produkte und L\u00f6sungen, die sich durch unvergleichliche Qualit\u00e4t, Zuverl\u00e4ssigkeit und globalen Support auszeichnen. F\u00fcllen Sie das Anfrageformular aus, um noch heute ein Gespr\u00e4ch zu beginnen.<\/p>","protected":false},"excerpt":{"rendered":"<p>Discuss a Project Subsea Distribution Products With world-class global manufacturing facilities and industry experience, we meet your complete subsea distribution requirements with optimized solutions. We have delivered more than0kmof subsea umbilical control systems Umbilicals Our subsea umbilicals provide the critical connections between subsea architecture and distribute power, control, and communication functions in the deepest and &#8230; <a title=\"Produkte f\u00fcr die Unterwasserverteilung\" class=\"read-more\" href=\"https:\/\/www.oceaneering.com\/de\/subsea-distribution-solutions\/products\/\" aria-label=\"Mehr Informationen \u00fcber Subsea Distribution Products\">Weiterlesen ...<\/a><\/p>","protected":false},"author":20,"featured_media":0,"parent":61172,"menu_order":103,"comment_status":"closed","ping_status":"closed","template":"","meta":{"_acf_changed":false,"footnotes":"","_links_to":"","_links_to_target":""},"product_category":[1783],"search_tags":[1782,1394],"class_list":["post-61174","page","type-page","status-publish","product_category-subsea-distribution-solutions","search_tags-subsea-distribution-solutions","search_tags-umbilical"],"acf":[],"aioseo_notices":[],"_links":{"self":[{"href":"https:\/\/www.oceaneering.com\/de\/wp-json\/wp\/v2\/pages\/61174","targetHints":{"allow":["GET"]}}],"collection":[{"href":"https:\/\/www.oceaneering.com\/de\/wp-json\/wp\/v2\/pages"}],"about":[{"href":"https:\/\/www.oceaneering.com\/de\/wp-json\/wp\/v2\/types\/page"}],"author":[{"embeddable":true,"href":"https:\/\/www.oceaneering.com\/de\/wp-json\/wp\/v2\/users\/20"}],"replies":[{"embeddable":true,"href":"https:\/\/www.oceaneering.com\/de\/wp-json\/wp\/v2\/comments?post=61174"}],"version-history":[{"count":3,"href":"https:\/\/www.oceaneering.com\/de\/wp-json\/wp\/v2\/pages\/61174\/revisions"}],"predecessor-version":[{"id":82022,"href":"https:\/\/www.oceaneering.com\/de\/wp-json\/wp\/v2\/pages\/61174\/revisions\/82022"}],"up":[{"embeddable":true,"href":"https:\/\/www.oceaneering.com\/de\/wp-json\/wp\/v2\/pages\/61172"}],"wp:attachment":[{"href":"https:\/\/www.oceaneering.com\/de\/wp-json\/wp\/v2\/media?parent=61174"}],"wp:term":[{"taxonomy":"product_category","embeddable":true,"href":"https:\/\/www.oceaneering.com\/de\/wp-json\/wp\/v2\/product_category?post=61174"},{"taxonomy":"search_tags","embeddable":true,"href":"https:\/\/www.oceaneering.com\/de\/wp-json\/wp\/v2\/search_tags?post=61174"}],"curies":[{"name":"wp","href":"https:\/\/api.w.org\/{rel}","templated":true}]}}