{"id":61171,"date":"2023-11-09T09:01:51","date_gmt":"2023-11-09T14:01:51","guid":{"rendered":"https:\/\/oceaneering.com\/global-component-and-product-testing-and-qualification-capabilities\/"},"modified":"2025-10-21T04:11:36","modified_gmt":"2025-10-21T09:11:36","slug":"global-component-and-product-testing-and-qualification-capabilities","status":"publish","type":"page","link":"https:\/\/www.oceaneering.com\/de\/subsea-distribution-solutions\/global-component-and-product-testing-and-qualification-capabilities\/","title":{"rendered":"Produktpr\u00fcfung und -qualifizierung"},"content":{"rendered":"<p><a href=\"https:\/\/www.oceaneering.com\/de\/subsea-distribution-solutions\/#contact\" target=\"_self\" rel=\"noopener\"> Ein Projekt besprechen <\/a><\/p>\r\n<h1>Produktpr\u00fcfung und -qualifizierung<\/h1>\r\n<p>Wir erf\u00fcllen Ihre Anforderungen an die Qualifizierung von Ober- und Unterwasserkomponenten und -baugruppen sowie an Werksabnahmepr\u00fcfungen.<\/p>\r\n<p>Globale Testeinrichtungen tragen dazu bei, das allgemeine Wissen und Verst\u00e4ndnis von Produkten auf der Grundlage von Analysen von Testergebnissen und Zuverl\u00e4ssigkeitsmodellen zu verbessern. Dies unterst\u00fctzt die F\u00e4higkeit, bessere Gesch\u00e4ftsentscheidungen zu treffen, und stellt sicher, dass Komponenten und Baugruppen sicher und einsatzbereit f\u00fcr den Markt sind.<\/p>\r\n<p>Wir bieten ma\u00dfgeschneiderte Programme, engagierte Testteams und umfangreiche interne Testkapazit\u00e4ten an unseren Standorten in Kristiansand, Norwegen, Niter\u00f3i, Brasilien, und Rosyth, Schottland. Unsere Kunden profitieren von unserer Erfahrung bei der Bereitstellung von Plug-and-Play- und kundenspezifischen Testprogrammen \u00fcber l\u00e4ngere Zeitr\u00e4ume.<\/p>\r\n<p><img decoding=\"async\" title=\"Gro\u00dfer-Flex-M\u00fcdigkeits-Rig-Rosyth-3\" src=\"https:\/\/oceaneering.com\/wp-content\/uploads\/2023\/11\/Large-Flex-Fatigue-Rig-Rosyth-3.png\" alt=\"Large-Flex-Fatigue-Rig-Rosyth-3\" \/><\/p>\r\n<h2>Pr\u00fcff\u00e4higkeiten<\/h2>\r\n<p>Kristiansand, Norwegen<\/p>\r\n<p>Kleinere Produkte auf Komponentenebene bis hin zu gr\u00f6\u00dferen Baugruppen, sowohl mechanisch als auch elektrisch.<\/p>\r\n<ul>\r\n<li>Hydraulische Schieber, Wegeventile und Kugelh\u00e4hne<\/li>\r\n<li>Elektronik<\/li>\r\n<li>Elektronische Kanister<\/li>\r\n<li>Elektrische Steckverbinder und elektrische Eindringk\u00f6rper<\/li>\r\n<li>Statische und dynamische Dichtungsl\u00f6sungen<\/li>\r\n<li>Kameras<\/li>\r\n<li>Erprobung von ferngesteuerten Beobachtungsfahrzeugen (ROVs)<\/li>\r\n<\/ul>\r\n<p>Niter\u00f3i, Brasilien, und Rosyth, Schottland<\/p>\r\n<p>Nabelschnurabschnitte, Komponenten und zugeh\u00f6rige Hardware.<\/p>\r\n<ul>\r\n<li>Prototypische L\u00e4ngen von Nabelschnurprodukten<\/li>\r\n<li>Biegezugentlastungen (BSRs)<\/li>\r\n<li>Klammern<\/li>\r\n<li>Stahldr\u00e4hte<\/li>\r\n<li>Module f\u00fcr den Auftrieb<\/li>\r\n<li>Stahlrohre<\/li>\r\n<li>Elektrische Kabel<\/li>\r\n<li>Faseroptische Kabel<\/li>\r\n<li>Leiter aus Kupfer<\/li>\r\n<li>Polymer-M\u00e4ntel<\/li>\r\n<li>Aramidfasern<\/li>\r\n<\/ul>\r\n<h2>Technische Unterst\u00fctzung, zertifiziertes Personal und kompromisslose Sicherheit<\/h2>\r\n<p>Durch unser fr\u00fchzeitiges Engagement in der Entwurfsphase erhalten Sie wertvolle Hinweise zu geltenden Normen und Entwurfsgrenzen. Mit unserem Wissen und unserer Erfahrung auf dem stark regulierten Offshore-Energiemarkt sind wir in der Lage, auf Ihre vielf\u00e4ltigen Bed\u00fcrfnisse einzugehen.<\/p>\r\n<p>Unsere F\u00e4higkeit, ma\u00dfgeschneiderte Pr\u00fcfprogramme zu entwickeln, geht \u00fcber das Angebot vieler Standardpr\u00fcfstellen hinaus. Wir verstehen, dass Ihre Herausforderungen einzigartig sind, und reagieren mit Testl\u00f6sungen, die die Anforderungen erf\u00fcllen - von Routine bis hin zu extremen Anforderungen.<\/p>\r\n<h3>Sicherheit<\/h3>\r\n<p>Sicherheit hat f\u00fcr uns oberste Priorit\u00e4t. Unsere Ger\u00e4te werden von qualifiziertem Personal gewartet und die Pr\u00fcfungen erfolgen nach ausgereiften Verfahren und Prozessen.<\/p>\r\n<h3>Personal<\/h3>\r\n<p>Die Tests werden von zertifiziertem Personal durchgef\u00fchrt, das \u00fcber eine umfassende Ausbildung und Erfahrung mit den verwendeten Ger\u00e4ten verf\u00fcgt.<\/p>\r\n<h3>Daten<\/h3>\r\n<p>Wir sorgen daf\u00fcr, dass die richtigen Daten gesammelt, organisiert und f\u00fcr die Auswertung vorbereitet werden.<\/p>\r\n<h3>Ergebnisse<\/h3>\r\n<p>Unsere Tests liefern g\u00fcltige Ergebnisse mit best\u00e4tigter Genauigkeit und Variabilit\u00e4tsverteilung.<\/p>\r\n<h1>Kontakt<\/h1>\r\n<h2>Unser Expertenteam ist bereit, Ihnen den Einstieg zu erleichtern.<\/h2>\r\n<p>Oceaneering bietet erstklassige Produkte und L\u00f6sungen, die sich durch unvergleichliche Qualit\u00e4t, Zuverl\u00e4ssigkeit und globalen Support auszeichnen. F\u00fcllen Sie das Anfrageformular aus, um noch heute ein Gespr\u00e4ch zu beginnen.<\/p>","protected":false},"excerpt":{"rendered":"<p>Besprechen Sie ein Projekt Produktpr\u00fcfung und -qualifizierung Erf\u00fcllen Sie Ihre Anforderungen an die Qualifizierung von Ober- und Unterwasserkomponenten und -baugruppen sowie an Werksabnahmepr\u00fcfungen. Globale Testeinrichtungen tragen dazu bei, das allgemeine Wissen und Verst\u00e4ndnis von Produkten auf der Grundlage von Analysen von Testergebnissen und Zuverl\u00e4ssigkeitsmodellen zu verbessern. Dies unterst\u00fctzt die F\u00e4higkeit, bessere Gesch\u00e4ftsentscheidungen zu treffen, und gew\u00e4hrleistet ... <a title=\"Produktpr\u00fcfung und -qualifizierung\" class=\"read-more\" href=\"https:\/\/www.oceaneering.com\/de\/subsea-distribution-solutions\/global-component-and-product-testing-and-qualification-capabilities\/\" aria-label=\"Mehr Informationen \u00fcber Produktpr\u00fcfung und -qualifizierung\">Weiterlesen ...<\/a><\/p>","protected":false},"author":20,"featured_media":0,"parent":61172,"menu_order":101,"comment_status":"closed","ping_status":"closed","template":"","meta":{"_acf_changed":false,"footnotes":"","_links_to":"","_links_to_target":""},"product_category":[1783],"search_tags":[1782],"class_list":["post-61171","page","type-page","status-publish","product_category-subsea-distribution-solutions","search_tags-subsea-distribution-solutions"],"acf":[],"aioseo_notices":[],"_links":{"self":[{"href":"https:\/\/www.oceaneering.com\/de\/wp-json\/wp\/v2\/pages\/61171","targetHints":{"allow":["GET"]}}],"collection":[{"href":"https:\/\/www.oceaneering.com\/de\/wp-json\/wp\/v2\/pages"}],"about":[{"href":"https:\/\/www.oceaneering.com\/de\/wp-json\/wp\/v2\/types\/page"}],"author":[{"embeddable":true,"href":"https:\/\/www.oceaneering.com\/de\/wp-json\/wp\/v2\/users\/20"}],"replies":[{"embeddable":true,"href":"https:\/\/www.oceaneering.com\/de\/wp-json\/wp\/v2\/comments?post=61171"}],"version-history":[{"count":1,"href":"https:\/\/www.oceaneering.com\/de\/wp-json\/wp\/v2\/pages\/61171\/revisions"}],"predecessor-version":[{"id":79224,"href":"https:\/\/www.oceaneering.com\/de\/wp-json\/wp\/v2\/pages\/61171\/revisions\/79224"}],"up":[{"embeddable":true,"href":"https:\/\/www.oceaneering.com\/de\/wp-json\/wp\/v2\/pages\/61172"}],"wp:attachment":[{"href":"https:\/\/www.oceaneering.com\/de\/wp-json\/wp\/v2\/media?parent=61171"}],"wp:term":[{"taxonomy":"product_category","embeddable":true,"href":"https:\/\/www.oceaneering.com\/de\/wp-json\/wp\/v2\/product_category?post=61171"},{"taxonomy":"search_tags","embeddable":true,"href":"https:\/\/www.oceaneering.com\/de\/wp-json\/wp\/v2\/search_tags?post=61171"}],"curies":[{"name":"wp","href":"https:\/\/api.w.org\/{rel}","templated":true}]}}