{"id":61163,"date":"2023-11-09T08:58:34","date_gmt":"2023-11-09T13:58:34","guid":{"rendered":"https:\/\/oceaneering.com\/science-and-research\/"},"modified":"2025-11-18T04:55:57","modified_gmt":"2025-11-18T10:55:57","slug":"science-and-research","status":"publish","type":"page","link":"https:\/\/www.oceaneering.com\/de\/science-and-research\/","title":{"rendered":"Wissenschaft und Forschung"},"content":{"rendered":"<h1>\n\t\tWissenschaft und Forschung\n\t<\/h1>\n\t<p>Wir k\u00f6nnen auf eine lange Erfolgsbilanz bei der L\u00f6sung technischer und betrieblicher Herausforderungen f\u00fcr ein breites Spektrum von Kunden verweisen. Wir arbeiten mit Ihnen zusammen, um die Kosten zu kontrollieren und die betriebliche Effizienz zu maximieren.<\/p>\n\n\t\tUnsere Teams sammeln st\u00e4ndig Erfahrungen und lernen neue Lektionen, die sich auf Ihre T\u00e4tigkeit \u00fcbertragen lassen. Unsere Motivation besteht nicht darin, unsere eigenen Forschungsmissionen voranzutreiben, sondern Ihnen die erstklassigen Technologien und Mitarbeiter zur Verf\u00fcgung zu stellen, die Sie zum Erreichen Ihrer Ziele ben\u00f6tigen. Ganz gleich, um welches Projekt es sich handelt, Effizienz und Respekt sind in unserer DNA verankert. W\u00e4hrend der gesamten Laufzeit eines Projekts suchen wir st\u00e4ndig nach Verbesserungsm\u00f6glichkeiten - von der Vorplanung \u00fcber die Konzeption bis hin zur Mobilisierung. Wir sind der engagierte Partner f\u00fcr Ihren Wissenschafts- und Forschungsbedarf.\n\t\n<h2>\n\t\tVereinfachte Vorplanung und Logistik\n\t<\/h2>\n\t<p>Um Ihnen bei der Erreichung Ihrer Forschungsziele zu helfen, nutzen wir unsere bestehende globale Pr\u00e4senz und denken kreativ. Begrenzte Budgets m\u00fcssen nicht gleichbedeutend mit begrenzten M\u00f6glichkeiten sein. Zum Beispiel kann unser <a href=\"https:\/\/www.oceaneering.com\/de\/subsea-projects\/vessel-fleet\/\">Mehrzweckschiffe (MSV)<\/a>, <a href=\"https:\/\/www.oceaneering.com\/de\/rov-services\/\">ROVs<\/a>und <a href=\"https:\/\/www.oceaneering.com\/de\/survey-and-mapping\/geoscience-and-auv-surveys\/\">autonome Unterwasserfahrzeuge (AUVs)<\/a> sind weltweit t\u00e4tig und erm\u00f6glichen uns eine strategischere Projektplanung. Indem wir die Anlagen ermitteln, die sich zu einem bestimmten Zeitpunkt in Ihrem Untersuchungsgebiet befinden, k\u00f6nnen wir die Transportkosten und Ausfallzeiten erheblich reduzieren.<\/p>\n<p>Um die Effizienz weiter zu steigern, k\u00f6nnen wir jetzt spezielle wissenschaftliche Ausr\u00fcstungss\u00e4tze an Standorte in der ganzen Welt liefern. Die Kits r\u00fcsten unsere bestehenden ROVs der Arbeitsklasse, die bereits mobilisiert wurden, f\u00fcr die Durchf\u00fchrung forschungsspezifischer Aufgaben auf.<\/p>\n\t\t\t<a href=\"https:\/\/www.oceaneering.com\/de\/subsea-projects\/vessel-fleet\/\" target=\"_self\">\n\t\t\t\t\t\t\tGef\u00e4\u00dfe\n\t\t\t<\/a>\n\t\t\t<a href=\"https:\/\/www.oceaneering.com\/de\/rov-services\/\" target=\"_self\">\n\t\t\t\t\t\t\tROV-Dienste\n\t\t\t<\/a>\n\t\t\t<a href=\"https:\/\/www.oceaneering.com\/de\/positioning-solutions\/\" target=\"_self\">\n\t\t\t\t\t\t\tC-Nav Positionierungsl\u00f6sungen\n\t\t\t<\/a>\n\t\t\t\t<img decoding=\"async\" src=\"https:\/\/oceaneering.com\/wp-content\/uploads\/2023\/11\/Global_Explorer_ROV-800-portrait.jpeg\" alt=\"Global_Explorer_ROV-800-portrait\" itemprop=\"image\" title=\"Global_Explorer_ROV-800-portrait\" onerror=\"this.style.display='none'\"  \/>\n\t\t\t\t<img decoding=\"async\" src=\"https:\/\/oceaneering.com\/wp-content\/uploads\/2023\/11\/ROV-operations2-1.jpeg\" alt=\"ROV-operations2-1\" itemprop=\"image\" title=\"ROV-Eins\u00e4tze2-1\" onerror=\"this.style.display='none'\"  \/>\n<h2>\n\t\tErleben Sie die Vorteile\n\t<\/h2>\n\t<p>Zu unseren Teams geh\u00f6ren Experten f\u00fcr ROV-Betrieb, Unterwasservermessung, GIS-Analysen (geografische Informationssysteme), Schiffsmanagement, Fertigung und vieles mehr.<\/p>\n<p>Als weltweit f\u00fchrender Anbieter von ROV-Dienstleistungen verf\u00fcgen unsere Teams \u00fcber hochqualifizierte ROV-Supervisoren und Pilottechniker. Im Vergleich zu Piloten, die nur in der Forschung t\u00e4tig sind, leisten unsere Techniker deutlich mehr Flugstunden pro Jahr in einer Vielzahl von Aufgaben.<\/p>\n<p>Im Bereich der Unterwasservermessung setzen unsere Mitarbeiter ihre Erfahrung ein, um schnellere und erfolgreichere Eins\u00e4tze zu erm\u00f6glichen. Wir erm\u00f6glichen es Ihnen, mehr Ziele pro Einsatz zu erreichen, die Kosten zu kontrollieren und die Durchlaufzeiten zwischen den Eins\u00e4tzen zu verbessern.<\/p>\n<h2>\n\t\tForschungs- und Arbeitsklasse ROVs\n\t<\/h2>\n\t<p>F\u00fcr ROV-gest\u00fctzte Vermessungen oder Videoaufnahmen in flachen oder tiefen Gew\u00e4ssern verwenden wir das leichte, leicht einsetzbare Global Explorer ROV. Dieses Fahrzeug ist f\u00fcr eine Tiefe von bis zu 3.000 msw (9.800 fsw) ausgelegt und bietet un\u00fcbertroffene Video- und Fotoqualit\u00e4t in jeder Tiefe.<\/p>\n<p>Wenn es der Arbeitsumfang erfordert, k\u00f6nnen wir auch eines unserer zahlreichen ROVs f\u00fcr leichte Arbeiten oder der Arbeitsklasse sowie unsere speziellen wissenschaftlichen Kits einsetzen. Besuchen Sie unser <a href=\"https:\/\/www.oceaneering.com\/de\/rov-services\/rov-systems\/\">ROV-Systeme<\/a> Seite, um mehr \u00fcber die Vielfalt der Fahrzeuge zu erfahren, die wir f\u00fcr Sie bereithalten.<\/p>\n\t\t\t<a href=\"https:\/\/www.oceaneering.com\/de\/global-explorer-rov\/\" target=\"_self\">\n\t\t\t\t\t\t\tGlobal Explorer ROV\n\t\t\t<\/a>\n\t\t\t\t<img decoding=\"async\" src=\"https:\/\/oceaneering.com\/wp-content\/uploads\/2023\/11\/ROV_Global_Explorer-edited-1.jpeg\" alt=\"ROV_Global_Explorer-edited-1\" itemprop=\"image\" title=\"ROV_Global_Explorer-edited-1\" onerror=\"this.style.display='none'\"  \/>\n\t\t\t\t<img decoding=\"async\" src=\"https:\/\/oceaneering.com\/wp-content\/uploads\/2023\/11\/AUV-Survey-Landscape-portrait-edited-1-portrait.jpeg\" alt=\"AUV-Survey-Landscape-portrait-edited-1-portrait\" itemprop=\"image\" title=\"AUV-\u00dcbersicht-Landschaftsportrait-ge\u00e4ndert-1-Portrait\" onerror=\"this.style.display='none'\"  \/>\n<h2>\n\t\tUnterwasservermessung und -kartierung\n\t<\/h2>\n\t<p>Wir bieten eine breite Palette von Vermessungs-, Kartierungs-, Daten- und geowissenschaftlichen Dienstleistungen an. Unser umfangreiches Portfolio an Schiffen (einschlie\u00dflich der <a href=\"https:\/\/www.oceaneering.com\/de\/survey-and-mapping\/geoscience-and-auv-surveys\/\">DSV Ozean-Projekt<\/a> und kleinere Boote sowie AUVs) k\u00f6nnen in tiefen und k\u00fcstennahen Gew\u00e4ssern eingesetzt werden.<\/p>\n<p>Wir bieten auch weltweit <a href=\"https:\/\/www.oceaneering.com\/de\/positioning-solutions\/products-and-services\/\">differentielles globales Satellitennavigationssystem (DGNSS) zur Positionsbestimmung<\/a> und verwandte <a href=\"https:\/\/www.oceaneering.com\/de\/data-management\/\">Datenverarbeitungsdienste<\/a> um unternehmenskritische Informationen zu liefern. Sie erreichen Ihre Ziele in den Bereichen benthische, pelagische und Meeresbodenuntersuchungen, Arch\u00e4ologie, Entkernung und Fischzucht mit gr\u00f6\u00dferer Genauigkeit und weniger Ausfallzeiten.<\/p>\n<p>Au\u00dferdem arbeiten wir mit Ihnen zusammen, um Unterlagen f\u00fcr Beh\u00f6rden wie die <a href=\"https:\/\/www.boem.gov\/\" target=\"_blank\" rel=\"noopener\">B\u00fcro f\u00fcr die Verwaltung der Meeresenergie (BOEM)<\/a>die <a href=\"https:\/\/www.bsee.gov\/\" target=\"_blank\" rel=\"noopener\">B\u00fcro f\u00fcr Sicherheit und Umweltdurchsetzung (BSEE)<\/a>und die <a href=\"https:\/\/www.noaa.gov\/\" target=\"_blank\" rel=\"noopener\">Nationale Ozean- und Atmosph\u00e4renbeh\u00f6rde (NOAA)<\/a>.<\/p>\n<h2>\n\t\tDaten- und Kommunikationsl\u00f6sungen\n\t<\/h2>\n\t<p>Unsere hauseigenen Datenexperten entwerfen und implementieren kundenspezifische GIS-L\u00f6sungen, die eine genaue \u00dcbersicht \u00fcber Parameter wie Wetter und Schiffsposition bieten. Wir erm\u00f6glichen eine Hochgeschwindigkeitskommunikation zwischen Offshore- und Onshore-Teams und steigern so die Effizienz des gesamten Projekts.<\/p>\n<p>Wir bieten <a href=\"https:\/\/www.oceaneering.com\/de\/data-management\/#videoservices\" rel=\"noopener\">hochaufl\u00f6sendes Video-Streaming<\/a> sowohl von ROV-gest\u00fctzten Unterwasserkameras als auch von unbemannten Flugsystemen (UAS). In Kombination mit einer benutzerfreundlichen Medienspeicherung bieten wir einen un\u00fcbertroffenen Zugang zu Ihren Projektdaten.<\/p>\n\t\t\t\t<img decoding=\"async\" src=\"https:\/\/oceaneering.com\/wp-content\/uploads\/2023\/11\/Project-Management2-1-square.jpeg\" alt=\"Project-Management2-1-square\" itemprop=\"image\" title=\"Projekt-Management2-1-quadratisch\" onerror=\"this.style.display='none'\"  \/>\n<h2>\n\t\tTechnik und Projektmanagement\n\t<\/h2>\n\t<p>Wir sind Ihr Partner vom Anfang bis zum Ende des Projekts. Wenn Sie kundenspezifische Ausr\u00fcstung oder Zugang zu schwer zug\u00e4nglichen Stellen ben\u00f6tigen, finden unsere ROV-, AUV-, Werkzeug- und Sensorexperten die richtige L\u00f6sung.<\/p>\n<p>Wir nutzen unsere Erfahrung in der Verwaltung einer globalen Anlagenbasis, um Ihr Projekt effektiver zu managen. Unsere Teammitglieder stehen bei Bedarf zur Verf\u00fcgung, um Abl\u00e4ufe im Voraus zu planen, logistische Herausforderungen zu l\u00f6sen und Ressourcen zu mobilisieren, damit Ihr Projekt im Zeit- und Budgetrahmen bleibt.<\/p>\n\n\t\tKontakt\n\t\n<h2>\n\t\tUnser Expertenteam ist bereit, Ihnen den Einstieg zu erleichtern.\n\t<\/h2>\n\t<p>Oceaneering bietet erstklassige Produkte und L\u00f6sungen, die sich durch unvergleichliche Qualit\u00e4t, Zuverl\u00e4ssigkeit und globalen Support auszeichnen. F\u00fcllen Sie das Anfrageformular aus, um noch heute ein Gespr\u00e4ch zu beginnen.<\/p>","protected":false},"excerpt":{"rendered":"<p>Wissenschaft und Forschung Wir verf\u00fcgen \u00fcber eine langj\u00e4hrige Erfahrung bei der L\u00f6sung technischer und betrieblicher Herausforderungen f\u00fcr eine Vielzahl von Kunden. Wir arbeiten mit Ihnen zusammen, um die Kosten zu kontrollieren und die betriebliche Effizienz zu maximieren. Unsere Teams sammeln kontinuierlich Erfahrungen und lernen neue Lektionen, die sich auf Ihren Betrieb anwenden lassen. Unsere Motivation ist nicht, unsere ... <a title=\"Wissenschaft und Forschung\" class=\"read-more\" href=\"https:\/\/www.oceaneering.com\/de\/science-and-research\/\" aria-label=\"Mehr Informationen \u00fcber Wissenschaft und Forschung\">Weiterlesen ...<\/a><\/p>","protected":false},"author":20,"featured_media":0,"parent":0,"menu_order":94,"comment_status":"closed","ping_status":"closed","template":"","meta":{"_acf_changed":false,"footnotes":"","_links_to":"","_links_to_target":""},"product_category":[],"search_tags":[1797],"class_list":["post-61163","page","type-page","status-publish","search_tags-science-and-research"],"acf":[],"aioseo_notices":[],"_links":{"self":[{"href":"https:\/\/www.oceaneering.com\/de\/wp-json\/wp\/v2\/pages\/61163","targetHints":{"allow":["GET"]}}],"collection":[{"href":"https:\/\/www.oceaneering.com\/de\/wp-json\/wp\/v2\/pages"}],"about":[{"href":"https:\/\/www.oceaneering.com\/de\/wp-json\/wp\/v2\/types\/page"}],"author":[{"embeddable":true,"href":"https:\/\/www.oceaneering.com\/de\/wp-json\/wp\/v2\/users\/20"}],"replies":[{"embeddable":true,"href":"https:\/\/www.oceaneering.com\/de\/wp-json\/wp\/v2\/comments?post=61163"}],"version-history":[{"count":2,"href":"https:\/\/www.oceaneering.com\/de\/wp-json\/wp\/v2\/pages\/61163\/revisions"}],"predecessor-version":[{"id":80007,"href":"https:\/\/www.oceaneering.com\/de\/wp-json\/wp\/v2\/pages\/61163\/revisions\/80007"}],"wp:attachment":[{"href":"https:\/\/www.oceaneering.com\/de\/wp-json\/wp\/v2\/media?parent=61163"}],"wp:term":[{"taxonomy":"product_category","embeddable":true,"href":"https:\/\/www.oceaneering.com\/de\/wp-json\/wp\/v2\/product_category?post=61163"},{"taxonomy":"search_tags","embeddable":true,"href":"https:\/\/www.oceaneering.com\/de\/wp-json\/wp\/v2\/search_tags?post=61163"}],"curies":[{"name":"wp","href":"https:\/\/api.w.org\/{rel}","templated":true}]}}