{"id":61160,"date":"2023-11-09T08:57:35","date_gmt":"2023-11-09T13:57:35","guid":{"rendered":"https:\/\/oceaneering.com\/renewable-energy-solutions\/"},"modified":"2025-12-04T04:38:13","modified_gmt":"2025-12-04T10:38:13","slug":"renewable-energy-solutions","status":"publish","type":"page","link":"https:\/\/www.oceaneering.com\/de\/renewable-energy-solutions\/","title":{"rendered":"L\u00f6sungen f\u00fcr erneuerbare Energien"},"content":{"rendered":"<p><a href=\"https:\/\/www.oceaneering.com\/de\/renewable-energy-solutions\/#contact\" target=\"_self\"> Ein Projekt besprechen <\/a><\/p>\r\n<h1>L\u00f6sungen f\u00fcr erneuerbare Energien<\/h1>\r\n<p>Wir unterst\u00fctzen Ihre vielf\u00e4ltigen Projekte im Bereich erneuerbare Energien und kohlenstoffarme Technologien mit innovativen L\u00f6sungen.<\/p>\r\n<h2>Fortschrittliche L\u00f6sungen f\u00fcr eine kohlenstoffarme Zukunft<\/h2>\r\n<p>Wir gestalten die Zukunft der Energiewirtschaft mit fortschrittlichen Technologien und Dienstleistungen, die den weltweiten Ambitionen in Bezug auf einen geringen Kohlenstoffaussto\u00df gerecht werden. Wir sind ideal positioniert, um Ihre globalen Offshore-Wind-, Gezeiten-, Wellen-, Interkonnektor-, Wasserstoff- und Kohlenstoffabscheidungsprojekte in Schl\u00fcsselregionen auf der ganzen Welt, einschlie\u00dflich Nord- und S\u00fcdamerika, Europa und dem asiatisch-pazifischen Raum, zu unterst\u00fctzen.<\/p>\r\n<!-- Comment to fix spacing issue\r\n\t-->\r\n<p>0+<\/p>\r\n<!-- Comment to fix spacing issue\r\n\t-->\r\n<p>Jahrelange Erfahrung in Offshore-Projekten<\/p>\r\n<!-- Comment to fix spacing issue\r\n\t-->\r\n<p>0+<\/p>\r\n<!-- Comment to fix spacing issue\r\n\t-->\r\n<p>Langj\u00e4hrige Erfahrung im Bereich der erneuerbaren Energien<\/p>\r\n<!-- Comment to fix spacing issue\r\n\t-->\r\n<p>0+<\/p>\r\n<!-- Comment to fix spacing issue\r\n\t-->\r\n<p>Erfolgreich abgeschlossene Projekte im Bereich erneuerbare Energien<\/p>\r\n<h2>Sicherere, umweltfreundlichere und kosteneffiziente L\u00f6sungen<\/h2>\r\n<p>Wir haben eine erfolgreiche Erfolgsbilanz im Bereich der erneuerbaren und kohlenstoffarmen Energien vorzuweisen, indem wir sichere, effiziente, kosteneffiziente und umweltfreundliche Projekte - von der Entwicklung bis zur Stilllegung - durchgef\u00fchrt haben.<\/p>\r\n<p><a href=\"https:\/\/oceaneering.canto.com\/download\/document\/tmplasjifl3cp3idkesq5bus12\/original.pdf\" target=\"_blank\" rel=\"noopener\"> Oceaneering Erneuerbare Energien Erfolgsbilanz <\/a> <img loading=\"lazy\" decoding=\"async\" title=\"Offshore-Festwindanlage-Magnum-ROV\" src=\"https:\/\/www.oceaneering.com\/wp-content\/uploads\/2024\/05\/Offshore-Fixed-Wind-Image-Magnum-ROV-1024x576.jpg\" alt=\"The Magnum ROV in a cage over the water in a sunset.\" width=\"1024\" height=\"576\" \/><\/p>\r\n<h3>Offshore-Windkraftanlagen<\/h3>\r\n<p>Optimieren Sie das Schnittstellenmanagement in wichtigen Regionen, indem Sie unsere jahrzehntelange Erfahrung im Offshore-Energiebereich und im komplexen Schiffbau nutzen.<\/p>\r\n<p><a href=\"https:\/\/www.oceaneering.com\/de\/renewable-energy-solutions\/fixed-offshore-wind\/\" target=\"_self\"> Mehr lesen <\/a> <img loading=\"lazy\" decoding=\"async\" title=\"230822_Operations-and-Maintenance-Phase_V01\" src=\"https:\/\/www.oceaneering.com\/wp-content\/uploads\/2024\/05\/230822_Operations-and-Maintenance-Phase_V01-1024x576.jpg\" alt=\"Floating Offshore Wind farm with Oceaneering technologies.\" width=\"1024\" height=\"576\" \/><\/p>\r\n<h3>Schwimmender Offshore-Wind<\/h3>\r\n<p>Bew\u00e4ltigen Sie die Komplexit\u00e4t schwieriger Offshore-Umgebungen, einschlie\u00dflich tieferer Gew\u00e4sser, und erschlie\u00dfen Sie gro\u00dfe Gebiete f\u00fcr die Erzeugung erneuerbarer Windenergie.<\/p>\r\n<p><a href=\"https:\/\/www.oceaneering.com\/de\/renewable-energy-solutions\/floating-offshore-wind\/\" target=\"_self\"> Mehr lesen <\/a> <img loading=\"lazy\" decoding=\"async\" title=\"Wasserstoff-Featured-Image\" src=\"https:\/\/www.oceaneering.com\/wp-content\/uploads\/2024\/05\/Hydrogen-featured-image.jpg\" alt=\"Clean hydrogen energy concept.\" width=\"3000\" height=\"1800\" \/><\/p>\r\n<h3>Wasserstoff-Unterst\u00fctzungsdienste<\/h3>\r\n<p>Optimieren Sie Ihre globalen Wasserstoffprojekte mit unseren branchenf\u00fchrenden Grayloc\u00ae-Produkten und Asset-Integrity-Management-Dienstleistungen.<\/p>\r\n<p><a href=\"https:\/\/www.oceaneering.com\/de\/renewable-energy-solutions\/hydrogen-support-services\/\" target=\"_self\"> Mehr lesen <\/a> <img loading=\"lazy\" decoding=\"async\" title=\"Nuclear Power Plant - Case study\" src=\"https:\/\/www.oceaneering.com\/wp-content\/uploads\/2024\/02\/Case-Study-Successful-NDT-Enables-Decommissioning-of-Nuclear-Power-Facilities-in-UK-1-1024x566.jpg\" alt=\"Nuclear Power Plant\" width=\"1024\" height=\"566\" \/><\/p>\r\n<h3>L\u00f6sungen f\u00fcr die Kernenergie<\/h3>\r\n<p>Erf\u00fcllen Sie die sich entwickelnden Anforderungen Ihrer Kernkraftwerke, einschlie\u00dflich kleiner modularer Reaktoren der n\u00e4chsten Generation.<\/p>\r\n<p><a href=\"https:\/\/www.oceaneering.com\/de\/renewable-energy-solutions\/nuclear-power-solutions\/\" target=\"_self\"> Mehr lesen <\/a> <img loading=\"lazy\" decoding=\"async\" title=\"CCS\" src=\"https:\/\/www.oceaneering.com\/wp-content\/uploads\/2024\/10\/CCS.jpg\" alt=\"Carbfix project in Iceland. Renewable energy.\" width=\"1920\" height=\"1280\" \/><\/p>\r\n<h3>Abscheidung und Speicherung von Kohlenstoff<\/h3>\r\n<p>Gew\u00e4hrleisten Sie die Sicherheit und Integrit\u00e4t Ihrer CCS-Infrastruktur und erh\u00f6hen Sie gleichzeitig die Zuverl\u00e4ssigkeit und Kosteneffizienz.<\/p>\r\n<p><a href=\"https:\/\/www.oceaneering.com\/de\/renewable-energy-solutions\/carbon-capture-and-storage-solutions\/\" target=\"_self\"> Mehr lesen <\/a> <img loading=\"lazy\" decoding=\"async\" title=\"230612_Linnorm-Field-Layout-artwork_V02-edited\" src=\"https:\/\/www.oceaneering.com\/wp-content\/uploads\/2024\/09\/230612_Linnorm-Field-Layout-artwork_V02-edited.jpg\" alt=\"230612_Linnorm-Field-Layout-artwork_V02-edited\" width=\"1920\" height=\"1080\" \/><\/p>\r\n<h3>Elektrifizierung von Offshore-\u00d6l- und Gasanlagen<\/h3>\r\n<p>Nutzen Sie erneuerbare Energiequellen, um Ihren Strombedarf zu decken.<\/p>\r\n<p><a href=\"https:\/\/oceaneering.canto.com\/download\/document\/gaaqj5odj9045c4gotn1h8ul53\/original.pdf\" target=\"_blank\" rel=\"noopener\"> Lesen Sie die Brosch\u00fcre <\/a><\/p>\r\n<h3>Praxiserprobt. Branchenf\u00fchrend.<\/h3>\r\n<p>Lesen Sie mehr dar\u00fcber, wie wir Projekte in den Bereichen erneuerbare Energien, kohlenstoffarme Energien und Dekarbonisierung unterst\u00fctzen.<\/p>\r\n<p><a href=\"https:\/\/www.oceaneering.com\/de\/resources\/?_content_types=case-study\" target=\"_self\"> Alle Fallstudien anzeigen <\/a> <button> Vorherige <\/button> <button> Weiter <\/button> <a href=\"https:\/\/www.oceaneering.com\/de\/case-studies\/development-of-maintenance-program-for-the-worlds-largest-offshore-wind-farm\/\"> <img decoding=\"async\" src=\"https:\/\/www.oceaneering.com\/wp-content\/uploads\/2024\/04\/Wind-Farm.jpg\" alt=\"Offshore wind farm\" \/><\/a><\/p>\r\n<h3>Entwicklung eines Wartungsprogramms f\u00fcr den weltgr\u00f6\u00dften Offshore-Windpark<\/h3>\r\n<h3>Entwicklung eines Wartungsprogramms f\u00fcr den weltgr\u00f6\u00dften Offshore-Windpark<\/h3>\r\n<p>Oceaneering was contracted to complete the comprehensive maintenance scope for the Dogger Bank A offshore wind development&#8230;<\/p>\r\n<p><a href=\"https:\/\/www.oceaneering.com\/de\/case-studies\/development-of-maintenance-program-for-the-worlds-largest-offshore-wind-farm\/\">Mehr erfahren <\/a> <a href=\"https:\/\/www.oceaneering.com\/de\/case-studies\/multi-qualified-level-3-engineers-complete-managed-audit-program-for-uk-nuclear-power-plants\/\"> <img decoding=\"async\" src=\"https:\/\/www.oceaneering.com\/wp-content\/uploads\/2024\/02\/Case-Study-Multi-Qualified-Level-3-Engineers-Complete-Managed-Audit-Program-for-UK-Nuclear-Power-Plants-1.png\" alt=\"Power plant\" \/><\/a><\/p>\r\n<h3>Mehrfach qualifizierte Level-3-Ingenieure schlie\u00dfen Managed-Audit-Programm f\u00fcr britische Kernkraftwerke ab<\/h3>\r\n<h3>Mehrfach qualifizierte Level-3-Ingenieure schlie\u00dfen Managed-Audit-Programm f\u00fcr britische Kernkraftwerke ab<\/h3>\r\n<p>Oceaneering recently completed its sixth year delivering managed audit support at UK nuclear power plants as part&#8230;<\/p>\r\n<p><a href=\"https:\/\/www.oceaneering.com\/de\/case-studies\/multi-qualified-level-3-engineers-complete-managed-audit-program-for-uk-nuclear-power-plants\/\">Mehr erfahren <\/a> <a href=\"https:\/\/www.oceaneering.com\/de\/case-studies\/nuclear-focused-inspection-team-supports-newbuild-power-plant-in-the-uk\/\"> <img decoding=\"async\" src=\"https:\/\/www.oceaneering.com\/wp-content\/uploads\/2024\/03\/Case-Study-Oceaneering-Completes-Fourth-Year-of-Inspection-Support-at-Newbuild-Nuclear-Power-Plant-in-the-UK-1.jpg\" alt=\"Control wheel at a machine room\" \/><\/a><\/p>\r\n<h3>Inspektionsteam f\u00fcr Kernkraftwerke unterst\u00fctzt Kraftwerksneubau in Gro\u00dfbritannien<\/h3>\r\n<h3>Inspektionsteam f\u00fcr Kernkraftwerke unterst\u00fctzt Kraftwerksneubau in Gro\u00dfbritannien<\/h3>\r\n<p>Oceaneering recently completed the fourth year of a long-term contract to provide inspection services at a nuclear&#8230;<\/p>\r\n<p><a href=\"https:\/\/www.oceaneering.com\/de\/case-studies\/nuclear-focused-inspection-team-supports-newbuild-power-plant-in-the-uk\/\">Mehr erfahren <\/a> <a href=\"https:\/\/www.oceaneering.com\/de\/case-studies\/successful-ndt-enables-decommissioning-of-nuclear-power-facilities-in-uk\/\"> <img decoding=\"async\" src=\"https:\/\/www.oceaneering.com\/wp-content\/uploads\/2024\/02\/Case-Study-Successful-NDT-Enables-Decommissioning-of-Nuclear-Power-Facilities-in-UK-1.jpg\" alt=\"Nuclear Power Plant\" \/><\/a><\/p>\r\n<h3>Erfolgreiche ZfP erm\u00f6glicht die Stilllegung von Kernkraftwerken in Gro\u00dfbritannien<\/h3>\r\n<h3>Erfolgreiche ZfP erm\u00f6glicht die Stilllegung von Kernkraftwerken in Gro\u00dfbritannien<\/h3>\r\n<p>In February 2023, Oceaneering completed a two-and-a-half-year project providing non-destructive testing (NDT) services to support the safe&#8230;<\/p>\r\n<p><a href=\"https:\/\/www.oceaneering.com\/de\/case-studies\/successful-ndt-enables-decommissioning-of-nuclear-power-facilities-in-uk\/\">Mehr erfahren <\/a> <a href=\"https:\/\/www.oceaneering.com\/de\/case-studies\/oceaneering-subsea-robotics-supports-floating-offshore-wind-installation-offshore-spain\/\"> <img decoding=\"async\" src=\"https:\/\/www.oceaneering.com\/wp-content\/uploads\/2024\/01\/Wind-turbine-1.jpg\" alt=\"\" \/><\/a><\/p>\r\n<h3>ROV-Team unterst\u00fctzt die Installation einer schwimmenden Windturbine in Spanien<\/h3>\r\n<h3>ROV-Team unterst\u00fctzt die Installation einer schwimmenden Windturbine in Spanien<\/h3>\r\n<p>Q\u00dcbersicht Im August 2023 wurde eine Oceaneering-Crew mit dem ferngesteuerten Magnum\u00ae-Fahrzeug (ROV) eingesetzt, um die...<\/p>\r\n<p><a href=\"https:\/\/www.oceaneering.com\/de\/case-studies\/oceaneering-subsea-robotics-supports-floating-offshore-wind-installation-offshore-spain\/\">Mehr erfahren <\/a> <a href=\"https:\/\/www.oceaneering.com\/de\/case-studies\/oceaneering-subsea-robotics-supports-installation-project-at-the-worlds-largest-offshore-floating-wind-project\/\"> <img decoding=\"async\" src=\"https:\/\/www.oceaneering.com\/wp-content\/uploads\/2023\/11\/Windmills-offshore-1.jpg\" alt=\"Wind mills offshore wind\" \/><\/a><\/p>\r\n<h3>Erfolgreiche Installation eines dynamischen Inter-Array-Kabels im gr\u00f6\u00dften schwimmenden Offshore-Windprojekt der Welt<\/h3>\r\n<h3>Erfolgreiche Installation eines dynamischen Inter-Array-Kabels im gr\u00f6\u00dften schwimmenden Offshore-Windprojekt der Welt<\/h3>\r\n<p>In Q2 2023, an Oceaneering project team and remotely operated vehicles (ROVs) were used to support a&#8230;<\/p>\r\n<p><a href=\"https:\/\/www.oceaneering.com\/de\/case-studies\/oceaneering-subsea-robotics-supports-installation-project-at-the-worlds-largest-offshore-floating-wind-project\/\">Mehr erfahren <\/a> <a href=\"https:\/\/www.oceaneering.com\/de\/case-studies\/oceaneering-rovs-support-installation-of-offshore-floating-wind-turbines-off-the-french-coast\/\"> <img decoding=\"async\" src=\"https:\/\/www.oceaneering.com\/wp-content\/uploads\/2023\/11\/Wind-turbines-edited.jpg\" alt=\"\" \/><\/a><\/p>\r\n<h3>Oceaneering ROVs unterst\u00fctzen die Installation einer schwimmenden Windturbine in Frankreich<\/h3>\r\n<h3>Oceaneering ROVs unterst\u00fctzen die Installation einer schwimmenden Windturbine in Frankreich<\/h3>\r\n<p>In October 2023, Oceaneering&#8217;s remotely operated vehicles (ROVs) on the Normand Installer vessel finished a work scope&#8230;<\/p>\r\n<p><a href=\"https:\/\/www.oceaneering.com\/de\/case-studies\/oceaneering-rovs-support-installation-of-offshore-floating-wind-turbines-off-the-french-coast\/\">Mehr erfahren <\/a> <a href=\"https:\/\/www.oceaneering.com\/de\/case-studies\/oceaneerings-innovative-isurus-rov-reduces-cost-and-carbon-footprint-while-shortening-project-schedule\/\"> <img decoding=\"async\" src=\"https:\/\/www.oceaneering.com\/wp-content\/uploads\/2023\/11\/DSC04024-scaled-1.jpg\" alt=\"\" \/><\/a><\/p>\r\n<h3>Isurus\u2122 ROV unterst\u00fctzt effizientere Kabelverlegungsarbeiten<\/h3>\r\n<h3>Isurus\u2122 ROV unterst\u00fctzt effizientere Kabelverlegungsarbeiten<\/h3>\r\n<p>In late 2019, a major offshore wind developer mobilized Oceaneering&#8217;s Isurus\u2122 ROV on one of its cable&#8230;<\/p>\r\n<p><a href=\"https:\/\/www.oceaneering.com\/de\/case-studies\/oceaneerings-innovative-isurus-rov-reduces-cost-and-carbon-footprint-while-shortening-project-schedule\/\">Mehr erfahren <\/a> <a href=\"https:\/\/www.oceaneering.com\/de\/case-studies\/oceaneering-completes-successful-wind-turbine-anode-installation\/\"> <img decoding=\"async\" src=\"https:\/\/www.oceaneering.com\/wp-content\/uploads\/2018\/11\/Case-Study-Oceaneering-completes-successful-wind-turbine-anode-installation-1.jpg\" alt=\"\" \/><\/a><\/p>\r\n<h3>Oceaneering schlie\u00dft erfolgreiche Installation von Anoden f\u00fcr Windkraftanlagen ab<\/h3>\r\n<h3>Oceaneering schlie\u00dft erfolgreiche Installation von Anoden f\u00fcr Windkraftanlagen ab<\/h3>\r\n<p>Oceaneering was contracted by a leading geotechnical and offshore solutions provider to install anti-corrosion plate anode clamps&#8230;<\/p>\r\n<p><a href=\"https:\/\/www.oceaneering.com\/de\/case-studies\/oceaneering-completes-successful-wind-turbine-anode-installation\/\">Mehr erfahren <\/a><\/p>\r\n<h2>Nachrichten \u00fcber erneuerbare Energien<\/h2>\r\n<p><a title=\"Oceaneering erreicht \" href=\"https:\/\/www.oceaneering.com\/de\/oceaneering-achieves-fit-4-offshore-renewables-f4or-granted-status-at-rosyth-scotland-cable-facility\/\"><img loading=\"lazy\" decoding=\"async\" title=\"Die Produktionsst\u00e4tte f\u00fcr Versorgungskabel und Kabel in Rosyth, Schottland | Oceaneering\" src=\"https:\/\/www.oceaneering.com\/wp-content\/uploads\/2024\/03\/DJI_0373-1024x576.jpg\" sizes=\"auto, (max-width: 1024px) 100vw, 1024px\" srcset=\"https:\/\/www.oceaneering.com\/wp-content\/uploads\/2024\/03\/DJI_0373-1024x576.jpg 1024w, https:\/\/www.oceaneering.com\/wp-content\/uploads\/2024\/03\/DJI_0373-300x169.jpg 300w, https:\/\/www.oceaneering.com\/wp-content\/uploads\/2024\/03\/DJI_0373-768x432.jpg 768w, https:\/\/www.oceaneering.com\/wp-content\/uploads\/2024\/03\/DJI_0373-1536x864.jpg 1536w, https:\/\/www.oceaneering.com\/wp-content\/uploads\/2024\/03\/DJI_0373-2048x1152.jpg 2048w, https:\/\/www.oceaneering.com\/wp-content\/uploads\/2024\/03\/DJI_0373-18x10.jpg 18w, https:\/\/www.oceaneering.com\/wp-content\/uploads\/2024\/03\/DJI_0373-1280x720.jpg 1280w, https:\/\/www.oceaneering.com\/wp-content\/uploads\/2024\/03\/DJI_0373-960x540.jpg 960w, https:\/\/www.oceaneering.com\/wp-content\/uploads\/2024\/03\/DJI_0373-640x360.jpg 640w, https:\/\/www.oceaneering.com\/wp-content\/uploads\/2024\/03\/DJI_0373-320x180.jpg 320w\" alt=\"The umbilicals and cable manufacturing facility in Rosyth Scotland\" width=\"1024\" height=\"576\" \/><\/a> 3\/28\/2024<\/p>\r\n<h3><a title=\"Oceaneering erreicht \" href=\"https:\/\/www.oceaneering.com\/de\/oceaneering-achieves-fit-4-offshore-renewables-f4or-granted-status-at-rosyth-scotland-cable-facility\/\">Oceaneering erh\u00e4lt den Status 'Fit 4 Offshore Renewables' f\u00fcr die Kabelanlage in Rosyth, Schottland<\/a><\/h3>\r\n<p>Houston, Texas &#8211; Oceaneering announces today that its Rosyth, Scotland, cable manufacturing facility has successfully achieved &#8220;Fit 4 Offshore Renewables&#8221;\u2026<\/p>\r\n<p><a href=\"https:\/\/www.oceaneering.com\/de\/oceaneering-achieves-fit-4-offshore-renewables-f4or-granted-status-at-rosyth-scotland-cable-facility\/\">Mehr lesen <\/a> <a title=\"Oceaneering k\u00fcndigt einen erfolgreichen Feldversuch f\u00fcr die Ocean Perception\u2122 Softwarel\u00f6sung zum Schutz von Meeress\u00e4ugern an\" href=\"https:\/\/www.oceaneering.com\/de\/oceaneering-announces-a-successful-field-trial-for-ocean-perception-marine-mammal-mitigation-software-solution\/\"><img loading=\"lazy\" decoding=\"async\" title=\"Meereswahrnehmung | Oceaneering\" src=\"https:\/\/www.oceaneering.com\/wp-content\/uploads\/2024\/02\/220308_Ocean_perception_02-3-2-1024x576.jpg\" sizes=\"auto, (max-width: 1024px) 100vw, 1024px\" srcset=\"https:\/\/www.oceaneering.com\/wp-content\/uploads\/2024\/02\/220308_Ocean_perception_02-3-2-1024x576.jpg 1024w, https:\/\/www.oceaneering.com\/wp-content\/uploads\/2024\/02\/220308_Ocean_perception_02-3-2-300x169.jpg 300w, https:\/\/www.oceaneering.com\/wp-content\/uploads\/2024\/02\/220308_Ocean_perception_02-3-2-768x432.jpg 768w, https:\/\/www.oceaneering.com\/wp-content\/uploads\/2024\/02\/220308_Ocean_perception_02-3-2-1536x864.jpg 1536w, https:\/\/www.oceaneering.com\/wp-content\/uploads\/2024\/02\/220308_Ocean_perception_02-3-2-18x10.jpg 18w, https:\/\/www.oceaneering.com\/wp-content\/uploads\/2024\/02\/220308_Ocean_perception_02-3-2-1280x720.jpg 1280w, https:\/\/www.oceaneering.com\/wp-content\/uploads\/2024\/02\/220308_Ocean_perception_02-3-2-960x540.jpg 960w, https:\/\/www.oceaneering.com\/wp-content\/uploads\/2024\/02\/220308_Ocean_perception_02-3-2-640x360.jpg 640w, https:\/\/www.oceaneering.com\/wp-content\/uploads\/2024\/02\/220308_Ocean_perception_02-3-2-320x180.jpg 320w, https:\/\/www.oceaneering.com\/wp-content\/uploads\/2024\/02\/220308_Ocean_perception_02-3-2.jpg 1920w\" alt=\"Ocean Perception marine mammal mitigation  PSO software platform\" width=\"1024\" height=\"576\" \/><\/a> 12\/5\/2023<\/p>\r\n<h3><a title=\"Oceaneering k\u00fcndigt einen erfolgreichen Feldversuch f\u00fcr die Ocean Perception\u2122 Softwarel\u00f6sung zum Schutz von Meeress\u00e4ugern an\" href=\"https:\/\/www.oceaneering.com\/de\/oceaneering-announces-a-successful-field-trial-for-ocean-perception-marine-mammal-mitigation-software-solution\/\">Oceaneering k\u00fcndigt einen erfolgreichen Feldversuch f\u00fcr die Ocean Perception\u2122 Softwarel\u00f6sung zum Schutz von Meeress\u00e4ugern an<\/a><\/h3>\r\n<p>Houston, Texas &#8211; Today, Oceaneering International, Inc., announces the successful field trial of Ocean Perception\u2122, a patented marine mammal mitigation\u2026<\/p>\r\n<p><a href=\"https:\/\/www.oceaneering.com\/de\/oceaneering-announces-a-successful-field-trial-for-ocean-perception-marine-mammal-mitigation-software-solution\/\">Mehr lesen <\/a> <a title=\"Oceaneering erh\u00e4lt Rahmenvertrag f\u00fcr Wartungstechnik\u00a0\" href=\"https:\/\/www.oceaneering.com\/de\/oceaneering-awarded-maintenance-engineering-framework-agreement\/\"><img loading=\"lazy\" decoding=\"async\" title=\"Offshore-Inspektion IMDS | Oceaneering\" src=\"https:\/\/www.oceaneering.com\/wp-content\/uploads\/2023\/11\/imds-overview-2022-1200x628-1-1024x536.jpg\" sizes=\"auto, (max-width: 1024px) 100vw, 1024px\" srcset=\"https:\/\/www.oceaneering.com\/wp-content\/uploads\/2023\/11\/imds-overview-2022-1200x628-1-1024x536.jpg 1024w, https:\/\/www.oceaneering.com\/wp-content\/uploads\/2023\/11\/imds-overview-2022-1200x628-1-300x157.jpg 300w, https:\/\/www.oceaneering.com\/wp-content\/uploads\/2023\/11\/imds-overview-2022-1200x628-1-768x402.jpg 768w, https:\/\/www.oceaneering.com\/wp-content\/uploads\/2023\/11\/imds-overview-2022-1200x628-1-18x9.jpg 18w, https:\/\/www.oceaneering.com\/wp-content\/uploads\/2023\/11\/imds-overview-2022-1200x628-1.jpg 1200w\" alt=\"Offshore platform and data integrity system\" width=\"1024\" height=\"536\" \/><\/a> 2\/28\/2022<\/p>\r\n<h3><a title=\"Oceaneering erh\u00e4lt Rahmenvertrag f\u00fcr Wartungstechnik\u00a0\" href=\"https:\/\/www.oceaneering.com\/de\/oceaneering-awarded-maintenance-engineering-framework-agreement\/\">Oceaneering erh\u00e4lt Rahmenvertrag f\u00fcr Wartungstechnik\u00a0<\/a><\/h3>\r\n<p>Oceaneering International\u2019s Integrity Management and Digital Solutions (IMDS) group has been awarded a framework agreement covering maintenance engineering for all Equinor&#8217;s business areas. \u00a0<\/p>\r\n<p><a href=\"https:\/\/www.oceaneering.com\/de\/oceaneering-awarded-maintenance-engineering-framework-agreement\/\">Mehr lesen <\/a><\/p>\r\n<!-- .pp-content-posts -->\r\n<p><a href=\"https:\/\/www.oceaneering.com\/de\/blog\/\" target=\"_self\"> Alle Nachrichten anzeigen <\/a><\/p>\r\n<h1>Kontakt<\/h1>\r\n<h2>Unser Expertenteam ist bereit, Ihnen den Einstieg zu erleichtern.<\/h2>\r\n<p>Oceaneering bietet erstklassige Produkte und L\u00f6sungen, die sich durch unvergleichliche Qualit\u00e4t, Zuverl\u00e4ssigkeit und globalen Support auszeichnen. F\u00fcllen Sie das Anfrageformular aus, um noch heute ein Gespr\u00e4ch zu beginnen.<\/p>","protected":false},"excerpt":{"rendered":"<p>Diskutieren Sie ein Projekt L\u00f6sungen f\u00fcr erneuerbare Energien Unterst\u00fctzung Ihrer verschiedenen Projekte f\u00fcr erneuerbare Energien und kohlenstoffarme Technologien mit innovativen L\u00f6sungen. Fortschrittliche L\u00f6sungen f\u00fcr eine kohlenstoffarme Zukunft Wir gestalten die Zukunft der Energiewirtschaft mit fortschrittlichen Technologien und Dienstleistungen, die den weltweiten Ambitionen f\u00fcr eine kohlenstoffarme Zukunft gerecht werden. Wir sind ideal positioniert, um Ihre globalen Offshore-Wind-, Gezeiten- und ... <a title=\"L\u00f6sungen f\u00fcr erneuerbare Energien\" class=\"read-more\" href=\"https:\/\/www.oceaneering.com\/de\/renewable-energy-solutions\/\" aria-label=\"Mehr Informationen \u00fcber erneuerbare Energiel\u00f6sungen\">Weiterlesen ...<\/a><\/p>","protected":false},"author":20,"featured_media":0,"parent":0,"menu_order":91,"comment_status":"closed","ping_status":"closed","template":"","meta":{"_acf_changed":false,"footnotes":"","_links_to":"","_links_to_target":""},"product_category":[1159],"search_tags":[1398],"class_list":["post-61160","page","type-page","status-publish","product_category-renewables","search_tags-renewable-energy"],"acf":[],"aioseo_notices":[],"_links":{"self":[{"href":"https:\/\/www.oceaneering.com\/de\/wp-json\/wp\/v2\/pages\/61160","targetHints":{"allow":["GET"]}}],"collection":[{"href":"https:\/\/www.oceaneering.com\/de\/wp-json\/wp\/v2\/pages"}],"about":[{"href":"https:\/\/www.oceaneering.com\/de\/wp-json\/wp\/v2\/types\/page"}],"author":[{"embeddable":true,"href":"https:\/\/www.oceaneering.com\/de\/wp-json\/wp\/v2\/users\/20"}],"replies":[{"embeddable":true,"href":"https:\/\/www.oceaneering.com\/de\/wp-json\/wp\/v2\/comments?post=61160"}],"version-history":[{"count":3,"href":"https:\/\/www.oceaneering.com\/de\/wp-json\/wp\/v2\/pages\/61160\/revisions"}],"predecessor-version":[{"id":80139,"href":"https:\/\/www.oceaneering.com\/de\/wp-json\/wp\/v2\/pages\/61160\/revisions\/80139"}],"wp:attachment":[{"href":"https:\/\/www.oceaneering.com\/de\/wp-json\/wp\/v2\/media?parent=61160"}],"wp:term":[{"taxonomy":"product_category","embeddable":true,"href":"https:\/\/www.oceaneering.com\/de\/wp-json\/wp\/v2\/product_category?post=61160"},{"taxonomy":"search_tags","embeddable":true,"href":"https:\/\/www.oceaneering.com\/de\/wp-json\/wp\/v2\/search_tags?post=61160"}],"curies":[{"name":"wp","href":"https:\/\/api.w.org\/{rel}","templated":true}]}}