{"id":61158,"date":"2023-11-09T08:56:32","date_gmt":"2023-11-09T13:56:32","guid":{"rendered":"https:\/\/oceaneering.com\/rov-services\/next-generation-subsea-vehicles\/liberty-e-rov\/"},"modified":"2026-03-03T08:18:29","modified_gmt":"2026-03-03T14:18:29","slug":"liberty-resident-system","status":"publish","type":"page","link":"https:\/\/www.oceaneering.com\/de\/rov-services\/rov-systems\/liberty-resident-system\/","title":{"rendered":"Liberty\u2122 Residenten-System"},"content":{"rendered":"<p><a href=\"https:\/\/www.oceaneering.com\/de\/rov-services\/#contact\" target=\"_self\"> Ein Projekt besprechen <\/a><\/p>\r\n<h1>Liberty\u2122 Residenten-System<\/h1>\r\n<p>\u00a0Mobile Resident Docking Station f\u00fcr ROVs und AUVs.<\/p>\r\n<h2>Eigenst\u00e4ndige Docking-Station f\u00fcr ferngesteuerte, ortsgebundene Operationen<\/h2>\r\n<p>Das Liberty\u2122 Resident System ist eine vollst\u00e4ndig eigenst\u00e4ndige Andockstation f\u00fcr ROVs und AUVs mit 550 kwh Batterieleistung f\u00fcr den ferngesteuerten, residenten Betrieb. Es kann kommunizieren mit einer <a href=\"https:\/\/www.oceaneering.com\/de\/remote-services\/onshore-remote-operations-centers-orocs\/\">Ferngesteuertes Onshore-Betriebszentrum (OROC)<\/a> \u00fcber eine integrierte Boje, eine Bohrinsel oder eine Unterwasser-Infrastrukturverbindung, die fortschrittliche Technologie und Konnektivit\u00e4t nutzt, um die Gesamtkosten des ROV-Betriebs zu senken.<\/p>\r\n<h3>Reduziert die Anzahl der Schiffstage und optimiert die Terminplanung<\/h3>\r\n<h3>Minimiert den Kohlenstoff-Fu\u00dfabdruck<\/h3>\r\n<h3>Unterst\u00fctzt 24\/7-Betrieb<\/h3>\r\n<h3>Weniger von den Wetterbedingungen an der Oberfl\u00e4che beeinflusst<\/h3>\r\n<h2>Revolutionierung des Unterwasserbetriebs \u00fcber alle Anwendungsf\u00e4lle hinweg<\/h2>\r\n<p>Liberty liefert vielseitige, effiziente L\u00f6sungen f\u00fcr eine Reihe von Branchen, von \u00d6l- und Gasbetrieben wie <a href=\"https:\/\/www.oceaneering.com\/de\/imrge-integrated-customizable-imr-solutions\/\">Inspektion, Wartung und Reparatur (IMR)<\/a> und <a href=\"https:\/\/www.oceaneering.com\/de\/decommissioning\/\">Stilllegung<\/a>zum <a href=\"https:\/\/www.oceaneering.com\/de\/renewable-energy-solutions\/\">Offshore-Energie<\/a> Markt, auf dem nachhaltige Praktiken an erster Stelle stehen.<\/p>\r\n<p>Das System eignet sich hervorragend f\u00fcr die Verwaltung von Feldern mit \u00fcberlasteten Unterwasseranlagen und bietet einen nahtlosen Einsatz von einzelnen oder mehreren Stationen. Es dient auch als zuverl\u00e4ssige Strom- und Steuerverbindung f\u00fcr Unterwasserger\u00e4te, die in Echtzeit \u00fcberwacht werden m\u00fcssen. Liberty erf\u00fcllt auch den wachsenden Bedarf an diskreter und regelm\u00e4\u00dfiger \u00dcberwachung kritischer nationaler Unterwasserinfrastrukturen, einschlie\u00dflich Pipelines, und gew\u00e4hrleistet eine robuste und anpassungsf\u00e4hige Leistung bei verschiedenen Anwendungen.<\/p>\r\n<h2>Steigerung der Effizienz<\/h2>\r\n<p><img decoding=\"async\" title=\"Liberty-Wohnsitz-Fahrzeug-Miniaturansicht-1\" src=\"https:\/\/www.oceaneering.com\/wp-content\/uploads\/2023\/11\/Liberty-Resident-Vehicle-Thumbnail-1.jpg\" alt=\"\" \/> Video abspielen<\/p>\r\n<h3>Das Liberty\u2122 Betriebskonzept<\/h3>\r\n<p>Wir zeigen Ihnen, wie Sie mit Liberty schneller eingreifen, die Produktion effektiver aufrechterhalten und Routineaufgaben mit weniger Eins\u00e4tzen durchf\u00fchren k\u00f6nnen.<\/p>\r\n<p><img decoding=\"async\" title=\"Liberty-Poster\" src=\"https:\/\/www.oceaneering.com\/wp-content\/uploads\/2024\/04\/Liberty-Poster.jpg\" alt=\"\" \/> Video abspielen<\/p>\r\n<h3>Entwickelt nach einem modularen Ansatz<\/h3>\r\n<p>Entdecken Sie die Flexibilit\u00e4t, die das Liberty-Design als fahrzeugunabh\u00e4ngige mobile Andockstation f\u00fcr ROVs und AUVs bietet.<\/p>\r\n<h2>Reduzieren Sie Ihren Kohlenstoff-Fu\u00dfabdruck betr\u00e4chtlich<\/h2>\r\n<p>Bei der Quantifizierung der j\u00e4hrlichen CO2-Emissionen, die das Liberty\u2122 Resident System im Vergleich zu einer schiffsbasierten ROV-Ausbringung eliminiert, sind die Zahlen je nach Anwendungsfall signifikant. Das Liberty\u2122 Resident System wirkt als Kraftmultiplikator, wenn es zusammen mit Inspektions-, Wartungs- und Reparaturarbeiten (IMR) eingesetzt wird. Das System kann unter Wasser eingesetzt werden, so dass sich das IMR-Schiff an einen anderen Ort begeben kann, um gleichzeitige Arbeiten durchzuf\u00fchren.<\/p>\r\n<h2>Ausschlie\u00dflich von einem Onshore Remote Operations Center (OROC) aus betrieben<\/h2>\r\n<p>Das System wird ausschlie\u00dflich von einem OROC von Oceaneering \u00fcber eine 4G-LTE-Verbindung von einer Boje an der Wasseroberfl\u00e4che aus betrieben, wodurch die Notwendigkeit eines \u00dcberwasserschiffs vor Ort entf\u00e4llt. Die Steuerung von ROVs von Land aus wird durch das von Oceaneering entwickelte <a href=\"https:\/\/www.oceaneering.com\/de\/remote-services\/\">Technologie zur Fernsteuerung und automatischen Kontrolle (RPACT)<\/a>. Durch die sichere \u00dcbertragung von ROV-Steuerungsdaten und hochaufl\u00f6senden Live-Videos \u00fcber ein 4G-LTE-Netzwerk mit hoher Bandbreite behalten wir die volle Kontrolle \u00fcber das ROV und seine Werkzeuge.<\/p>\r\n<p><img loading=\"lazy\" decoding=\"async\" title=\"240307_OROC-image-with-details-update_03 1\" src=\"https:\/\/www.oceaneering.com\/wp-content\/uploads\/2024\/03\/240307_OROC-image-with-details-update_03-1.jpg\" alt=\"OROC graphic\" width=\"3000\" height=\"1930\" \/><\/p>\r\n<h3>Echte, wirksame L\u00f6sungen.<\/h3>\r\n<p>Entdecken Sie, wie unsere kreativen Innovationen Herausforderungen in Chancen verwandeln und greifbare Ergebnisse liefern, auf die Sie sich verlassen k\u00f6nnen.<\/p>\r\n<p><a href=\"https:\/\/www.oceaneering.com\/de\/resources\/?_content_types=case-study\" target=\"_self\"> Alle Fallstudien anzeigen <\/a> <button> Vorherige <\/button> <button> Weiter <\/button> <a href=\"https:\/\/www.oceaneering.com\/de\/case-studies\/oceaneering-collaborates-with-equinor-and-tdw-to-use-the-libertytm-resident-rov-for-remote-subsea-pipeline-isolation-scope\/\"> <img decoding=\"async\" src=\"https:\/\/www.oceaneering.com\/wp-content\/uploads\/2023\/11\/OROC-1-1.jpg\" alt=\"\" \/><\/a><\/p>\r\n<h3>Liberty\u2122 Resident System f\u00fchrt erfolgreich eine Fernisolierung einer Unterwasser-Pipeline durch<\/h3>\r\n<h3>Liberty\u2122 Resident System f\u00fchrt erfolgreich eine Fernisolierung einer Unterwasser-Pipeline durch<\/h3>\r\n<p>Anfang 2022 ben\u00f6tigte Equinor eine Unterwasser-Pipeline-Isolierung an einer seiner Offshore-F\u00f6rderanlagen, die f\u00fcr...<\/p>\r\n<p><a href=\"https:\/\/www.oceaneering.com\/de\/case-studies\/oceaneering-collaborates-with-equinor-and-tdw-to-use-the-libertytm-resident-rov-for-remote-subsea-pipeline-isolation-scope\/\">Mehr erfahren <\/a> <a href=\"https:\/\/www.oceaneering.com\/de\/case-studies\/liberty-e-rov-demonstrates-capabilities-at-snorre-a\/\"> <img decoding=\"async\" src=\"https:\/\/www.oceaneering.com\/wp-content\/uploads\/2020\/09\/Case-Study-Liberty-E-ROV-demonstrates-its-capabilities-at-Snorre-A-1.jpg\" alt=\"\" \/><\/a><\/p>\r\n<h3>Liberty\u2122 E-ROV demonstriert F\u00e4higkeiten bei Snorre-A<\/h3>\r\n<h3>Liberty\u2122 E-ROV demonstriert F\u00e4higkeiten bei Snorre-A<\/h3>\r\n<p>Als Equinor sich darauf vorbereitete, Anfang des Jahres mit der \u00d6lf\u00f6rderung aus einer Anlage zu beginnen, die mit der Plattform Snorre-A...<\/p>\r\n<p><a href=\"https:\/\/www.oceaneering.com\/de\/case-studies\/liberty-e-rov-demonstrates-capabilities-at-snorre-a\/\">Mehr erfahren <\/a><\/p>\r\n<h1>Kontakt<\/h1>\r\n<h2>Unser Expertenteam ist bereit, Ihnen den Einstieg zu erleichtern.<\/h2>\r\n<p>Oceaneering bietet erstklassige Produkte und L\u00f6sungen, die sich durch unvergleichliche Qualit\u00e4t, Zuverl\u00e4ssigkeit und globalen Support auszeichnen. F\u00fcllen Sie das Anfrageformular aus, um noch heute ein Gespr\u00e4ch zu beginnen.<\/p>","protected":false},"excerpt":{"rendered":"<p>Diskutieren Sie \u00fcber ein Projekt Liberty\u2122 Resident System Mobile Resident Docking Station f\u00fcr ROVs und AUVs. Das Liberty\u2122 Resident System ist eine vollst\u00e4ndig unabh\u00e4ngige Andockstation f\u00fcr ROVs und AUVs mit 550 kwh Batterieleistung f\u00fcr den ferngesteuerten, ortsgebundenen Betrieb. Es kann mit einem Onshore Remote Operations Center (OROC) \u00fcber ... <a title=\"Liberty\u2122 Residenten-System\" class=\"read-more\" href=\"https:\/\/www.oceaneering.com\/de\/rov-services\/rov-systems\/liberty-resident-system\/\" aria-label=\"Mehr Informationen \u00fcber das Liberty\u2122 Resident System\">Weiterlesen ...<\/a><\/p>","protected":false},"author":20,"featured_media":0,"parent":61151,"menu_order":90,"comment_status":"closed","ping_status":"closed","template":"","meta":{"_acf_changed":false,"footnotes":"","_links_to":"","_links_to_target":""},"product_category":[1181,1182],"search_tags":[1392,1793,1363],"class_list":["post-61158","page","type-page","status-publish","product_category-remotely-operated-vehicles-rovs","product_category-resident-rovs","search_tags-erov","search_tags-liberty","search_tags-rov"],"acf":[],"aioseo_notices":[],"_links":{"self":[{"href":"https:\/\/www.oceaneering.com\/de\/wp-json\/wp\/v2\/pages\/61158","targetHints":{"allow":["GET"]}}],"collection":[{"href":"https:\/\/www.oceaneering.com\/de\/wp-json\/wp\/v2\/pages"}],"about":[{"href":"https:\/\/www.oceaneering.com\/de\/wp-json\/wp\/v2\/types\/page"}],"author":[{"embeddable":true,"href":"https:\/\/www.oceaneering.com\/de\/wp-json\/wp\/v2\/users\/20"}],"replies":[{"embeddable":true,"href":"https:\/\/www.oceaneering.com\/de\/wp-json\/wp\/v2\/comments?post=61158"}],"version-history":[{"count":1,"href":"https:\/\/www.oceaneering.com\/de\/wp-json\/wp\/v2\/pages\/61158\/revisions"}],"predecessor-version":[{"id":81291,"href":"https:\/\/www.oceaneering.com\/de\/wp-json\/wp\/v2\/pages\/61158\/revisions\/81291"}],"up":[{"embeddable":true,"href":"https:\/\/www.oceaneering.com\/de\/wp-json\/wp\/v2\/pages\/61151"}],"wp:attachment":[{"href":"https:\/\/www.oceaneering.com\/de\/wp-json\/wp\/v2\/media?parent=61158"}],"wp:term":[{"taxonomy":"product_category","embeddable":true,"href":"https:\/\/www.oceaneering.com\/de\/wp-json\/wp\/v2\/product_category?post=61158"},{"taxonomy":"search_tags","embeddable":true,"href":"https:\/\/www.oceaneering.com\/de\/wp-json\/wp\/v2\/search_tags?post=61158"}],"curies":[{"name":"wp","href":"https:\/\/api.w.org\/{rel}","templated":true}]}}