{"id":61152,"date":"2023-11-09T08:53:47","date_gmt":"2023-11-09T13:53:47","guid":{"rendered":"https:\/\/oceaneering.com\/rov-services\/rov-technology\/"},"modified":"2025-10-21T04:45:49","modified_gmt":"2025-10-21T09:45:49","slug":"rov-technology","status":"publish","type":"page","link":"https:\/\/www.oceaneering.com\/de\/rov-services\/rov-technology\/","title":{"rendered":"ROV-Technik"},"content":{"rendered":"<p><a href=\"https:\/\/www.oceaneering.com\/de\/rov-services\/#contact\" target=\"_self\" rel=\"noopener\"> Ein Projekt besprechen <\/a><\/p>\r\n<h1>ROV-Technik<\/h1>\r\n<p>Unsere un\u00fcbertroffene Flotte von ROV-Systemen wird durch modernste Technologien erg\u00e4nzt, die eine bessere Kontrolle und Videobildgebung, eine pr\u00e4zise Werkzeugmanipulation und die Einhaltung von Industrieanforderungen erm\u00f6glichen.<\/p>\r\n<h2>Fernsteuerung und automatisierte Steuerungstechnik<\/h2>\r\n<p>Unsere innovative Technologie zur Fernsteuerung und automatisierten Kontrolle (RPACT) erm\u00f6glicht die vollst\u00e4ndige Steuerung von ROVs \u00fcber virtuelle Verbindungstechnologien wie Radiofrequenz (RF) von Schiff zu Schiff, Satellit\/Internet oder optische Unterwasserverbindungen.<\/p>\r\n<p>Erg\u00e4nzt durch vorprogrammierte und automatische Befehle verwendet RPACT eine Videoverarbeitungssoftware, die Videos analysiert, r\u00e4umliche Entfernungen bestimmt und Formen erkennt, um eine angemessene Bewegung des ROV zu erm\u00f6glichen. Dies erm\u00f6glicht eine bessere operative Unterst\u00fctzung von Land oder einem anderen Schiff aus bei komplexen oder lang andauernden Aktivit\u00e4ten.<\/p>\r\n<p><img loading=\"lazy\" decoding=\"async\" title=\"RPACT-Grafik\" src=\"https:\/\/oceaneering.com\/wp-content\/uploads\/2023\/11\/RPACT-graphic.png\" alt=\"RPACT-graphic\" width=\"2000\" height=\"850\" \/><\/p>\r\n<p>Die in RPACT integrierte TIP-Steuerung (Tool Instructed Path) erm\u00f6glicht die einfache Erfassung, Bereitstellung, Bedienung und das Andocken von Werkzeugen. Unsere r\u00e4umlich korrespondierenden Manipulatorarme k\u00f6nnen \u00fcber Geschwindigkeitssteuerung, r\u00e4umliche Korrespondenz und TIP bedient werden. Dies vereinfacht und beschleunigt die Aufgaben des Pilotmanipulators, da alternative Steuerungen, wie z. B. eine 3D-Kugelmaus, zur Verf\u00fcgung stehen, um den Weg des Manipulators und des Werkzeugs zu steuern, ohne dass jedes Gelenk einzeln gesteuert werden muss.<\/p>\r\n<p><img decoding=\"async\" title=\"website-thumbnail-2019-edited-1\" src=\"https:\/\/oceaneering.com\/wp-content\/uploads\/2023\/11\/website-thumbnail-2019-edited-1.jpg\" alt=\"\" \/> Video abspielen<\/p>\r\n<h2>Ferngesteuertes Onshore-Betriebszentrum (OROC)<\/h2>\r\n<p>Optimieren Sie die betriebliche Effizienz und reduzieren Sie gleichzeitig Ihre Kosten, das HSE-Risiko und die CO2-Bilanz, indem Sie ein Oceaneering Onshore Remote Operations Center (OROC) f\u00fcr Ihre Offshore-Aktivit\u00e4ten einsetzen.<\/p>\r\n<p>Das 2015 eingef\u00fchrte OROC erm\u00f6glicht die effektive Durchf\u00fchrung von Offshore-Eins\u00e4tzen, indem es eine entfernte Basis f\u00fcr Ihre Vertreter, zus\u00e4tzliche ROV-Piloten und Fachexperten bietet. Die mit RPACT und dem OROC durchgef\u00fchrten Arbeiten reichen von der Installation von Unterwasseranoden bis zur Bedienung von Unterwasserventilen. Die Anwendungsm\u00f6glichkeiten sind nur so begrenzt wie Ihre Vorstellungskraft.<\/p>\r\n<h3>Die Verwendung von OROC bietet klare Vorteile<\/h3>\r\n<ul>\r\n<li>Weniger Mobilisierung von Personen im Ausland und k\u00fcrzere Wartezeiten im Betrieb<\/li>\r\n<li>Die Kosten f\u00fcr mehrere Operationen, die einer fachlichen Aufsicht bed\u00fcrfen, k\u00f6nnen durch einen einzigen Besuch im OROC gedeckt werden<\/li>\r\n<li>Verst\u00e4rkte Interaktion mit Kundenvertretern und Engagement mit ROV-Piloten und -Eins\u00e4tzen<\/li>\r\n<\/ul>\r\n<p><a href=\"https:\/\/youtu.be\/Db6iHo3LxW4\" target=\"_blank\" rel=\"noopener\"> Erfahren Sie mehr \u00fcber OROC <\/a><\/p>\r\n<h2>Fortschrittliche Visualisierungstechnologie<\/h2>\r\n<p>Wir waren die Ersten in der Branche, die hochaufl\u00f6sende (HD) Videos f\u00fcr Unterwassereins\u00e4tze anboten. Wir haben mehr als 300 HD-Kameras auf unseren ROVs der Arbeitsklasse und in anderen Offshore-Projekten weltweit installiert.<\/p>\r\n<p>Ultrahochaufl\u00f6sende \u00dcbertragung in Echtzeit und verbesserte Sichtbarkeit der Projektionsfl\u00e4che f\u00fcr eine bessere Entscheidungsfindung<\/p>\r\n<p>Verbesserte Manipulation des Piloten durch bessere Tiefenwahrnehmung und modernste stereoskopische Bildgebung<\/p>\r\n<p>Vollst\u00e4ndige, einfache und erschwingliche Unterwasserbildgebung, die es den Piloten erm\u00f6glicht, ROV-Manipulatoren und die gesamte Baustelle ohne Schwenken zu betrachten<\/p>\r\n<p>Vorhersehbare Ausf\u00fchrung von ROV-basierten Unterwasseraufgaben, was die betriebliche Effizienz erh\u00f6ht und das Risiko von Sch\u00e4den an Unterwasseranlagen verringert<\/p>\r\n<h2>Hybride Armmanipulation<\/h2>\r\n<p>Wir bieten den Atlas Hybrid-Manipulatorarm zur ausschlie\u00dflichen Verwendung auf unseren ROVs an. Der Manipulator wurde in Zusammenarbeit mit Schilling Robotics entwickelt und bietet Robustheit, Wartungsfreundlichkeit und optimierte Betriebszeit.<\/p>\r\n<p>Der Manipulatorarm verf\u00fcgt \u00fcber ein einzigartiges hybrides Steuersystem, das die M\u00f6glichkeit bietet, w\u00e4hrend des Betriebs schnell einen Steuermodus (r\u00e4umlich korrespondierend\/geschlossen oder Rate\/offener Regelkreis) auszuw\u00e4hlen. Dadurch kann der Bediener den f\u00fcr die jeweilige Aufgabe am besten geeigneten Steuerungsmodus ausw\u00e4hlen und gleichzeitig f\u00fcr Redundanz sorgen.<\/p>\r\n<p><a href=\"https:\/\/oceaneering.canto.com\/download\/document\/so2c9ncbep2rtf7qq0i7g2qa6j\/original.pdf\" target=\"_blank\" rel=\"noopener\"> Atlas Hybrid-Manipulator <\/a><\/p>\r\n<h2>API-Norm 53 und Interventionsl\u00f6sungen<\/h2>\r\n<p>Die API-Norm 53 wurde 2012 als H\u00f6hepunkt der zweij\u00e4hrigen Arbeit von Branchenexperten ver\u00f6ffentlicht, die zusammenarbeiteten, um die Anforderungen an BOP-Ausr\u00fcstungen zu st\u00e4rken, anzugleichen und zu kl\u00e4ren. Als integraler Bestandteil dieses Entwicklungsprozesses bieten wir Ausr\u00fcstungen an, mit denen Sie die neuesten Anforderungen f\u00fcr ROV-Eins\u00e4tze erf\u00fcllen k\u00f6nnen.<\/p>\r\n<p><img loading=\"lazy\" decoding=\"async\" title=\"AJA_7532-FIXED-sm\" src=\"https:\/\/oceaneering.com\/wp-content\/uploads\/2023\/11\/AJA_7532-FIXED-sm.png\" alt=\"AJA_7532-FIXED-sm\" width=\"600\" height=\"344\" \/><\/p>\r\n<p>Wir bieten die ROV Integrated Pumping Solution (RIPS) als Teil des NEXXUS ROV Systems an. Die L\u00f6sung ist auch als Upgrade-Kit oder als eigenst\u00e4ndiges Akkusystem erh\u00e4ltlich.<\/p>\r\n<h1>Kontakt<\/h1>\r\n<h2>Unser Expertenteam ist bereit, Ihnen den Einstieg zu erleichtern.<\/h2>\r\n<p>Oceaneering bietet erstklassige Produkte und L\u00f6sungen, die sich durch unvergleichliche Qualit\u00e4t, Zuverl\u00e4ssigkeit und globalen Support auszeichnen. F\u00fcllen Sie das Anfrageformular aus, um noch heute ein Gespr\u00e4ch zu beginnen.<\/p>","protected":false},"excerpt":{"rendered":"<p>Diskutieren Sie ein Projekt ROV-Technologie Unsere un\u00fcbertroffene Flotte von ROV-Systemen wird durch modernste Technologien erg\u00e4nzt, die eine bessere Steuerung und Videobildgebung, eine pr\u00e4zise Werkzeugmanipulation und die Einhaltung von Branchenanforderungen erm\u00f6glichen. Technologie f\u00fcr Fernsteuerung und automatisierte Kontrolle Unsere innovative Technologie f\u00fcr Fernsteuerung und automatisierte Kontrolle (RPACT) erm\u00f6glicht die vollst\u00e4ndige ROV-Steuerung \u00fcber virtuelle Verbindungstechnologien wie ... <a title=\"ROV-Technik\" class=\"read-more\" href=\"https:\/\/www.oceaneering.com\/de\/rov-services\/rov-technology\/\" aria-label=\"Mehr Informationen \u00fcber ROV-Technologie\">Weiterlesen ...<\/a><\/p>","protected":false},"author":20,"featured_media":0,"parent":60900,"menu_order":85,"comment_status":"closed","ping_status":"closed","template":"","meta":{"_acf_changed":false,"footnotes":"","_links_to":"","_links_to_target":""},"product_category":[1317,1181],"search_tags":[1363],"class_list":["post-61152","page","type-page","status-publish","product_category-mission-support-center","product_category-remotely-operated-vehicles-rovs","search_tags-rov"],"acf":[],"aioseo_notices":[],"_links":{"self":[{"href":"https:\/\/www.oceaneering.com\/de\/wp-json\/wp\/v2\/pages\/61152","targetHints":{"allow":["GET"]}}],"collection":[{"href":"https:\/\/www.oceaneering.com\/de\/wp-json\/wp\/v2\/pages"}],"about":[{"href":"https:\/\/www.oceaneering.com\/de\/wp-json\/wp\/v2\/types\/page"}],"author":[{"embeddable":true,"href":"https:\/\/www.oceaneering.com\/de\/wp-json\/wp\/v2\/users\/20"}],"replies":[{"embeddable":true,"href":"https:\/\/www.oceaneering.com\/de\/wp-json\/wp\/v2\/comments?post=61152"}],"version-history":[{"count":1,"href":"https:\/\/www.oceaneering.com\/de\/wp-json\/wp\/v2\/pages\/61152\/revisions"}],"predecessor-version":[{"id":79229,"href":"https:\/\/www.oceaneering.com\/de\/wp-json\/wp\/v2\/pages\/61152\/revisions\/79229"}],"up":[{"embeddable":true,"href":"https:\/\/www.oceaneering.com\/de\/wp-json\/wp\/v2\/pages\/60900"}],"wp:attachment":[{"href":"https:\/\/www.oceaneering.com\/de\/wp-json\/wp\/v2\/media?parent=61152"}],"wp:term":[{"taxonomy":"product_category","embeddable":true,"href":"https:\/\/www.oceaneering.com\/de\/wp-json\/wp\/v2\/product_category?post=61152"},{"taxonomy":"search_tags","embeddable":true,"href":"https:\/\/www.oceaneering.com\/de\/wp-json\/wp\/v2\/search_tags?post=61152"}],"curies":[{"name":"wp","href":"https:\/\/api.w.org\/{rel}","templated":true}]}}