{"id":61151,"date":"2023-11-09T08:53:47","date_gmt":"2023-11-09T13:53:47","guid":{"rendered":"https:\/\/oceaneering.com\/rov-services\/rov-systems\/"},"modified":"2026-03-04T01:01:51","modified_gmt":"2026-03-04T07:01:51","slug":"rov-systems","status":"publish","type":"page","link":"https:\/\/www.oceaneering.com\/de\/rov-services\/rov-systems\/","title":{"rendered":"ROV-Systeme"},"content":{"rendered":"<a href=\"https:\/\/www.oceaneering.com\/de\/rov-services\/#contact\" target=\"_self\">\n\t\t\t\t\t\t\tEin Projekt besprechen\n\t\t\t\t\t<\/a>\n<h1>\n\t\tROV-Systeme\n\t<\/h1>\n<h2>\n\t\tDie Zukunft der Unterwasser-Robotik gestalten \n\t<\/h2>\n\t<p>Unsere ROV-Flotte umfasst Arbeits- und Inspektionssysteme, die f\u00fcr Anwendungen von Routine bis zu extremen Bedingungen geeignet sind. Unsere ROVs entsprechen den API-Eingriffsstandards und sind f\u00fcr tiefe Gew\u00e4sser zugelassen.<\/p>\n\t\tAlle Produkte\n\t<ul>\n\t\t<li data-filter=\"*\" tabindex=\"0\" aria-label=\"Alle Produkte\">Alle Produkte<\/li><li data-filter=\".products_product_category-electric\" data-term=\"electric\" data-item-count=\"1\" tabindex=\"0\" aria-label=\"Elektrisch\">Elektrisch<\/li><li data-filter=\".products_product_category-heavy-work-class\" data-term=\"heavy-work-class\" data-item-count=\"3\" tabindex=\"0\" aria-label=\"Schwere Arbeit Klasse\">Schwere Arbeit Klasse<\/li><li data-filter=\".products_product_category-resident\" data-term=\"resident\" data-item-count=\"2\" tabindex=\"0\" aria-label=\"Wohnsitz\">Wohnsitz<\/li><li data-filter=\".products_product_category-work-class\" data-term=\"work-class\" data-item-count=\"3\" tabindex=\"0\" aria-label=\"Arbeit Klasse\">Arbeit Klasse<\/li>\t<\/ul>\n\t<a href=\"https:\/\/www.oceaneering.com\/de\/rov-services\/rov-systems\/momentum-electric-rov\/\"><img width=\"1024\" height=\"576\" src=\"https:\/\/www.oceaneering.com\/wp-content\/uploads\/2026\/02\/260205_Momentum_ROV_0000-1-copy-1024x576.webp\" alt=\"Rendered front ISO view of the Momentum electric ROV including the two hydraulic manipulators and advanced camera systems\" decoding=\"async\" loading=\"lazy\" srcset=\"https:\/\/www.oceaneering.com\/wp-content\/uploads\/2026\/02\/260205_Momentum_ROV_0000-1-copy-1024x576.webp 1024w, https:\/\/www.oceaneering.com\/wp-content\/uploads\/2026\/02\/260205_Momentum_ROV_0000-1-copy-300x169.webp 300w, https:\/\/www.oceaneering.com\/wp-content\/uploads\/2026\/02\/260205_Momentum_ROV_0000-1-copy-768x432.webp 768w, https:\/\/www.oceaneering.com\/wp-content\/uploads\/2026\/02\/260205_Momentum_ROV_0000-1-copy-1536x864.webp 1536w, https:\/\/www.oceaneering.com\/wp-content\/uploads\/2026\/02\/260205_Momentum_ROV_0000-1-copy-18x10.webp 18w, https:\/\/www.oceaneering.com\/wp-content\/uploads\/2026\/02\/260205_Momentum_ROV_0000-1-copy-1280x720.webp 1280w, https:\/\/www.oceaneering.com\/wp-content\/uploads\/2026\/02\/260205_Momentum_ROV_0000-1-copy-960x540.webp 960w, https:\/\/www.oceaneering.com\/wp-content\/uploads\/2026\/02\/260205_Momentum_ROV_0000-1-copy-640x360.webp 640w, https:\/\/www.oceaneering.com\/wp-content\/uploads\/2026\/02\/260205_Momentum_ROV_0000-1-copy-320x180.webp 320w, https:\/\/www.oceaneering.com\/wp-content\/uploads\/2026\/02\/260205_Momentum_ROV_0000-1-copy.webp 1920w\" sizes=\"auto, (max-width: 1024px) 100vw, 1024px\" title=\"260205MomentumROV0000 1 Exemplar | Oceaneering\" \/><\/a><h3><a href=\"https:\/\/www.oceaneering.com\/de\/rov-services\/rov-systems\/momentum-electric-rov\/\">Momentum\u2122 Elektrisches ROV<\/a><\/h3>Unterst\u00fctzt Arbeitsvorg\u00e4nge mit bis zu 30 Tagen ber\u00fchrungsfreier Wartung in komplexen Unterwasserumgebungen. <a href=\"https:\/\/www.oceaneering.com\/de\/rov-services\/rov-systems\/momentum-electric-rov\/\">Mehr erfahren<\/a>\n\t<a href=\"https:\/\/www.oceaneering.com\/de\/products\/magnum-plus-rov\/\"><img width=\"1000\" height=\"665\" src=\"https:\/\/www.oceaneering.com\/wp-content\/uploads\/2023\/11\/Magnum-Plus-ROV2-2.jpg\" alt=\"Magnum Plus ROV\" decoding=\"async\" loading=\"lazy\" srcset=\"https:\/\/www.oceaneering.com\/wp-content\/uploads\/2023\/11\/Magnum-Plus-ROV2-2.jpg 1000w, https:\/\/www.oceaneering.com\/wp-content\/uploads\/2023\/11\/Magnum-Plus-ROV2-2-300x200.jpg 300w, https:\/\/www.oceaneering.com\/wp-content\/uploads\/2023\/11\/Magnum-Plus-ROV2-2-768x511.jpg 768w, https:\/\/www.oceaneering.com\/wp-content\/uploads\/2023\/11\/Magnum-Plus-ROV2-2-18x12.jpg 18w\" sizes=\"auto, (max-width: 1000px) 100vw, 1000px\" title=\"MagnumPlusROV22 | Oceaneering\" \/><\/a><h3><a href=\"https:\/\/www.oceaneering.com\/de\/products\/magnum-plus-rov\/\">Magnum Plus ROV<\/a><\/h3>Zuverl\u00e4ssige Tiefwassereins\u00e4tze mit 170 PS Leistung, hoher Nutzlastflexibilit\u00e4t und fortschrittlichen Werkzeugfunktionen. <a href=\"https:\/\/www.oceaneering.com\/de\/products\/magnum-plus-rov\/\">Mehr erfahren<\/a>\n\t<a href=\"https:\/\/www.oceaneering.com\/de\/products\/millennium-plus-rov\/\"><img width=\"1000\" height=\"665\" src=\"https:\/\/www.oceaneering.com\/wp-content\/uploads\/2023\/11\/Millennium-Right-side-Low-2.jpg\" alt=\"Millennium Plus ROV\" decoding=\"async\" loading=\"lazy\" srcset=\"https:\/\/www.oceaneering.com\/wp-content\/uploads\/2023\/11\/Millennium-Right-side-Low-2.jpg 1000w, https:\/\/www.oceaneering.com\/wp-content\/uploads\/2023\/11\/Millennium-Right-side-Low-2-300x200.jpg 300w, https:\/\/www.oceaneering.com\/wp-content\/uploads\/2023\/11\/Millennium-Right-side-Low-2-768x511.jpg 768w, https:\/\/www.oceaneering.com\/wp-content\/uploads\/2023\/11\/Millennium-Right-side-Low-2-18x12.jpg 18w\" sizes=\"auto, (max-width: 1000px) 100vw, 1000px\" title=\"MillenniumRightsideLow2 | Oceaneering\" \/><\/a><h3><a href=\"https:\/\/www.oceaneering.com\/de\/products\/millennium-plus-rov\/\">Millennium Plus ROV<\/a><\/h3>Ver\u00e4ndert die Hebekapazit\u00e4t mit einer verbesserten Thruster-Konfiguration, die die Hebekapazit\u00e4t um mehr als 50% im Vergleich zum Millennium ROV-System erh\u00f6ht.<a href=\"https:\/\/www.oceaneering.com\/de\/products\/millennium-plus-rov\/\">Mehr erfahren<\/a>\n\t<a href=\"https:\/\/www.oceaneering.com\/de\/products\/nexxus-rov\/\"><img width=\"1024\" height=\"576\" src=\"https:\/\/www.oceaneering.com\/wp-content\/uploads\/2024\/11\/Nexxus_02-1024x576.jpg\" alt=\"NEXXUS ROV\" decoding=\"async\" loading=\"lazy\" srcset=\"https:\/\/www.oceaneering.com\/wp-content\/uploads\/2024\/11\/Nexxus_02-1024x576.jpg 1024w, https:\/\/www.oceaneering.com\/wp-content\/uploads\/2024\/11\/Nexxus_02-300x169.jpg 300w, https:\/\/www.oceaneering.com\/wp-content\/uploads\/2024\/11\/Nexxus_02-768x432.jpg 768w, https:\/\/www.oceaneering.com\/wp-content\/uploads\/2024\/11\/Nexxus_02-1536x864.jpg 1536w, https:\/\/www.oceaneering.com\/wp-content\/uploads\/2024\/11\/Nexxus_02-18x10.jpg 18w, https:\/\/www.oceaneering.com\/wp-content\/uploads\/2024\/11\/Nexxus_02-1280x720.jpg 1280w, https:\/\/www.oceaneering.com\/wp-content\/uploads\/2024\/11\/Nexxus_02-960x540.jpg 960w, https:\/\/www.oceaneering.com\/wp-content\/uploads\/2024\/11\/Nexxus_02-640x360.jpg 640w, https:\/\/www.oceaneering.com\/wp-content\/uploads\/2024\/11\/Nexxus_02-320x180.jpg 320w, https:\/\/www.oceaneering.com\/wp-content\/uploads\/2024\/11\/Nexxus_02.jpg 1920w\" sizes=\"auto, (max-width: 1024px) 100vw, 1024px\" title=\"Nexxus02 | Oceaneering\" \/><\/a><h3><a href=\"https:\/\/www.oceaneering.com\/de\/products\/nexxus-rov\/\">NEXXUS ROV<\/a><\/h3>Legt die Messlatte h\u00f6her und \u00fcbertrifft die Spezifikationen der API S53, um anspruchsvolle Anforderungen an Eingriffswerkzeuge zu erf\u00fcllen.<a href=\"https:\/\/www.oceaneering.com\/de\/products\/nexxus-rov\/\">Mehr erfahren<\/a>\n\t<a href=\"https:\/\/www.oceaneering.com\/de\/products\/enovus-rov\/\"><img width=\"1024\" height=\"576\" src=\"https:\/\/www.oceaneering.com\/wp-content\/uploads\/2024\/02\/ROV-ENOVUS-update-1024x576.png\" alt=\"The eNovus Work Class ROV from Oceaneering\" decoding=\"async\" loading=\"lazy\" srcset=\"https:\/\/www.oceaneering.com\/wp-content\/uploads\/2024\/02\/ROV-ENOVUS-update-1024x576.png 1024w, https:\/\/www.oceaneering.com\/wp-content\/uploads\/2024\/02\/ROV-ENOVUS-update-300x169.png 300w, https:\/\/www.oceaneering.com\/wp-content\/uploads\/2024\/02\/ROV-ENOVUS-update-768x432.png 768w, https:\/\/www.oceaneering.com\/wp-content\/uploads\/2024\/02\/ROV-ENOVUS-update-1536x864.png 1536w, https:\/\/www.oceaneering.com\/wp-content\/uploads\/2024\/02\/ROV-ENOVUS-update-18x10.png 18w, https:\/\/www.oceaneering.com\/wp-content\/uploads\/2024\/02\/ROV-ENOVUS-update-1280x720.png 1280w, https:\/\/www.oceaneering.com\/wp-content\/uploads\/2024\/02\/ROV-ENOVUS-update-960x540.png 960w, https:\/\/www.oceaneering.com\/wp-content\/uploads\/2024\/02\/ROV-ENOVUS-update-640x360.png 640w, https:\/\/www.oceaneering.com\/wp-content\/uploads\/2024\/02\/ROV-ENOVUS-update-320x180.png 320w, https:\/\/www.oceaneering.com\/wp-content\/uploads\/2024\/02\/ROV-ENOVUS-update.png 1920w\" sizes=\"auto, (max-width: 1024px) 100vw, 1024px\" title=\"ENOVUS rov | Oceaneering\" \/><\/a><h3><a href=\"https:\/\/www.oceaneering.com\/de\/products\/enovus-rov\/\">eNovus ROV<\/a><\/h3>Kompaktes Design, angetrieben durch ein umweltbewusstes, elektrisches 150-kVA-Antriebssystem (entspricht 235 PS Hydraulikleistung).<a href=\"https:\/\/www.oceaneering.com\/de\/products\/enovus-rov\/\">Mehr erfahren<\/a>\n\t<a href=\"https:\/\/www.oceaneering.com\/de\/rov-services\/next-generation-subsea-vehicles\/isurus-rov\/\"><img width=\"1024\" height=\"681\" src=\"https:\/\/www.oceaneering.com\/wp-content\/uploads\/2023\/11\/190717-Isurus-Skin-1-1-1024x681.png\" alt=\"\" decoding=\"async\" loading=\"lazy\" srcset=\"https:\/\/www.oceaneering.com\/wp-content\/uploads\/2023\/11\/190717-Isurus-Skin-1-1-1024x681.png 1024w, https:\/\/www.oceaneering.com\/wp-content\/uploads\/2023\/11\/190717-Isurus-Skin-1-1-300x200.png 300w, https:\/\/www.oceaneering.com\/wp-content\/uploads\/2023\/11\/190717-Isurus-Skin-1-1-768x511.png 768w, https:\/\/www.oceaneering.com\/wp-content\/uploads\/2023\/11\/190717-Isurus-Skin-1-1-18x12.png 18w, https:\/\/www.oceaneering.com\/wp-content\/uploads\/2023\/11\/190717-Isurus-Skin-1-1.png 1082w\" sizes=\"auto, (max-width: 1024px) 100vw, 1024px\" title=\"190717IsurusSkin1 | Oceaneering\" \/><\/a><h3><a href=\"https:\/\/www.oceaneering.com\/de\/rov-services\/next-generation-subsea-vehicles\/isurus-rov\/\">Isurus\u2122 ROV<\/a><\/h3>Ein echtes Arbeitsklassensystem, das den Betrieb unter Hochstrombedingungen erm\u00f6glicht. <a href=\"https:\/\/www.oceaneering.com\/de\/rov-services\/next-generation-subsea-vehicles\/isurus-rov\/\">Mehr erfahren<\/a>\n\t<a href=\"https:\/\/www.oceaneering.com\/de\/rov-services\/next-generation-subsea-vehicles\/freedom-autonomous-underwater-vehicle\/\"><img width=\"400\" height=\"266\" src=\"https:\/\/www.oceaneering.com\/wp-content\/uploads\/2023\/11\/220823_Freedomcutout-1.jpg\" alt=\"\" decoding=\"async\" loading=\"lazy\" srcset=\"https:\/\/www.oceaneering.com\/wp-content\/uploads\/2023\/11\/220823_Freedomcutout-1.jpg 400w, https:\/\/www.oceaneering.com\/wp-content\/uploads\/2023\/11\/220823_Freedomcutout-1-300x200.jpg 300w, https:\/\/www.oceaneering.com\/wp-content\/uploads\/2023\/11\/220823_Freedomcutout-1-18x12.jpg 18w\" sizes=\"auto, (max-width: 400px) 100vw, 400px\" title=\"220823Freedomcutout | Oceaneering\" \/><\/a><h3><a href=\"https:\/\/www.oceaneering.com\/de\/rov-services\/next-generation-subsea-vehicles\/freedom-autonomous-underwater-vehicle\/\">Freedom\u2122 AUV<\/a><\/h3>Verwendet funktionsbasierte Navigationsfunktionen, um hochaufl\u00f6sende Daten aus n\u00e4chster N\u00e4he zu liefern. <a href=\"https:\/\/www.oceaneering.com\/de\/rov-services\/next-generation-subsea-vehicles\/freedom-autonomous-underwater-vehicle\/\">Mehr erfahren<\/a>\n\t<a href=\"https:\/\/www.oceaneering.com\/de\/rov-services\/next-generation-subsea-vehicles\/liberty-resident-system\/\"><img width=\"1000\" height=\"665\" src=\"https:\/\/www.oceaneering.com\/wp-content\/uploads\/2023\/11\/liberty-cutout.png\" alt=\"Liberty Resident System\" decoding=\"async\" loading=\"lazy\" srcset=\"https:\/\/www.oceaneering.com\/wp-content\/uploads\/2023\/11\/liberty-cutout.png 1000w, https:\/\/www.oceaneering.com\/wp-content\/uploads\/2023\/11\/liberty-cutout-300x200.png 300w, https:\/\/www.oceaneering.com\/wp-content\/uploads\/2023\/11\/liberty-cutout-768x511.png 768w, https:\/\/www.oceaneering.com\/wp-content\/uploads\/2023\/11\/liberty-cutout-18x12.png 18w\" sizes=\"auto, (max-width: 1000px) 100vw, 1000px\" title=\"libertycutout | Oceaneering\" \/><\/a><h3><a href=\"https:\/\/www.oceaneering.com\/de\/rov-services\/next-generation-subsea-vehicles\/liberty-resident-system\/\">Liberty\u2122 Residenten-System<\/a><\/h3>V\u00f6llig eigenst\u00e4ndige Unterwasser-Andockstation f\u00fcr ferngesteuerte, station\u00e4re ROV- und AUV-Operationen.<a href=\"https:\/\/www.oceaneering.com\/de\/rov-services\/next-generation-subsea-vehicles\/liberty-resident-system\/\">Mehr erfahren<\/a>\n\t\t<!-- .pp-content-posts -->\n<h2>\n\t\tKontakt\n\t<\/h2>\n<h3>\n\t\tUnser Expertenteam ist bereit, Ihnen den Einstieg zu erleichtern.\n\t<\/h3>\n\t<p>Oceaneering bietet erstklassige Produkte und L\u00f6sungen, die sich durch unvergleichliche Qualit\u00e4t, Zuverl\u00e4ssigkeit und globalen Support auszeichnen. F\u00fcllen Sie das Anfrageformular aus, um noch heute ein Gespr\u00e4ch zu beginnen.<\/p>","protected":false},"excerpt":{"rendered":"<p>Discuss a Project ROV Systems Shaping the Future of Subsea Robotics Our ROV fleet includes work class and inspection systems fit for applications from routine to extreme. As the industry evolves, so do we-our ROVs comply with API intervention standards and are rated for deep waters. All Products All Products Electric Heavy Work Class Resident &#8230; <a title=\"ROV-Systeme\" class=\"read-more\" href=\"https:\/\/www.oceaneering.com\/de\/rov-services\/rov-systems\/\" aria-label=\"Mehr Informationen \u00fcber ROV-Systeme\">Weiterlesen ...<\/a><\/p>","protected":false},"author":20,"featured_media":0,"parent":60900,"menu_order":84,"comment_status":"closed","ping_status":"closed","template":"","meta":{"_acf_changed":false,"footnotes":"","_links_to":"","_links_to_target":""},"product_category":[1317,1181,1182,1226],"search_tags":[1363],"class_list":["post-61151","page","type-page","status-publish","product_category-mission-support-center","product_category-remotely-operated-vehicles-rovs","product_category-resident-rovs","product_category-rov-tooling","search_tags-rov"],"acf":[],"aioseo_notices":[],"_links":{"self":[{"href":"https:\/\/www.oceaneering.com\/de\/wp-json\/wp\/v2\/pages\/61151","targetHints":{"allow":["GET"]}}],"collection":[{"href":"https:\/\/www.oceaneering.com\/de\/wp-json\/wp\/v2\/pages"}],"about":[{"href":"https:\/\/www.oceaneering.com\/de\/wp-json\/wp\/v2\/types\/page"}],"author":[{"embeddable":true,"href":"https:\/\/www.oceaneering.com\/de\/wp-json\/wp\/v2\/users\/20"}],"replies":[{"embeddable":true,"href":"https:\/\/www.oceaneering.com\/de\/wp-json\/wp\/v2\/comments?post=61151"}],"version-history":[{"count":6,"href":"https:\/\/www.oceaneering.com\/de\/wp-json\/wp\/v2\/pages\/61151\/revisions"}],"predecessor-version":[{"id":81305,"href":"https:\/\/www.oceaneering.com\/de\/wp-json\/wp\/v2\/pages\/61151\/revisions\/81305"}],"up":[{"embeddable":true,"href":"https:\/\/www.oceaneering.com\/de\/wp-json\/wp\/v2\/pages\/60900"}],"wp:attachment":[{"href":"https:\/\/www.oceaneering.com\/de\/wp-json\/wp\/v2\/media?parent=61151"}],"wp:term":[{"taxonomy":"product_category","embeddable":true,"href":"https:\/\/www.oceaneering.com\/de\/wp-json\/wp\/v2\/product_category?post=61151"},{"taxonomy":"search_tags","embeddable":true,"href":"https:\/\/www.oceaneering.com\/de\/wp-json\/wp\/v2\/search_tags?post=61151"}],"curies":[{"name":"wp","href":"https:\/\/api.w.org\/{rel}","templated":true}]}}