{"id":61148,"date":"2023-11-09T08:51:50","date_gmt":"2023-11-09T13:51:50","guid":{"rendered":"https:\/\/oceaneering.com\/asset-integrity\/floating-systems-inspection-and-integrity\/special-periodic-surveys-and-uwild\/"},"modified":"2025-10-21T05:08:56","modified_gmt":"2025-10-21T10:08:56","slug":"floating-systems-inspection-and-integrity-services","status":"publish","type":"page","link":"https:\/\/www.oceaneering.com\/de\/asset-integrity-management\/floating-systems-inspection-and-integrity-services\/","title":{"rendered":"Inspektion und Integrit\u00e4t schwimmender Systeme"},"content":{"rendered":"<p><a href=\"\/de\/asset-integrity\/#contact\" target=\"_self\" rel=\"noopener\"> Ein Projekt besprechen <\/a><\/p>\r\n<h1>Inspektion und Integrit\u00e4t schwimmender Systeme<\/h1>\r\n<p>Wir bieten vollst\u00e4ndig verwaltete, risikobasierte Inspektions- und Integrit\u00e4tsmanagementdienste f\u00fcr schwimmende Systeme. Unsere skalierbaren L\u00f6sungen bieten die Dienstleistungen und Technologien, die Sie f\u00fcr einen sicheren Betrieb und die Einhaltung von Vorschriften ben\u00f6tigen.<\/p>\r\n<h2>Verm\u00f6genswerte sicher, zuverl\u00e4ssig und konform halten<\/h2>\r\n<p>Unser Team aus Schiffbauarchitekten und Bauingenieuren arbeitet mit Technikern zusammen, um eine effektive Offshore-Inspektion von Anlagen zu gew\u00e4hrleisten.<\/p>\r\n<p>Globale Teams sorgen f\u00fcr ein hochwertiges Projektmanagement, Engineering, Inspektionsdienste auf der Ober- und Unterwasserseite, die Auswertung der Ergebnisse und die Erstellung von Integrit\u00e4tsstatusberichten, entweder einzeln oder im Rahmen eines Gesamtprogramms.<\/p>\r\n<ul>\r\n<li>Bewertung der Diskrepanz zwischen Entwurf und Fertigungsspezifikationen<\/li>\r\n<li>Unterst\u00fctzung f\u00fcr neu gebaute und in Betrieb befindliche Systeme und Komponenten<\/li>\r\n<li>Erstellung von Inspektions- und Integrit\u00e4tsmanagementdokumenten<\/li>\r\n<li>Kosteneffiziente, optimierte Offshore-Inspektion mit Echtzeit-Zustandsbeurteilung<\/li>\r\n<li>Technische \u00dcberpr\u00fcfungen der Inspektionsergebnisse und Empfehlungen f\u00fcr Ma\u00dfnahmen<\/li>\r\n<li>Management von Unterauftragnehmern<\/li>\r\n<li>Erstellung von Erkl\u00e4rungen \u00fcber den Zustand der Verm\u00f6genswerte, von zusammenfassenden Berichten und Erleichterung zusammenfassender \u00dcberpr\u00fcfungen<\/li>\r\n<li>Aktualisierung der Inspektions- und Integrit\u00e4tsstrategien<\/li>\r\n<li>J\u00e4hrliche Zusammenfassungen der Kaskoinspektion erstellen<\/li>\r\n<li>Bereitstellung von Schnittstellen zwischen Klassifikationsgesellschaften, Regulierungsbeh\u00f6rden und Pr\u00fcfstellen<\/li>\r\n<\/ul>\r\n<p>Wir erbringen diese Dienstleistungen auf der Grundlage unserer umfassenden Erfahrung und Erfolgsbilanz bei der Arbeit mit Drucksystemen, Strukturen und Rohrleitungen. Unsere L\u00f6sungen minimieren die Unterbrechung der Produktion und sorgen f\u00fcr den effektivsten Einsatz von Inspektionsressourcen, indem wir gezielte Inspektionen mit gerechtfertigten Umf\u00e4ngen und H\u00e4ufigkeiten definieren.<\/p>\r\n<p>Unser Fachwissen in den Bereichen Inspektion von Unterwasseranlagen, Unterwasserprojekte, ROV-Dienste (Remotely Operated Vehicle), Unterwasserwerkzeuge und Anlagenanalyse erm\u00f6glicht es uns, integrierte Dienstleistungen \u00fcber eine einzige Anlaufstelle anzubieten.<\/p>\r\n<p><img loading=\"lazy\" decoding=\"async\" title=\"Kreisgrafik-Daten-gro\u00df\" src=\"https:\/\/oceaneering.com\/wp-content\/uploads\/2023\/11\/Circle-graphics-Data-large.png\" alt=\"Circle-graphics-Data-large\" width=\"945\" height=\"945\" \/><\/p>\r\n<h2>Wir bieten eine Reihe zus\u00e4tzlicher Dienstleistungen im Zusammenhang mit Schiffsk\u00f6rpern und schwimmenden Systemen an<\/h2>\r\n<ul>\r\n<li>\u00dcberpr\u00fcfung der Integrit\u00e4tsmanagementprogramme f\u00fcr schwimmende Systeme (FSIMS)<\/li>\r\n<li>Abschluss der Basisinspektionen von neu gebauten schwimmenden und festen Strukturen<\/li>\r\n<li>Sicht- und Ultraschallpr\u00fcfung im Tank mit Hilfe von Mini-ROVs<\/li>\r\n<li>Sicherstellung der Kompetenz im Bereich des Integrit\u00e4tsmanagements des Schiffsk\u00f6rpers<\/li>\r\n<li>Bewertung des kathodischen Schutzes<\/li>\r\n<li>Verwaltung der Wolkenabtastung im Schiffsrumpf<\/li>\r\n<li>Erstellung von Strukturdaten f\u00fcr ein Arbeitsverwaltungssystem f\u00fcr Neubauten oder Industriebetriebe<\/li>\r\n<li>Inspektion und Integrit\u00e4tsmanagement von Turmsystemen<\/li>\r\n<li><a href=\"https:\/\/www.oceaneering.com\/de\/asset-integrity\/floating-systems-inspection-and-integrity-services\/special-periodic-surveys-and-uwild\/\" data-kmt=\"1\">Regelm\u00e4\u00dfige Sonderbesichtigungen und Unterwasserinspektionen anstelle eines Trockendocks (UWILD)<\/a>\u00a0Definition des Arbeitsumfangs<\/li>\r\n<li>Verwaltung von Inspektions-, Reparatur- und Integrit\u00e4tsprogrammen f\u00fcr schwimmende Produktions-, Lager- und Entladungsschiffe (FPSO)<\/li>\r\n<\/ul>\r\n<p><a href=\"https:\/\/www.oceaneering.com\/de\/asset-integrity\/floating-systems-inspection-and-integrity-services\/special-periodic-surveys-and-uwild\/\" target=\"_self\" rel=\"noopener\"> Erfahren Sie mehr \u00fcber unsere speziellen periodischen Erhebungen und UWILD-Funktionen <\/a> Industrie-Akkreditierung: ISO 3001, ISO 17025, ISO 14001, DNV-GL, ABS, LR und BV Dickenmessung f\u00fcr Schiffsk\u00f6rperstrukturen<br \/>Akkreditierung durch die Klassengesellschaft f\u00fcr Inspektionen im Schiffsrumpf und unter Wasser (anstelle von Inspektionen im Trockendock).<\/p>\r\n<h1>Kontakt<\/h1>\r\n<h2>Unser Expertenteam ist bereit, Ihnen den Einstieg zu erleichtern.<\/h2>\r\n<p>Oceaneering bietet erstklassige Produkte und L\u00f6sungen, die sich durch unvergleichliche Qualit\u00e4t, Zuverl\u00e4ssigkeit und globalen Support auszeichnen. F\u00fcllen Sie das Anfrageformular aus, um noch heute ein Gespr\u00e4ch zu beginnen.<\/p>","protected":false},"excerpt":{"rendered":"<p>Projekt besprechen Inspektion und Integrit\u00e4t schwimmender Systeme Wir bieten vollst\u00e4ndig verwaltete, risikobasierte Inspektions- und Integrit\u00e4tsmanagementdienste f\u00fcr schwimmende Systeme. Unsere skalierbaren L\u00f6sungen bieten die Dienstleistungen und Technologien, die Sie f\u00fcr einen sicheren Betrieb und die Einhaltung von Vorschriften ben\u00f6tigen. Unser Team aus Schiffbauarchitekten und Bauingenieuren arbeitet eng mit den zust\u00e4ndigen Beh\u00f6rden zusammen, um ... <a title=\"Inspektion und Integrit\u00e4t schwimmender Systeme\" class=\"read-more\" href=\"https:\/\/www.oceaneering.com\/de\/asset-integrity-management\/floating-systems-inspection-and-integrity-services\/\" aria-label=\"Mehr Informationen \u00fcber Inspektion und Integrit\u00e4t schwimmender Systeme\">Weiterlesen ...<\/a><\/p>","protected":false},"author":20,"featured_media":0,"parent":59710,"menu_order":82,"comment_status":"closed","ping_status":"closed","template":"","meta":{"_acf_changed":false,"footnotes":"","_links_to":"","_links_to_target":""},"product_category":[1205,1293],"search_tags":[1800],"class_list":["post-61148","page","type-page","status-publish","product_category-asset-integrity-management","product_category-integrity-management","search_tags-asset-integrity"],"acf":[],"aioseo_notices":[],"_links":{"self":[{"href":"https:\/\/www.oceaneering.com\/de\/wp-json\/wp\/v2\/pages\/61148","targetHints":{"allow":["GET"]}}],"collection":[{"href":"https:\/\/www.oceaneering.com\/de\/wp-json\/wp\/v2\/pages"}],"about":[{"href":"https:\/\/www.oceaneering.com\/de\/wp-json\/wp\/v2\/types\/page"}],"author":[{"embeddable":true,"href":"https:\/\/www.oceaneering.com\/de\/wp-json\/wp\/v2\/users\/20"}],"replies":[{"embeddable":true,"href":"https:\/\/www.oceaneering.com\/de\/wp-json\/wp\/v2\/comments?post=61148"}],"version-history":[{"count":1,"href":"https:\/\/www.oceaneering.com\/de\/wp-json\/wp\/v2\/pages\/61148\/revisions"}],"predecessor-version":[{"id":79233,"href":"https:\/\/www.oceaneering.com\/de\/wp-json\/wp\/v2\/pages\/61148\/revisions\/79233"}],"up":[{"embeddable":true,"href":"https:\/\/www.oceaneering.com\/de\/wp-json\/wp\/v2\/pages\/59710"}],"wp:attachment":[{"href":"https:\/\/www.oceaneering.com\/de\/wp-json\/wp\/v2\/media?parent=61148"}],"wp:term":[{"taxonomy":"product_category","embeddable":true,"href":"https:\/\/www.oceaneering.com\/de\/wp-json\/wp\/v2\/product_category?post=61148"},{"taxonomy":"search_tags","embeddable":true,"href":"https:\/\/www.oceaneering.com\/de\/wp-json\/wp\/v2\/search_tags?post=61148"}],"curies":[{"name":"wp","href":"https:\/\/api.w.org\/{rel}","templated":true}]}}