{"id":61144,"date":"2023-11-09T08:49:53","date_gmt":"2023-11-09T13:49:53","guid":{"rendered":"https:\/\/oceaneering.com\/floating-systems-inspection-and-integrity\/"},"modified":"2026-03-10T07:55:26","modified_gmt":"2026-03-10T12:55:26","slug":"special-periodic-surveys-and-uwild","status":"publish","type":"page","link":"https:\/\/www.oceaneering.com\/de\/asset-integrity-management\/floating-systems-inspection-and-integrity-services\/special-periodic-surveys-and-uwild\/","title":{"rendered":"Regelm\u00e4\u00dfige Sondererhebungen und UWILD"},"content":{"rendered":"<p><a href=\"\/de\/asset-integrity\/#contact\" target=\"_self\"> Ein Projekt besprechen <\/a><\/p>\r\n<h1>Regelm\u00e4\u00dfige Sondererhebungen und UWILD<\/h1>\r\n<p>Wir behandeln Schiffe als ganzheitliche Anlagen und kategorisieren Inspektionen nicht einfach als Unterwasser- oder Oberwasserinspektionen.<\/p>\r\n<p><a href=\"https:\/\/oceaneering.canto.com\/direct\/document\/q5t35beu6h25935e9t54d18t3t\/zhdAADCIv5vn8K5TBwt6QIY5ph4\/original?content-type=application%2Fpdf&amp;name=SSPJ-Underwater-Inspection-in-Lieu-of-Drydocking-%28UWILD%29.pdf\" target=\"_blank\" rel=\"noopener\"> Unterwasserinspektion anstelle des Trockendocks (UWILD) <\/a><\/p>\r\n<p>Dank unserer umfangreichen internen Kapazit\u00e4ten k\u00f6nnen wir Ihnen das gesamte Spektrum an Inspektionsarbeiten anbieten, einschlie\u00dflich spezieller periodischer Besichtigungen (SPS) und Unterwasserinspektionen anstelle von Trockendockungen (UWILD).<\/p>\r\n<h2>Gelegenheiten nutzen<\/h2>\r\n<p>Unsere vormobilisierten Bohr-ROVs erm\u00f6glichen Flexibilit\u00e4t und die Durchf\u00fchrung von Inspektionen w\u00e4hrend idealer Wetterfenster.<\/p>\r\n<p><a href=\"https:\/\/oceaneering.canto.com\/direct\/video\/6pobv1esml6bn3hrpl1b31b950\/Z9VydKQLWJXX1eHiaw-yI-s3jjU\/original?content-type=video%2Fmp4&amp;name=UWILD+_+Oceaneering.mp4\" data-fancybox=\"video-carousel-\"> <img decoding=\"async\" src=\"https:\/\/oceaneering.com\/wp-content\/uploads\/2023\/12\/UWILD-1.jpg\" alt=\"\" \/> Video abspielen <\/a> <a href=\"https:\/\/oceaneering.canto.com\/direct\/video\/rm58bk2ee54m78dgdgelrlg24i\/2-X2xwvtdHceUSkUZuqETh7apFE\/original?content-type=video%2Fmp4&amp;name=UWILD+-+ROV+Inspection.mp4\" data-fancybox=\"video-carousel-\"> <img decoding=\"async\" src=\"https:\/\/oceaneering.com\/wp-content\/uploads\/2023\/12\/UWILD-ROV-inspection-1.jpg\" alt=\"\" \/> Video abspielen <\/a> <button> Vorherige <\/button> <button> Weiter <\/button><\/p>\r\n<h2>Vom Bohrturm zum Meeresboden<\/h2>\r\n<p>Wir sind f\u00fcr Sie da. Wir bewerten kritische Infrastrukturen und Anlagen mit Techniken und Methoden aus <a href=\"https:\/\/www.oceaneering.com\/de\/asset-integrity\/in-service-inspection\/ensuring-access\/\">Seilzugang<\/a> und zerst\u00f6rungsfreie Pr\u00fcfungen (NDT) bis hin zu ROV- und Crawler-basierten UWILD.<\/p>\r\n<p>Unabh\u00e4ngig davon, ob wir an der Oberfl\u00e4che oder unter Wasser arbeiten, erstellen wir Inspektionspl\u00e4ne und f\u00fchren sie zeitlich so aus, dass unsere Kunden kostspielige Ausfallzeiten reduzieren oder vermeiden k\u00f6nnen.<\/p>\r\n<h2>M\u00f6glichkeiten der Ferninspektion<\/h2>\r\n<p>Mit unserer F\u00e4higkeit und Erfahrung bei der Durchf\u00fchrung von Inspektionen mit unserer RPACT-Technologie (Remote Piloting and Automated Control) bieten wir eine un\u00fcbertroffene Flexibilit\u00e4t. Diese revolution\u00e4re Methode der ROV-Steuerung bietet weitreichende Vorteile und erm\u00f6glicht es einem Klasseninspektor, unsere bestehenden Datennetze zu nutzen, um UWILD von einem entfernten Standort aus durchzuf\u00fchren.<\/p>\r\n<p><img decoding=\"async\" title=\"Industry-Leading-icon-150x150\" src=\"https:\/\/oceaneering.com\/wp-content\/uploads\/2023\/11\/Industry-Leading-icon-150x150-1.png\" alt=\"Industry-Leading-icon-150x150\" \/><\/p>\r\n<h6>Geringere Kosten<\/h6>\r\n<p><img decoding=\"async\" title=\"Fast-Track-icon-150x150\" src=\"https:\/\/oceaneering.com\/wp-content\/uploads\/2023\/11\/Fast-Track-icon-150x150-2.png\" alt=\"Fast-Track-icon-150x150\" \/><\/p>\r\n<h6>Datenlieferung in Echtzeit<\/h6>\r\n<p><img decoding=\"async\" title=\"Offshore-Projects-icon-150x150\" src=\"https:\/\/oceaneering.com\/wp-content\/uploads\/2023\/11\/Offshore-Projects-icon-150x150-1.png\" alt=\"Offshore-Projects-icon-150x150\" \/><\/p>\r\n<h6>Weniger Personal und weniger Ausr\u00fcstung mobilisiert<\/h6>\r\n<p><img decoding=\"async\" title=\"Vessel-Fleet-icon-150x150\" src=\"https:\/\/oceaneering.com\/wp-content\/uploads\/2023\/11\/Vessel-Fleet-icon-150x150-1.png\" alt=\"Vessel-Fleet-icon-150x150\" \/><\/p>\r\n<h6>Schneller Einsatz zur Ausnutzung g\u00fcnstiger Inspektionsbedingungen<\/h6>\r\n<h3>Praxiserprobt. Branchenf\u00fchrend.<\/h3>\r\n<p>Lesen Sie unsere Fallstudien \u00fcber SPS- und UWILD-Projekte.<\/p>\r\n<p><a href=\"https:\/\/www.oceaneering.com\/de\/resources\/?_content_types=case-study\" target=\"_self\"> Alle Fallstudien anzeigen <\/a> <button> Vorherige <\/button> <button> Weiter <\/button> <a href=\"https:\/\/www.oceaneering.com\/de\/case-studies\/special-periodic-survey-team-delivers-optimized-solution-for-client-in-us-gulf\/\"> <img decoding=\"async\" src=\"https:\/\/www.oceaneering.com\/wp-content\/uploads\/2025\/05\/Freedom-underwater.jpg\" alt=\"\" \/><\/a><\/p>\r\n<h3>Private: Special Periodic Survey Team Delivers Optimized Solution for Client in US Gulf<\/h3>\r\n<h3>Private: Special Periodic Survey Team Delivers Optimized Solution for Client in US Gulf<\/h3>\r\n<p>In Q3 2023, Oceaneering was challenged to provide special periodic survey (SPS) services to a leading drilling&#8230;<\/p>\r\n<p><a href=\"https:\/\/www.oceaneering.com\/de\/case-studies\/special-periodic-survey-team-delivers-optimized-solution-for-client-in-us-gulf\/\">Mehr erfahren <\/a> <a href=\"https:\/\/www.oceaneering.com\/de\/case-studies\/emergency-dock-assessment-uses-sonar-mapping-to-confirm-damage\/\"> <img decoding=\"async\" src=\"https:\/\/www.oceaneering.com\/wp-content\/uploads\/2024\/11\/Sonar-Dock-Assessment.png\" alt=\"\" \/><\/a><\/p>\r\n<h3>Bewertung des Notdocks mit Hilfe von Sonarkartierung zur Best\u00e4tigung der Sch\u00e4den<\/h3>\r\n<h3>Bewertung des Notdocks mit Hilfe von Sonarkartierung zur Best\u00e4tigung der Sch\u00e4den<\/h3>\r\n<p>In late 2022, a client we had worked with, primarily on projects related to life extension and&#8230;<\/p>\r\n<p><a href=\"https:\/\/www.oceaneering.com\/de\/case-studies\/emergency-dock-assessment-uses-sonar-mapping-to-confirm-damage\/\">Mehr erfahren <\/a> <a href=\"https:\/\/www.oceaneering.com\/de\/case-studies\/optimized-fspo-ballast-tank-inspection-scope-eliminates-confined-space-entry\/\"> <img decoding=\"async\" src=\"https:\/\/www.oceaneering.com\/wp-content\/uploads\/2024\/11\/Ballast-Tank-2-edited.jpg\" alt=\"\" \/><\/a><\/p>\r\n<h3>Optimierter Inspektionsumfang f\u00fcr FSPO-Ballasttanks macht das Betreten enger R\u00e4ume \u00fcberfl\u00fcssig<\/h3>\r\n<h3>Optimierter Inspektionsumfang f\u00fcr FSPO-Ballasttanks macht das Betreten enger R\u00e4ume \u00fcberfl\u00fcssig<\/h3>\r\n<p>Im Oktober 2023 f\u00fchrte Oceaneering eine 13-t\u00e4gige Inspektion von drei L-f\u00f6rmigen Ballasttanks mit zwei Kammern auf einem...<\/p>\r\n<p><a href=\"https:\/\/www.oceaneering.com\/de\/case-studies\/optimized-fspo-ballast-tank-inspection-scope-eliminates-confined-space-entry\/\">Mehr erfahren <\/a> <a href=\"https:\/\/www.oceaneering.com\/de\/case-studies\/oceaneering-successfully-conducts-remote-uwild-operations-around-the-globe\/\"> <img decoding=\"async\" src=\"https:\/\/www.oceaneering.com\/wp-content\/uploads\/2023\/11\/211028_Remote-UWILD-Case-Study_01-1.jpeg\" alt=\"\" \/><\/a><\/p>\r\n<h3>Ferngesteuerte UWILD-Eins\u00e4tze rund um den Globus erfolgreich<\/h3>\r\n<h3>Ferngesteuerte UWILD-Eins\u00e4tze rund um den Globus erfolgreich<\/h3>\r\n<p>Over the past five years, Oceaneering has changed the way it offers Underwater Inspections In Lieu of&#8230;<\/p>\r\n<p><a href=\"https:\/\/www.oceaneering.com\/de\/case-studies\/oceaneering-successfully-conducts-remote-uwild-operations-around-the-globe\/\">Mehr erfahren <\/a> <a href=\"https:\/\/www.oceaneering.com\/de\/case-studies\/floating-unit-inspections-by-mini-rov-increasing-capability\/\"> <img decoding=\"async\" src=\"https:\/\/www.oceaneering.com\/wp-content\/uploads\/2017\/06\/floating-unit-inspection.jpg\" alt=\"\" \/><\/a><\/p>\r\n<h3>Inspektionen von schwimmenden Einheiten durch Mini-ROV erh\u00f6hen die Kapazit\u00e4t<\/h3>\r\n<h3>Inspektionen von schwimmenden Einheiten durch Mini-ROV erh\u00f6hen die Kapazit\u00e4t<\/h3>\r\n<p><a href=\"https:\/\/www.oceaneering.com\/de\/case-studies\/floating-unit-inspections-by-mini-rov-increasing-capability\/\">Mehr erfahren <\/a><\/p>\r\n<h1>Kontakt<\/h1>\r\n<h2>Unser Expertenteam ist bereit, Ihnen den Einstieg zu erleichtern.<\/h2>\r\n<p>Oceaneering bietet erstklassige Produkte und L\u00f6sungen, die sich durch unvergleichliche Qualit\u00e4t, Zuverl\u00e4ssigkeit und globalen Support auszeichnen. F\u00fcllen Sie das Anfrageformular aus, um noch heute ein Gespr\u00e4ch zu beginnen.<\/p>","protected":false},"excerpt":{"rendered":"<p>Diskutieren Sie ein Projekt Spezielle regelm\u00e4\u00dfige \u00dcberpr\u00fcfungen und UWILD Wir betrachten Schiffe als ganzheitliche Anlagen und kategorisieren Inspektionen nicht einfach als Unterwasser- oder Oberwasserinspektionen. Underwater Inspection in Lieu of Drydocking (UWILD) Dank unserer umfangreichen internen Kapazit\u00e4ten k\u00f6nnen wir Ihnen das gesamte Spektrum an Inspektionsarbeiten anbieten, einschlie\u00dflich spezieller periodischer \u00dcberpr\u00fcfungen (SPS) und Unterwasserinspektionen ... <a title=\"Regelm\u00e4\u00dfige Sondererhebungen und UWILD\" class=\"read-more\" href=\"https:\/\/www.oceaneering.com\/de\/asset-integrity-management\/floating-systems-inspection-and-integrity-services\/special-periodic-surveys-and-uwild\/\" aria-label=\"Mehr Informationen \u00fcber Spezielle Periodische Erhebungen und UWILD\">Weiterlesen ...<\/a><\/p>","protected":false},"author":20,"featured_media":0,"parent":61148,"menu_order":80,"comment_status":"closed","ping_status":"closed","template":"","meta":{"_acf_changed":false,"footnotes":"","_links_to":"","_links_to_target":""},"product_category":[1205,1293,1721],"search_tags":[1800],"class_list":["post-61144","page","type-page","status-publish","product_category-asset-integrity-management","product_category-integrity-management","product_category-uwild","search_tags-asset-integrity"],"acf":[],"aioseo_notices":[],"_links":{"self":[{"href":"https:\/\/www.oceaneering.com\/de\/wp-json\/wp\/v2\/pages\/61144","targetHints":{"allow":["GET"]}}],"collection":[{"href":"https:\/\/www.oceaneering.com\/de\/wp-json\/wp\/v2\/pages"}],"about":[{"href":"https:\/\/www.oceaneering.com\/de\/wp-json\/wp\/v2\/types\/page"}],"author":[{"embeddable":true,"href":"https:\/\/www.oceaneering.com\/de\/wp-json\/wp\/v2\/users\/20"}],"replies":[{"embeddable":true,"href":"https:\/\/www.oceaneering.com\/de\/wp-json\/wp\/v2\/comments?post=61144"}],"version-history":[{"count":3,"href":"https:\/\/www.oceaneering.com\/de\/wp-json\/wp\/v2\/pages\/61144\/revisions"}],"predecessor-version":[{"id":79257,"href":"https:\/\/www.oceaneering.com\/de\/wp-json\/wp\/v2\/pages\/61144\/revisions\/79257"}],"up":[{"embeddable":true,"href":"https:\/\/www.oceaneering.com\/de\/wp-json\/wp\/v2\/pages\/61148"}],"wp:attachment":[{"href":"https:\/\/www.oceaneering.com\/de\/wp-json\/wp\/v2\/media?parent=61144"}],"wp:term":[{"taxonomy":"product_category","embeddable":true,"href":"https:\/\/www.oceaneering.com\/de\/wp-json\/wp\/v2\/product_category?post=61144"},{"taxonomy":"search_tags","embeddable":true,"href":"https:\/\/www.oceaneering.com\/de\/wp-json\/wp\/v2\/search_tags?post=61144"}],"curies":[{"name":"wp","href":"https:\/\/api.w.org\/{rel}","templated":true}]}}