{"id":61139,"date":"2023-11-09T08:48:09","date_gmt":"2023-11-09T13:48:09","guid":{"rendered":"https:\/\/oceaneering.com\/asset-integrity\/in-service-inspection\/subsea-inspection\/"},"modified":"2025-10-23T10:07:02","modified_gmt":"2025-10-23T15:07:02","slug":"subsea-inspection","status":"publish","type":"page","link":"https:\/\/www.oceaneering.com\/de\/asset-integrity-management\/inspection\/subsea-inspection\/","title":{"rendered":"Unterwasser-Inspektion"},"content":{"rendered":"<p><a href=\"\/de\/asset-integrity\/#contact\" target=\"_self\" rel=\"noopener\"> Ein Projekt besprechen <\/a><\/p>\r\n<h1>Unterwasser-Inspektion<\/h1>\r\n<p>Wir bieten einen integrierten Ansatz, um kosteneffiziente, optimierte Unterwasserinspektionsl\u00f6sungen bereitzustellen.<\/p>\r\n<h2>Unterwasserinfrastrukturen sicher, betriebsbereit und gesetzeskonform halten<\/h2>\r\n<p>Wir sind nach wie vor f\u00fchrend bei der Entwicklung zerst\u00f6rungsfreier Pr\u00fcfmethoden und -verfahren f\u00fcr die Schifffahrt.<\/p>\r\n<ul>\r\n<li>Globale Pr\u00e4senz, unterst\u00fctzt durch hoch erfahrene und \u00fcbergreifend geschulte Techniker<\/li>\r\n<li>Erfahrung und Vertrautheit mit verschiedenen rechtlichen Anforderungen<\/li>\r\n<li>Umfassende L\u00f6sungen reduzieren das Lieferantenmanagement und das Gesamtprojektrisiko<\/li>\r\n<li>Kosteng\u00fcnstige Inspektionstechniken, die von ROVs und Tauchern eingesetzt werden k\u00f6nnen<\/li>\r\n<li>Umfassende Erfahrung mit flexiblen Steigleitungen, Kassetten und Unterwasserausr\u00fcstung<\/li>\r\n<\/ul>\r\n<p>Von der Spritzwasserzone bis zum Ultra-Tiefwasser<\/p>\r\n<h2>Inspektionstechnologien<\/h2>\r\n<p>Unser Angebot an fortschrittlichen zerst\u00f6rungsfreien Pr\u00fcfverfahren liefert Daten \u00fcber Anlagen von der Spritzwasserzone bis hin zu Tiefstwasserstandorten. Mit diesen Informationen k\u00f6nnen Sie fundierte Entscheidungen \u00fcber die Gebrauchstauglichkeit einer Anlage treffen und notwendige Eingriffe erkennen.<\/p>\r\n<p>Unser Technologieportfolio erf\u00fcllt die Inspektionsanforderungen sowohl f\u00fcr den internen als auch f\u00fcr den externen Einsatz, bei dem es darum geht, allgemeine Integrit\u00e4tsprobleme zu erkennen.<\/p>\r\n<h2>L\u00f6sungen f\u00fcr h\u00e4ufige Probleme mit der Integrit\u00e4t<\/h2>\r\n<p><img decoding=\"async\" title=\"Lupenbrille-klein\" src=\"https:\/\/oceaneering.com\/wp-content\/uploads\/2023\/11\/Magnifing-glass-small.png\" alt=\"Magnifing-glass-small\" \/><\/p>\r\n<h3>Externe und interne Korrosion<\/h3>\r\n<p><img decoding=\"async\" title=\"Beulen-klein\" src=\"https:\/\/oceaneering.com\/wp-content\/uploads\/2023\/11\/Dents-small.png\" alt=\"Dents-small\" \/><\/p>\r\n<h3>Beulen<\/h3>\r\n<p><img decoding=\"async\" title=\"Beschichtungs- und Auskleidungsspray-klein\" src=\"https:\/\/oceaneering.com\/wp-content\/uploads\/2023\/11\/Coating-and-liner-damage-spray-small.png\" alt=\"Coating-and-liner-damage-spray-small\" \/><\/p>\r\n<h3>Sch\u00e4den an Beschichtung und Auskleidung<\/h3>\r\n<p><img decoding=\"async\" title=\"Risse-klein\" src=\"https:\/\/oceaneering.com\/wp-content\/uploads\/2023\/11\/Cracks-small.png\" alt=\"Cracks-small\" \/><\/p>\r\n<h3>Risse und Schwei\u00dfnahtdefekte<\/h3>\r\n<p><img decoding=\"async\" title=\"Wassertropfen-klein\" src=\"https:\/\/oceaneering.com\/wp-content\/uploads\/2023\/11\/Water-drop-small.png\" alt=\"Water-drop-small\" \/><\/p>\r\n<h3>Gefluteter Ringraum in flexiblen Rohrleitungen<\/h3>\r\n<p><img decoding=\"async\" title=\"Schweinestall und Verstopfungen-klein\" src=\"https:\/\/oceaneering.com\/wp-content\/uploads\/2023\/11\/Stuck-pig-and-blockages-small.png\" alt=\"Stuck-pig-and-blockages-small\" \/><\/p>\r\n<h3>Verstopfungen und festgefahrene Schweine<\/h3>\r\n<h2>Extern eingesetzte Technologien<\/h2>\r\n<p><img decoding=\"async\" title=\"Neptune-video2\" src=\"https:\/\/oceaneering.com\/wp-content\/uploads\/2023\/12\/Neptune-video2.jpg\" alt=\"\" \/> Video abspielen<\/p>\r\n<h3>Neptun<\/h3>\r\n<p>Erkennt \u00e4u\u00dfere und innere Korrosion, Beulen, Sch\u00e4den an Beschichtungen und Auskleidungen, Risse und Schwei\u00dfn\u00e4hte sowie \u00fcberflutete Ringr\u00e4ume in flexiblen Rohrleitungen.<\/p>\r\n<p><img decoding=\"async\" title=\"7\" src=\"https:\/\/oceaneering.com\/wp-content\/uploads\/2023\/11\/7.jpg\" alt=\"7\" \/><\/p>\r\n<h3>Digitale Radiographie<\/h3>\r\n<p>Sp\u00fcrt \u00e4u\u00dfere und innere Korrosion, Verstopfungen und festsitzende Molche auf.<\/p>\r\n<p><img decoding=\"async\" title=\"10\" src=\"https:\/\/oceaneering.com\/wp-content\/uploads\/2023\/11\/10.jpg\" alt=\"10\" \/><\/p>\r\n<h3>Dreizack<\/h3>\r\n<p>Erkennt \u00e4u\u00dfere und innere Korrosion, Beulen, Sch\u00e4den an Beschichtungen und Auskleidungen, Risse und Schwei\u00dfn\u00e4hte sowie \u00fcberflutete Ringr\u00e4ume in flexiblen Rohrleitungen.<\/p>\r\n<h1>Kontakt<\/h1>\r\n<h2>Unser Expertenteam ist bereit, Ihnen den Einstieg zu erleichtern.<\/h2>\r\n<p>Oceaneering bietet erstklassige Produkte und L\u00f6sungen, die sich durch unvergleichliche Qualit\u00e4t, Zuverl\u00e4ssigkeit und globalen Support auszeichnen. F\u00fcllen Sie das Anfrageformular aus, um noch heute ein Gespr\u00e4ch zu beginnen.<\/p>","protected":false},"excerpt":{"rendered":"<p>Projekt besprechen Unterwasserinspektion Wir bieten einen integrierten Ansatz, um kosteneffiziente, optimierte Unterwasserinspektionsl\u00f6sungen anzubieten. Wir sorgen daf\u00fcr, dass die Unterwasserinfrastruktur sicher, funktionsf\u00e4hig und gesetzeskonform bleibt. Wir sind weiterhin f\u00fchrend bei der Entwicklung von zerst\u00f6rungsfreien Pr\u00fcfmethoden und -verfahren f\u00fcr die Schifffahrt. Globale Pr\u00e4senz, unterst\u00fctzt durch hochgradig erfahrene und \u00fcbergreifend geschulte Techniker Erfahrung und Vertrautheit mit unterschiedlichen gesetzlichen Anforderungen Umfassende L\u00f6sungen reduzieren ... <a title=\"Unterwasser-Inspektion\" class=\"read-more\" href=\"https:\/\/www.oceaneering.com\/de\/asset-integrity-management\/inspection\/subsea-inspection\/\" aria-label=\"Mehr Informationen \u00fcber Unterwasserinspektion\">Weiterlesen ...<\/a><\/p>","protected":false},"author":20,"featured_media":0,"parent":59820,"menu_order":77,"comment_status":"closed","ping_status":"closed","template":"","meta":{"_acf_changed":false,"footnotes":"","_links_to":"","_links_to_target":""},"product_category":[1205,1206],"search_tags":[1800,1367],"class_list":["post-61139","page","type-page","status-publish","product_category-asset-integrity-management","product_category-in-service-inspection","search_tags-asset-integrity","search_tags-inspection"],"acf":[],"aioseo_notices":[],"_links":{"self":[{"href":"https:\/\/www.oceaneering.com\/de\/wp-json\/wp\/v2\/pages\/61139","targetHints":{"allow":["GET"]}}],"collection":[{"href":"https:\/\/www.oceaneering.com\/de\/wp-json\/wp\/v2\/pages"}],"about":[{"href":"https:\/\/www.oceaneering.com\/de\/wp-json\/wp\/v2\/types\/page"}],"author":[{"embeddable":true,"href":"https:\/\/www.oceaneering.com\/de\/wp-json\/wp\/v2\/users\/20"}],"replies":[{"embeddable":true,"href":"https:\/\/www.oceaneering.com\/de\/wp-json\/wp\/v2\/comments?post=61139"}],"version-history":[{"count":2,"href":"https:\/\/www.oceaneering.com\/de\/wp-json\/wp\/v2\/pages\/61139\/revisions"}],"predecessor-version":[{"id":79311,"href":"https:\/\/www.oceaneering.com\/de\/wp-json\/wp\/v2\/pages\/61139\/revisions\/79311"}],"up":[{"embeddable":true,"href":"https:\/\/www.oceaneering.com\/de\/wp-json\/wp\/v2\/pages\/59820"}],"wp:attachment":[{"href":"https:\/\/www.oceaneering.com\/de\/wp-json\/wp\/v2\/media?parent=61139"}],"wp:term":[{"taxonomy":"product_category","embeddable":true,"href":"https:\/\/www.oceaneering.com\/de\/wp-json\/wp\/v2\/product_category?post=61139"},{"taxonomy":"search_tags","embeddable":true,"href":"https:\/\/www.oceaneering.com\/de\/wp-json\/wp\/v2\/search_tags?post=61139"}],"curies":[{"name":"wp","href":"https:\/\/api.w.org\/{rel}","templated":true}]}}