{"id":61138,"date":"2023-11-09T08:48:09","date_gmt":"2023-11-09T13:48:09","guid":{"rendered":"https:\/\/oceaneering.com\/asset-integrity\/in-service-inspection\/ensuring-access\/"},"modified":"2025-10-23T10:12:05","modified_gmt":"2025-10-23T15:12:05","slug":"ensuring-access","status":"publish","type":"page","link":"https:\/\/www.oceaneering.com\/de\/asset-integrity-management\/inspection\/ensuring-access\/","title":{"rendered":"Den Zugang sicherstellen"},"content":{"rendered":"<h1>Den Zugang sicherstellen<\/h1>\r\n<p>Vom Seilzugang bis hin zu autonomen Systemen bieten wir Ihnen die Flexibilit\u00e4t und Effizienz, die Sie zur Erf\u00fcllung Ihrer Inspektionsanforderungen ben\u00f6tigen. Wir sammeln Daten auf sichere und zeitnahe Weise, um sicherzustellen, dass Sie fundierte Entscheidungen \u00fcber die Integrit\u00e4t Ihrer Anlagen treffen k\u00f6nnen - unabh\u00e4ngig von deren Standort.<\/p>\r\n<h2>Zugang \u00fcber Seil<\/h2>\r\n<p>Unsere weltweit eingesetzten Seilzugangstechniken bieten Ihnen die ultimative Flexibilit\u00e4t bei Inspektionsl\u00f6sungen. \u00dcbergreifend ausgebildete Seilzugangstechniker bieten eine L\u00f6sung f\u00fcr Inspektions- und Interventionsanforderungen aus einer Hand.<\/p>\r\n<p>Der seilunterst\u00fctzte Zugang ist eine bew\u00e4hrte und kosteng\u00fcnstige L\u00f6sung.<\/p>\r\n<ul>\r\n<li>Erm\u00f6glicht eine effiziente Inspektion von schwer zug\u00e4nglichen Bereichen<\/li>\r\n<li>Unterst\u00fctzt eine effiziente Mobilisierung und minimiert das Risiko<\/li>\r\n<li>Es werden keine Ger\u00fcste oder Plattformen ben\u00f6tigt, was die Anforderungen an das Lieferantenmanagement und die Ausr\u00fcstung vor Ort reduziert.<\/li>\r\n<\/ul>\r\n<p>Wir sind als Ausbilder Mitglied der Industrial Rope Access Trade Association (IRATA) und Firmenmitglied der Society of Professional Rope Access Technicians (SPRAT).<\/p>\r\n<p><a href=\"https:\/\/oceaneering.canto.com\/download\/document\/kshii065k534t7l353c1e37r46\/original.pdf\" target=\"_blank\" rel=\"noopener\"> Datenblatt f\u00fcr seilunterst\u00fctzten Zugang <\/a><\/p>\r\n<h2>Unbemannte Luftfahrtsysteme (UAS)<\/h2>\r\n<p>Der Einsatz von UAS ist eine kosteneffiziente Methode zur Erfassung von Daten, die f\u00fcr fundierte Entscheidungen erforderlich sind. Unsere Erfahrung und unser kommerziell unabh\u00e4ngiger Ansatz f\u00fcr UAS erm\u00f6glichen die Bereitstellung einer ma\u00dfgeschneiderten und sicheren L\u00f6sung.<\/p>\r\n<p>Von der Zulassung von Anbietern bis hin zum Datenmanagement liefern wir kosteneffiziente, technologisch fortschrittliche UAS-L\u00f6sungen und bieten gleichzeitig die Aufsicht \u00fcber die Luftfahrt und die Sicherheit f\u00fcr alle UAS-Operationen.<\/p>\r\n<p><strong>Warum Oceaneering?<\/strong><\/p>\r\n<ul>\r\n<li>Wir verwenden praxiserprobte, branchenf\u00fchrende Technologie.<\/li>\r\n<li>Wir helfen Ihnen, Risiken zu reduzieren, indem wir das menschliche Element bei der Durchf\u00fchrung von Inspektionen ausschalten.<\/li>\r\n<li>Wir bew\u00e4ltigen die Komplexit\u00e4t der schwerf\u00e4lligen globalen Luftfahrtaufsicht.<\/li>\r\n<li>UAS erg\u00e4nzt unser Angebot f\u00fcr den seilunterst\u00fctzten Zugang durch eine effiziente und sichere Identifizierung und Bewertung von Anomalien.<\/li>\r\n<li>Die Technik erm\u00f6glicht die Online-Inspektion von Anlagen - auch von solchen, die traditionell vor einem Eingriff abgeschaltet werden m\u00fcssen.<\/li>\r\n<li>Wir bieten L\u00f6sungen f\u00fcr das komplette Datenmanagement.<\/li>\r\n<li>Unsere gepr\u00fcften Betreiber bieten die fortschrittlichsten und projektspezifischen Technologien der Branche.<\/li>\r\n<li>Wir k\u00f6nnen Kosteneinsparungen durch Mengenrabatte anbieten, die auf unseren etablierten Beziehungen zu den Anbietern beruhen.<\/li>\r\n<\/ul>\r\n<p><img decoding=\"async\" title=\"website-thumbnail-201912\" src=\"https:\/\/oceaneering.com\/wp-content\/uploads\/2023\/11\/website-thumbnail-201912-scaled.jpg\" alt=\"\" \/> Video abspielen<\/p>\r\n<h2>Autonome Unterwasserfahrzeuge (AUVs)<\/h2>\r\n<p>Zeit- und Kostenersparnis bei Inspektion und Vermessung<\/p>\r\n<p>Mit fast zwei Jahrzehnten Erfahrung haben unsere AUVs \u00fcber 401.000 km an Daten f\u00fcr mehr als 75 Kunden in 14 L\u00e4ndern erfasst.<\/p>\r\n<p>Unsere AUVs werden unter Wasser eingesetzt, um Inspektions- und Vermessungsdaten zu sammeln. Sie helfen Ihnen nicht nur bei der Einhaltung gesetzlicher Vorschriften, sondern erm\u00f6glichen Ihnen auch, fundierte technische Entscheidungen \u00fcber Ihre Anlagen zu treffen.<\/p>\r\n<p>AUVs liefern hochwertige Echtzeitdaten, die sofort \u00fcberpr\u00fcft werden k\u00f6nnen, um sicherzustellen, dass die erforderlichen Informationen erfasst wurden.<\/p>\r\n<ul>\r\n<li>Das Design des angebundenen AUV bietet eine verbesserte Kontrolle im Vergleich zu herk\u00f6mmlichen Schleppmethoden<\/li>\r\n<li>Auf AUVs montierte Sensoren in der N\u00e4he des Meeresbodens liefern eine bessere Aufl\u00f6sung und bessere Daten, so dass weniger erneute Inspektionen erforderlich sind und die Entscheidungsfindung beschleunigt wird.<\/li>\r\n<li>Daten\u00fcberpr\u00fcfung in der propriet\u00e4ren IntegReview\u2122-Software - einer ma\u00dfgeschneiderten L\u00f6sung, die Informationen in einer benutzerkonfigurierten grafischen Benutzeroberfl\u00e4che anzeigt<\/li>\r\n<li>Inspektionsmethode senkt Schiffskosten<\/li>\r\n<li>Hervorragende Einsatzflexibilit\u00e4t, die eine erneute Inspektion der Strecke, Umkehrungen, \u00dcberpr\u00fcfungen und Strecken\u00e4nderungen in einer Live-Umgebung erm\u00f6glicht<\/li>\r\n<\/ul>\r\n<h2>Miniatur-ROVs<\/h2>\r\n<p>Die Notwendigkeit, Personal in schwierigen und gef\u00e4hrlichen Bereichen (in Schiffen, Schiffsr\u00fcmpfen oder Lagertanks) einzusetzen, muss nicht l\u00e4nger Ihre Inspektionsprogramme bestimmen.<\/p>\r\n<p>Miniatur-ROVs reduzieren effektiv das Risiko und die Kosten, indem sie bew\u00e4hrte Technologie zur Erfassung von Daten \u00fcber den Zustand der Ausr\u00fcstung einsetzen. Wir haben ROVs mit kleinem Platzbedarf erfolgreich f\u00fcr Sicht- und Ultraschallpr\u00fcfungen eingesetzt und halten sie f\u00fcr den bevorzugten Ansatz bei Anforderungen an die Integrit\u00e4t schwimmender Systeme und Prozessanlagen.<\/p>\r\n<p>Kontakt<\/p>\r\n<h3>Unser Expertenteam ist bereit, Ihnen den Einstieg zu erleichtern.<\/h3>\r\n<p>Oceaneering bietet erstklassige Produkte und L\u00f6sungen, die sich durch unvergleichliche Qualit\u00e4t, Zuverl\u00e4ssigkeit und globalen Support auszeichnen. F\u00fcllen Sie das Anfrageformular aus, um noch heute ein Gespr\u00e4ch zu beginnen.<\/p>\r\n<p>\"*\" kennzeichnet Pflichtfelder<\/p>\r\n<form id=\"gform_4\" action=\"\/de\/?page_id=61138&#038;fl_builder#gf_4\" enctype=\"multipart\/form-data\" method=\"post\" target=\"gform_ajax_frame_4\" data-formid=\"4\" data-trp-original-action=\"\/?page_id=61138&amp;fl_builder#gf_4\"><fieldset id=\"field_4_1\" data-js-reload=\"field_4_1\"><legend class=\"gfield_label gform-field-label gfield_label_before_complex\">Name*<\/legend> <input id=\"input_4_1_3\" tabindex=\"201\" name=\"input_1.3\" type=\"text\" value=\"\" aria-required=\"true\" \/> <label class=\"gform-field-label gform-field-label--type-sub\" for=\"input_4_1_3\">Erste<\/label> <input id=\"input_4_1_6\" tabindex=\"203\" name=\"input_1.6\" type=\"text\" value=\"\" aria-required=\"true\" \/> <label class=\"gform-field-label gform-field-label--type-sub\" for=\"input_4_1_6\">Zuletzt<\/label><\/fieldset><label class=\"gfield_label gform-field-label\" for=\"input_4_4\">Telefon*<\/label><input id=\"input_4_4\" class=\"large\" tabindex=\"205\" name=\"input_4\" type=\"text\" value=\"\" aria-required=\"true\" aria-invalid=\"false\" \/><label class=\"gfield_label gform-field-label\" for=\"input_4_3\">E-Mail*<\/label> <input id=\"input_4_3\" class=\"large\" tabindex=\"206\" name=\"input_3\" type=\"text\" value=\"\" aria-required=\"true\" aria-invalid=\"false\" \/> <label class=\"gfield_label gform-field-label\" for=\"input_4_5\">Eine weitere<\/label><select id=\"input_4_5\" class=\"large gfield_select\" tabindex=\"207\" name=\"input_5\" aria-invalid=\"false\">\r\n<option class=\"gf_placeholder\" selected=\"selected\" value=\"\">W\u00e4hlen Sie eine<\/option>\r\n<option value=\"First Choice\">Erste Wahl<\/option>\r\n<option value=\"Second Choice\">Zweite Wahl<\/option>\r\n<option value=\"Third Choice\">Dritte Wahl<\/option>\r\n<\/select><label class=\"gfield_label gform-field-label\" for=\"input_4_6\">Eine weitere<\/label><select id=\"input_4_6\" class=\"large gfield_select\" tabindex=\"208\" name=\"input_6\" aria-invalid=\"false\">\r\n<option class=\"gf_placeholder\" selected=\"selected\" value=\"\">W\u00e4hlen Sie eine<\/option>\r\n<option value=\"First Choice\">Erste Wahl<\/option>\r\n<option value=\"Second Choice\">Zweite Wahl<\/option>\r\n<option value=\"Third Choice\">Dritte Wahl<\/option>\r\n<\/select><label class=\"gfield_label gform-field-label\" for=\"input_4_7\">Eine weitere<\/label><input id=\"input_4_7\" class=\"large\" tabindex=\"209\" name=\"input_7\" type=\"text\" value=\"\" aria-invalid=\"false\" \/> <label class=\"gfield_label gform-field-label\" for=\"input_4_8\">Eine weitere<\/label><input id=\"input_4_8\" class=\"large\" tabindex=\"210\" name=\"input_8\" type=\"text\" value=\"\" aria-invalid=\"false\" \/>\r\n<p>Lorem ipsum dolor sit amet, consetetur sadipscing elitr, sed diam nonumy eirmod tempor invidunt ut labore et dolore magna aliquyam erat voluptua.<\/p>\r\n<input id=\"gform_submit_button_4\" class=\"gform_button button\" tabindex=\"211\" type=\"submit\" value=\"Angebot anfordern\" \/> <input name=\"gform_ajax\" type=\"hidden\" value=\"form_id=4&amp;title=&amp;description=&amp;tabindex=200\" \/> <input class=\"gform_hidden\" name=\"is_submit_4\" type=\"hidden\" value=\"1\" \/> <input class=\"gform_hidden\" name=\"gform_submit\" type=\"hidden\" value=\"4\" \/> <input class=\"gform_hidden\" name=\"gform_unique_id\" type=\"hidden\" value=\"\" \/> <input class=\"gform_hidden\" name=\"state_4\" type=\"hidden\" value=\"WyJ7XCI1XCI6W1wiZGYzN2E2ZTliYzJkYTVlMjU5ZDBmNDMwMTdlYjVhMGVcIixcImZhNGEwM2ZkMGU0YmYxOGMzYzM3NDhmYWZmMGIzYmJkXCIsXCIxMTAzYTVhMmJlZjQ3NWI5MjRhMmZmYTMyYTNhNzM1N1wiXSxcIjZcIjpbXCJkZjM3YTZlOWJjMmRhNWUyNTlkMGY0MzAxN2ViNWEwZVwiLFwiZmE0YTAzZmQwZTRiZjE4YzNjMzc0OGZhZmYwYjNiYmRcIixcIjExMDNhNWEyYmVmNDc1YjkyNGEyZmZhMzJhM2E3MzU3XCJdfSIsImExMTE4N2U4YmFkMGY5NmE2ZTIxYTQxYTMyMDZjM2E4Il0=\" \/> <input id=\"gform_target_page_number_4\" class=\"gform_hidden\" name=\"gform_target_page_number_4\" type=\"hidden\" value=\"0\" \/> <input id=\"gform_source_page_number_4\" class=\"gform_hidden\" name=\"gform_source_page_number_4\" type=\"hidden\" value=\"1\" \/> <input name=\"gform_field_values\" type=\"hidden\" value=\"\" \/>\r\n<p><label>\u0394<textarea cols=\"45\" maxlength=\"100\" name=\"ak_hp_textarea\" rows=\"8\"><\/textarea><\/label><input id=\"ak_js_1\" name=\"ak_js\" type=\"hidden\" value=\"234\" \/><\/p>\r\n<input type=\"hidden\" name=\"trp-form-language\" value=\"de\"\/><\/form>\r\n<p><iframe id=\"gform_ajax_frame_4\" style=\"display: none; width: 0px; height: 0px;\" title=\"Dieser iframe enth\u00e4lt die Logik, die f\u00fcr die Handhabung von Ajax-gesteuerten Gravity-Formularen erforderlich ist.\" src=\"about:blank\" name=\"gform_ajax_frame_4\"><\/iframe><\/p>","protected":false},"excerpt":{"rendered":"<p>Zugang gew\u00e4hrleisten Vom Seilzugang bis hin zu autonomen Systemen - unsere Zugangsm\u00f6glichkeiten bieten Ihnen die Flexibilit\u00e4t und Effizienz, die Sie zur Erf\u00fcllung Ihrer Inspektionsanforderungen ben\u00f6tigen. Wir sammeln Daten auf sichere und zeitnahe Weise, um sicherzustellen, dass Sie fundierte Entscheidungen \u00fcber die Integrit\u00e4t Ihrer Anlagen treffen k\u00f6nnen - unabh\u00e4ngig von deren Standort. Seilzugang Unser weltweit eingesetztes ... <a title=\"Den Zugang sicherstellen\" class=\"read-more\" href=\"https:\/\/www.oceaneering.com\/de\/asset-integrity-management\/inspection\/ensuring-access\/\" aria-label=\"Mehr Informationen \u00fcber die Sicherstellung des Zugangs\">Weiterlesen ...<\/a><\/p>","protected":false},"author":20,"featured_media":0,"parent":59820,"menu_order":76,"comment_status":"closed","ping_status":"closed","template":"","meta":{"_acf_changed":false,"footnotes":"","_links_to":"","_links_to_target":""},"product_category":[1205,1206],"search_tags":[1800,1367],"class_list":["post-61138","page","type-page","status-publish","product_category-asset-integrity-management","product_category-in-service-inspection","search_tags-asset-integrity","search_tags-inspection"],"acf":[],"aioseo_notices":[],"_links":{"self":[{"href":"https:\/\/www.oceaneering.com\/de\/wp-json\/wp\/v2\/pages\/61138","targetHints":{"allow":["GET"]}}],"collection":[{"href":"https:\/\/www.oceaneering.com\/de\/wp-json\/wp\/v2\/pages"}],"about":[{"href":"https:\/\/www.oceaneering.com\/de\/wp-json\/wp\/v2\/types\/page"}],"author":[{"embeddable":true,"href":"https:\/\/www.oceaneering.com\/de\/wp-json\/wp\/v2\/users\/20"}],"replies":[{"embeddable":true,"href":"https:\/\/www.oceaneering.com\/de\/wp-json\/wp\/v2\/comments?post=61138"}],"version-history":[{"count":1,"href":"https:\/\/www.oceaneering.com\/de\/wp-json\/wp\/v2\/pages\/61138\/revisions"}],"predecessor-version":[{"id":79312,"href":"https:\/\/www.oceaneering.com\/de\/wp-json\/wp\/v2\/pages\/61138\/revisions\/79312"}],"up":[{"embeddable":true,"href":"https:\/\/www.oceaneering.com\/de\/wp-json\/wp\/v2\/pages\/59820"}],"wp:attachment":[{"href":"https:\/\/www.oceaneering.com\/de\/wp-json\/wp\/v2\/media?parent=61138"}],"wp:term":[{"taxonomy":"product_category","embeddable":true,"href":"https:\/\/www.oceaneering.com\/de\/wp-json\/wp\/v2\/product_category?post=61138"},{"taxonomy":"search_tags","embeddable":true,"href":"https:\/\/www.oceaneering.com\/de\/wp-json\/wp\/v2\/search_tags?post=61138"}],"curies":[{"name":"wp","href":"https:\/\/api.w.org\/{rel}","templated":true}]}}