{"id":61137,"date":"2023-11-09T08:48:08","date_gmt":"2023-11-09T13:48:08","guid":{"rendered":"https:\/\/oceaneering.com\/asset-integrity\/in-service-inspection\/crane-lifting\/"},"modified":"2025-10-24T02:25:33","modified_gmt":"2025-10-24T07:25:33","slug":"crane-lifting","status":"publish","type":"page","link":"https:\/\/www.oceaneering.com\/de\/asset-integrity-management\/inspection\/crane-lifting\/","title":{"rendered":"Kran und Heben"},"content":{"rendered":"<h1>Pr\u00fcfung und Qualifizierung von Kranen und Hebezeugen<\/h1>\r\n<p>Wir bieten umfassende Dienstleistungen f\u00fcr die Inspektion, die Pr\u00fcfung durch Dritte und die Zertifizierung von Kranen und Hebezeugen, sowohl an Land als auch auf See.<\/p>\r\n<p><a href=\"https:\/\/cl.oceaneering.no\/\" target=\"_blank\" rel=\"noopener\"> Erfahren Sie noch mehr auf unserer Norwegian Crane and Lifting Microsite <\/a><\/p>\r\n<h1>Inspektion, Verifizierung durch Dritte und Zertifizierung<\/h1>\r\n<p>Wir f\u00fchren erste Zustandserhebungen, Ger\u00e4tebewertungen, Zustandsbeurteilungen und regelm\u00e4\u00dfige Inspektionen durch, um die Verf\u00fcgbarkeit einer breiten Palette von Ger\u00e4ten zu gew\u00e4hrleisten.<\/p>\r\n<ul>\r\n<li>Kr\u00e4ne<\/li>\r\n<li>Hebezeuge<\/li>\r\n<li>Start- und Bergungssysteme<\/li>\r\n<li>Offshore-Container<\/li>\r\n<li>Hebek\u00f6rbe<\/li>\r\n<li>Joche<\/li>\r\n<li>Sch\u00e4kel<\/li>\r\n<li>H\u00e4kchen<\/li>\r\n<li>Absturzsicherung<\/li>\r\n<li>Hardware f\u00fcr erneuerbare Energien<\/li>\r\n<\/ul>\r\n<p>Wir halten alle beh\u00f6rdlichen Vorschriften f\u00fcr die bei Bohrungen und Bohrlocharbeiten verwendete Ausr\u00fcstung ein.<\/p>\r\n<p>Unser hochmoderner hydraulischer Zugpr\u00fcfstand ist f\u00fcr gro\u00dfe Ger\u00e4te mit einem Gewicht von bis zu 750 Tonnen ausgelegt und verf\u00fcgt \u00fcber hochmoderne \u00dcberwachungssysteme, die w\u00e4hrend der Pr\u00fcfung f\u00fcr Kontrolle und Sicherheit sorgen.<\/p>\r\n<p>Der Zugpr\u00fcfstand wird in der Regel f\u00fcr die Pr\u00fcfung von Bauteilen verwendet.<\/p>\r\n<ul>\r\n<li>Bohrloch- und bohrtechnische Hebezeuge, einschlie\u00dflich Hebekappen und Laufwerkzeuge<\/li>\r\n<li>Krandrahtseile, Ketten, Sch\u00e4kel, Haken, Winden und Hebezeuge<\/li>\r\n<li>Hebegurte<\/li>\r\n<\/ul>\r\n<h1>Dienstleistungen f\u00fcr Kr\u00e4ne und Hebezeuge<\/h1>\r\n<p>Wir bieten technische Unterst\u00fctzung f\u00fcr den Entwurf und die Herstellung von kosteneffizienten und zuverl\u00e4ssigen Hebezeugen.<\/p>\r\n<ul>\r\n<li>Schl\u00fcsselfertige Konstruktion von Hebeanlagen<\/li>\r\n<li>Risikoanalyse und Konformit\u00e4tsbewertung<\/li>\r\n<li>Strukturelle Analyse<\/li>\r\n<li>Erstellung von Benutzerhandb\u00fcchern und Wartungshandb\u00fcchern<\/li>\r\n<li>Kontrolle der Dokumentation<\/li>\r\n<li>Auftragen von Beschichtungen und Markierungen<\/li>\r\n<li>Erstellung von Umschlagspl\u00e4nen und Riggarbeiten<\/li>\r\n<li>H\u00e4kchen<\/li>\r\n<li>Planung von Hebevorg\u00e4ngen<\/li>\r\n<\/ul>\r\n<p>Wir bieten auch die \u00dcberpr\u00fcfung des Entwurfs, der Berechnungen und der Verfahren durch Dritte an.<\/p>\r\n<h1>Service und Wartung von Hebezeugen<\/h1>\r\n<p>Wir bieten Service und Wartung, einschlie\u00dflich Zustandsbewertung, Reinigung, Funktionspr\u00fcfung und Reparatur von Absturzsicherungen und Hebezeugen.<\/p>\r\n<p>Wir k\u00f6nnen risikobasierte Inspektionsstrategien und die Analyse von Fehlerm\u00f6glichkeiten, Auswirkungen und Kritikalit\u00e4t einsetzen, um Ihre Wartungsprogramme f\u00fcr Hebezeuge zu optimieren.<\/p>\r\n<p>Kontakt<\/p>\r\n<h3>Unser Expertenteam ist bereit, Ihnen den Einstieg zu erleichtern.<\/h3>\r\n<p>Oceaneering bietet erstklassige Produkte und L\u00f6sungen, die sich durch unvergleichliche Qualit\u00e4t, Zuverl\u00e4ssigkeit und globalen Support auszeichnen. F\u00fcllen Sie das Anfrageformular aus, um noch heute ein Gespr\u00e4ch zu beginnen.<\/p>\r\n<p>\"*\" kennzeichnet Pflichtfelder<\/p>\r\n<form id=\"gform_4\" action=\"\/de\/?page_id=61137&#038;fl_builder#gf_4\" enctype=\"multipart\/form-data\" method=\"post\" target=\"gform_ajax_frame_4\" data-formid=\"4\" data-trp-original-action=\"\/?page_id=61137&amp;fl_builder#gf_4\"><fieldset id=\"field_4_1\" data-js-reload=\"field_4_1\"><legend class=\"gfield_label gform-field-label gfield_label_before_complex\">Name*<\/legend> <input id=\"input_4_1_3\" tabindex=\"201\" name=\"input_1.3\" type=\"text\" value=\"\" aria-required=\"true\" \/> <label class=\"gform-field-label gform-field-label--type-sub\" for=\"input_4_1_3\">Erste<\/label> <input id=\"input_4_1_6\" tabindex=\"203\" name=\"input_1.6\" type=\"text\" value=\"\" aria-required=\"true\" \/> <label class=\"gform-field-label gform-field-label--type-sub\" for=\"input_4_1_6\">Zuletzt<\/label><\/fieldset><label class=\"gfield_label gform-field-label\" for=\"input_4_4\">Telefon*<\/label><input id=\"input_4_4\" class=\"large\" tabindex=\"205\" name=\"input_4\" type=\"text\" value=\"\" aria-required=\"true\" aria-invalid=\"false\" \/><label class=\"gfield_label gform-field-label\" for=\"input_4_3\">E-Mail*<\/label> <input id=\"input_4_3\" class=\"large\" tabindex=\"206\" name=\"input_3\" type=\"text\" value=\"\" aria-required=\"true\" aria-invalid=\"false\" \/> <label class=\"gfield_label gform-field-label\" for=\"input_4_5\">Eine weitere<\/label><select id=\"input_4_5\" class=\"large gfield_select\" tabindex=\"207\" name=\"input_5\" aria-invalid=\"false\">\r\n<option class=\"gf_placeholder\" selected=\"selected\" value=\"\">W\u00e4hlen Sie eine<\/option>\r\n<option value=\"First Choice\">Erste Wahl<\/option>\r\n<option value=\"Second Choice\">Zweite Wahl<\/option>\r\n<option value=\"Third Choice\">Dritte Wahl<\/option>\r\n<\/select><label class=\"gfield_label gform-field-label\" for=\"input_4_6\">Eine weitere<\/label><select id=\"input_4_6\" class=\"large gfield_select\" tabindex=\"208\" name=\"input_6\" aria-invalid=\"false\">\r\n<option class=\"gf_placeholder\" selected=\"selected\" value=\"\">W\u00e4hlen Sie eine<\/option>\r\n<option value=\"First Choice\">Erste Wahl<\/option>\r\n<option value=\"Second Choice\">Zweite Wahl<\/option>\r\n<option value=\"Third Choice\">Dritte Wahl<\/option>\r\n<\/select><label class=\"gfield_label gform-field-label\" for=\"input_4_7\">Eine weitere<\/label><input id=\"input_4_7\" class=\"large\" tabindex=\"209\" name=\"input_7\" type=\"text\" value=\"\" aria-invalid=\"false\" \/> <label class=\"gfield_label gform-field-label\" for=\"input_4_8\">Eine weitere<\/label><input id=\"input_4_8\" class=\"large\" tabindex=\"210\" name=\"input_8\" type=\"text\" value=\"\" aria-invalid=\"false\" \/>\r\n<p>Lorem ipsum dolor sit amet, consetetur sadipscing elitr, sed diam nonumy eirmod tempor invidunt ut labore et dolore magna aliquyam erat voluptua.<\/p>\r\n<input id=\"gform_submit_button_4\" class=\"gform_button button\" tabindex=\"211\" type=\"submit\" value=\"Angebot anfordern\" \/> <input name=\"gform_ajax\" type=\"hidden\" value=\"form_id=4&amp;title=&amp;description=&amp;tabindex=200\" \/> <input class=\"gform_hidden\" name=\"is_submit_4\" type=\"hidden\" value=\"1\" \/> <input class=\"gform_hidden\" name=\"gform_submit\" type=\"hidden\" value=\"4\" \/> <input class=\"gform_hidden\" name=\"gform_unique_id\" type=\"hidden\" value=\"\" \/> <input class=\"gform_hidden\" name=\"state_4\" type=\"hidden\" value=\"WyJ7XCI1XCI6W1wiZGYzN2E2ZTliYzJkYTVlMjU5ZDBmNDMwMTdlYjVhMGVcIixcImZhNGEwM2ZkMGU0YmYxOGMzYzM3NDhmYWZmMGIzYmJkXCIsXCIxMTAzYTVhMmJlZjQ3NWI5MjRhMmZmYTMyYTNhNzM1N1wiXSxcIjZcIjpbXCJkZjM3YTZlOWJjMmRhNWUyNTlkMGY0MzAxN2ViNWEwZVwiLFwiZmE0YTAzZmQwZTRiZjE4YzNjMzc0OGZhZmYwYjNiYmRcIixcIjExMDNhNWEyYmVmNDc1YjkyNGEyZmZhMzJhM2E3MzU3XCJdfSIsImExMTE4N2U4YmFkMGY5NmE2ZTIxYTQxYTMyMDZjM2E4Il0=\" \/> <input id=\"gform_target_page_number_4\" class=\"gform_hidden\" name=\"gform_target_page_number_4\" type=\"hidden\" value=\"0\" \/> <input id=\"gform_source_page_number_4\" class=\"gform_hidden\" name=\"gform_source_page_number_4\" type=\"hidden\" value=\"1\" \/> <input name=\"gform_field_values\" type=\"hidden\" value=\"\" \/>\r\n<p><label>\u0394<textarea cols=\"45\" maxlength=\"100\" name=\"ak_hp_textarea\" rows=\"8\"><\/textarea><\/label><input id=\"ak_js_1\" name=\"ak_js\" type=\"hidden\" value=\"17\" \/><\/p>\r\n<input type=\"hidden\" name=\"trp-form-language\" value=\"de\"\/><\/form>\r\n<p><iframe id=\"gform_ajax_frame_4\" style=\"display: none; width: 0px; height: 0px;\" title=\"Dieser iframe enth\u00e4lt die Logik, die f\u00fcr die Handhabung von Ajax-gesteuerten Gravity-Formularen erforderlich ist.\" src=\"about:blank\" name=\"gform_ajax_frame_4\"><\/iframe><\/p>","protected":false},"excerpt":{"rendered":"<p>Pr\u00fcfung und Qualifizierung von Kr\u00e4nen und Hebezeugen Wir bieten umfassende Dienstleistungen f\u00fcr die Inspektion, Pr\u00fcfung durch Dritte und Zertifizierung von Kr\u00e4nen und Hebezeugen, sowohl an Land als auch auf See. Weitere Informationen finden Sie auf unserer norwegischen Microsite f\u00fcr Krane und Hebezeuge Inspektion, \u00dcberpr\u00fcfung durch Dritte und Zertifizierung Wir f\u00fchren erste Zustandserhebungen, Bewertungen der Ausr\u00fcstung, Zustandsbewertungen und regelm\u00e4\u00dfige Inspektionen durch, um ... <a title=\"Kran und Heben\" class=\"read-more\" href=\"https:\/\/www.oceaneering.com\/de\/asset-integrity-management\/inspection\/crane-lifting\/\" aria-label=\"Mehr Informationen \u00fcber Krane und Hebezeuge\">Weiterlesen ...<\/a><\/p>","protected":false},"author":20,"featured_media":0,"parent":59820,"menu_order":75,"comment_status":"closed","ping_status":"closed","template":"","meta":{"_acf_changed":false,"footnotes":"","_links_to":"","_links_to_target":""},"product_category":[1205,1206],"search_tags":[1800,1367],"class_list":["post-61137","page","type-page","status-publish","product_category-asset-integrity-management","product_category-in-service-inspection","search_tags-asset-integrity","search_tags-inspection"],"acf":[],"aioseo_notices":[],"_links":{"self":[{"href":"https:\/\/www.oceaneering.com\/de\/wp-json\/wp\/v2\/pages\/61137","targetHints":{"allow":["GET"]}}],"collection":[{"href":"https:\/\/www.oceaneering.com\/de\/wp-json\/wp\/v2\/pages"}],"about":[{"href":"https:\/\/www.oceaneering.com\/de\/wp-json\/wp\/v2\/types\/page"}],"author":[{"embeddable":true,"href":"https:\/\/www.oceaneering.com\/de\/wp-json\/wp\/v2\/users\/20"}],"replies":[{"embeddable":true,"href":"https:\/\/www.oceaneering.com\/de\/wp-json\/wp\/v2\/comments?post=61137"}],"version-history":[{"count":1,"href":"https:\/\/www.oceaneering.com\/de\/wp-json\/wp\/v2\/pages\/61137\/revisions"}],"predecessor-version":[{"id":79323,"href":"https:\/\/www.oceaneering.com\/de\/wp-json\/wp\/v2\/pages\/61137\/revisions\/79323"}],"up":[{"embeddable":true,"href":"https:\/\/www.oceaneering.com\/de\/wp-json\/wp\/v2\/pages\/59820"}],"wp:attachment":[{"href":"https:\/\/www.oceaneering.com\/de\/wp-json\/wp\/v2\/media?parent=61137"}],"wp:term":[{"taxonomy":"product_category","embeddable":true,"href":"https:\/\/www.oceaneering.com\/de\/wp-json\/wp\/v2\/product_category?post=61137"},{"taxonomy":"search_tags","embeddable":true,"href":"https:\/\/www.oceaneering.com\/de\/wp-json\/wp\/v2\/search_tags?post=61137"}],"curies":[{"name":"wp","href":"https:\/\/api.w.org\/{rel}","templated":true}]}}