{"id":61136,"date":"2023-11-09T08:46:58","date_gmt":"2023-11-09T13:46:58","guid":{"rendered":"https:\/\/oceaneering.com\/asset-integrity\/in-service-inspection\/conventional-ndt\/"},"modified":"2026-01-22T01:49:01","modified_gmt":"2026-01-22T07:49:01","slug":"conventional-ndt","status":"publish","type":"page","link":"https:\/\/www.oceaneering.com\/de\/asset-integrity-management\/inspection\/conventional-ndt\/","title":{"rendered":"Konventionelle ZfP"},"content":{"rendered":"<p><a href=\"\/de\/asset-integrity\/#contact\" target=\"_self\" rel=\"noopener\"> Ein Projekt besprechen <\/a><\/p>\r\n<h1>Konventionelle zerst\u00f6rungsfreie Pr\u00fcfung<\/h1>\r\n<p>Ihr Verm\u00f6gen ist in erfahrenen H\u00e4nden, wenn Sie uns mit der Erbringung von Inspektionsdienstleistungen beauftragen.<\/p>\r\n<h2>Schluss mit dem R\u00e4tselraten<\/h2>\r\n<p>Von der Identifizierung von Schwei\u00dfnahtfehlern bis zur Bewertung von Schwankungen der strukturellen Eigenschaften haben wir eine L\u00f6sung.<\/p>\r\n<p>Die konventionelle zerst\u00f6rungsfreie Pr\u00fcfung (ZfP) dient seit langem als Ausgangspunkt f\u00fcr die Feststellung oder Bewertung des Zustands von Anlagen. Unsere weltweite Pr\u00e4senz, einschlie\u00dflich unserer Techniker und praxiserprobten L\u00f6sungen, erf\u00fcllt Ihre Anforderungen an die zerst\u00f6rungsfreie Pr\u00fcfung. Wir bieten L\u00f6sungen f\u00fcr neu errichtete Anlagen, bestehende Infrastrukturen und Stilllegungsaktivit\u00e4ten, indem wir die geeigneten Methoden f\u00fcr jede Anwendung ermitteln.<\/p>\r\n<p><a href=\"https:\/\/oceaneering.canto.com\/download\/document\/h211ujn0hl09v5au7q8dpc5366\/original.pdf\" target=\"_blank\" rel=\"noopener\"> Konventionelle ZfP <\/a><\/p>\r\n<h3>Unsere weltweit einsetzbaren L\u00f6sungen erf\u00fcllen Ihre kritischen und zeitkritischen Anforderungen an die zerst\u00f6rungsfreie Pr\u00fcfung.<\/h3>\r\n<h2>Umfassende Programme zur Zustands\u00fcberwachung<\/h2>\r\n<p>Strategische, intervallbasierte L\u00f6sungen<\/p>\r\n<p>Durch den Einsatz fortschrittlicher Technologien zur Zustands\u00fcberwachung erm\u00f6glichen wir Ihnen einen wertsch\u00f6pfenden, kontinuierlichen \u00dcberblick \u00fcber Ihre Anlagen. Wir nutzen die Datenerfassung fortlaufend und in definierten Intervallen, um sicherzustellen, dass Sie die gesetzlichen Anforderungen mit dem effizientesten und sichersten Ansatz erf\u00fcllen.<\/p>\r\n<ul>\r\n<li>Verringerung des Sicherheitsrisikos<\/li>\r\n<li>Reduzieren Sie das Personal an Bord (POB)<\/li>\r\n<li>Bessere Nutzung der Inspektionsressourcen<\/li>\r\n<li>Kontinuierliche \u00dcberwachung von bekannten Problembereichen und Anomalien<\/li>\r\n<li>\u00dcberwachung und Inspektion von schwer zug\u00e4nglichen Stellen<\/li>\r\n<li>Verringerung der Kosten f\u00fcr Wiederholungspr\u00fcfungen<\/li>\r\n<\/ul>\r\n<h1>Kontakt<\/h1>\r\n<h2>Unser Expertenteam ist bereit, Ihnen den Einstieg zu erleichtern.<\/h2>\r\n<p>Oceaneering bietet erstklassige Produkte und L\u00f6sungen, die sich durch unvergleichliche Qualit\u00e4t, Zuverl\u00e4ssigkeit und globalen Support auszeichnen. F\u00fcllen Sie das Anfrageformular aus, um noch heute ein Gespr\u00e4ch zu beginnen.<\/p>","protected":false},"excerpt":{"rendered":"<p>Projekt besprechen Konventionelle zerst\u00f6rungsfreie Pr\u00fcfung Ihre Anlagen sind in erfahrenen H\u00e4nden, wenn Sie uns Inspektionsdienstleistungen anvertrauen. Schluss mit dem R\u00e4tselraten Von der Identifizierung von Schwei\u00dfnahtfehlern bis hin zur Bewertung von Ver\u00e4nderungen der strukturellen Eigenschaften - wir haben eine L\u00f6sung. Die konventionelle zerst\u00f6rungsfreie Pr\u00fcfung (ZfP) dient seit langem als Ausgangspunkt f\u00fcr die Feststellung oder Bewertung des Zustands von ... <a title=\"Konventionelle ZfP\" class=\"read-more\" href=\"https:\/\/www.oceaneering.com\/de\/asset-integrity-management\/inspection\/conventional-ndt\/\" aria-label=\"Mehr Informationen \u00fcber konventionelle ZfP\">Weiterlesen ...<\/a><\/p>","protected":false},"author":20,"featured_media":0,"parent":59820,"menu_order":74,"comment_status":"closed","ping_status":"closed","template":"","meta":{"_acf_changed":false,"footnotes":"","_links_to":"","_links_to_target":""},"product_category":[1205,1206],"search_tags":[1800,1367],"class_list":["post-61136","page","type-page","status-publish","product_category-asset-integrity-management","product_category-in-service-inspection","search_tags-asset-integrity","search_tags-inspection"],"acf":[],"aioseo_notices":[],"_links":{"self":[{"href":"https:\/\/www.oceaneering.com\/de\/wp-json\/wp\/v2\/pages\/61136","targetHints":{"allow":["GET"]}}],"collection":[{"href":"https:\/\/www.oceaneering.com\/de\/wp-json\/wp\/v2\/pages"}],"about":[{"href":"https:\/\/www.oceaneering.com\/de\/wp-json\/wp\/v2\/types\/page"}],"author":[{"embeddable":true,"href":"https:\/\/www.oceaneering.com\/de\/wp-json\/wp\/v2\/users\/20"}],"replies":[{"embeddable":true,"href":"https:\/\/www.oceaneering.com\/de\/wp-json\/wp\/v2\/comments?post=61136"}],"version-history":[{"count":1,"href":"https:\/\/www.oceaneering.com\/de\/wp-json\/wp\/v2\/pages\/61136\/revisions"}],"predecessor-version":[{"id":79316,"href":"https:\/\/www.oceaneering.com\/de\/wp-json\/wp\/v2\/pages\/61136\/revisions\/79316"}],"up":[{"embeddable":true,"href":"https:\/\/www.oceaneering.com\/de\/wp-json\/wp\/v2\/pages\/59820"}],"wp:attachment":[{"href":"https:\/\/www.oceaneering.com\/de\/wp-json\/wp\/v2\/media?parent=61136"}],"wp:term":[{"taxonomy":"product_category","embeddable":true,"href":"https:\/\/www.oceaneering.com\/de\/wp-json\/wp\/v2\/product_category?post=61136"},{"taxonomy":"search_tags","embeddable":true,"href":"https:\/\/www.oceaneering.com\/de\/wp-json\/wp\/v2\/search_tags?post=61136"}],"curies":[{"name":"wp","href":"https:\/\/api.w.org\/{rel}","templated":true}]}}