{"id":61135,"date":"2023-11-09T08:46:57","date_gmt":"2023-11-09T13:46:57","guid":{"rendered":"https:\/\/oceaneering.com\/asset-integrity\/in-service-inspection\/advanced-ndt\/"},"modified":"2025-10-24T02:29:42","modified_gmt":"2025-10-24T07:29:42","slug":"advanced-ndt","status":"publish","type":"page","link":"https:\/\/www.oceaneering.com\/de\/asset-integrity-management\/inspection\/advanced-ndt\/","title":{"rendered":"Fortgeschrittene NDT"},"content":{"rendered":"<h1>Fortgeschrittene ZfP: Spezialisierte Inspektion<\/h1>\r\n<p>Wir erf\u00fcllen Ihre komplexen Inspektionsanforderungen durch den Einsatz branchenf\u00fchrender, fortschrittlicher zerst\u00f6rungsfreier Pr\u00fcf- und Inspektionstechnologien (NDT). Unsere hochmoderne Ausr\u00fcstung und unsere erfahrenen, multidisziplin\u00e4ren und kompetenten Techniker stellen sicher, dass Ihre Anforderungen erf\u00fcllt werden, unabh\u00e4ngig von der Art der Anomalie oder der Ausr\u00fcstung.<\/p>\r\n<h2>Spezialisierte Anliegen. Spezielle L\u00f6sungen.<\/h2>\r\n<p>Wir bieten Ihnen die Technologien, die Sie ben\u00f6tigen, um Ihren Bedarf an spezialisierten Inspektionsl\u00f6sungen f\u00fcr g\u00e4ngige und neue Integrit\u00e4tsprobleme zu decken.<\/p>\r\n<ul>\r\n<li>Korrosion unter der Isolierung<\/li>\r\n<li>Nicht-intrusive Inspektion<\/li>\r\n<li>Korrosionsschorf<\/li>\r\n<li>Korrosion unter Rohrhalterungen (CUPS)<\/li>\r\n<li>Kontinuierliche \u00dcberwachung der Verm\u00f6genswerte<\/li>\r\n<li>Fern\u00fcberwachung des Zustands<\/li>\r\n<\/ul>\r\n<h2>Wir bieten fortschrittliche Inspektionsl\u00f6sungen, die den vielf\u00e4ltigen Anforderungen der Industrie gerecht werden.<\/h2>\r\n<ul>\r\n<li>Rohrleitungssysteme<\/li>\r\n<li>Rohre mit kleinem Durchmesser<\/li>\r\n<li>Flanschfl\u00e4chen<\/li>\r\n<li>W\u00e4rmetauscher und Kondensatoren<\/li>\r\n<li>Maritime Einrichtungen und schwimmende Produktions-, Lager- und Entladeeinheiten (FPSO)<\/li>\r\n<li>R\u00fcmpfe<\/li>\r\n<li>Steigleitungen, Rohrhalterungen und kritische Infrastruktur in der Spritzwasserzone<\/li>\r\n<li>Infrastruktur f\u00fcr erneuerbare und nukleare Energien<\/li>\r\n<li>Lagertanks, Beh\u00e4lter und Kugeln<\/li>\r\n<\/ul>\r\n<h2>Fortgeschrittene NDT- und Inspektionskapazit\u00e4ten<\/h2>\r\n<p>Von der Inspektion von Standardger\u00e4ten bis hin zu komplexen Geometrien bieten wir Ihnen die L\u00f6sungen, die Sie f\u00fcr die Erfassung von Daten ben\u00f6tigen, um fundierte Entscheidungen zu treffen.<\/p>\r\n<p>H\u00e4ufig eingesetzte fortschrittliche NDT-Technologien*<\/p>\r\n<ul>\r\n<li>Wechselfeldstrommessung (ACFM)<\/li>\r\n<li>Automatisierte und halbautomatische Ultraschallabtastung<\/li>\r\n<li>Austenitische Schwei\u00dfnahtpr\u00fcfung<\/li>\r\n<li>Korrosionskartierung<\/li>\r\n<li>Computertomographie und digitale Radiographie<\/li>\r\n<li>Ultraschallpr\u00fcfung mit gef\u00fchrter Welle<\/li>\r\n<li>Multi-SKIP-Ultraschallpr\u00fcfung (M-SKIP)<\/li>\r\n<li>Phased-Array-Ultraschallpr\u00fcfung<\/li>\r\n<li>Gepulste Wirbelstrompr\u00fcfung (PEC und Lyft)<\/li>\r\n<li>Flugzeitbeugung (TOFD)<\/li>\r\n<li><a href=\"https:\/\/www.trnd.tech\/\" target=\"_blank\" rel=\"noopener\">TRND-System<\/a> - L\u00f6sung zur Korrosions\u00fcberwachung<\/li>\r\n<\/ul>\r\n<p><a href=\"https:\/\/oceaneering.canto.com\/download\/document\/2qh6j0v85p1179nc8752732p1s\/original.pdf\" target=\"_blank\" rel=\"noopener\"> TRND Brosch\u00fcre - Erfahren Sie mehr \u00fcber unsere neueste Zusammenarbeit <\/a><\/p>\r\n<p>*Diese Liste ist nicht ersch\u00f6pfend. Wenden Sie sich an asset-integrity@oceaneering.com, um weitere Informationen dar\u00fcber zu erhalten, wie wir Ihre Anforderungen erf\u00fcllen k\u00f6nnen.<\/p>\r\n<h2>Zweckbestimmte Validierungs- und Kompetenzzentren<\/h2>\r\n<p>Fortschrittliche Technologie und wachsende F\u00e4higkeiten<\/p>\r\n<p>Unsere regionalen Kompetenzzentren konzentrieren sich auf die Entwicklung und Gestaltung der Zukunft der ZfP-Technologie. Wir l\u00f6sen das Unwahrscheinliche mit innovativen, qualifizierten und validierten L\u00f6sungen.<\/p>\r\n<p><img loading=\"lazy\" decoding=\"async\" title=\"DSC0245811\" src=\"https:\/\/oceaneering.com\/wp-content\/uploads\/2023\/11\/DSC0245811-640x360.jpg\" alt=\"DSC0245811\" width=\"640\" height=\"360\" \/> Unsere Validierungs- und Kompetenzzentren bieten Validierungsdienste f\u00fcr neue Technologien an, sobald diese auf den Markt kommen, und stellen sicher, dass die Betreiber in der Lage sind, Inspektionsdienste weltweit durchzuf\u00fchren.<\/p>\r\n<ul>\r\n<li>Vollst\u00e4ndig konforme, nicht standardisierte NDT-Dienstleistungen, die vom United Kingdom Accreditation Service (UKAS) akkreditiert sind<\/li>\r\n<li>Unterst\u00fctzung globaler Operationen mit hochqualifiziertem Personal und moderner Ausr\u00fcstung<\/li>\r\n<li>Bereitstellung von Fachleuten f\u00fcr Beratung und Konsultation<\/li>\r\n<li>Bewertung, Validierung und Schulung f\u00fcr neue Technologien<\/li>\r\n<li>Entwicklung neuer Anwendungen f\u00fcr bestehende Technologien<\/li>\r\n<li>Unabh\u00e4ngige Bewertung und Validierung fortschrittlicher ZfP-Pr\u00fcfmethoden<\/li>\r\n<li>Schulungen zur Erkennung von M\u00e4ngeln in alternden, in Betrieb befindlichen Anlagen anbieten<\/li>\r\n<li>Bereitstellung von Kompetenzzertifikaten, wenn Qualifikationen von Dritten nicht verf\u00fcgbar sind<\/li>\r\n<\/ul>\r\n<p>Kontakt<\/p>\r\n<h3>Unser Expertenteam ist bereit, Ihnen den Einstieg zu erleichtern.<\/h3>\r\n<p>Oceaneering bietet erstklassige Produkte und L\u00f6sungen, die sich durch unvergleichliche Qualit\u00e4t, Zuverl\u00e4ssigkeit und globalen Support auszeichnen. F\u00fcllen Sie das Anfrageformular aus, um noch heute ein Gespr\u00e4ch zu beginnen.<\/p>\r\n<p>\"*\" kennzeichnet Pflichtfelder<\/p>\r\n<form id=\"gform_4\" action=\"\/de\/?page_id=61135&#038;fl_builder#gf_4\" enctype=\"multipart\/form-data\" method=\"post\" target=\"gform_ajax_frame_4\" data-formid=\"4\" data-trp-original-action=\"\/?page_id=61135&amp;fl_builder#gf_4\"><fieldset id=\"field_4_1\" data-js-reload=\"field_4_1\"><legend class=\"gfield_label gform-field-label gfield_label_before_complex\">Name*<\/legend> <input id=\"input_4_1_3\" tabindex=\"201\" name=\"input_1.3\" type=\"text\" value=\"\" aria-required=\"true\" \/> <label class=\"gform-field-label gform-field-label--type-sub\" for=\"input_4_1_3\">Erste<\/label> <input id=\"input_4_1_6\" tabindex=\"203\" name=\"input_1.6\" type=\"text\" value=\"\" aria-required=\"true\" \/> <label class=\"gform-field-label gform-field-label--type-sub\" for=\"input_4_1_6\">Zuletzt<\/label><\/fieldset><label class=\"gfield_label gform-field-label\" for=\"input_4_4\">Telefon*<\/label><input id=\"input_4_4\" class=\"large\" tabindex=\"205\" name=\"input_4\" type=\"text\" value=\"\" aria-required=\"true\" aria-invalid=\"false\" \/><label class=\"gfield_label gform-field-label\" for=\"input_4_3\">E-Mail*<\/label> <input id=\"input_4_3\" class=\"large\" tabindex=\"206\" name=\"input_3\" type=\"text\" value=\"\" aria-required=\"true\" aria-invalid=\"false\" \/> <label class=\"gfield_label gform-field-label\" for=\"input_4_5\">Eine weitere<\/label><select id=\"input_4_5\" class=\"large gfield_select\" tabindex=\"207\" name=\"input_5\" aria-invalid=\"false\">\r\n<option class=\"gf_placeholder\" selected=\"selected\" value=\"\">W\u00e4hlen Sie eine<\/option>\r\n<option value=\"First Choice\">Erste Wahl<\/option>\r\n<option value=\"Second Choice\">Zweite Wahl<\/option>\r\n<option value=\"Third Choice\">Dritte Wahl<\/option>\r\n<\/select><label class=\"gfield_label gform-field-label\" for=\"input_4_6\">Eine weitere<\/label><select id=\"input_4_6\" class=\"large gfield_select\" tabindex=\"208\" name=\"input_6\" aria-invalid=\"false\">\r\n<option class=\"gf_placeholder\" selected=\"selected\" value=\"\">W\u00e4hlen Sie eine<\/option>\r\n<option value=\"First Choice\">Erste Wahl<\/option>\r\n<option value=\"Second Choice\">Zweite Wahl<\/option>\r\n<option value=\"Third Choice\">Dritte Wahl<\/option>\r\n<\/select><label class=\"gfield_label gform-field-label\" for=\"input_4_7\">Eine weitere<\/label><input id=\"input_4_7\" class=\"large\" tabindex=\"209\" name=\"input_7\" type=\"text\" value=\"\" aria-invalid=\"false\" \/> <label class=\"gfield_label gform-field-label\" for=\"input_4_8\">Eine weitere<\/label><input id=\"input_4_8\" class=\"large\" tabindex=\"210\" name=\"input_8\" type=\"text\" value=\"\" aria-invalid=\"false\" \/>\r\n<p>Lorem ipsum dolor sit amet, consetetur sadipscing elitr, sed diam nonumy eirmod tempor invidunt ut labore et dolore magna aliquyam erat voluptua.<\/p>\r\n<input id=\"gform_submit_button_4\" class=\"gform_button button\" tabindex=\"211\" type=\"submit\" value=\"Angebot anfordern\" \/> <input name=\"gform_ajax\" type=\"hidden\" value=\"form_id=4&amp;title=&amp;description=&amp;tabindex=200\" \/> <input class=\"gform_hidden\" name=\"is_submit_4\" type=\"hidden\" value=\"1\" \/> <input class=\"gform_hidden\" name=\"gform_submit\" type=\"hidden\" value=\"4\" \/> <input class=\"gform_hidden\" name=\"gform_unique_id\" type=\"hidden\" value=\"\" \/> <input class=\"gform_hidden\" name=\"state_4\" type=\"hidden\" value=\"WyJ7XCI1XCI6W1wiZGYzN2E2ZTliYzJkYTVlMjU5ZDBmNDMwMTdlYjVhMGVcIixcImZhNGEwM2ZkMGU0YmYxOGMzYzM3NDhmYWZmMGIzYmJkXCIsXCIxMTAzYTVhMmJlZjQ3NWI5MjRhMmZmYTMyYTNhNzM1N1wiXSxcIjZcIjpbXCJkZjM3YTZlOWJjMmRhNWUyNTlkMGY0MzAxN2ViNWEwZVwiLFwiZmE0YTAzZmQwZTRiZjE4YzNjMzc0OGZhZmYwYjNiYmRcIixcIjExMDNhNWEyYmVmNDc1YjkyNGEyZmZhMzJhM2E3MzU3XCJdfSIsImExMTE4N2U4YmFkMGY5NmE2ZTIxYTQxYTMyMDZjM2E4Il0=\" \/> <input id=\"gform_target_page_number_4\" class=\"gform_hidden\" name=\"gform_target_page_number_4\" type=\"hidden\" value=\"0\" \/> <input id=\"gform_source_page_number_4\" class=\"gform_hidden\" name=\"gform_source_page_number_4\" type=\"hidden\" value=\"1\" \/> <input name=\"gform_field_values\" type=\"hidden\" value=\"\" \/>\r\n<p><label>\u0394<textarea cols=\"45\" maxlength=\"100\" name=\"ak_hp_textarea\" rows=\"8\"><\/textarea><\/label><input id=\"ak_js_1\" name=\"ak_js\" type=\"hidden\" value=\"130\" \/><\/p>\r\n<input type=\"hidden\" name=\"trp-form-language\" value=\"de\"\/><\/form>\r\n<p><iframe id=\"gform_ajax_frame_4\" style=\"display: none; width: 0px; height: 0px;\" title=\"Dieser iframe enth\u00e4lt die Logik, die f\u00fcr die Handhabung von Ajax-gesteuerten Gravity-Formularen erforderlich ist.\" src=\"about:blank\" name=\"gform_ajax_frame_4\"><\/iframe><\/p>","protected":false},"excerpt":{"rendered":"<p>Fortgeschrittene zerst\u00f6rungsfreie Pr\u00fcfung (ZfP): Spezialisierte Inspektion Wir erf\u00fcllen Ihre komplexen Inspektionsanforderungen durch den Einsatz von branchenf\u00fchrender, fortgeschrittener zerst\u00f6rungsfreier Pr\u00fcfung (ZfP) und Inspektionstechnologie. Unsere hochmoderne Ausr\u00fcstung und unsere erfahrenen, multidisziplin\u00e4ren und kompetenten Techniker stellen sicher, dass Ihre Anforderungen erf\u00fcllt werden, unabh\u00e4ngig von der Art der Anomalie oder der Ausr\u00fcstung. Spezialisierte Anliegen. Spezialisierte L\u00f6sungen. Wir bieten die Technologien, die Sie f\u00fcr Ihre speziellen Anforderungen ben\u00f6tigen ... <a title=\"Fortgeschrittene NDT\" class=\"read-more\" href=\"https:\/\/www.oceaneering.com\/de\/asset-integrity-management\/inspection\/advanced-ndt\/\" aria-label=\"Mehr Informationen \u00fcber Advanced NDT\">Weiterlesen ...<\/a><\/p>","protected":false},"author":20,"featured_media":0,"parent":59820,"menu_order":73,"comment_status":"closed","ping_status":"closed","template":"","meta":{"_acf_changed":false,"footnotes":"","_links_to":"","_links_to_target":""},"product_category":[1205,1206],"search_tags":[1800],"class_list":["post-61135","page","type-page","status-publish","product_category-asset-integrity-management","product_category-in-service-inspection","search_tags-asset-integrity"],"acf":[],"aioseo_notices":[],"_links":{"self":[{"href":"https:\/\/www.oceaneering.com\/de\/wp-json\/wp\/v2\/pages\/61135","targetHints":{"allow":["GET"]}}],"collection":[{"href":"https:\/\/www.oceaneering.com\/de\/wp-json\/wp\/v2\/pages"}],"about":[{"href":"https:\/\/www.oceaneering.com\/de\/wp-json\/wp\/v2\/types\/page"}],"author":[{"embeddable":true,"href":"https:\/\/www.oceaneering.com\/de\/wp-json\/wp\/v2\/users\/20"}],"replies":[{"embeddable":true,"href":"https:\/\/www.oceaneering.com\/de\/wp-json\/wp\/v2\/comments?post=61135"}],"version-history":[{"count":1,"href":"https:\/\/www.oceaneering.com\/de\/wp-json\/wp\/v2\/pages\/61135\/revisions"}],"predecessor-version":[{"id":79324,"href":"https:\/\/www.oceaneering.com\/de\/wp-json\/wp\/v2\/pages\/61135\/revisions\/79324"}],"up":[{"embeddable":true,"href":"https:\/\/www.oceaneering.com\/de\/wp-json\/wp\/v2\/pages\/59820"}],"wp:attachment":[{"href":"https:\/\/www.oceaneering.com\/de\/wp-json\/wp\/v2\/media?parent=61135"}],"wp:term":[{"taxonomy":"product_category","embeddable":true,"href":"https:\/\/www.oceaneering.com\/de\/wp-json\/wp\/v2\/product_category?post=61135"},{"taxonomy":"search_tags","embeddable":true,"href":"https:\/\/www.oceaneering.com\/de\/wp-json\/wp\/v2\/search_tags?post=61135"}],"curies":[{"name":"wp","href":"https:\/\/api.w.org\/{rel}","templated":true}]}}