{"id":61133,"date":"2023-11-09T08:44:13","date_gmt":"2023-11-09T13:44:13","guid":{"rendered":"https:\/\/oceaneering.com\/intervention-tooling\/subsea-engineered-solutions\/"},"modified":"2025-10-24T02:46:48","modified_gmt":"2025-10-24T07:46:48","slug":"subsea-engineered-solutions","status":"publish","type":"page","link":"https:\/\/www.oceaneering.com\/de\/intervention-tooling\/subsea-engineered-solutions\/","title":{"rendered":"Unterwassertechnische L\u00f6sungen"},"content":{"rendered":"<p><a href=\"https:\/\/www.oceaneering.com\/de\/intervention-tooling\/#contact\" target=\"_self\" rel=\"noopener\"> Ein Projekt besprechen <\/a><\/p>\r\n<h1>Unterwassertechnische L\u00f6sungen<\/h1>\r\n<p>Komplexe Herausforderungen verlangen nach kreativen L\u00f6sungen. Von routinem\u00e4\u00dfigen bis hin zu extremen Unterwasserumgebungen erf\u00fcllt Oceaneering die strengsten Anforderungen und einzigartigen Spezifikationen unserer Kunden und liefert innovative L\u00f6sungen, die die Gesamtbetriebskosten senken.<\/p>\r\n<p>Durch unser technisches und mechanisches Projektmanagement und die schnelle Produktentwicklung schafft Oceaneering branchenf\u00fchrende technische L\u00f6sungen. Mit \u00fcber 40 Jahren Erfahrung sind unsere hauseigenen Design- und Ingenieurteams Experten f\u00fcr die L\u00f6sung von Herausforderungen in der Branche.<\/p>\r\n<h2>Produktentwicklung<\/h2>\r\n<p>Oceaneering bietet neue, zuverl\u00e4ssige Produkte f\u00fcr die gesamte Lebensdauer des Feldes, die die Kosten f\u00fcr Installation und Betrieb f\u00fcr unsere Kunden senken. Wir haben ein umfassendes Angebot an Ger\u00e4ten und L\u00f6sungen entwickelt, die den erforderlichen Normen und Vorschriften weltweit entsprechen.<\/p>\r\n<p><img loading=\"lazy\" decoding=\"async\" title=\"Technik4\" src=\"https:\/\/oceaneering.com\/wp-content\/uploads\/2023\/11\/Engineering4.png\" alt=\"Engineering4\" width=\"1100\" height=\"495\" \/> Unser umfangreiches Wissen \u00fcber den Unterwasserbetrieb und unsere Bausteine geben uns ein einzigartiges Verst\u00e4ndnis f\u00fcr die Bed\u00fcrfnisse unserer Kunden im Unterwasserbereich.<\/p>\r\n<p>Unsere hauseigene Produktentwicklung bietet Unterst\u00fctzung vom Konzept bis hin zum fertigen, qualifizierten Fertigungsprodukt. Oceaneering liefert hochwertige und zeitnahe Produkte mit dem Ziel, die Erwartungen der Kunden zu \u00fcbertreffen.<\/p>\r\n<p>Typische L\u00f6sungen:<\/p>\r\n<ul>\r\n<li>Anwendungen zur Unterst\u00fctzung von Unterwasser-Produktionssystemen (SPS)<\/li>\r\n<li>Pakete mit Werkzeugen f\u00fcr den Einbau von Ankern<\/li>\r\n<li>Ma\u00dfgeschneiderte Abdichtungs- und Vortriebsl\u00f6sungen<\/li>\r\n<li>ROV-Eingriffswerkzeug f\u00fcr Unterwasser-Hardware<\/li>\r\n<li>Projektspezifische Ausr\u00fcstung<\/li>\r\n<li>Standardausr\u00fcstung und -teile<\/li>\r\n<\/ul>\r\n<h2>Ma\u00dfgeschneiderte Unterwasser-Reparaturl\u00f6sungen<\/h2>\r\n<p>Unsere ma\u00dfgeschneiderten Unterwasser-Reparaturl\u00f6sungen erm\u00f6glichen den Betrieb unter Aufrechterhaltung der Produktion und der Systemintegrit\u00e4t. Mit \u00fcber 350 qualifizierten Ingenieuren und Betriebsexperten sind wir dank unseres umfangreichen Portfolios und unserer Erfahrung in der Lage, geplante und ungeplante Unterwasser-Eingriffsprojekte schnell und kosteneffizient zu l\u00f6sen.<\/p>\r\n<p><img loading=\"lazy\" decoding=\"async\" title=\"Rotator_093-1360x2048\" src=\"https:\/\/oceaneering.com\/wp-content\/uploads\/2023\/11\/Rotator_093-1360x2048-1.jpeg\" alt=\"Rotator_093-1360x2048\" width=\"1360\" height=\"2048\" \/><\/p>\r\n<h2>Wir bieten vollst\u00e4ndig integrierte Projektmanagement- und Engineering-L\u00f6sungen f\u00fcr alle Arten von Unterwasser-Reparaturprojekten:<\/h2>\r\n<ul>\r\n<li>Ventile<\/li>\r\n<li>Unterwasser-Verteilersysteme<\/li>\r\n<li>Klemmen und Verbinder<\/li>\r\n<li>Flansche<\/li>\r\n<li>XT-Anwendungen<\/li>\r\n<li>Verteiler und Strukturen<\/li>\r\n<li>Kontroll-Linien<\/li>\r\n<li>Verteiler und Strukturen<\/li>\r\n<li>Steigleitungen und Kabelkan\u00e4le<\/li>\r\n<li>\u00c4nderungen und Umrechnungen<\/li>\r\n<li>Ad-hoc-Probleml\u00f6sung<\/li>\r\n<\/ul>\r\n<h2>Zentrale Anlaufstelle<\/h2>\r\n<p>Oceaneering bietet kundenspezifische L\u00f6sungen mit lokaler, interner Technik, Pr\u00e4zisionsbearbeitung und Fertigungseinrichtungen. Ein Team von spezialisierten Werkzeugtechnikern und -einrichtungen bietet umfassende interne Standortintegrationstests (SIT) und Werksabnahmepr\u00fcfungen (FAT) an.<\/p>\r\n<p><img loading=\"lazy\" decoding=\"async\" title=\"Bildschirmfoto 2023-11-14 um 3.04.51 Uhr\" src=\"https:\/\/oceaneering.com\/wp-content\/uploads\/2023\/11\/Screen-Shot-2023-11-14-at-3.04.51-PM.png\" alt=\"Screen Shot 2023-11-14 at 3.04.51 PM\" width=\"160\" height=\"122\" \/><\/p>\r\n<h3>Technik<\/h3>\r\n<p>Mehr als 250 Ingenieure k\u00fcmmern sich um Konstruktion, Strukturanalyse, Schnittstellen und Systemintegration f\u00fcr jede Unterwasseranwendung.<\/p>\r\n<p><img loading=\"lazy\" decoding=\"async\" title=\"Bildschirmfoto 2023-11-14 um 3.04.58 Uhr\" src=\"https:\/\/oceaneering.com\/wp-content\/uploads\/2023\/11\/Screen-Shot-2023-11-14-at-3.04.58-PM.png\" alt=\"Screen Shot 2023-11-14 at 3.04.58 PM\" width=\"180\" height=\"120\" \/><\/p>\r\n<h3>Fabrikation<\/h3>\r\n<p>Werkstatt auf Six-Sigma-Niveau mit eigenen Bearbeitungsm\u00f6glichkeiten und hochqualifizierten Technikern.<\/p>\r\n<p><img loading=\"lazy\" decoding=\"async\" title=\"Bildschirmfoto 2023-11-14 um 3.05.11 PM\" src=\"https:\/\/oceaneering.com\/wp-content\/uploads\/2023\/11\/Screen-Shot-2023-11-14-at-3.05.11-PM.png\" alt=\"Screen Shot 2023-11-14 at 3.05.11 PM\" width=\"120\" height=\"122\" \/><\/p>\r\n<h3>Pr\u00fcfung<\/h3>\r\n<p>Hochmoderne Testeinrichtungen f\u00fcr Unterwasser- und Oberwasserausr\u00fcstung.<\/p>\r\n<p><img loading=\"lazy\" decoding=\"async\" title=\"Bildschirmfoto 2023-11-14 um 3.05.18 Uhr\" src=\"https:\/\/oceaneering.com\/wp-content\/uploads\/2023\/11\/Screen-Shot-2023-11-14-at-3.05.18-PM.png\" alt=\"Screen Shot 2023-11-14 at 3.05.18 PM\" width=\"142\" height=\"120\" \/><\/p>\r\n<h3>Service und Wartung<\/h3>\r\n<p>Service, Wartung, Reparatur und Produktlagerung f\u00fcr alle Arten von Unterwasserausr\u00fcstung.<\/p>\r\n<p>ROV-installierbarer Unterwasser-Ultraschall-Durchflussmesser ROV Swagelok Tie-In ROV-installierbarer Unterwasser-Ultraschall-Durchflussmesser<\/p>\r\n<p><strong>\u00dcberblick \u00fcber das Projekt<\/strong><br \/>Auf der Grundlage einer einzigartigen Kundenanforderung entwickelte Oceaneering ein ROV-installierbares Unterwasser-Ultraschall-Durchflussmessger\u00e4t zur Bestimmung der Gasinjektions-Durchflussrate in einem einzelnen Bohrloch vor der K\u00fcste Australiens. Dieses Ger\u00e4t wurde entwickelt, um die Injektion eines Dichtungsmittels in das Bohrloch zu optimieren, indem die Durchflussrate in einem 3-Zoll-Gaslift-Jumper gemessen wurde, der mit dreilagigem Polypropylen (3LPP) beschichtet ist.<\/p>\r\n<p><strong>L\u00f6sung<\/strong><br \/>Ein Oceaneering-Team am Standort Jandakot, Australien, arbeitete mit einem Team lokaler Experten zusammen, um einen Ultraschall-Durchflussmesser erfolgreich zu marinisieren und f\u00fcr die ROV-Installation vorzubereiten. Dazu musste der Durchflussmesser mit einem sicheren und zuverl\u00e4ssigen Befestigungsmechanismus ausgestattet werden.<\/p>\r\n<p>Lesen Sie die vollst\u00e4ndige Fallstudie <a href=\"https:\/\/www.oceaneering.com\/de\/case-studies\/oceaneering-develops-industry-first-rov-installable-subsea-ultrasonic-flowmeter\/\">hier<\/a>.<\/p>\r\n<p>ROV Swagelok-Anbindung<\/p>\r\n<p><strong>Problem<\/strong><br \/>Lineare XT-Ventile in offener Stellung und Verdacht auf Hydratbildung im Ausgleichssystem.<\/p>\r\n<p><strong>Herausforderungen<\/strong><br \/>Das Kompensationssystem bot keine einfache M\u00f6glichkeit f\u00fcr einen ROV-Eingriff, um die Hydrate zu erreichen und abzubauen.<\/p>\r\n<p><strong>L\u00f6sung<\/strong><br \/>Eine \u00be\" Swagelok-Kappe wurde in einem Fittingstapel oberhalb der Sea Chest entdeckt. Es wurde ein ma\u00dfgeschneidertes ROV-Werkzeug entwickelt, um die Swagelok-Kappe zu entfernen und einen kollabierresistenten Schlauch mit einem hei\u00dfen Stich auf dem Fitting zu installieren, wodurch ein Interventionspunkt f\u00fcr die Hydratsanierung geschaffen wurde.<\/p>\r\n<p>Ausgew\u00e4hltes Webinar<\/p>\r\n<h2>Ma\u00dfgeschneiderte L\u00f6sungen f\u00fcr die Reparatur von Unterwasserventilen<\/h2>\r\n<p>Oktober 15, 2020<\/p>\r\n<p>Komplexe Herausforderungen verlangen nach kreativen L\u00f6sungen. Ein Kunde wandte sich an Oceaneering, um defekte Ventile an einem Unterwasser-Sammelrohr zu reparieren. In diesem Webinar werden wir zeigen, wie Oceaneering global zusammengearbeitet hat, von der Konstruktion bis zum Betrieb, um eine innovative L\u00f6sung f\u00fcr diese einzigartige Herausforderung zu finden.<\/p>\r\n<p><a href=\"https:\/\/www.oceaneering.com\/de\/webinars\/creating-bespoke-solutions-for-subsea-valve-repair\/\" target=\"_self\" rel=\"noopener\"> Auf Abruf ansehen <\/a> <img loading=\"lazy\" decoding=\"async\" title=\"Unterwasser-Ventil-Reparatur\" src=\"https:\/\/oceaneering.com\/wp-content\/uploads\/2023\/11\/Subsea-valve-repair.jpeg\" alt=\"Subsea-valve-repair\" width=\"500\" height=\"500\" \/><\/p>\r\n<h1>Kontakt<\/h1>\r\n<h2>Unser Expertenteam ist bereit, Ihnen den Einstieg zu erleichtern.<\/h2>\r\n<p>Oceaneering bietet erstklassige Produkte und L\u00f6sungen, die sich durch unvergleichliche Qualit\u00e4t, Zuverl\u00e4ssigkeit und globalen Support auszeichnen. F\u00fcllen Sie das Anfrageformular aus, um noch heute ein Gespr\u00e4ch zu beginnen.<\/p>","protected":false},"excerpt":{"rendered":"<p>Diskutieren Sie ein Projekt Subsea Engineered Solutions Komplexe Herausforderungen erfordern kreative L\u00f6sungen. Von routinem\u00e4\u00dfigen bis hin zu extremen Unterwasserumgebungen erf\u00fcllt Oceaneering die strengsten Anforderungen und einzigartigen Spezifikationen unserer Kunden, um innovative L\u00f6sungen zu liefern, die die Gesamtbetriebskosten senken. Durch unser technisches und mechanisches Projektmanagement und die schnelle Produktentwicklung schafft Oceaneering branchenf\u00fchrende technische L\u00f6sungen. Mit ... <a title=\"Unterwassertechnische L\u00f6sungen\" class=\"read-more\" href=\"https:\/\/www.oceaneering.com\/de\/intervention-tooling\/subsea-engineered-solutions\/\" aria-label=\"Mehr Informationen \u00fcber Subsea Engineered Solutions\">Weiterlesen ...<\/a><\/p>","protected":false},"author":20,"featured_media":0,"parent":60938,"menu_order":71,"comment_status":"closed","ping_status":"closed","template":"","meta":{"_acf_changed":false,"footnotes":"","_links_to":"","_links_to_target":""},"product_category":[1300],"search_tags":[1715,1812],"class_list":["post-61133","page","type-page","status-publish","product_category-intervention-tooling","search_tags-intervention-tooling","search_tags-subsea-engineered-solutions"],"acf":[],"aioseo_notices":[],"_links":{"self":[{"href":"https:\/\/www.oceaneering.com\/de\/wp-json\/wp\/v2\/pages\/61133","targetHints":{"allow":["GET"]}}],"collection":[{"href":"https:\/\/www.oceaneering.com\/de\/wp-json\/wp\/v2\/pages"}],"about":[{"href":"https:\/\/www.oceaneering.com\/de\/wp-json\/wp\/v2\/types\/page"}],"author":[{"embeddable":true,"href":"https:\/\/www.oceaneering.com\/de\/wp-json\/wp\/v2\/users\/20"}],"replies":[{"embeddable":true,"href":"https:\/\/www.oceaneering.com\/de\/wp-json\/wp\/v2\/comments?post=61133"}],"version-history":[{"count":1,"href":"https:\/\/www.oceaneering.com\/de\/wp-json\/wp\/v2\/pages\/61133\/revisions"}],"predecessor-version":[{"id":79327,"href":"https:\/\/www.oceaneering.com\/de\/wp-json\/wp\/v2\/pages\/61133\/revisions\/79327"}],"up":[{"embeddable":true,"href":"https:\/\/www.oceaneering.com\/de\/wp-json\/wp\/v2\/pages\/60938"}],"wp:attachment":[{"href":"https:\/\/www.oceaneering.com\/de\/wp-json\/wp\/v2\/media?parent=61133"}],"wp:term":[{"taxonomy":"product_category","embeddable":true,"href":"https:\/\/www.oceaneering.com\/de\/wp-json\/wp\/v2\/product_category?post=61133"},{"taxonomy":"search_tags","embeddable":true,"href":"https:\/\/www.oceaneering.com\/de\/wp-json\/wp\/v2\/search_tags?post=61133"}],"curies":[{"name":"wp","href":"https:\/\/api.w.org\/{rel}","templated":true}]}}