{"id":61131,"date":"2023-11-09T08:43:45","date_gmt":"2023-11-09T13:43:45","guid":{"rendered":"https:\/\/oceaneering.com\/wellhead-load-relief\/"},"modified":"2025-10-24T02:50:25","modified_gmt":"2025-10-24T07:50:25","slug":"wellhead-load-relief","status":"publish","type":"page","link":"https:\/\/www.oceaneering.com\/de\/wellhead-load-relief\/","title":{"rendered":"Entlastung des Bohrlochkopfes"},"content":{"rendered":"<p><a href=\"https:\/\/www.oceaneering.com\/de\/intervention-tooling\/#contact\" target=\"_self\" rel=\"noopener\"> Ein Projekt besprechen <\/a><\/p>\r\n<h1>WLR-System (Wellhead Load Relief)<\/h1>\r\n<p>Unser System zur Entlastung des Bohrlochkopfes verringert die Erm\u00fcdung des Bohrlochkopfes, reduziert das HSE-Risiko und vergr\u00f6\u00dfert den verf\u00fcgbaren Platz auf dem Deck.<\/p>\r\n<p>Das WLR-System (Wellhead Load Relief) von Oceaneering ist ein kompaktes, leistungsf\u00e4higes Befestigungssystem f\u00fcr Blowout Preventer (BOP), das sich f\u00fcr Schablonen- und Meeresbodenverankerungen eignet. Durch das Anbinden eines BOP an eine bestehende Struktur auf dem Meeresboden entf\u00e4llt der Bedarf an mehreren Drahtseilen fester L\u00e4nge, wodurch sich der Zeitaufwand und die Kosten f\u00fcr herk\u00f6mmliche Anbindungsvorg\u00e4nge auf der Bohrinsel erheblich verringern.<\/p>\r\n<h2>Vorteile und Merkmale<\/h2>\r\n<ul>\r\n<li>Verringerung der Streuungen auf der Oberseite um 100%<\/li>\r\n<li>Verk\u00fcrzung der Bereitstellungszeit um 50%<\/li>\r\n<li>Verkleinerung der Besatzung um 75%<\/li>\r\n<li>Bietet operative Flexibilit\u00e4t<\/li>\r\n<li>Reduziert die Erm\u00fcdung des Bohrlochkopfes<\/li>\r\n<li>Stabilisiert den BOP<\/li>\r\n<\/ul>\r\n<p><img decoding=\"async\" title=\"website-thumbnail-201986-scaled\" src=\"https:\/\/oceaneering.com\/wp-content\/uploads\/2023\/11\/website-thumbnail-201986-scaled-1-scaled.jpeg\" alt=\"\" \/> Video abspielen <img loading=\"lazy\" decoding=\"async\" title=\"WLR-2\" src=\"https:\/\/oceaneering.com\/wp-content\/uploads\/2023\/11\/WLR-2.png\" alt=\"WLR-2\" width=\"579\" height=\"595\" \/><\/p>\r\n<h2>Eine flexible WLR-L\u00f6sung<\/h2>\r\n<p>Unser WLR-System besteht aus mehreren Windeneinheiten komplett mit Drahtseil, Parks\u00e4ulen und BOP-Klemmen. Die Verankerungspunkte k\u00f6nnen sich je nach vorhandener Infrastruktur und Art des Bohrlochs an der Schablonenstruktur, den Schlammmatten oder der Schutzstruktur befinden. Das System ist an verschiedene BOP-Designs anpassbar. Unser WLR-System wurde entwickelt und wird unterst\u00fctzt durch:<\/p>\r\n<ul>\r\n<li>Dynamische Berechnungen des Haltegurtes<\/li>\r\n<li>Detaillierte Installationsverfahren<\/li>\r\n<li>BOP-Klemmen f\u00fcr Tethers<\/li>\r\n<li>Spannsystem (Winden) mit Last\u00fcberwachung<\/li>\r\n<li>24\/7-Betriebsunterst\u00fctzung<\/li>\r\n<li>Reparatur, Wartung und Lagerung von Ausr\u00fcstung<\/li>\r\n<\/ul>\r\n<h2>Erh\u00f6hte betriebliche Flexibilit\u00e4t<\/h2>\r\n<p>Unser WLR-System ist ideal f\u00fcr den Einsatz in flachen Gew\u00e4ssern, wo schwere BOPs verwendet werden. Alle WLR-Funktionen sind ROV-gesteuert, so dass keine Vorbereitungen f\u00fcr das Anbinden an der Oberseite erforderlich sind. Das WLR-System kann an jede beliebige L\u00e4nge von Leinen unter Wasser angepasst werden und bietet die M\u00f6glichkeit, Ausr\u00fcstung nass zu lagern.<\/p>\r\n<p><a href=\"https:\/\/oceaneering.canto.com\/download\/document\/9ro5h6podd3ql1q9uj85gvi858\/original.pdf\" target=\"_blank\" rel=\"noopener\"> WLR-System (Wellhead Load Relief) <\/a><\/p>\r\n<h2>Sehen Sie sich unser Webinar zur Bek\u00e4mpfung der Bohrlochm\u00fcdigkeit an<\/h2>\r\n<p>Auf Anfrage verf\u00fcgbar<\/p>\r\n<p><a href=\"https:\/\/www.oceaneering.com\/de\/webinars\/mitigate-wellhead-fatigue-and-reduce-hse-risks-with-wellhead-load-relief-wlr-solution\/\" target=\"_self\" rel=\"noopener\"> Auf Abruf ansehen <\/a><\/p>\r\n<h1>Kontakt<\/h1>\r\n<h2>Unser Expertenteam ist bereit, Ihnen den Einstieg zu erleichtern.<\/h2>\r\n<p>Oceaneering bietet erstklassige Produkte und L\u00f6sungen, die sich durch unvergleichliche Qualit\u00e4t, Zuverl\u00e4ssigkeit und globalen Support auszeichnen. F\u00fcllen Sie das Anfrageformular aus, um noch heute ein Gespr\u00e4ch zu beginnen.<\/p>","protected":false},"excerpt":{"rendered":"<p>Diskutieren Sie ein Projekt Wellhead Load Relief (WLR) System Reduzieren Sie die Erm\u00fcdung des Bohrlochkopfes, verringern Sie das HSE-Risiko und vergr\u00f6\u00dfern Sie den verf\u00fcgbaren Platz auf dem Deck mit unserem Wellhead Load Relief System. Das WLR-System (Wellhead Load Relief) von Oceaneering ist ein kompaktes, leistungsf\u00e4higes Blowout Preventer (BOP)-Befestigungssystem, das sich f\u00fcr Schablonen und Verankerungen auf dem Meeresboden eignet. Durch das Anbinden eines BOP an eine bestehende Struktur ... <a title=\"Entlastung des Bohrlochkopfes\" class=\"read-more\" href=\"https:\/\/www.oceaneering.com\/de\/wellhead-load-relief\/\" aria-label=\"Mehr Informationen \u00fcber Wellhead Load Relief\">Weiterlesen ...<\/a><\/p>","protected":false},"author":20,"featured_media":0,"parent":0,"menu_order":69,"comment_status":"closed","ping_status":"closed","template":"","meta":{"_acf_changed":false,"footnotes":"","_links_to":"","_links_to_target":""},"product_category":[1300],"search_tags":[1715,1801],"class_list":["post-61131","page","type-page","status-publish","product_category-intervention-tooling","search_tags-intervention-tooling","search_tags-wellhead-load-relief"],"acf":[],"aioseo_notices":[],"_links":{"self":[{"href":"https:\/\/www.oceaneering.com\/de\/wp-json\/wp\/v2\/pages\/61131","targetHints":{"allow":["GET"]}}],"collection":[{"href":"https:\/\/www.oceaneering.com\/de\/wp-json\/wp\/v2\/pages"}],"about":[{"href":"https:\/\/www.oceaneering.com\/de\/wp-json\/wp\/v2\/types\/page"}],"author":[{"embeddable":true,"href":"https:\/\/www.oceaneering.com\/de\/wp-json\/wp\/v2\/users\/20"}],"replies":[{"embeddable":true,"href":"https:\/\/www.oceaneering.com\/de\/wp-json\/wp\/v2\/comments?post=61131"}],"version-history":[{"count":2,"href":"https:\/\/www.oceaneering.com\/de\/wp-json\/wp\/v2\/pages\/61131\/revisions"}],"predecessor-version":[{"id":79329,"href":"https:\/\/www.oceaneering.com\/de\/wp-json\/wp\/v2\/pages\/61131\/revisions\/79329"}],"wp:attachment":[{"href":"https:\/\/www.oceaneering.com\/de\/wp-json\/wp\/v2\/media?parent=61131"}],"wp:term":[{"taxonomy":"product_category","embeddable":true,"href":"https:\/\/www.oceaneering.com\/de\/wp-json\/wp\/v2\/product_category?post=61131"},{"taxonomy":"search_tags","embeddable":true,"href":"https:\/\/www.oceaneering.com\/de\/wp-json\/wp\/v2\/search_tags?post=61131"}],"curies":[{"name":"wp","href":"https:\/\/api.w.org\/{rel}","templated":true}]}}