{"id":61130,"date":"2023-11-09T08:43:05","date_gmt":"2023-11-09T13:43:05","guid":{"rendered":"https:\/\/oceaneering.com\/integrated-rig-services\/remote-offerings\/"},"modified":"2025-10-24T03:18:24","modified_gmt":"2025-10-24T08:18:24","slug":"remote-offerings","status":"publish","type":"page","link":"https:\/\/www.oceaneering.com\/de\/remote-services\/integrated-rig-services\/remote-offerings\/","title":{"rendered":"Remote-Angebote"},"content":{"rendered":"<p><a href=\"https:\/\/www.oceaneering.com\/de\/remote-services\/#contact\" target=\"_self\"> Ein Projekt besprechen <\/a><\/p>\r\n<h1>Remote-Angebote<\/h1>\r\n<h2>Ferngesteuerte Vermessung<\/h2>\r\n<p>Positionieren und navigieren Sie Ihre Bohrinsel mit unserem bew\u00e4hrten ROS (Remotely Operated Survey). Ziehen Sie das Personal von der K\u00fcste ab und wechseln Sie zu den nahtlosen Betriebsabl\u00e4ufen unserer Fern\u00fcberwachungsstation (RCMS) an Land. Der Service umfasst Mobilisierung, Wartung, Systemzustandskontrolle, Projektmanagement, Datenerfassung, Datenverarbeitung, Berichterstattung, Ergebnisse und zertifizierte Bohrlochpl\u00e4ne.<\/p>\r\n<p><img decoding=\"async\" title=\"Bienenstock3\" src=\"https:\/\/oceaneering.com\/wp-content\/uploads\/2023\/11\/hive3-scaled.jpeg\" alt=\"hive3\" \/> <img decoding=\"async\" title=\"remote-metrology\" src=\"https:\/\/oceaneering.com\/wp-content\/uploads\/2023\/11\/remote-metrology.jpeg\" alt=\"remote-metrology\" \/><\/p>\r\n<h2>Fernmetrologie<\/h2>\r\n<p>Oceaneering can also perform subsea metrologies for Jumpers fabrications using Inertial Navigation Systems (INS). This same technology can also provide orientation, wellhead angles and measure heights off the mud line with millimeter precision using a C-PINS tool installed onto our ROV&#8217;s.<\/p>\r\n<h2>Ferngesteuerte Markierungsbojen-Sets<\/h2>\r\n<p>Using the same C-PINS Inertial Navigation Systems (INS), marker buoys are placed from the drilling rig using Oceaneering&#8217;s ROV systems once the proposed well site location, pattern layout, and dimensions are agreed.<\/p>\r\n<p><img decoding=\"async\" title=\"remote-marker-buoy-sets-2\" src=\"https:\/\/oceaneering.com\/wp-content\/uploads\/2023\/11\/remote-marker-buoy-sets-2.jpeg\" alt=\"remote-marker-buoy-sets-2\" \/> <img decoding=\"async\" title=\"norway_roughseas_shutterstock_1251474406\" src=\"https:\/\/oceaneering.com\/wp-content\/uploads\/2023\/11\/norway_roughseas_shutterstock_1251474406.jpeg\" alt=\"norway_roughseas_shutterstock_1251474406\" \/><\/p>\r\n<h2>Metozeanische Ferndienste<\/h2>\r\n<p>Mit einer auf der Bohrinsel installierten ROS-Einheit (Remotely Operated Survey) und einem ADCP-Handhabungssystem (Acoustic Doppler Current Profiler) kann die ROV-Besatzung von Oceaneering das ADCP w\u00e4hrend der Bohrarbeiten einsetzen, um wichtige Daten \u00fcber Geschwindigkeit, Richtung und Tiefe der Wassers\u00e4ule zu erfassen. Im Rahmen dieses Dienstes k\u00f6nnen die Daten dann auf staatliche Bojen\u00fcberwachungsstationen hochgeladen oder in Echtzeit \u00fcberwacht werden.<\/p>\r\n<h2>Fernsteuerung<\/h2>\r\n<p>Unsere un\u00fcbertroffene Flotte von ROV-Systemen wird durch modernste Technologien erg\u00e4nzt, die eine bessere Steuerung und Videobildgebung, eine pr\u00e4zise Werkzeugmanipulation und die Einhaltung von Branchenanforderungen erm\u00f6glichen. Erfahren Sie mehr \u00fcber unsere Remote Piloting and Automated Control Technology (RPACT) und fortschrittliche Visualisierungstechnologien.<\/p>\r\n<p><a href=\"https:\/\/oceaneering.canto.com\/download\/document\/idcngclcrt2jj53n44fmeko32f\/original.pdf\" target=\"_blank\" rel=\"noopener\"> RPACT (Remote Piloting and Automated Control Technology) | Brief <\/a> <a href=\"https:\/\/www.oceaneering.com\/de\/rov-services\/rov-technology\/\" target=\"_self\"> Mehr erfahren <\/a> <img decoding=\"async\" title=\"Mission-support-center-11\" src=\"https:\/\/oceaneering.com\/wp-content\/uploads\/2023\/11\/Mission-support-center-11.jpg\" alt=\"Mission-support-center-11\" \/> <img decoding=\"async\" title=\"remote-inspections-diagnostics-2\" src=\"https:\/\/oceaneering.com\/wp-content\/uploads\/2023\/11\/remote-inspections-diagnostics-2.jpeg\" alt=\"remote-inspections-diagnostics-2\" \/><\/p>\r\n<h2>Ferninspektionen und -diagnosen<\/h2>\r\n<p>Mit dem EDGEsmart\u2122-Ferninspektions- und -diagnosepaket k\u00f6nnen Sie schnell auf jeden Vorfall reagieren. Unsere ROV-Techniker k\u00f6nnen das kleine Fly-away-Kit mit Ausr\u00fcstung zur Erweiterung der Zwei-Wege-Kommunikation auf den Ort des Geschehens verwalten. Nutzen Sie die neuesten Technologien wie Microsoft HoloLense und Handheld-Tablets, um eine direkte Verbindung zu Skype und anderen Messaging-Anwendungen herzustellen, und bringen Sie Ihr Fachwissen virtuell an den Einsatzort.<\/p>\r\n<p><a href=\"https:\/\/oceaneering.canto.com\/download\/document\/t5a8v607b50mn689goqdoo5l0m\/original.pdf\" target=\"_blank\" rel=\"noopener\"> EDGEsmart\u2122 Bewerbung | Brief <\/a><\/p>\r\n<h1>Kontakt<\/h1>\r\n<h2>Unser Expertenteam ist bereit, Ihnen den Einstieg zu erleichtern.<\/h2>\r\n<p>Oceaneering bietet erstklassige Produkte und L\u00f6sungen, die sich durch unvergleichliche Qualit\u00e4t, Zuverl\u00e4ssigkeit und globalen Support auszeichnen. F\u00fcllen Sie das Anfrageformular aus, um noch heute ein Gespr\u00e4ch zu beginnen.<\/p>","protected":false},"excerpt":{"rendered":"<p>Discuss a Project Remote Offerings Remotely Operated Survey Position and navigate your drilling rig using our proven Remotely Operated Survey (ROS). Remove personnel from offshore and switch to the seamless operation handling abilities of our onshore Remote Control Monitoring Station (RCMS). The service includes mobilization, maintenance, system health checks, project management, data acquisition, data processing, &#8230; <a title=\"Remote-Angebote\" class=\"read-more\" href=\"https:\/\/www.oceaneering.com\/de\/remote-services\/integrated-rig-services\/remote-offerings\/\" aria-label=\"Mehr Informationen \u00fcber Remote-Angebote\">Weiterlesen ...<\/a><\/p>","protected":false},"author":20,"featured_media":0,"parent":61129,"menu_order":68,"comment_status":"closed","ping_status":"closed","template":"","meta":{"_acf_changed":false,"footnotes":"","_links_to":"","_links_to_target":""},"product_category":[1343,1468],"search_tags":[1509,1802],"class_list":["post-61130","page","type-page","status-publish","product_category-integrated-rig-services","product_category-remote-operations","search_tags-integrated-rig-solutions","search_tags-remote-services"],"acf":[],"aioseo_notices":[],"_links":{"self":[{"href":"https:\/\/www.oceaneering.com\/de\/wp-json\/wp\/v2\/pages\/61130","targetHints":{"allow":["GET"]}}],"collection":[{"href":"https:\/\/www.oceaneering.com\/de\/wp-json\/wp\/v2\/pages"}],"about":[{"href":"https:\/\/www.oceaneering.com\/de\/wp-json\/wp\/v2\/types\/page"}],"author":[{"embeddable":true,"href":"https:\/\/www.oceaneering.com\/de\/wp-json\/wp\/v2\/users\/20"}],"replies":[{"embeddable":true,"href":"https:\/\/www.oceaneering.com\/de\/wp-json\/wp\/v2\/comments?post=61130"}],"version-history":[{"count":1,"href":"https:\/\/www.oceaneering.com\/de\/wp-json\/wp\/v2\/pages\/61130\/revisions"}],"predecessor-version":[{"id":79330,"href":"https:\/\/www.oceaneering.com\/de\/wp-json\/wp\/v2\/pages\/61130\/revisions\/79330"}],"up":[{"embeddable":true,"href":"https:\/\/www.oceaneering.com\/de\/wp-json\/wp\/v2\/pages\/61129"}],"wp:attachment":[{"href":"https:\/\/www.oceaneering.com\/de\/wp-json\/wp\/v2\/media?parent=61130"}],"wp:term":[{"taxonomy":"product_category","embeddable":true,"href":"https:\/\/www.oceaneering.com\/de\/wp-json\/wp\/v2\/product_category?post=61130"},{"taxonomy":"search_tags","embeddable":true,"href":"https:\/\/www.oceaneering.com\/de\/wp-json\/wp\/v2\/search_tags?post=61130"}],"curies":[{"name":"wp","href":"https:\/\/api.w.org\/{rel}","templated":true}]}}