{"id":61129,"date":"2023-11-09T08:42:53","date_gmt":"2023-11-09T13:42:53","guid":{"rendered":"https:\/\/oceaneering.com\/integrated-rig-services\/"},"modified":"2025-10-22T08:29:10","modified_gmt":"2025-10-22T13:29:10","slug":"integrated-rig-services","status":"publish","type":"page","link":"https:\/\/www.oceaneering.com\/de\/remote-services\/integrated-rig-services\/","title":{"rendered":"Integrierte Riggservices"},"content":{"rendered":"<h1>Integrierte Riggservices<\/h1>\r\n<p>Von Vermessungs- und ROV-Werkzeugen bis hin zu IWOCS und anderen Spezialtechnologien bietet Oceaneering eine echte Integration von Dienstleistungen zur Verbesserung von HSE, zur Rationalisierung von Aktivit\u00e4ten, zur Reduzierung des Personals an Bord (POB), zur Verk\u00fcrzung von Schiffstagen, zur Verringerung unproduktiver Zeiten und zur Senkung Ihrer Gesamtkosten.<\/p>\r\n<h2>Verbinden Sie sich<\/h2>\r\n<p>Die einzigartige Verantwortlichkeit von Oceaneering an Land und auf See sorgt f\u00fcr eine effizientere Mobilisierung, weniger Personal an Bord (POB), k\u00fcrzere Schiffstage, geringere Kohlenstoffemissionen, verbesserte Betriebszeiten und schnellere Reaktionszeiten auf kritische Anforderungen.<\/p>\r\n<p>Mit redundanter, dedizierter Offshore-Kommunikation werden diese arbeitsintensiven Vorg\u00e4nge vor Ort zu einer rationalisierten Bereitstellung von Qualit\u00e4tsdiensten von Einsatzleitzentralen an Land aus. Die Fernpositionierung von Bohrinseln, die Fernsteuerung von ROVs und Ferninspektionen sind nur der Anfang der von uns angebotenen Dienstleistungen zur Kosten- und Ressourcenreduzierung.<\/p>\r\n<p><a href=\"https:\/\/oceaneering.canto.com\/download\/document\/sl6in3d6vl2s9auv8dqpb0o10m\/original.pdf\" target=\"_blank\" rel=\"noopener\"> Integrierte Bohrinsel-Dienstleistungen | A4 <\/a> <img decoding=\"async\" title=\"2018_03_08_10_22_14_208\" src=\"https:\/\/oceaneering.com\/wp-content\/uploads\/2023\/11\/2018_03_08_10_22_14_208-scaled.jpeg\" alt=\"2018_03_08_10_22_14_208\" \/><\/p>\r\n<h2>Integrierte Offshore-Dienstleistungsteams<\/h2>\r\n<p>Oceaneering ist stolz auf die Ausbildung und das Cross-Training seines Personals. Mit unseren integrierten Offshore-Teams k\u00f6nnen Sie die Anzahl der Mitarbeiter reduzieren, die f\u00fcr IWOCS- und ROV-Eins\u00e4tze auf See ben\u00f6tigt werden. Eine geringere Anzahl von Mitarbeitern und ein geringerer Wechsel der Besatzung senkt Ihre Kosten und die HSE-Risiken f\u00fcr diese Mitarbeiter, da sie an Land bleiben, um sich um auftretende Probleme zu k\u00fcmmern.<\/p>\r\n<p>Das Offshore-Team wird von einem Superintendenten geleitet, der f\u00fcr alle beauftragten Dienstleistungen verantwortlich ist, was eine bessere Verantwortlichkeit f\u00fcr den gesamten Arbeitsumfang erm\u00f6glicht. St\u00e4ndige ROV-Besatzungen, die f\u00fcr IWOCS-Funktionen geschult sind, erm\u00f6glichen es Oceaneering, den \u00dcbergang vom 12-Stunden- zum 24-Stunden-Betrieb mit den vorhandenen Besatzungen zu unterst\u00fctzen, w\u00e4hrend zus\u00e4tzliches Personal mobilisiert wird.<\/p>\r\n<h2>Ersparnisse<\/h2>\r\n<p>Die Integration der Dienste f\u00fcr eine typische<br \/>90 Tage lang \u00fcben und vollst\u00e4ndig erkennen k\u00f6nnen: Reduzierte Personalmobilisierungen<br \/>und POB erreichen k\u00f6nnen:<\/p>\r\n<!-- Comment to fix spacing issue\r\n\t-->\r\n<p>0%<\/p>\r\n<!-- Comment to fix spacing issue\r\n\t-->\r\n<p>Verringerung der Mobilisierung von Personal<\/p>\r\n<!-- Comment to fix spacing issue\r\n\t-->\r\n<p>0%<\/p>\r\n<!-- Comment to fix spacing issue\r\n\t-->\r\n<p>Verringerung des Spitzenpersonals an Bord im Vergleich zum Einkauf diskreter Dienstleistungen<\/p>\r\n<!-- Comment to fix spacing issue\r\n\t-->\r\n<p>0%<\/p>\r\n<!-- Comment to fix spacing issue\r\n\t-->\r\n<p>Verringerung des CO2-Fu\u00dfabdrucks bei der Bef\u00f6rderung und Unterbringung des Personals<\/p>\r\n<!-- Comment to fix spacing issue\r\n\t-->\r\n<p>0%<\/p>\r\n<!-- Comment to fix spacing issue\r\n\t-->\r\n<p>Einsparungen durch geringere Transport- und Einsteigekosten im Verh\u00e4ltnis zum Gesamtwert der einzelnen Auftr\u00e4ge<\/p>\r\n<h2>St\u00e4rken Sie Ihr HSE<\/h2>\r\n<p>Die Verringerung des Personals an Bord tr\u00e4gt dazu bei, die betrieblichen Risiken f\u00fcr die Arbeitnehmer zu senken, indem sie an Land bleiben und die Kohlenstoffemissionen reduziert werden. Au\u00dferdem wird dadurch Platz an Bord frei und die Logistik vereinfacht. Bringen Sie nur die Mitarbeiter an Bord, die Sie brauchen, und lassen Sie sich von uns aus der Ferne unterst\u00fctzen.<\/p>\r\n<p>Wir k\u00f6nnen die Positionierung der Bohrinsel und ROV-Operationen von unseren Kontrollzentren an Land aus durchf\u00fchren. Wir haben Experten auf der ganzen Welt stationiert, die unsere Kunden rund um die Uhr betreuen und alle auftretenden Probleme diagnostizieren und l\u00f6sen k\u00f6nnen.<\/p>\r\n<p>Verf\u00fcgbare Standorte<\/p>\r\n<ul>\r\n<li>Houston (GOM)<\/li>\r\n<li>Stavanger<\/li>\r\n<\/ul>\r\n<p>Von unseren strategisch g\u00fcnstig gelegenen Onshore-Kontrollzentren aus haben Ihre KMUs direkten Zugang zur Offshore-Umgebung f\u00fcr kritische Operationen.<\/p>\r\n<h1>Kontakt<\/h1>\r\n<h2>Unser Expertenteam ist bereit, Ihnen den Einstieg zu erleichtern.<\/h2>\r\n<p>Oceaneering bietet erstklassige Produkte und L\u00f6sungen, die sich durch unvergleichliche Qualit\u00e4t, Zuverl\u00e4ssigkeit und globalen Support auszeichnen. F\u00fcllen Sie das Anfrageformular aus, um noch heute ein Gespr\u00e4ch zu beginnen.<\/p>","protected":false},"excerpt":{"rendered":"<p>Integrierte Rigservices Von Vermessungs- und ROV-Werkzeugen bis hin zu IWOCS und anderen Spezialtechnologien bietet Oceaneering eine echte Integration von Dienstleistungen zur Verbesserung von HSE, zur Rationalisierung von Aktivit\u00e4ten, zur Verringerung des Personals an Bord (POB), zur Verk\u00fcrzung der Schiffstage, zur Verringerung der unproduktiven Zeit und zur Senkung Ihrer Gesamtkosten. Get Connected Die einzigartige Verantwortlichkeit von Oceaneering an Land und auf See erm\u00f6glicht eine effizientere Mobilisierung, ... <a title=\"Integrierte Riggservices\" class=\"read-more\" href=\"https:\/\/www.oceaneering.com\/de\/remote-services\/integrated-rig-services\/\" aria-label=\"Mehr Informationen \u00fcber Integrated Rig Services\">Weiterlesen ...<\/a><\/p>","protected":false},"author":20,"featured_media":0,"parent":2682,"menu_order":67,"comment_status":"closed","ping_status":"closed","template":"","meta":{"_acf_changed":false,"footnotes":"","_links_to":"","_links_to_target":""},"product_category":[1343,1468],"search_tags":[1509,1802],"class_list":["post-61129","page","type-page","status-publish","product_category-integrated-rig-services","product_category-remote-operations","search_tags-integrated-rig-solutions","search_tags-remote-services"],"acf":[],"aioseo_notices":[],"_links":{"self":[{"href":"https:\/\/www.oceaneering.com\/de\/wp-json\/wp\/v2\/pages\/61129","targetHints":{"allow":["GET"]}}],"collection":[{"href":"https:\/\/www.oceaneering.com\/de\/wp-json\/wp\/v2\/pages"}],"about":[{"href":"https:\/\/www.oceaneering.com\/de\/wp-json\/wp\/v2\/types\/page"}],"author":[{"embeddable":true,"href":"https:\/\/www.oceaneering.com\/de\/wp-json\/wp\/v2\/users\/20"}],"replies":[{"embeddable":true,"href":"https:\/\/www.oceaneering.com\/de\/wp-json\/wp\/v2\/comments?post=61129"}],"version-history":[{"count":1,"href":"https:\/\/www.oceaneering.com\/de\/wp-json\/wp\/v2\/pages\/61129\/revisions"}],"predecessor-version":[{"id":79255,"href":"https:\/\/www.oceaneering.com\/de\/wp-json\/wp\/v2\/pages\/61129\/revisions\/79255"}],"up":[{"embeddable":true,"href":"https:\/\/www.oceaneering.com\/de\/wp-json\/wp\/v2\/pages\/2682"}],"wp:attachment":[{"href":"https:\/\/www.oceaneering.com\/de\/wp-json\/wp\/v2\/media?parent=61129"}],"wp:term":[{"taxonomy":"product_category","embeddable":true,"href":"https:\/\/www.oceaneering.com\/de\/wp-json\/wp\/v2\/product_category?post=61129"},{"taxonomy":"search_tags","embeddable":true,"href":"https:\/\/www.oceaneering.com\/de\/wp-json\/wp\/v2\/search_tags?post=61129"}],"curies":[{"name":"wp","href":"https:\/\/api.w.org\/{rel}","templated":true}]}}