{"id":61126,"date":"2023-11-09T08:41:48","date_gmt":"2023-11-09T13:41:48","guid":{"rendered":"https:\/\/oceaneering.com\/diving\/"},"modified":"2026-01-23T04:07:21","modified_gmt":"2026-01-23T10:07:21","slug":"diving","status":"publish","type":"page","link":"https:\/\/www.oceaneering.com\/de\/diving\/","title":{"rendered":"Tauchen"},"content":{"rendered":"<h1>Tauchen<\/h1>\r\n<p>Wir sind ein f\u00fchrender Anbieter von Luft-, Mischgas- und S\u00e4ttigungstauchdiensten f\u00fcr die \u00d6l- und Gasindustrie.<\/p>\r\n<h2>Spezialisierte Tauchdienste<\/h2>\r\n<p>Wir besitzen und betreiben Spezialausr\u00fcstungen, mit denen wir ein breites Spektrum an Reparaturen von Offshore-Plattformen, Inspektionsdiensten, Reparaturen und Neuverlegungen von Pipelines, Injektionsreparaturen und spezielle Hyperbar- und Nassschwei\u00dfarbeiten durchf\u00fchren. Zu unseren Tauchdiensten geh\u00f6ren auch Arbeiten, die nicht zum Anlageverm\u00f6gen geh\u00f6ren und die zur Erf\u00fcllung verschiedener beh\u00f6rdlicher und kundenspezifischer Anforderungen durchgef\u00fchrt werden.<\/p>\r\n<h1>Tauchunterst\u00fctzungsschiffe<\/h1>\r\n<p>Wir unterst\u00fctzen Taucheins\u00e4tze mit der weltweit f\u00fchrenden Flotte ferngesteuerter Fahrzeuge (ROV) und einer der j\u00fcngsten Flotten von Tauchunterst\u00fctzungsschiffen (DSV) im Golf von Mexiko. Erreichen Sie Ihre Ziele effizienter mit unseren Vierpunkt- und dynamisch positionierten (DP) Luft- und S\u00e4ttigungstauchschiffen.<\/p>\r\n<p><a href=\"https:\/\/www.oceaneering.com\/de\/subsea-projects\/vessel-fleet\/\" target=\"_self\"> Erfahren Sie mehr \u00fcber unsere integrierten Vessel-L\u00f6sungen <\/a><\/p>\r\n<h2>Schwei\u00dftechnische Dienstleistungen<\/h2>\r\n<p>Unsere zertifizierten Schwei\u00dfer f\u00fchren Konstruktions- und Wartungsschwei\u00dfarbeiten durch, einschlie\u00dflich Unterwasserreparaturen durch Nass- und Trockenschwei\u00dfen unter \u00dcberdruck. Unsere Taucher haben auch Erfahrung mit Injektionsarbeiten, Plattformreparaturen, Pipeline-Inspektionen und -Wartung sowie mit dem Stopfen und Aufgeben von Pipelines.<\/p>\r\n<p><a href=\"https:\/\/oceaneering.canto.com\/download\/document\/1sab9ll57d7f374a9vg7ta8503\/original.pdf\" target=\"_blank\" rel=\"noopener\"> Injektionsausr\u00fcstung und -f\u00e4higkeiten <\/a><\/p>\r\n<h2>Hyperbarische Rettungseinrichtung<\/h2>\r\n<p>Von Mimir Marine, einem f\u00fchrenden Hersteller und Betreiber von hyperbaren Aufnahmestationen (HRFs), haben wir eine tragbare HRF zur Unterst\u00fctzung unserer S\u00e4ttigungstauchdienste erworben. Unser Team in Morgan City, Louisiana, betreibt derzeit dieses HRF-System.<\/p>\r\n<p><a href=\"https:\/\/oceaneering.canto.com\/download\/document\/hkp4lcmjkl1h189jjd85vsi07l\/original.pdf\" target=\"_blank\" rel=\"noopener\"> Hyperbare Aufnahmeeinrichtung (HRF) f\u00fcr 12 Personen <\/a><\/p>\r\n<h2>Industrie-Normen<\/h2>\r\n<p>Um unseren Kunden im Golf von Mexiko und weltweit ein H\u00f6chstma\u00df an Vertrauen zu bieten, k\u00f6nnen wir Ausr\u00fcstungen und Taucher einsetzen, die nicht nur den Standards der International Marine Contractors Association (IMCA), der International Association of Oil &amp; Gas Producers (IOGP) und der Association of Diving Contractors International (ADC) entsprechen, sondern auch alle anerkannten Industriestandards und nat\u00fcrlich Ihre eigenen hohen Standards erf\u00fcllen.<\/p>\r\n<p>Kontakt<\/p>\r\n<h2>Unser Expertenteam ist bereit, Ihnen den Einstieg zu erleichtern.<\/h2>\r\n<p>Oceaneering bietet erstklassige Produkte und L\u00f6sungen, die sich durch unvergleichliche Qualit\u00e4t, Zuverl\u00e4ssigkeit und globalen Support auszeichnen. F\u00fcllen Sie das Anfrageformular aus, um noch heute ein Gespr\u00e4ch zu beginnen.<\/p>","protected":false},"excerpt":{"rendered":"<p>Tauchen Wir sind ein f\u00fchrender Anbieter von Luft-, Mischgas- und S\u00e4ttigungstauchdiensten f\u00fcr die \u00d6l- und Gasindustrie. Spezialisierte Tauchdienste Wir besitzen und betreiben Spezialausr\u00fcstung f\u00fcr eine Vielzahl von Reparaturen an Offshore-Plattformen, Inspektionen, Reparaturen und Neuverlegung von Pipelines, Injektionsreparaturen und spezielle Hyperbar- und Nassschwei\u00dfarbeiten. Unser ... <a title=\"Tauchen\" class=\"read-more\" href=\"https:\/\/www.oceaneering.com\/de\/diving\/\" aria-label=\"Mehr Informationen \u00fcber Tauchen\">Weiterlesen ...<\/a><\/p>","protected":false},"author":20,"featured_media":0,"parent":0,"menu_order":65,"comment_status":"closed","ping_status":"closed","template":"","meta":{"_acf_changed":false,"footnotes":"","_links_to":"","_links_to_target":""},"product_category":[1712],"search_tags":[1805],"class_list":["post-61126","page","type-page","status-publish","product_category-diving","search_tags-diving"],"acf":[],"aioseo_notices":[],"_links":{"self":[{"href":"https:\/\/www.oceaneering.com\/de\/wp-json\/wp\/v2\/pages\/61126","targetHints":{"allow":["GET"]}}],"collection":[{"href":"https:\/\/www.oceaneering.com\/de\/wp-json\/wp\/v2\/pages"}],"about":[{"href":"https:\/\/www.oceaneering.com\/de\/wp-json\/wp\/v2\/types\/page"}],"author":[{"embeddable":true,"href":"https:\/\/www.oceaneering.com\/de\/wp-json\/wp\/v2\/users\/20"}],"replies":[{"embeddable":true,"href":"https:\/\/www.oceaneering.com\/de\/wp-json\/wp\/v2\/comments?post=61126"}],"version-history":[{"count":2,"href":"https:\/\/www.oceaneering.com\/de\/wp-json\/wp\/v2\/pages\/61126\/revisions"}],"predecessor-version":[{"id":80787,"href":"https:\/\/www.oceaneering.com\/de\/wp-json\/wp\/v2\/pages\/61126\/revisions\/80787"}],"wp:attachment":[{"href":"https:\/\/www.oceaneering.com\/de\/wp-json\/wp\/v2\/media?parent=61126"}],"wp:term":[{"taxonomy":"product_category","embeddable":true,"href":"https:\/\/www.oceaneering.com\/de\/wp-json\/wp\/v2\/product_category?post=61126"},{"taxonomy":"search_tags","embeddable":true,"href":"https:\/\/www.oceaneering.com\/de\/wp-json\/wp\/v2\/search_tags?post=61126"}],"curies":[{"name":"wp","href":"https:\/\/api.w.org\/{rel}","templated":true}]}}