{"id":61107,"date":"2023-11-09T08:31:34","date_gmt":"2023-11-09T13:31:34","guid":{"rendered":"https:\/\/oceaneering.com\/oceaneering-mobile-robotics-omr\/customer-care-program\/"},"modified":"2025-07-01T10:14:47","modified_gmt":"2025-07-01T15:14:47","slug":"lifecycle-services","status":"publish","type":"page","link":"https:\/\/www.oceaneering.com\/de\/oceaneering-mobile-robotics-omr\/lifecycle-services\/","title":{"rendered":"OMR Lifecycle Services"},"content":{"rendered":"<p><a href=\"https:\/\/www.oceaneering.com\/de\/oceaneering-mobile-robotics-omr\/#contact\" target=\"_self\" rel=\"noopener\"> Ein Projekt besprechen <\/a> Oceaneering Mobile Robotics<\/p>\r\n<h1>OMR Lifecycle Services<\/h1>\r\n<p>Sorgen Sie f\u00fcr Kontinuit\u00e4t und Leistung w\u00e4hrend des gesamten Lebenszyklus Ihrer mobilen Roboterflotte.<\/p>\r\n<p><a href=\"https:\/\/oceaneering.canto.com\/download\/document\/tpelhrdcpd6qv0lqslekv0bp0d\/original.pdf\" target=\"_blank\" rel=\"noopener\"> Die Brosch\u00fcre ansehen <\/a><\/p>\r\n<h2>Wir bieten schnellen und professionellen Support - \u00fcberall auf der Welt<\/h2>\r\n<p>Mit Niederlassungen in \u00fcber 25 L\u00e4ndern und einem breiten Partnernetz sind wir in der Lage, Ihre lokalen Bed\u00fcrfnisse genau zu verstehen.<\/p>\r\n<h2>Unsere Lifecycle Services maximieren die Betriebszeit Ihrer Roboter<\/h2>\r\n<p><img decoding=\"async\" src=\"https:\/\/oceaneering.com\/wp-content\/uploads\/2023\/11\/Consulting-and-Upgrade-1-150x150-1.png\" alt=\"Consulting-and-Upgrade-1-150x150\" \/><\/p>\r\n<h3>Beratung &amp; Upgrades<\/h3>\r\n<h4>Beratung &amp; Upgrades<\/h4>\r\n<p>Wir identifizieren, untersuchen und analysieren Ihre Mobile Robotik-Umgebung, um die Effizienz und Produktivit\u00e4t zu maximieren.<\/p>\r\n<p><img decoding=\"async\" src=\"https:\/\/oceaneering.com\/wp-content\/uploads\/2023\/11\/Education-1.png\" alt=\"Education-1\" \/><\/p>\r\n<h3>Ausbildung<\/h3>\r\n<h4>Ausbildung<\/h4>\r\n<p>Wir bieten eine Reihe von Kursen und Schulungsmaterialien an, einschlie\u00dflich Auffrischungskursen, um Ihre internen Systemspezialisten weiterzubilden.<\/p>\r\n<p><img decoding=\"async\" src=\"https:\/\/oceaneering.com\/wp-content\/uploads\/2023\/11\/Help-desk-1.png\" alt=\"Help-desk-1\" \/><\/p>\r\n<h3>Helpdesk &amp; Hotline-Unterst\u00fctzung<\/h3>\r\n<h4>Helpdesk &amp; Hotline-Unterst\u00fctzung<\/h4>\r\n<p>Unser Helpdesk-Service ist von Montag bis Freitag w\u00e4hrend der regionalen Gesch\u00e4ftszeiten erreichbar. F\u00fcr gesch\u00e4ftskritische Systeme steht unser Hotline-Supportdienst rund um die Uhr zur Verf\u00fcgung, um den Kundenbetrieb zu unterst\u00fctzen.<\/p>\r\n<p><img decoding=\"async\" src=\"https:\/\/oceaneering.com\/wp-content\/uploads\/2023\/11\/Maintainance-1.png\" alt=\"Maintainance-1\" \/><\/p>\r\n<h3>Wartung<\/h3>\r\n<h4>Wartung<\/h4>\r\n<p>Wir bieten vorbeugende Wartung, um die Betriebsleistung Ihrer Flotte zu gew\u00e4hrleisten und ungeplante Stillst\u00e4nde zu vermeiden.<\/p>\r\n<p><img decoding=\"async\" src=\"https:\/\/oceaneering.com\/wp-content\/uploads\/2023\/11\/Repair-1.png\" alt=\"Repair-1\" \/><\/p>\r\n<h3>Reparaturen<\/h3>\r\n<h4>Reparaturen<\/h4>\r\n<p>Unsere Experten beraten Sie und bieten Dienstleistungen zur Verl\u00e4ngerung der Lebensdauer Ihrer Ger\u00e4te an, von der Diagnose eines bestimmten Teils bis zur Reparatur oder Bereitstellung von Ersatzteilen.<\/p>\r\n<p><img decoding=\"async\" src=\"https:\/\/oceaneering.com\/wp-content\/uploads\/2023\/11\/System-Management-1.png\" alt=\"System-Management-1\" \/><\/p>\r\n<h3>Systemverwaltung<\/h3>\r\n<h4>Systemverwaltung<\/h4>\r\n<p>Wir bieten die Flexibilit\u00e4t, die Ihr Unternehmen ben\u00f6tigt, von der Einrichtung regelm\u00e4\u00dfiger Standortbesuchebis hin zur Bereitstellung eines Vor-Ort Vollzeit-Ingenieurs, der Ihre Flotte verwaltet.<\/p>\r\n<p><img decoding=\"async\" src=\"https:\/\/oceaneering.com\/wp-content\/uploads\/2023\/11\/Spare-Parts-1.png\" alt=\"Spare-Parts-1\" \/><\/p>\r\n<h3>Ersatzteile<\/h3>\r\n<h4>Ersatzteile<\/h4>\r\n<p>Wir stellen die optimale Betriebsleistung Ihrer Flotte sicher, indem wir Ersatzteile bereitstellen, um die Ausfallzeiten zu verk\u00fcrzen, falls doch einmal ein Teil ausf\u00e4llt.<\/p>\r\n<h2>Haben Sie eine Frage?<\/h2>\r\n<p>Unser Team ist f\u00fcr Sie da, um Sie pers\u00f6nlich zu unterst\u00fctzen.<\/p>\r\n<h2>Technische Unterst\u00fctzung<\/h2>\r\n<p>Sie nutzen bereits unsere Produkte und haben technische Probleme?<\/p>\r\n<p><a href=\"mailto:omr_service@oceaneering.com\" target=\"_blank\" rel=\"noopener\"> E-Mail-Unterst\u00fctzung <\/a><\/p>\r\n<h2>Preisgestaltung und Lizenzierung<\/h2>\r\n<p>Ben\u00f6tigen Sie weitere Informationen \u00fcber unser Angebot an Lebenszyklusdiensten?<\/p>\r\n<p><a href=\"mailto:omr_servicessales@oceaneering.com\" target=\"_blank\" rel=\"noopener\"> E-Mail-Verkauf <\/a><\/p>\r\n<h2>Sprechen Sie mit einer Person<\/h2>\r\n<p>Europa: <a href=\"tel:+31 30 2440550,\" target=\"_blank\" rel=\"noopener\">+31 30 2440550<\/a>, Option 1<br \/>US: <a href=\"tel:+01 443 459 3700\" target=\"_blank\" rel=\"noopener\">+01 443 459 3700<\/a><\/p>\r\n<h2>Unsere Lifecycle Services bieten nicht nur kompromisslosen Support f\u00fcr unsere aktuelle Roboterflotte, sondern erstrecken sich auch auf unsere FTS Altsysteme, die weltweit eingesetzt werden.<\/h2>\r\n<p>Unsere Lifecycle Services bieten nicht nur kompromisslosen Support f\u00fcr unsere aktuelle Roboterflotte, sondern erstrecken sich auch auf unsere Altsysteme, die weltweit eingesetzt werden.<\/p>\r\n<p><img loading=\"lazy\" decoding=\"async\" title=\"CompactMover-F\u00f6rderer-U--400\" src=\"https:\/\/www.oceaneering.com\/wp-content\/uploads\/2023\/10\/CompactMover-Conveyor-U-400-1.png\" alt=\"CompactMover-Conveyor-U--400\" width=\"1058\" height=\"955\" \/><\/p>\r\n<h3>CompactMover\u2122 F\u00f6rderer U 400<\/h3>\r\n<p>Gabelstapler <img loading=\"lazy\" decoding=\"async\" title=\"UniMover-D-100\" src=\"https:\/\/www.oceaneering.com\/wp-content\/uploads\/2023\/10\/UniMover-D-100.png\" alt=\"UniMover-D-100\" width=\"1178\" height=\"1030\" \/><\/p>\r\n<h3>UniMover\u2122 D 100<\/h3>\r\n<p>Unterfahr Roboter <img loading=\"lazy\" decoding=\"async\" title=\"UniMover-U-1500-220317_Minimover_01-edited-position-1\" src=\"https:\/\/www.oceaneering.com\/wp-content\/uploads\/2023\/10\/UniMover-U-1500-220317_Minimover_01-edited-position-1.png\" alt=\"UniMover-U-1500-220317_Minimover_01-edited-position-1\" width=\"1920\" height=\"1080\" \/><\/p>\r\n<h3>UniMover\u2122 U 1500<\/h3>\r\n<p>Unterfahrschutz Kontakt<\/p>\r\n<h3>Kontaktaufnahme mit unseren Experten<\/h3>\r\n<p>Haben Sie eine Frage oder ben\u00f6tigen Sie weitere Informationen zu unseren mobilen Robotern? Bitte geben Sie Ihre Kontaktdaten an und beschreiben Sie Ihre Anfrage. Wir werden uns dann so schnell wie m\u00f6glich bei Ihnen melden. Vielen Dank!<\/p>","protected":false},"excerpt":{"rendered":"<p>Diskutieren Sie ein Projekt Oceaneering Mobile Robotics OMR Lifecycle Services Gew\u00e4hrleisten Sie Kontinuit\u00e4t und Leistung \u00fcber den gesamten Lebenszyklus Ihrer mobilen Roboterflotte. Brosch\u00fcre ansehen Wir bieten schnellen und professionellen Support - \u00fcberall auf der Welt Mit Niederlassungen in \u00fcber 25 L\u00e4ndern und einem breiten Partnernetzwerk arbeiten wir mit einem ... <a title=\"OMR Lifecycle Services\" class=\"read-more\" href=\"https:\/\/www.oceaneering.com\/de\/oceaneering-mobile-robotics-omr\/lifecycle-services\/\" aria-label=\"Mehr Informationen \u00fcber OMR Lifecycle Services\">Weiterlesen ...<\/a><\/p>","protected":false},"author":20,"featured_media":0,"parent":1718,"menu_order":54,"comment_status":"closed","ping_status":"closed","template":"","meta":{"_acf_changed":false,"footnotes":"","_links_to":"","_links_to_target":""},"product_category":[1237],"search_tags":[1138],"class_list":["post-61107","page","type-page","status-publish","product_category-mobile-robotics","search_tags-mobile-robotics"],"acf":[],"aioseo_notices":[],"_links":{"self":[{"href":"https:\/\/www.oceaneering.com\/de\/wp-json\/wp\/v2\/pages\/61107","targetHints":{"allow":["GET"]}}],"collection":[{"href":"https:\/\/www.oceaneering.com\/de\/wp-json\/wp\/v2\/pages"}],"about":[{"href":"https:\/\/www.oceaneering.com\/de\/wp-json\/wp\/v2\/types\/page"}],"author":[{"embeddable":true,"href":"https:\/\/www.oceaneering.com\/de\/wp-json\/wp\/v2\/users\/20"}],"replies":[{"embeddable":true,"href":"https:\/\/www.oceaneering.com\/de\/wp-json\/wp\/v2\/comments?post=61107"}],"version-history":[{"count":0,"href":"https:\/\/www.oceaneering.com\/de\/wp-json\/wp\/v2\/pages\/61107\/revisions"}],"up":[{"embeddable":true,"href":"https:\/\/www.oceaneering.com\/de\/wp-json\/wp\/v2\/pages\/1718"}],"wp:attachment":[{"href":"https:\/\/www.oceaneering.com\/de\/wp-json\/wp\/v2\/media?parent=61107"}],"wp:term":[{"taxonomy":"product_category","embeddable":true,"href":"https:\/\/www.oceaneering.com\/de\/wp-json\/wp\/v2\/product_category?post=61107"},{"taxonomy":"search_tags","embeddable":true,"href":"https:\/\/www.oceaneering.com\/de\/wp-json\/wp\/v2\/search_tags?post=61107"}],"curies":[{"name":"wp","href":"https:\/\/api.w.org\/{rel}","templated":true}]}}