{"id":61100,"date":"2023-11-09T08:26:36","date_gmt":"2023-11-09T13:26:36","guid":{"rendered":"https:\/\/oceaneering.com\/careers\/diversity-and-inclusion\/employee-spotlight\/"},"modified":"2026-03-11T04:12:24","modified_gmt":"2026-03-11T09:12:24","slug":"employee-spotlight","status":"publish","type":"page","link":"https:\/\/www.oceaneering.com\/de\/careers\/people-and-culture\/employee-spotlight\/","title":{"rendered":"Mitarbeiter Spotlight"},"content":{"rendered":"<a href=\"https:\/\/www.oceaneering.com\/de\/contact-us\/\" target=\"_self\">\n\t\t\t\t\t\t\tKontakt\n\t\t\t\t\t<\/a>\n<h1>\n\t\tMitarbeiter Spotlight\n\t<\/h1>\n\n\t\tOceaneering ist bestrebt, eine talentierte und innovative Belegschaft aufzubauen. Zu diesem Zweck heben wir Mitarbeiter hervor, die direkt und indirekt zu unseren technologischen Fortschritten beitragen.\n\t\n\t\t\t<a href='https:\/\/www.oceaneering.com\/de\/casey-glenn-a-day-in-the-life-of-an-product-development-manager\/' title='Casey Glenn - A Day in the Life of an \u200b\u200b\u200b\u200b\u200b\u200b\u200bProduct Development Manager'><img width=\"1024\" height=\"1024\" src=\"https:\/\/www.oceaneering.com\/wp-content\/uploads\/2025\/05\/casey2-e1747866414449-1024x1024.jpg\" alt=\"Casey Glenn with Freedom AUV\" itemprop=\"image\" decoding=\"async\" loading=\"lazy\" srcset=\"https:\/\/www.oceaneering.com\/wp-content\/uploads\/2025\/05\/casey2-e1747866414449-1024x1024.jpg 1024w, https:\/\/www.oceaneering.com\/wp-content\/uploads\/2025\/05\/casey2-e1747866414449-150x150.jpg 150w, https:\/\/www.oceaneering.com\/wp-content\/uploads\/2025\/05\/casey2-e1747866414449-300x300.jpg 300w, https:\/\/www.oceaneering.com\/wp-content\/uploads\/2025\/05\/casey2-e1747866414449-768x768.jpg 768w, https:\/\/www.oceaneering.com\/wp-content\/uploads\/2025\/05\/casey2-e1747866414449-12x12.jpg 12w, https:\/\/www.oceaneering.com\/wp-content\/uploads\/2025\/05\/casey2-e1747866414449-400x400.jpg 400w, https:\/\/www.oceaneering.com\/wp-content\/uploads\/2025\/05\/casey2-e1747866414449-600x600.jpg 600w, https:\/\/www.oceaneering.com\/wp-content\/uploads\/2025\/05\/casey2-e1747866414449.jpg 1460w\" sizes=\"auto, (max-width: 1024px) 100vw, 1024px\" title=\"Casey Glenn | Oceaneering\" \/><\/a>\n\t\t5\/21\/2025\n\t<h3><a href='https:\/\/www.oceaneering.com\/de\/casey-glenn-a-day-in-the-life-of-an-product-development-manager\/' title='Casey Glenn - A Day in the Life of an \u200b\u200b\u200b\u200b\u200b\u200b\u200bProduct Development Manager'>Casey Glenn &#8211; A Day in the Life of an \u200b\u200b\u200b\u200b\u200b\u200b\u200bProduct Development Manager<\/a><\/h3>\n    \t<p>Casey Glenn ist Senior Manager f\u00fcr die Entwicklung neuer Produkte in Europa, dem Nahen Osten und Afrika (EMEA) in Stavanger, Norwegen....<\/p>\n\t\t<a href=\"https:\/\/www.oceaneering.com\/de\/casey-glenn-a-day-in-the-life-of-an-product-development-manager\/\">Mehr lesen<\/a>\n\t\t\t<a href='https:\/\/www.oceaneering.com\/de\/chad-black-a-day-in-the-life-of-a-project-manager\/' title='Chad Black - A Day in the Life of a Project Manager'><img width=\"1024\" height=\"768\" src=\"https:\/\/www.oceaneering.com\/wp-content\/uploads\/2025\/02\/Chad-Black.jpg\" alt=\"\" itemprop=\"image\" decoding=\"async\" loading=\"lazy\" srcset=\"https:\/\/www.oceaneering.com\/wp-content\/uploads\/2025\/02\/Chad-Black.jpg 1024w, https:\/\/www.oceaneering.com\/wp-content\/uploads\/2025\/02\/Chad-Black-300x225.jpg 300w, https:\/\/www.oceaneering.com\/wp-content\/uploads\/2025\/02\/Chad-Black-768x576.jpg 768w, https:\/\/www.oceaneering.com\/wp-content\/uploads\/2025\/02\/Chad-Black-16x12.jpg 16w\" sizes=\"auto, (max-width: 1024px) 100vw, 1024px\" title=\"ChadBlack | Oceaneering\" \/><\/a>\n\t\t2\/12\/2025\n\t<h3><a href='https:\/\/www.oceaneering.com\/de\/chad-black-a-day-in-the-life-of-a-project-manager\/' title='Chad Black - A Day in the Life of a Project Manager'>Chad Black &#8211; A Day in the Life of a Project Manager<\/a><\/h3>\n    \t<p>Chad Black serves as the Project Management Lead for Oceaneering&#8217;s Subsea Robotics segment. Based in Morgan City, Louisiana, Chad leads&#8230;<\/p>\n\t\t<a href=\"https:\/\/www.oceaneering.com\/de\/chad-black-a-day-in-the-life-of-a-project-manager\/\">Mehr lesen<\/a>\n\t\t\t<a href='https:\/\/www.oceaneering.com\/de\/jason-duncan-a-day-in-the-life-of-an-engineering-manager\/' title='Jason Duncan - A Day in the Life of a Senior Operations Manager'><img width=\"500\" height=\"350\" src=\"https:\/\/www.oceaneering.com\/wp-content\/uploads\/2023\/01\/JD-Headshot-2.jpg\" alt=\"Jason Duncan headshot\" itemprop=\"image\" decoding=\"async\" loading=\"lazy\" srcset=\"https:\/\/www.oceaneering.com\/wp-content\/uploads\/2023\/01\/JD-Headshot-2.jpg 500w, https:\/\/www.oceaneering.com\/wp-content\/uploads\/2023\/01\/JD-Headshot-2-300x210.jpg 300w, https:\/\/www.oceaneering.com\/wp-content\/uploads\/2023\/01\/JD-Headshot-2-18x12.jpg 18w\" sizes=\"auto, (max-width: 500px) 100vw, 500px\" title=\"JDHeadshot2 | Oceaneering\" \/><\/a>\n\t\t2\/11\/2025\n\t<h3><a href='https:\/\/www.oceaneering.com\/de\/jason-duncan-a-day-in-the-life-of-an-engineering-manager\/' title='Jason Duncan - A Day in the Life of a Senior Operations Manager'>Jason Duncan &#8211; A Day in the Life of a Senior Operations Manager<\/a><\/h3>\n    \t<p>Jason Duncan is the Senior Operations Manager for Oceaneering&#8217;s Manufactured Products Group in Houston, Texas. A mechanical engineer by trade,&#8230;<\/p>\n\t\t<a href=\"https:\/\/www.oceaneering.com\/de\/jason-duncan-a-day-in-the-life-of-an-engineering-manager\/\">Mehr lesen<\/a>\n\t\t\t<a href='https:\/\/www.oceaneering.com\/de\/james-harris-a-day-in-the-life-of-a-software-engineer\/' title='James Harris - A Day in the Life of a Software Engineer'><img width=\"1024\" height=\"576\" src=\"https:\/\/www.oceaneering.com\/wp-content\/uploads\/2025\/01\/James-Harris-1024x576.jpg\" alt=\"James Harris\" itemprop=\"image\" decoding=\"async\" loading=\"lazy\" srcset=\"https:\/\/www.oceaneering.com\/wp-content\/uploads\/2025\/01\/James-Harris-1024x576.jpg 1024w, https:\/\/www.oceaneering.com\/wp-content\/uploads\/2025\/01\/James-Harris-300x169.jpg 300w, https:\/\/www.oceaneering.com\/wp-content\/uploads\/2025\/01\/James-Harris-768x432.jpg 768w, https:\/\/www.oceaneering.com\/wp-content\/uploads\/2025\/01\/James-Harris-1536x864.jpg 1536w, https:\/\/www.oceaneering.com\/wp-content\/uploads\/2025\/01\/James-Harris-18x10.jpg 18w, https:\/\/www.oceaneering.com\/wp-content\/uploads\/2025\/01\/James-Harris-1280x720.jpg 1280w, https:\/\/www.oceaneering.com\/wp-content\/uploads\/2025\/01\/James-Harris-960x540.jpg 960w, https:\/\/www.oceaneering.com\/wp-content\/uploads\/2025\/01\/James-Harris-640x360.jpg 640w, https:\/\/www.oceaneering.com\/wp-content\/uploads\/2025\/01\/James-Harris-320x180.jpg 320w, https:\/\/www.oceaneering.com\/wp-content\/uploads\/2025\/01\/James-Harris.jpg 1920w\" sizes=\"auto, (max-width: 1024px) 100vw, 1024px\" title=\"JamesHarris | Oceaneering\" \/><\/a>\n\t\t1\/22\/2025\n\t<h3><a href='https:\/\/www.oceaneering.com\/de\/james-harris-a-day-in-the-life-of-a-software-engineer\/' title='James Harris - A Day in the Life of a Software Engineer'>James Harris &#8211; A Day in the Life of a Software Engineer<\/a><\/h3>\n    \t<p>James Harris kam im Sommer 2023 als leitender Software-Ingenieur in Vollzeit zu Oceaneering Technologies (OTECH) in Hannover, Maryland....<\/p>\n\t\t<a href=\"https:\/\/www.oceaneering.com\/de\/james-harris-a-day-in-the-life-of-a-software-engineer\/\">Mehr lesen<\/a>\n\t\t\t<a href='https:\/\/www.oceaneering.com\/de\/ian-francis-a-day-in-the-life-of-an-onshore-remote-operations-center-oroc-supervisor\/' title='Ian Francis - Ein Tag im Leben eines Leiters eines Onshore Remote Operations Center (OROC)'><img width=\"1024\" height=\"717\" src=\"https:\/\/www.oceaneering.com\/wp-content\/uploads\/2024\/11\/Ian-Francis-featured-1024x717.png\" alt=\"Ian Francis\" itemprop=\"image\" decoding=\"async\" loading=\"lazy\" srcset=\"https:\/\/www.oceaneering.com\/wp-content\/uploads\/2024\/11\/Ian-Francis-featured-1024x717.png 1024w, https:\/\/www.oceaneering.com\/wp-content\/uploads\/2024\/11\/Ian-Francis-featured-300x210.png 300w, https:\/\/www.oceaneering.com\/wp-content\/uploads\/2024\/11\/Ian-Francis-featured-768x538.png 768w, https:\/\/www.oceaneering.com\/wp-content\/uploads\/2024\/11\/Ian-Francis-featured-1536x1075.png 1536w, https:\/\/www.oceaneering.com\/wp-content\/uploads\/2024\/11\/Ian-Francis-featured-2048x1434.png 2048w, https:\/\/www.oceaneering.com\/wp-content\/uploads\/2024\/11\/Ian-Francis-featured-18x12.png 18w\" sizes=\"auto, (max-width: 1024px) 100vw, 1024px\" title=\"Ian Francis vorgestellt | Oceaneering\" \/><\/a>\n\t\t11\/6\/2024\n\t<h3><a href='https:\/\/www.oceaneering.com\/de\/ian-francis-a-day-in-the-life-of-an-onshore-remote-operations-center-oroc-supervisor\/' title='Ian Francis - Ein Tag im Leben eines Leiters eines Onshore Remote Operations Center (OROC)'>Ian Francis - Ein Tag im Leben eines Leiters eines Onshore Remote Operations Center (OROC)<\/a><\/h3>\n    \t<p>Ian Francis, Oceaneering&#8217;s Onshore Remote Operations Center (OROC) Supervisor in Morgan City, Louisiana, is at the forefront of a technological&#8230;<\/p>\n\t\t<a href=\"https:\/\/www.oceaneering.com\/de\/ian-francis-a-day-in-the-life-of-an-onshore-remote-operations-center-oroc-supervisor\/\">Mehr lesen<\/a>\n\t\t\t<a href='https:\/\/www.oceaneering.com\/de\/mack-bennett-a-day-in-the-life-of-an-automation-engineer\/' title='Mack Bennett - A Day in the Life of an Automation Engineer'><img width=\"1024\" height=\"717\" src=\"https:\/\/www.oceaneering.com\/wp-content\/uploads\/2024\/09\/MackBennett2-1024x717.jpg\" alt=\"A portrait image of Mack Bennett\" itemprop=\"image\" decoding=\"async\" loading=\"lazy\" srcset=\"https:\/\/www.oceaneering.com\/wp-content\/uploads\/2024\/09\/MackBennett2-1024x717.jpg 1024w, https:\/\/www.oceaneering.com\/wp-content\/uploads\/2024\/09\/MackBennett2-300x210.jpg 300w, https:\/\/www.oceaneering.com\/wp-content\/uploads\/2024\/09\/MackBennett2-768x538.jpg 768w, https:\/\/www.oceaneering.com\/wp-content\/uploads\/2024\/09\/MackBennett2-18x12.jpg 18w, https:\/\/www.oceaneering.com\/wp-content\/uploads\/2024\/09\/MackBennett2.jpg 1100w\" sizes=\"auto, (max-width: 1024px) 100vw, 1024px\" title=\"MackBennett2 | Oceaneering\" \/><\/a>\n\t\t9\/25\/2024\n\t<h3><a href='https:\/\/www.oceaneering.com\/de\/mack-bennett-a-day-in-the-life-of-an-automation-engineer\/' title='Mack Bennett - A Day in the Life of an Automation Engineer'>Mack Bennett &#8211; A Day in the Life of an Automation Engineer<\/a><\/h3>\n    \t<p>Mack Bennett ist eine Automatisierungsingenieurin bei Oceaneering Mobile Robotics (OMR). Sie ist verantwortlich f\u00fcr die Implementierung, Pr\u00fcfung, Unterst\u00fctzung und Installation von...<\/p>\n\t\t<a href=\"https:\/\/www.oceaneering.com\/de\/mack-bennett-a-day-in-the-life-of-an-automation-engineer\/\">Mehr lesen<\/a>\n\t\t\t<a href='https:\/\/www.oceaneering.com\/de\/patrick-mcgarry-a-day-in-the-life-of-a-commissioning-technician\/' title='Patrick McGarry - A Day in the Life of a Commissioning Technician'><img width=\"655\" height=\"444\" src=\"https:\/\/www.oceaneering.com\/wp-content\/uploads\/2024\/08\/1000000501.jpg\" alt=\"Patrick McGarry\" itemprop=\"image\" decoding=\"async\" loading=\"lazy\" srcset=\"https:\/\/www.oceaneering.com\/wp-content\/uploads\/2024\/08\/1000000501.jpg 655w, https:\/\/www.oceaneering.com\/wp-content\/uploads\/2024\/08\/1000000501-300x203.jpg 300w, https:\/\/www.oceaneering.com\/wp-content\/uploads\/2024\/08\/1000000501-18x12.jpg 18w\" sizes=\"auto, (max-width: 655px) 100vw, 655px\" title=\"Patrick McGarry vorgestellt | Oceaneering\" \/><\/a>\n\t\t8\/15\/2024\n\t<h3><a href='https:\/\/www.oceaneering.com\/de\/patrick-mcgarry-a-day-in-the-life-of-a-commissioning-technician\/' title='Patrick McGarry - A Day in the Life of a Commissioning Technician'>Patrick McGarry &#8211; A Day in the Life of a Commissioning Technician<\/a><\/h3>\n    \t<p>Patrick McGarry ist Inbetriebnahmetechniker bei Oceaneering Mobile Robotics (OMR) in Orlando, Florida. OMR l\u00f6st betriebliche Herausforderungen und optimiert die...<\/p>\n\t\t<a href=\"https:\/\/www.oceaneering.com\/de\/patrick-mcgarry-a-day-in-the-life-of-a-commissioning-technician\/\">Mehr lesen<\/a>\n\t\t\t<a href='https:\/\/www.oceaneering.com\/de\/steven-goodson-a-day-in-the-life-of-an-rov-tech\/' title='Steven Goodson - A Day in the Life of an ROV Tech'><img width=\"1024\" height=\"768\" src=\"https:\/\/www.oceaneering.com\/wp-content\/uploads\/2024\/07\/Steven-Goodson-e1753158083269-1024x768.jpg\" alt=\"Steven Goodson\" itemprop=\"image\" decoding=\"async\" loading=\"lazy\" srcset=\"https:\/\/www.oceaneering.com\/wp-content\/uploads\/2024\/07\/Steven-Goodson-e1753158083269-1024x768.jpg 1024w, https:\/\/www.oceaneering.com\/wp-content\/uploads\/2024\/07\/Steven-Goodson-e1753158083269-300x225.jpg 300w, https:\/\/www.oceaneering.com\/wp-content\/uploads\/2024\/07\/Steven-Goodson-e1753158083269-768x576.jpg 768w, https:\/\/www.oceaneering.com\/wp-content\/uploads\/2024\/07\/Steven-Goodson-e1753158083269-1536x1152.jpg 1536w, https:\/\/www.oceaneering.com\/wp-content\/uploads\/2024\/07\/Steven-Goodson-e1753158083269-16x12.jpg 16w, https:\/\/www.oceaneering.com\/wp-content\/uploads\/2024\/07\/Steven-Goodson-e1753158083269.jpg 1920w\" sizes=\"auto, (max-width: 1024px) 100vw, 1024px\" title=\"StevenGoodson | Oceaneering\" \/><\/a>\n\t\t7\/22\/2024\n\t<h3><a href='https:\/\/www.oceaneering.com\/de\/steven-goodson-a-day-in-the-life-of-an-rov-tech\/' title='Steven Goodson - A Day in the Life of an ROV Tech'>Steven Goodson &#8211; A Day in the Life of an ROV Tech<\/a><\/h3>\n    \t<p>Steven Goodson is Oceaneering&#8217;s Subsea Robotics Offshore Project Manager. He oversees the remotely operated vehicles (ROV) on board vessels and&#8230;<\/p>\n\t\t<a href=\"https:\/\/www.oceaneering.com\/de\/steven-goodson-a-day-in-the-life-of-an-rov-tech\/\">Mehr lesen<\/a>\n\t\t\t<a href='https:\/\/www.oceaneering.com\/de\/adriana-davila-garay-a-day-in-the-life-of-an-electrical-engineer\/' title='Adriana Davila Garay - A Day in the Life of an Electrical Engineer'><img width=\"634\" height=\"444\" src=\"https:\/\/www.oceaneering.com\/wp-content\/uploads\/2024\/07\/Adriana-featured.jpg\" alt=\"\" itemprop=\"image\" decoding=\"async\" loading=\"lazy\" srcset=\"https:\/\/www.oceaneering.com\/wp-content\/uploads\/2024\/07\/Adriana-featured.jpg 634w, https:\/\/www.oceaneering.com\/wp-content\/uploads\/2024\/07\/Adriana-featured-300x210.jpg 300w, https:\/\/www.oceaneering.com\/wp-content\/uploads\/2024\/07\/Adriana-featured-18x12.jpg 18w\" sizes=\"auto, (max-width: 634px) 100vw, 634px\" title=\"Adrianafeatured | Oceaneering\" \/><\/a>\n\t\t7\/15\/2024\n\t<h3><a href='https:\/\/www.oceaneering.com\/de\/adriana-davila-garay-a-day-in-the-life-of-an-electrical-engineer\/' title='Adriana Davila Garay - A Day in the Life of an Electrical Engineer'>Adriana Davila Garay &#8211; A Day in the Life of an Electrical Engineer<\/a><\/h3>\n    \t<p>Adriana Davila Garay is an Electrical Engineer I in Oceaneering&#8217;s Hanover, MD facility. She joined the company&#8217;s Oceaneering Technologies (OTECH)&#8230;<\/p>\n\t\t<a href=\"https:\/\/www.oceaneering.com\/de\/adriana-davila-garay-a-day-in-the-life-of-an-electrical-engineer\/\">Mehr lesen<\/a>\n\t\t\t<a href='https:\/\/www.oceaneering.com\/de\/blanca-montoya-a-day-in-the-life-of-a-product-manager\/' title='Blanca Montoya - Ein Tag im Leben eines Produktmanagers'><img width=\"634\" height=\"444\" src=\"https:\/\/www.oceaneering.com\/wp-content\/uploads\/2024\/06\/Blanca-featured.jpg\" alt=\"\" itemprop=\"image\" decoding=\"async\" loading=\"lazy\" srcset=\"https:\/\/www.oceaneering.com\/wp-content\/uploads\/2024\/06\/Blanca-featured.jpg 634w, https:\/\/www.oceaneering.com\/wp-content\/uploads\/2024\/06\/Blanca-featured-300x210.jpg 300w, https:\/\/www.oceaneering.com\/wp-content\/uploads\/2024\/06\/Blanca-featured-18x12.jpg 18w\" sizes=\"auto, (max-width: 634px) 100vw, 634px\" title=\"Wei\u00dfrussland | Oceaneering\" \/><\/a>\n\t\t6\/29\/2024\n\t<h3><a href='https:\/\/www.oceaneering.com\/de\/blanca-montoya-a-day-in-the-life-of-a-product-manager\/' title='Blanca Montoya - Ein Tag im Leben eines Produktmanagers'>Blanca Montoya - Ein Tag im Leben eines Produktmanagers<\/a><\/h3>\n    \t<p>Blanca Montoya is a Product Manager for Oceaneering&#8217;s Subsea Robotics business unit. She launches new products into the market, manages&#8230;<\/p>\n\t\t<a href=\"https:\/\/www.oceaneering.com\/de\/blanca-montoya-a-day-in-the-life-of-a-product-manager\/\">Mehr lesen<\/a>\n\t\t<!-- .pp-content-posts -->\n\t\t\t<a href=\"https:\/\/www.oceaneering.com\/de\/blog\/?_categories=women-in-technology\" target=\"_self\">\n\t\t\t\t\t\t\tAlle Beitr\u00e4ge anzeigen\n\t\t\t\t\t<\/a>","protected":false},"excerpt":{"rendered":"<p>Contact Us Employee Spotlight Oceaneering is devoted to creating a talented and innovative workforce. To do that we are highlighting employees who contribute directly and indirectly to our technological advances. 5\/21\/2025 Casey Glenn &#8211; A Day in the Life of an \u200b\u200b\u200b\u200b\u200b\u200b\u200bProduct Development Manager Casey Glenn is the Senior Manager for New Product Development in &#8230; <a title=\"Mitarbeiter Spotlight\" class=\"read-more\" href=\"https:\/\/www.oceaneering.com\/de\/careers\/people-and-culture\/employee-spotlight\/\" aria-label=\"Mehr Informationen \u00fcber Employee Spotlight\">Weiterlesen ...<\/a><\/p>","protected":false},"author":20,"featured_media":0,"parent":61092,"menu_order":48,"comment_status":"closed","ping_status":"closed","template":"","meta":{"_acf_changed":false,"footnotes":"","_links_to":"","_links_to_target":""},"product_category":[],"search_tags":[1826],"class_list":["post-61100","page","type-page","status-publish","search_tags-careers"],"acf":[],"aioseo_notices":[],"_links":{"self":[{"href":"https:\/\/www.oceaneering.com\/de\/wp-json\/wp\/v2\/pages\/61100","targetHints":{"allow":["GET"]}}],"collection":[{"href":"https:\/\/www.oceaneering.com\/de\/wp-json\/wp\/v2\/pages"}],"about":[{"href":"https:\/\/www.oceaneering.com\/de\/wp-json\/wp\/v2\/types\/page"}],"author":[{"embeddable":true,"href":"https:\/\/www.oceaneering.com\/de\/wp-json\/wp\/v2\/users\/20"}],"replies":[{"embeddable":true,"href":"https:\/\/www.oceaneering.com\/de\/wp-json\/wp\/v2\/comments?post=61100"}],"version-history":[{"count":2,"href":"https:\/\/www.oceaneering.com\/de\/wp-json\/wp\/v2\/pages\/61100\/revisions"}],"predecessor-version":[{"id":81415,"href":"https:\/\/www.oceaneering.com\/de\/wp-json\/wp\/v2\/pages\/61100\/revisions\/81415"}],"up":[{"embeddable":true,"href":"https:\/\/www.oceaneering.com\/de\/wp-json\/wp\/v2\/pages\/61092"}],"wp:attachment":[{"href":"https:\/\/www.oceaneering.com\/de\/wp-json\/wp\/v2\/media?parent=61100"}],"wp:term":[{"taxonomy":"product_category","embeddable":true,"href":"https:\/\/www.oceaneering.com\/de\/wp-json\/wp\/v2\/product_category?post=61100"},{"taxonomy":"search_tags","embeddable":true,"href":"https:\/\/www.oceaneering.com\/de\/wp-json\/wp\/v2\/search_tags?post=61100"}],"curies":[{"name":"wp","href":"https:\/\/api.w.org\/{rel}","templated":true}]}}