{"id":61092,"date":"2023-11-09T08:22:41","date_gmt":"2023-11-09T13:22:41","guid":{"rendered":"https:\/\/oceaneering.com\/careers\/diversity-and-inclusion\/"},"modified":"2025-05-14T12:17:32","modified_gmt":"2025-05-14T17:17:32","slug":"people-and-culture","status":"publish","type":"page","link":"https:\/\/www.oceaneering.com\/de\/careers\/people-and-culture\/","title":{"rendered":"Menschen und Kultur"},"content":{"rendered":"<a href=\"https:\/\/www.oceaneering.com\/de\/contact-us\/\" target=\"_self\">\r\n\t\t\t\t\t\t\tKontakt\r\n\t\t\t\t\t<\/a>\r\n<h1>\r\n\t\tMenschen und Kultur\r\n\t<\/h1>\r\n\t<p>Oceaneering is devoted to creating a talented and innovative workforce. From recent college graduates to transitioning military veterans, we pair talented job seekers with rewarding positions.<\/p>\r\n\t\t\t<img decoding=\"async\" src=\"https:\/\/oceaneering.com\/wp-content\/uploads\/2023\/11\/website-thumbnail-201923-1-scaled.jpeg\" title=\"website-thumbnail-201923\" alt=\"\" \/>\t\t\t\t\t\t\t\r\n\t\t\t\t\tVideo abspielen\r\n<h2>\r\n\t\tPraktika und Lehrlingsprogramme\r\n\t<\/h2>\r\n\t<p>Oceaneering ist bestrebt, die Karrieren von Studenten aus dem gesamten Erfahrungsspektrum zu identifizieren und zu f\u00f6rdern.<\/p>\r\n\t\t\t\t\t\t<img decoding=\"async\" src=\"https:\/\/oceaneering.com\/wp-content\/uploads\/2023\/11\/College-internship.jpg\" alt=\"\"\/>\r\n\t\t\t\t\t\t<h3>College-Praktika<\/h3>\r\n\t\t\t\t\t\t<h3>College-Praktika<\/h3>\r\n\t\t\t\t\t\t<p>Erwerben Sie College-Kreditpunkte, w\u00e4hrend Sie mehr \u00fcber die vielen Branchen erfahren, f\u00fcr die Oceaneering t\u00e4tig ist.<\/p>\r\n\t<p>F\u00fcr Studierende bieten wir jedes Jahr von Juni bis August die M\u00f6glichkeit, ein Sommerpraktikum zu absolvieren, bei dem sie in das Tagesgesch\u00e4ft einer unserer zahlreichen Gesch\u00e4ftseinheiten eintauchen k\u00f6nnen. Die Studierenden schlie\u00dfen ihr Praktikum mit einem besseren Verst\u00e4ndnis der t\u00e4glichen Gesch\u00e4ftsabl\u00e4ufe in ihrem gew\u00e4hlten Studienfach ab.<\/p>\r\n\t\t\t\t\t\t<img decoding=\"async\" src=\"https:\/\/oceaneering.com\/wp-content\/uploads\/2023\/11\/09CW053-edited-1.jpg\" alt=\"\"\/>\r\n\t\t\t\t\t\t<h3>Maritime Ausbildungsberufe<\/h3>\r\n\t\t\t\t\t\t<h3>Maritime Ausbildungsberufe<\/h3>\r\n\t\t\t\t\t\t<p>Erwerben Sie in nur vier Jahren ein anerkanntes Zertifikat in maritimen Technologien.<\/p>\r\n\t<p>F\u00fcr Berufst\u00e4tige, die ihre F\u00e4higkeiten erweitern oder sich beruflich ver\u00e4ndern m\u00f6chten, bieten wir ein Ausbildungsprogramm f\u00fcr die maritime Industrie an. Die Teilnehmer erhalten sowohl eine Ausbildung am Arbeitsplatz als auch Unterricht in der Klasse, der mehrere Berufe abdeckt. Am Ende des vierj\u00e4hrigen Programms erhalten die Teilnehmer sowohl ein Zertifikat in maritimen Technologien als auch einen Gesellenbrief.<\/p>\r\n\t\t\t\t<img decoding=\"async\" src=\"https:\/\/oceaneering.com\/wp-content\/uploads\/2023\/11\/shutterstock_183400235-edited-1.jpg\" alt=\"Graduates throwing their hats in the air\" itemprop=\"image\" title=\"Absolventen\" onerror=\"this.style.display='none'\"  \/>\r\n<h2>\r\n\t\tJ\u00fcngste Absolventen\r\n\t<\/h2>\r\n\t<p>No matter your passion or area of interest, there&#8217;s a part of our business made just for you. As a vital part of some of the world&#8217;s fastest moving industries, you&#8217;ll not only be working with advanced technology, you&#8217;ll be making a great investment in your future.<\/p>\r\n<em>&#8220;I chose Oceaneering because of the challenging opportunities and the growth in Angola. During my interview, the hiring manager explained the goals and growth of the company and that was exciting to me! It&#8217;s an open door culture, with friendly and very helpful people.&#8221;<\/em><br \/>\r\n<em>~ Joel, Hauptbuchhalter und Kostenrechner<\/em>\r\n<h2>\r\n\t\tMilit\u00e4r in der \u00dcbergangsphase\r\n\t<\/h2>\r\n\t<p>Oceaneering ist stolz darauf, Milit\u00e4rveteranen zu besch\u00e4ftigen. Unsere Pr\u00e4senz in einer Vielzahl von Branchen und Regionen erm\u00f6glicht es uns, Arbeitssuchende aus einem vielf\u00e4ltigen Talentpool mit Stellen zusammenzubringen, die ihren spezifischen F\u00e4higkeiten und Erfahrungen entsprechen.<\/p>\r\n\t\t\t<a href=\"https:\/\/www.oceaneering.com\/de\/careers\/veterans\/\" target=\"_self\">\r\n\t\t\t\t\t\t\tMehr erfahren\r\n\t\t\t<\/a>\r\n\t\t\t\t<img decoding=\"async\" src=\"https:\/\/oceaneering.com\/wp-content\/uploads\/2023\/11\/Military2.jpeg\" alt=\"Military2\" itemprop=\"image\" title=\"Milit\u00e4r2\" onerror=\"this.style.display='none'\"  \/>","protected":false},"excerpt":{"rendered":"<p>Contact Us People and Culture Oceaneering is devoted to creating a talented and innovative workforce. From recent college graduates to transitioning military veterans, we pair talented job seekers with rewarding positions. Play Video Internships and Apprentice Programs Oceaneering is committed to identifying and developing the careers of students from across the experience spectrum. College Internships &#8230; <a title=\"Menschen und Kultur\" class=\"read-more\" href=\"https:\/\/www.oceaneering.com\/de\/careers\/people-and-culture\/\" aria-label=\"Mehr Informationen \u00fcber People and Culture\">Weiterlesen ...<\/a><\/p>","protected":false},"author":20,"featured_media":0,"parent":1148,"menu_order":42,"comment_status":"closed","ping_status":"closed","template":"","meta":{"_acf_changed":false,"footnotes":"","_links_to":"","_links_to_target":""},"product_category":[],"search_tags":[1826],"class_list":["post-61092","page","type-page","status-publish","search_tags-careers"],"acf":[],"aioseo_notices":[],"_links":{"self":[{"href":"https:\/\/www.oceaneering.com\/de\/wp-json\/wp\/v2\/pages\/61092","targetHints":{"allow":["GET"]}}],"collection":[{"href":"https:\/\/www.oceaneering.com\/de\/wp-json\/wp\/v2\/pages"}],"about":[{"href":"https:\/\/www.oceaneering.com\/de\/wp-json\/wp\/v2\/types\/page"}],"author":[{"embeddable":true,"href":"https:\/\/www.oceaneering.com\/de\/wp-json\/wp\/v2\/users\/20"}],"replies":[{"embeddable":true,"href":"https:\/\/www.oceaneering.com\/de\/wp-json\/wp\/v2\/comments?post=61092"}],"version-history":[{"count":0,"href":"https:\/\/www.oceaneering.com\/de\/wp-json\/wp\/v2\/pages\/61092\/revisions"}],"up":[{"embeddable":true,"href":"https:\/\/www.oceaneering.com\/de\/wp-json\/wp\/v2\/pages\/1148"}],"wp:attachment":[{"href":"https:\/\/www.oceaneering.com\/de\/wp-json\/wp\/v2\/media?parent=61092"}],"wp:term":[{"taxonomy":"product_category","embeddable":true,"href":"https:\/\/www.oceaneering.com\/de\/wp-json\/wp\/v2\/product_category?post=61092"},{"taxonomy":"search_tags","embeddable":true,"href":"https:\/\/www.oceaneering.com\/de\/wp-json\/wp\/v2\/search_tags?post=61092"}],"curies":[{"name":"wp","href":"https:\/\/api.w.org\/{rel}","templated":true}]}}