{"id":61086,"date":"2023-11-09T08:18:49","date_gmt":"2023-11-09T13:18:49","guid":{"rendered":"https:\/\/oceaneering.com\/oceaneering-brand\/"},"modified":"2024-02-01T04:45:00","modified_gmt":"2024-02-01T09:45:00","slug":"oceaneering-brand","status":"publish","type":"page","link":"https:\/\/www.oceaneering.com\/de\/oceaneering-brand\/","title":{"rendered":"Oceaneering Markenrichtlinien"},"content":{"rendered":"<h1>\n\t\tOceaneering Markenrichtlinien\n\t<\/h1>\n\n\t\tDie Marke Oceaneering wird mit St\u00e4rke, Qualit\u00e4t und Zuverl\u00e4ssigkeit assoziiert. Einer der wichtigsten Aspekte bei der Aufrechterhaltung dieser Marke ist die konsistente Verwendung unseres Logos. Das unten abgebildete Oceaneering-Logo ist das einzige genehmigte Logo.\n\t\n\t\t\t\t<img decoding=\"async\" src=\"https:\/\/oceaneering.com\/wp-content\/uploads\/2023\/11\/Oceaneering-Logo-blue-PMS-302-C-rev1-1024x299.jpeg\" alt=\"Oceaneering-Logo-blue-PMS-302-C-rev1\" itemprop=\"image\" title=\"Oceaneering-Logo-blue-PMS-302-C-rev1\" onerror=\"this.style.display='none'\"  \/>\n\n\t\tVerwenden Sie bei der Darstellung des Oceaneering-Logos stets das \u00ae-Zeichen.\n\t\n\t\t\t\t<img decoding=\"async\" src=\"https:\/\/oceaneering.com\/wp-content\/uploads\/2023\/12\/Oceaneering-Logo-302C.jpeg\" alt=\"Oceaneering-Logo-302C\" itemprop=\"image\" title=\"Oceaneering-Logo-302C\" onerror=\"this.style.display='none'\"  \/>\n\t<p>Das blaue Logo (PMS 302 C) ist das bevorzugte Logo und sollte nach M\u00f6glichkeit auf wei\u00dfem Hintergrund verwendet werden.<\/p>\n\t\t\t<a href=\"https:\/\/oceaneering.canto.com\/download\/image\/6ovf3ee24d26h7tpovlo07970i\/original\" target=\"_blank\" rel=\"noopener\">\n\t\t\t\t\t\tPNG\n\t\t\t\t\t<\/a>\n\t\t\t<a href=\"https:\/\/oceaneering.canto.com\/download\/document\/pknkfdt3b51h57tk98mgb1vh02\/original.pdf\" target=\"_blank\" rel=\"noopener\">\n\t\t\t\t\t\tPDF\n\t\t\t\t\t<\/a>\n\t\t\t\t<img decoding=\"async\" src=\"https:\/\/oceaneering.com\/wp-content\/uploads\/2023\/12\/Oceaneering-Logo-White2.jpeg\" alt=\"Oceaneering-Logo-White2\" itemprop=\"image\" title=\"Oceaneering-Logo-Wei\u00df2\" onerror=\"this.style.display='none'\"  \/>\n\t<p>Das wei\u00dfe Logo sollte auf dunklen Hintergr\u00fcnden verwendet werden, um eine optimale Sichtbarkeit zu gew\u00e4hrleisten.<\/p>\n\t\t\t<a href=\"https:\/\/oceaneering.canto.com\/download\/image\/fgmqncl2h112hf3e2f1ot31u6m\/original\" target=\"_blank\" rel=\"noopener\">\n\t\t\t\t\t\tPNG\n\t\t\t\t\t<\/a>\n\t\t\t<a href=\"https:\/\/oceaneering.canto.com\/download\/document\/ji3m434e417o9bceeji22d5a6j\/original.pdf\" target=\"_blank\" rel=\"noopener\">\n\t\t\t\t\t\tPDF\n\t\t\t\t\t<\/a>\n\t\t\t\t<img decoding=\"async\" src=\"https:\/\/oceaneering.com\/wp-content\/uploads\/2023\/12\/Oceaneering-Logo-Black.jpeg\" alt=\"Oceaneering-Logo-Black\" itemprop=\"image\" title=\"Oceaneering-Logo-Schwarz\" onerror=\"this.style.display='none'\"  \/>\n\t<p>Das schwarze Logo ist ein optionales Logo und kann auf einem wei\u00dfen oder hellen Hintergrund verwendet werden.<\/p>\n\t\t\t<a href=\"https:\/\/oceaneering.canto.com\/download\/image\/5gh1ifn8ed4hv6r21fm6ktc42m\/original\" target=\"_blank\" rel=\"noopener\">\n\t\t\t\t\t\tPNG\n\t\t\t\t\t<\/a>\n\t\t\t<a href=\"https:\/\/oceaneering.canto.com\/download\/document\/n10h0a7rlh4vp2v7tfq9cm5l17\/original.pdf\" target=\"_blank\" rel=\"noopener\">\n\t\t\t\t\t\tPDF\n\t\t\t\t\t<\/a>\n<h2>\n\t\tRichtlinien f\u00fcr den Freiraum des Logos\n\t<\/h2>\n\n\t\tDie Beibehaltung eines sauberen und \u00fcbersichtlichen Bereichs um das Logo herum maximiert die visuelle Wirkung. Bei der Verwendung von Grafiken, Text, Illustrationen oder Bildmaterial in Verbindung mit dem eingetragenen Logo muss der Freiraum gewahrt bleiben.\n\t\n\t\t\t\t<img decoding=\"async\" src=\"https:\/\/oceaneering.com\/wp-content\/uploads\/2023\/11\/Oceaneering-Logo-Blue-web-clear-space1-1024x465-1.png\" alt=\"Oceaneering-Logo-Blue-web-clear-space1-1024x465\" itemprop=\"image\" title=\"Oceaneering-Logo-Blue-web-clear-space1-1024x465\" onerror=\"this.style.display='none'\"  \/>\n\t\t\t\t<img decoding=\"async\" src=\"https:\/\/oceaneering.com\/wp-content\/uploads\/2023\/11\/Logo-web-clear-space-R-300x298-1.png\" alt=\"Logo-web-clear-space-R-300x298\" itemprop=\"image\" title=\"Logo-web-clear-space-R-300x298\" onerror=\"this.style.display='none'\"  \/>\n<h3>\n\t\tGedruckte Medien\n\t<\/h3>\n\t<p><strong>Mindestgr\u00f6\u00dfe des Logos<\/strong> auf gedruckten Medien ist 0,75 Zoll (19 mm) breit.<\/p>\n<h3>\n\t\tDigitale Medien\n\t<\/h3>\n\t<p><strong>Mindestgr\u00f6\u00dfe des Logos<\/strong> in digitalen Medien ist 100 Pixel breit.<\/p>\n<h3>\n\t\tFotografien\n\t<\/h3>\n\t<p>Wenn das Logo auf einem Foto platziert wird, sollte es auf einer sauberen und \u00fcbersichtlichen Fl\u00e4che platziert werden.<\/p>\n<h4>\n\t\tBeispiele f\u00fcr die korrekte Verwendung des Logos in gedruckten Medien\n\t<\/h4>\n\t\t\t\t<img decoding=\"async\" src=\"https:\/\/oceaneering.com\/wp-content\/uploads\/2023\/11\/flyers-with-tagline.jpeg\" alt=\"flyers-with-tagline\" itemprop=\"image\" title=\"flyer-mit-tagline\" onerror=\"this.style.display='none'\"  \/>\n\t\t\t\t<img decoding=\"async\" src=\"https:\/\/oceaneering.com\/wp-content\/uploads\/2023\/11\/Brochure-level-2-cover-small1.jpeg\" alt=\"Brochure-level-2-cover-small1\" itemprop=\"image\" title=\"Brosch\u00fcre-Level-2-Einband-klein1\" onerror=\"this.style.display='none'\"  \/>\n<h4>\n\t\tBeispiel f\u00fcr die korrekte Verwendung von Logos in digitalen Medien\n\t<\/h4>\n\t\t\t\t<img decoding=\"async\" src=\"https:\/\/oceaneering.com\/wp-content\/uploads\/2023\/11\/NEXXUS-digi-ad.gif\" alt=\"NEXXUS-digi-ad\" itemprop=\"image\" title=\"NEXXUS-digi-ad\" onerror=\"this.style.display='none'\"  \/>\n<h4>\n\t\tBeispiel f\u00fcr die korrekte Verwendung von Logos in digitalen Medien\n\t<\/h4>\n\t\t\t\t<img decoding=\"async\" src=\"https:\/\/oceaneering.com\/wp-content\/uploads\/2023\/11\/Logos-forbidden-backgrounds-dark.png\" alt=\"Logos-forbidden-backgrounds-dark\" itemprop=\"image\" title=\"Logos-f\u00fcr-verbotene-Hintergr\u00fcnde-dunkel\" onerror=\"this.style.display='none'\"  \/>\n\t\t\t\t<img decoding=\"async\" src=\"https:\/\/oceaneering.com\/wp-content\/uploads\/2023\/11\/Logos-forbidden-backgrounds-light.jpeg\" alt=\"Logos-forbidden-backgrounds-light\" itemprop=\"image\" title=\"Logos-verbotene-Hintergr\u00fcnde-hell\" onerror=\"this.style.display='none'\"  \/>\n\t\t\t\t<img decoding=\"async\" src=\"https:\/\/oceaneering.com\/wp-content\/uploads\/2023\/11\/Logos-forbidden-backgrounds-image-1.jpeg\" alt=\"Logos-forbidden-backgrounds-image-1\" itemprop=\"image\" title=\"Logos-verbotene-Hintergr\u00fcnde-Bild-1\" onerror=\"this.style.display='none'\"  \/>\n<h2>\n\t\tFarben\n\t<\/h2>\n\n\t\tMarken und Farben sind untrennbar miteinander verbunden, denn Farbe bietet eine unmittelbare M\u00f6glichkeit, Bedeutungen und Botschaften ohne Worte zu vermitteln.\n\t\n<h3>\n\t\tOceaneering hat drei Grundfarben.\n\t<\/h3>\n\t<h4>PMS 302 C<\/h4>\n<p><img loading=\"lazy\" decoding=\"async\" src=\"https:\/\/www.oceaneering.com\/wp-content\/uploads\/2024\/02\/p1-1-150x150.png\" alt=\"\" width=\"150\" height=\"150\" \/><\/p>\n<strong>CMYK: 100 74 40 32<\/strong><br \/>\n<strong>RGB: 0 59 92<\/strong><br \/>\n<strong>HEX: #003b5c<\/strong><br \/>\n<strong>RAL: 5001<\/strong>\nLogo-Farbe.<br \/>\nWird verwendet, wenn Text blau erscheinen soll.\n\t<h4>PMS 2965 C<\/h4>\n<p><img loading=\"lazy\" decoding=\"async\" src=\"https:\/\/www.oceaneering.com\/wp-content\/uploads\/2024\/02\/p2-150x150.png\" alt=\"\" width=\"150\" height=\"150\" \/><\/p>\n<strong>CMYK: 100 78 48 54<\/strong><br \/>\n<strong>RGB: 0 38 62<\/strong><br \/>\n<strong>HEX: #00263e<\/strong><br \/>\n<strong>RAL: 5011<\/strong>\n<p>Sollte nur auf einfarbigen blauen Hintergr\u00fcnden und Fl\u00e4chen mit F\u00fcllfarbe verwendet werden.<\/p>\n<p>Hauptfarbe f\u00fcr Ausr\u00fcstungen\/Ger\u00e4te wie LARS, HPUs und Winden.<\/p>\n\t<h4>PMS 123 C<\/h4>\n<p><img loading=\"lazy\" decoding=\"async\" src=\"https:\/\/www.oceaneering.com\/wp-content\/uploads\/2024\/02\/p3-150x150.png\" alt=\"\" width=\"150\" height=\"150\" \/><\/p>\n<strong>CMYK: 0 23 91 0<\/strong><br \/>\n<strong>RGB: 255 196 37<\/strong><br \/>\n<strong>HEX: #ffc72c<\/strong><br \/>\n<strong>RAL: 1003<\/strong>\n<p>Wird in Illustrationen\/Infografien und als Kontrastfarbe verwendet. Sparsam und mit Bedacht verwenden.<\/p>\n<p>Vermeiden Sie die Verwendung von Text in dieser Farbe.<\/p>\n<p>Hauptfarbe f\u00fcr Ausr\u00fcstungen\/Assets wie Container, Rahmen und Unterwassermodule.<\/p>\n<h3>\n\t\tSekund\u00e4rfarben\n\t<\/h3>\n\n\t\tDiese Farben k\u00f6nnen verwendet werden, um f\u00fcr Abwechslung und visuelles Interesse innerhalb der anerkannten Farbpalette zu sorgen.\n\t\n\t<h4>PMS 5415 C<\/h4>\n<p><img loading=\"lazy\" decoding=\"async\" src=\"https:\/\/www.oceaneering.com\/wp-content\/uploads\/2024\/02\/s1-150x150.png\" alt=\"PMS 5415 C\" width=\"150\" height=\"150\" \/><\/p>\n<strong>CMYK: 68 43 30 4<\/strong><br \/>\n<strong>RGB: 91 127 149<\/strong><br \/>\n<strong>HEX: #5b7f95<\/strong><br \/>\n<strong>RAL: 5014<\/strong>\n<p>Wird f\u00fcr \u00dcberschriften und Zwischen\u00fcberschriften auf hellen Hintergr\u00fcnden und als Kontrastfarbe zu PMS 2965 C verwendet.<\/p>\n<p>Nicht als prim\u00e4res Blau zu verwenden.<\/p>\n\t<h4>PMS 5425 C<\/h4>\n<img loading=\"lazy\" decoding=\"async\" src=\"https:\/\/www.oceaneering.com\/wp-content\/uploads\/2024\/02\/s2-150x150.png\" alt=\"PMS 5425 C\" width=\"150\" height=\"150\" \/>\n<strong>CMYK: 55 31 24 6<\/strong><br \/>\n<strong>RGB: 122 153 172<\/strong><br \/>\n<strong>HEX: #7a99ac<\/strong><br \/>\n<strong>RAL: 5024<\/strong>\n<p>Dies ist eine etwas hellere Version von PMS 5415 C.<\/p>\n<p>Wird f\u00fcr \u00dcberschriften und Zwischen\u00fcberschriften auf hellen Hintergr\u00fcnden und als Kontrastfarbe zu PMS 2965 C verwendet.<\/p>\n<p>Nicht als prim\u00e4res Blau zu verwenden.<\/p>\n\t<h4>PMS 7711 C<\/h4>\n<p><img loading=\"lazy\" decoding=\"async\" src=\"https:\/\/www.oceaneering.com\/wp-content\/uploads\/2024\/02\/s3-150x150.png\" alt=\"PMS 7711 C \" width=\"150\" height=\"150\" \/><\/p>\n<strong>CMYK: 97 18 33 0<br \/>\n<\/strong><strong>RGB: 0 151 169<br \/>\n<\/strong><strong>HEX: #0097a9<br \/>\n<\/strong><strong>RAL: 5018<\/strong><strong><br \/>\n<\/strong>\n<p>Wird f\u00fcr Links, Illustrationen\/Infografiken und in geringer Dosierung als Kontrastfarbe verwendet.<\/p>\n<h3>\n\t\tTerti\u00e4rfarben\n\t<\/h3>\n\n\t\tDie Terti\u00e4rfarben sind komplement\u00e4r zu unseren offiziellen Farben, sind aber keine erkennbaren Erkennungszeichen f\u00fcr Oceaneering. Sie sollten sparsam verwendet werden (weniger als 10% der Palette in einem St\u00fcck).\n\t\n\t<h4>PMS 3278 C<\/h4>\n<p><img loading=\"lazy\" decoding=\"async\" src=\"https:\/\/www.oceaneering.com\/wp-content\/uploads\/2024\/02\/PMS-3278-C-150x150.png\" alt=\"PMS 3278 C\" width=\"150\" height=\"150\" \/><\/p>\n<strong>CMYK: 100 11 67 1<\/strong><br \/>\n<strong>RGB: 0 155 119<\/strong><br \/>\n<strong>HEX: #009b77<\/strong><br \/>\n<strong>RAL: 6024<\/strong>\n<p>Wird f\u00fcr Illustrationen\/Infografien und als Kontrastfarbe in kleinen Mengen verwendet.<\/p>\n\t<h4>PMS 1665 C<\/h4>\n<p><img loading=\"lazy\" decoding=\"async\" src=\"https:\/\/www.oceaneering.com\/wp-content\/uploads\/2024\/02\/PMS-1665-C-150x150.png\" alt=\"PMS 1665 C\" width=\"150\" height=\"150\" \/><\/p>\n<strong>CMYK: 6 87 100 0<\/strong><br \/>\n<strong>RGB: 220 68 5<\/strong><br \/>\n<strong>HEX: #dc4405<\/strong><br \/>\n<strong>RAL: 2004<\/strong>\n<p>Wird f\u00fcr Illustrationen\/Infografien und als Kontrastfarbe in kleinen Mengen verwendet.<\/p>\n\t<h4>PMS 186 C<\/h4>\n<p><img loading=\"lazy\" decoding=\"async\" src=\"https:\/\/www.oceaneering.com\/wp-content\/uploads\/2024\/02\/PMS-186-C-150x150.png\" alt=\"PMS 186 C\" width=\"150\" height=\"150\" \/><\/p>\n<strong>CMYK: 12 100 92 3<br \/>\n<\/strong><strong>RGB: 200 16 46<br \/>\n<\/strong><strong>HEX: #c8102e<br \/>\n<\/strong><strong>RAL: 3028<\/strong><strong><br \/>\n<\/strong>\n<p>Wird f\u00fcr Illustrationen\/Infografien und als Kontrastfarbe in kleinen Mengen verwendet.<\/p>\n\t<h4>Grauer K\u00f6rpertext - Gedruckt<\/h4>\n<p><img loading=\"lazy\" decoding=\"async\" src=\"https:\/\/www.oceaneering.com\/wp-content\/uploads\/2024\/02\/Grey-Body-Text---Printed-150x150.png\" alt=\"Grey Body Text Color - Printed\" width=\"150\" height=\"150\" \/><\/p>\n<strong>CMYK: 0 0 0 85<\/strong><br \/>\n<strong>RGB: 77 77 79<\/strong>\n<p>Wird f\u00fcr den Text in gedruckten Materialien (Brosch\u00fcren, Flugbl\u00e4tter und Kataloge) verwendet.<\/p>\n\t<h4>Grau K\u00f6rper Text - Digital<\/h4>\n<p><img loading=\"lazy\" decoding=\"async\" src=\"https:\/\/www.oceaneering.com\/wp-content\/uploads\/2024\/02\/Grey-Body-Text---Digital-150x150.png\" alt=\"Grey Body Text Color - Digital\" width=\"150\" height=\"150\" \/><\/p>\n<strong>HEX: #666666<br \/>\n<\/strong><strong>RGB: 102 102 102<\/strong><strong><br \/>\n<\/strong>\n<p>Wird f\u00fcr Flie\u00dftext in Materialien zur digitalen Verwendung verwendet.<\/p>\n<h2>\n\t\tSchriftart\n\t<\/h2>\n\n\t\tWie bei unserem Logo unterstreicht die konsequente Verwendung unseres Schriftbildes die Markenidentit\u00e4t von Oceaneering.\n\t\n\t\t\t\t<img decoding=\"async\" src=\"https:\/\/oceaneering.com\/wp-content\/uploads\/2023\/11\/DIn-OT-300x260-1.jpeg\" alt=\"DIn-OT-300x260\" itemprop=\"image\" title=\"DIn-OT-300x260\" onerror=\"this.style.display='none'\"  \/>\n\t<p>Bei Oceaneering verwenden wir eine bestimmte Schriftart.<\/p>\n\t<p>Din OT ist unsere Schriftart f\u00fcr Designzwecke.<\/p>\n<p>Die bevorzugten Gewichte sind fett, mittel, normal und leicht.<\/p>","protected":false},"excerpt":{"rendered":"<p>Oceaneering Markenrichtlinien Die Marke Oceaneering wird mit St\u00e4rke, Qualit\u00e4t und Zuverl\u00e4ssigkeit assoziiert. Einer der wichtigsten Aspekte bei der Aufrechterhaltung dieser Marke ist die einheitliche Verwendung unseres Logos. Das unten abgebildete Oceaneering-Logo ist das einzige zugelassene Logo. Verwenden Sie bei der Darstellung des Oceaneering-Logos stets das \u00ae-Registrierungszeichen. Das blaue Logo (PMS 302 C) ... <a title=\"Oceaneering Markenrichtlinien\" class=\"read-more\" href=\"https:\/\/www.oceaneering.com\/de\/oceaneering-brand\/\" aria-label=\"Mehr Informationen \u00fcber Oceaneering Markenrichtlinien\">Weiterlesen ...<\/a><\/p>","protected":false},"author":20,"featured_media":0,"parent":0,"menu_order":37,"comment_status":"closed","ping_status":"closed","template":"","meta":{"_acf_changed":false,"footnotes":"","_links_to":"","_links_to_target":""},"product_category":[],"search_tags":[],"class_list":["post-61086","page","type-page","status-publish"],"acf":[],"aioseo_notices":[],"_links":{"self":[{"href":"https:\/\/www.oceaneering.com\/de\/wp-json\/wp\/v2\/pages\/61086","targetHints":{"allow":["GET"]}}],"collection":[{"href":"https:\/\/www.oceaneering.com\/de\/wp-json\/wp\/v2\/pages"}],"about":[{"href":"https:\/\/www.oceaneering.com\/de\/wp-json\/wp\/v2\/types\/page"}],"author":[{"embeddable":true,"href":"https:\/\/www.oceaneering.com\/de\/wp-json\/wp\/v2\/users\/20"}],"replies":[{"embeddable":true,"href":"https:\/\/www.oceaneering.com\/de\/wp-json\/wp\/v2\/comments?post=61086"}],"version-history":[{"count":0,"href":"https:\/\/www.oceaneering.com\/de\/wp-json\/wp\/v2\/pages\/61086\/revisions"}],"wp:attachment":[{"href":"https:\/\/www.oceaneering.com\/de\/wp-json\/wp\/v2\/media?parent=61086"}],"wp:term":[{"taxonomy":"product_category","embeddable":true,"href":"https:\/\/www.oceaneering.com\/de\/wp-json\/wp\/v2\/product_category?post=61086"},{"taxonomy":"search_tags","embeddable":true,"href":"https:\/\/www.oceaneering.com\/de\/wp-json\/wp\/v2\/search_tags?post=61086"}],"curies":[{"name":"wp","href":"https:\/\/api.w.org\/{rel}","templated":true}]}}