{"id":61043,"date":"2023-11-09T05:42:16","date_gmt":"2023-11-09T10:42:16","guid":{"rendered":"https:\/\/oceaneering.com\/?page_id=61043"},"modified":"2025-11-17T07:40:02","modified_gmt":"2025-11-17T13:40:02","slug":"supplier-document-delivery","status":"publish","type":"page","link":"https:\/\/www.oceaneering.com\/de\/supplier-document-delivery\/","title":{"rendered":"Lieferung von Lieferantendokumenten"},"content":{"rendered":"<a href=\"https:\/\/www.oceaneering.com\/de\/supplier-document-delivery\/#contact\" target=\"_self\">\n\t\t\t\t\t\t\tEin Projekt besprechen\n\t\t\t\t\t<\/a>\n\t\tDokument hochladen\n<h1>\n\t\tUpload von Lieferantendokumenten\n\t<\/h1>\n\t<p>Lieferung von Lieferantenunterlagen, Dokumentenanforderungslisten (DRL) und Spezifikationen. Melden Sie sich in unserem Portal an, um Ihre Dokumente hochzuladen, oder registrieren Sie sich als Benutzer.<\/p>\n\t\t\t<a href=\"https:\/\/oceaneering.sharepoint.com\/:l:\/s\/OSUP\/FLz3DGKlO1FJh44OkRxcGwQByvgG8OsadklzI8ATYOpNiw\" target=\"_blank\" rel=\"noopener\">\n\t\t\t\t\t\t\tAnmeldung zum Lieferanten-Upload-Portal\n\t\t\t<\/a>\n\t\t\t<a href=\"https:\/\/forms.office.com\/Pages\/ResponsePage.aspx?id=ml5Sl11ZLEeCSA3Fj4UtYVlt0rupaiRDnWIta2RW2FZUNksxUUNITU5NM0g1RlpGOUZIUjRVRDFKNC4u\" target=\"_blank\" rel=\"noopener\">\n\t\t\t\t\t\t\tAls Benutzer registrieren\n\t\t\t\t\t<\/a>\n<h5>\n\t\tQualit\u00e4tsdokumente f\u00fcr Lieferanten \n\t<\/h5>\n<h2>\n\t\tQualit\u00e4tsstandard f\u00fcr Lieferanten\n\t<\/h2>\n\t\t\t<a href=\"https:\/\/oceaneering.canto.com\/direct\/document\/k7vkkbolu57p1c46e3llmvui0m\/vXl_U4drIW0a2RQQJpDT8upk0PQ\/original?content-type=application%2Fpdf&#038;name=DOC-COM-18-NUM+Rev+C+Supplier+Quality+Standard.pdf\" target=\"_blank\" rel=\"noopener\">\n\t\t\t\t\t\t\tDOC-COM-18-NUM\n\t\t\t\t\t<\/a>\n<h2>\n\t\tOceaneering Qualit\u00e4tskodizes f\u00fcr Lieferanten\n\t<\/h2>\n\t\t\t<a href=\"https:\/\/oceaneering.canto.com\/direct\/document\/maad71udqd4orbi0emq1j16r7u\/gnoNUeQ2_Tyrzi9aqf9BP2nCg94\/original?content-type=application%2Fpdf&#038;name=DOC-COM-73-NUM+Oceaneering+Supplier+Quality+Codes+REV+F.pdf\" target=\"_blank\" rel=\"noopener\">\n\t\t\t\t\t\t\tDOC-COM-73-NUM\n\t\t\t\t\t<\/a>\n<h2>\n\t\tOTECH-Qualit\u00e4tskodizes f\u00fcr Lieferanten\n\t<\/h2>\n\t\t\t<a href=\"https:\/\/oceaneering.canto.com\/direct\/document\/mmntuq78bt6913mimk3hdb6g4a\/oMpHvbDPrF4kXYuTEgsOOOKMwC8\/original?content-type=application%2Fpdf&#038;name=QAC-P-00312r-_OTECH+Supplier+Quality+Codes.pdf\" target=\"_blank\" rel=\"noopener\">\n\t\t\t\t\t\t\tQAC-P-00312\n\t\t\t\t\t<\/a>\n<h2>\n\t\tSubmarine Rescue System &#8211; SRS\n\t<\/h2>\n\t\t\t<a href=\"https:\/\/oceaneering.canto.com\/direct\/document\/2hifkqa7t17vf6613j1urai73j\/n3t9W_5Trz0g558dzUxwoco01RY\/original?content-type=application%2Fpdf&#038;name=Seafox+SRDRS-PRM-WI1001000_PS+SRS+Quality+Assurance+Code+Requirements.pdf\" target=\"_blank\" rel=\"noopener\">\n\t\t\t\t\t\t\tSRDRS-PRM-WI1001000_PS\n\t\t\t\t\t<\/a>\n<h2>\n\t\tMSD &#8211; Marine Services Div.\n\t<\/h2>\n\t\t\t<a href=\"https:\/\/oceaneering.canto.com\/direct\/document\/4jkq1im9jp6ot98n7do5hdqc1a\/QBbIf7MwcccUhiOxMR-wpCwYmD8\/original?content-type=application%2Fpdf&#038;name=MSD+Quality+Codes+PI-013%2C+Rev+N%2C+1-5-22%2C+CUI+Marine+Services+Division.pdf\" target=\"_blank\" rel=\"noopener\">\n\t\t\t\t\t\t\tPI-013 Beschaffungsverfahren\n\t\t\t\t\t<\/a>\n<h2>\n\t\tOSS-Lieferanten-Produktsicherheitsanforderungen\n\t<\/h2>\n\t\t\t<a href=\"https:\/\/oceaneering.canto.com\/direct\/document\/f5nt11lse51h96ordinivldp3s\/kOyxjCGmivYnDrllTtKWgavUFm0\/original?content-type=application%2Fpdf&#038;name=10107-70971+OSS+Supplier+Product+Assurance+Requirements.pdf\" target=\"_blank\" rel=\"noopener\">\n\t\t\t\t\t\t\t10107-70971\n\t\t\t\t\t<\/a>\n<h5>\n\t\tVorlagen und Verwaltungsdokumente\n\t<\/h5>\n<h2>\n\t\tAbweichungsbericht\n\t<\/h2>\n\t\t\t<a href=\"https:\/\/oceaneering.canto.com\/direct\/document\/lmro532nqp1s95p6tbde9eoq30\/xbEvHyzCbop7EDA8AwKMCPCF-N4\/original?content-type=application%2Fvnd.openxmlformats-officedocument.wordprocessingml.document&#038;name=Deviation+Report.docx\" target=\"_blank\" rel=\"noopener\">\n\t\t\t\t\t\tSiehe Bericht\n\t\t\t\t\t<\/a>\n<h2>\n\t\tListe der R\u00fcckverfolgbarkeit von Materialien\n\t<\/h2>\n\t\t\t<a href=\"https:\/\/oceaneering.canto.com\/direct\/document\/mo910ih6i14el0pfs8g899ii44\/2NC7bE8oWkz-f9RprQgJagj_MzM\/original?content-type=application%2Fvnd.openxmlformats-officedocument.wordprocessingml.template&#038;name=OAS-MTL-SUP-001.dotx\" target=\"_blank\" rel=\"noopener\">\n\t\t\t\t\t\t#OAS-MTL-SUP-001\n\t\t\t\t\t<\/a>\n<h2>\n\t\tProduktionsprotokollbuch\n\t<\/h2>\n\t\t\t<a href=\"https:\/\/oceaneering.canto.com\/direct\/document\/ek9japtig513bevahe2nsj7k4o\/3xwNZeLi-Qu0Gxpmo9kHKeil6_o\/original?content-type=application%2Fmsword&#038;name=OAS-MRB-SUP-001_B.dot\" target=\"_blank\" rel=\"noopener\">\n\t\t\t\t\t\t#OAS-MRB-SUP-001_B\n\t\t\t\t\t<\/a>\n<h2>\n\t\tHSE-Verwaltungsvorschriften f\u00fcr Zulieferer und Auftragnehmer\n\t<\/h2>\n\t\t\t<a href=\"https:\/\/oceaneering.canto.com\/direct\/document\/d9mhf52ohh7t57tbhm49pgnh1f\/Lf2IT7OJLfejOqhLfd37zpeNekM\/original?content-type=application%2Fpdf&#038;name=HSE+Administrative+requirements+for+suppliers+and+contractors.pdf\" target=\"_blank\" rel=\"noopener\">\n\t\t\t\t\t\t\tSiehe Anforderungen\n\t\t\t\t\t<\/a>\n<h5>\n\t\tListe der Anforderungen an Dokumente (DRLs)\n\t<\/h5>\n<h2>\n\t\tMontage Fertigung\n\t<\/h2>\n\t\t\t<a href=\"https:\/\/oceaneering.canto.com\/direct\/document\/e3mogcrh8l463e9ouj2l06pn31\/CFq-CE8gMdZZdxgVilvENM8Lus4\/original?content-type=application%2Fpdf&#038;name=970110396.pdf\" target=\"_blank\" rel=\"noopener\">\n\t\t\t\t\t\t\t#970110396\n\t\t\t\t\t<\/a>\n<h2>\n\t\tHebezeuge\n\t<\/h2>\n\t\t\t<a href=\"https:\/\/oceaneering.canto.com\/direct\/document\/ndlnng4pot7dl4kneng5hpd33f\/W99zx6BM53TRgESPaXDrt7u_mk8\/original?content-type=application%2Fpdf&#038;name=970110399.pdf\" target=\"_blank\" rel=\"noopener\">\n\t\t\t\t\t\t\t#970110399\n\t\t\t\t\t<\/a>\n<h2>\n\t\tTeile mit Loskontrolle\n\t<\/h2>\n\t\t\t<a href=\"https:\/\/oceaneering.canto.com\/direct\/document\/trua5i2ih15n355f7aia25p90i\/nq-AGooukP5RPycrY24yrhdQjIc\/original?content-type=application%2Fpdf&#038;name=970110394.pdf\" target=\"_blank\" rel=\"noopener\">\n\t\t\t\t\t\t\t#970110394\n\t\t\t\t\t<\/a>\n<h2>\n\t\tTeile mit Chargen-\/Heizkontrolle\n\t<\/h2>\n\t\t\t<a href=\"https:\/\/oceaneering.canto.com\/direct\/document\/s35hq19ugl1bhehs99e6ni4o7r\/GOlohvUAIEG4eNiLHRfy1EvfUsA\/original?content-type=application%2Fpdf&#038;name=970110398.pdf\" target=\"_blank\" rel=\"noopener\">\n\t\t\t\t\t\t\t#970110398\n\t\t\t\t\t<\/a>\n<h2>\n\t\t Teile mit serieller Steuerung\n\t<\/h2>\n\t\t\t<a href=\"https:\/\/oceaneering.canto.com\/direct\/document\/g0d65i5aud0a9cmp9qp6jsqr63\/L9rCuh9f-Mt_0P8tT4_yxLYwN-c\/original?content-type=application%2Fpdf&#038;name=970120109.pdf\" target=\"_blank\" rel=\"noopener\">\n\t\t\t\t\t\t\t#970120109\n\t\t\t\t\t<\/a>\n<h2>\n\t\tDruckgekapselte Ausr\u00fcstung\n\t<\/h2>\n\t\t\t<a href=\"https:\/\/oceaneering.canto.com\/direct\/document\/0akjsp1r6t1031csecith68v6g\/vOlDv4dfBUHg42XQKF2FUN6rJc4\/original?content-type=application%2Fpdf&#038;name=970110395.pdf\" target=\"_blank\" rel=\"noopener\">\n\t\t\t\t\t\t\t#970110395\n\t\t\t\t\t<\/a>\n<h2>\n\t\t Tempor\u00e4re Ausr\u00fcstung\n\t<\/h2>\n\t\t\t<a href=\"https:\/\/oceaneering.canto.com\/direct\/document\/vm175ai7f10fjbor5mnohk1a4u\/89S6QqehO-bK5Q6v_RCFttv92so\/original?content-type=application%2Fpdf&#038;name=970323148.pdf\" target=\"_blank\" rel=\"noopener\">\n\t\t\t\t\t\t\t#970323148\n\t\t\t\t\t<\/a>\n<h2>\n\t\tHerstellung von Drehmomentzellen\n\t<\/h2>\n\t\t\t<a href=\"https:\/\/oceaneering.canto.com\/direct\/document\/c403s1k9793ldc6beioklb2o1l\/7QhwsirPhQjAorJnedynnOtnnAk\/original?content-type=application%2Fpdf&#038;name=970251667.pdf\" target=\"_blank\" rel=\"noopener\">\n\t\t\t\t\t\t\t#970251667\n\t\t\t\t\t<\/a>\n<h2>\n\t\tGeschwei\u00dftes Teil\/Baugruppe\n\t<\/h2>\n\t\t\t<a href=\"https:\/\/oceaneering.canto.com\/direct\/document\/83mkh886sp5r78jmomt0tg5q4o\/NMPRl8antHqobFcUFouspHVD0ng\/original?content-type=application%2Fpdf&#038;name=970110397.pdf\" target=\"_blank\" rel=\"noopener\">\n\t\t\t\t\t\t\t#970110397\n\t\t\t\t\t<\/a>\n<h5>\n\t\tSpezifikationen\n\t<\/h5>\n<h2>\n\t\tBeschichtung\n\t<\/h2>\n\t\t\t<a href=\"https:\/\/oceaneering.canto.com\/direct\/document\/0d2cp4g32l7rf7bhc9hsu9qu36\/QgYVvPow5juWHvD-ZEz3GWhJUKQ\/original?content-type=application%2Fpdf&#038;name=970115749.pdf\" target=\"_blank\" rel=\"noopener\">\n\t\t\t\t\t\t\t#970115749\n\t\t\t\t\t<\/a>\n<h2>\n\t\tHydraulische Schl\u00e4uche\n\t<\/h2>\n\t\t\t<a href=\"https:\/\/oceaneering.canto.com\/direct\/document\/fso378kcgh4bh0vlr7nkb6gk57\/8DWx8dmMsdMJq8k6RJf8hka9bW0\/original?content-type=application%2Fpdf&#038;name=970459330.pdf\" target=\"_blank\" rel=\"noopener\">\n\t\t\t\t\t\t\t#970459330\n\t\t\t\t\t<\/a>\n<h2>\n\t\tBefestigungselemente Metrische Spezifikation\n\t<\/h2>\n\t\t\t<a href=\"https:\/\/oceaneering.canto.com\/direct\/document\/obiivv9c6p2ljd4ft8b9j77v27\/zE4SuBlT2IKVuXLQrCfK41ckNDE\/original?content-type=application%2Fpdf&#038;name=OAS-DTS-SPC-001.pdf\" target=\"_blank\" rel=\"noopener\">\n\t\t\t\t\t\t\t#OAS-DTS-SPC-001\n\t\t\t\t\t<\/a>\n<h2>\n\t\tKennzeichnung R\u00fcckverfolgbarkeit\n\t<\/h2>\n\t\t\t<a href=\"https:\/\/oceaneering.canto.com\/direct\/document\/ff3l3etgp55bh33iule2s1mj77\/bOsjddWlnD2VubFqb2rZoUQRhBw\/original?content-type=application%2Fpdf&#038;name=970120234.pdf\" target=\"_blank\" rel=\"noopener\">\n\t\t\t\t\t\t\t#970120234\n\t\t\t\t\t<\/a>\n<h2>\n\t\tMetallische Werkstoffe\n\t<\/h2>\n\t\t\t<a href=\"https:\/\/oceaneering.canto.com\/direct\/document\/l4oj0o1tgl5g32td7551nkrc00\/yVlyhWULYDpG_0UoS5t9GS1Xcjo\/original?content-type=application%2Fpdf&#038;name=970115748.pdf\" target=\"_blank\" rel=\"noopener\">\n\t\t\t\t\t\t\t#970115748\n\t\t\t\t\t<\/a>\n<h2>\n\t\tSpezifikation - Abmessungen und Toleranzen\n\t<\/h2>\n\t\t\t<a href=\"https:\/\/oceaneering.canto.com\/direct\/document\/todsmcfr4l7kddq7kldboone5b\/WeolZxJsn3U4MdFa4YCxc4Ok6sg\/original?content-type=application%2Fpdf&#038;name=970123277.pdf\" target=\"_blank\" rel=\"noopener\">\n\t\t\t\t\t\t\t#970123277\n\t\t\t\t\t<\/a>\n<h2>\n\t\tLieferung, Entgegennahme und Handhabung von nichtmetallischen Dichtungen\n\t<\/h2>\n\t\t\t<a href=\"https:\/\/oceaneering.canto.com\/direct\/document\/e7vr3qvl813fv6brgkf1oidn1t\/QLGAm6coa5VxEwUJIAeUgcEWgS0\/original?content-type=application%2Fpdf&#038;name=970120323.pdf\" target=\"_blank\" rel=\"noopener\">\n\t\t\t\t\t\t\t#970120323\n\t\t\t\t\t<\/a>\n<h2>\n\t\tSchwei\u00dfnaht-Fertigung\n\t<\/h2>\n\t\t\t<a href=\"https:\/\/oceaneering.canto.com\/direct\/document\/1ooi7buecl541bu8tg70b1on1n\/mGoqv0eQEKf4xQ3VV89CswWYY4I\/original?content-type=application%2Fpdf&#038;name=970112646.pdf\" target=\"_blank\" rel=\"noopener\">\n\t\t\t\t\t\t\t#970112646\n\t\t\t\t\t<\/a>\n\n\t\tKontakt\n\t\n<h2>\n\t\tUnser Expertenteam ist bereit, Ihnen den Einstieg zu erleichtern.\n\t<\/h2>\n\t<p>Oceaneering bietet erstklassige Produkte und L\u00f6sungen, die sich durch unvergleichliche Qualit\u00e4t, Zuverl\u00e4ssigkeit und globalen Support auszeichnen. F\u00fcllen Sie das Anfrageformular aus, um noch heute ein Gespr\u00e4ch zu beginnen.<\/p>","protected":false},"excerpt":{"rendered":"<p>Discuss a Project Document Upload Supplier Document Upload Supplier document delivery, document requirement lists (DRL) and specifications. Login to our portal to upload your documents, or register as a user. Login to Supplier Upload Portal Register as a User Supplier Quality Documents Supplier Quality Standard DOC-COM-18-NUM Oceaneering Supplier Quality Codes DOC-COM-73-NUM OTECH Supplier Quality Codes &#8230; <a title=\"Lieferung von Lieferantendokumenten\" class=\"read-more\" href=\"https:\/\/www.oceaneering.com\/de\/supplier-document-delivery\/\" aria-label=\"Mehr Informationen \u00fcber Supplier Document Delivery\">Weiterlesen ...<\/a><\/p>","protected":false},"author":25,"featured_media":0,"parent":0,"menu_order":0,"comment_status":"closed","ping_status":"closed","template":"","meta":{"_acf_changed":false,"footnotes":"","_links_to":"","_links_to_target":""},"product_category":[],"search_tags":[1869],"class_list":["post-61043","page","type-page","status-publish","search_tags-suppliers"],"acf":[],"aioseo_notices":[],"_links":{"self":[{"href":"https:\/\/www.oceaneering.com\/de\/wp-json\/wp\/v2\/pages\/61043","targetHints":{"allow":["GET"]}}],"collection":[{"href":"https:\/\/www.oceaneering.com\/de\/wp-json\/wp\/v2\/pages"}],"about":[{"href":"https:\/\/www.oceaneering.com\/de\/wp-json\/wp\/v2\/types\/page"}],"author":[{"embeddable":true,"href":"https:\/\/www.oceaneering.com\/de\/wp-json\/wp\/v2\/users\/25"}],"replies":[{"embeddable":true,"href":"https:\/\/www.oceaneering.com\/de\/wp-json\/wp\/v2\/comments?post=61043"}],"version-history":[{"count":2,"href":"https:\/\/www.oceaneering.com\/de\/wp-json\/wp\/v2\/pages\/61043\/revisions"}],"predecessor-version":[{"id":79979,"href":"https:\/\/www.oceaneering.com\/de\/wp-json\/wp\/v2\/pages\/61043\/revisions\/79979"}],"wp:attachment":[{"href":"https:\/\/www.oceaneering.com\/de\/wp-json\/wp\/v2\/media?parent=61043"}],"wp:term":[{"taxonomy":"product_category","embeddable":true,"href":"https:\/\/www.oceaneering.com\/de\/wp-json\/wp\/v2\/product_category?post=61043"},{"taxonomy":"search_tags","embeddable":true,"href":"https:\/\/www.oceaneering.com\/de\/wp-json\/wp\/v2\/search_tags?post=61043"}],"curies":[{"name":"wp","href":"https:\/\/api.w.org\/{rel}","templated":true}]}}