{"id":61010,"date":"2023-11-08T21:14:53","date_gmt":"2023-11-09T02:14:53","guid":{"rendered":"https:\/\/oceaneering.com\/workover-control-systems-wocs\/"},"modified":"2023-12-15T03:56:33","modified_gmt":"2023-12-15T08:56:33","slug":"workover-control-systems","status":"publish","type":"page","link":"https:\/\/www.oceaneering.com\/de\/workover-control-systems\/","title":{"rendered":"Workover-Kontrollsysteme (WOCS)"},"content":{"rendered":"\n<h1>\n\t\tWorkover Control Systems (WOCS)\n\t<\/h1>\n\t<p>We are industry leaders in completions, installations, and workover control system (WOCS) services, offering fully integrated project management and engineering solutions. Our systems are tailored to meet your operational requirements and project timeline.<\/p>\n\t<p>Oceaneering has successfully completed over 900+ projects on-time and on-budget.<\/p>\n<h2>\n\t\tInstallation and Workover Control Systems (IWOCS) vs ROV-Workover Control Systems (RWOCS)\n\t<\/h2>\n<h3>\n\t\tIWOCS\n\t<\/h3>\n\t<p>Dual Wire Gides<\/p>\n<h3>\n\t\tRWOCS\n\t<\/h3>\n\t<p>A reliable and value added solution<\/p>\n\t\t<img decoding=\"async\" src=\"https:\/\/oceaneering.com\/wp-content\/uploads\/2023\/11\/IWOCS-Clamp-to-Riser-With-ROV-Control-Container.jpg\"\/>\n\t\t<img decoding=\"async\" src=\"https:\/\/oceaneering.com\/wp-content\/uploads\/2023\/11\/RWOCS-With-ROV-Control-Container-1.jpg\"\/>\n<h1>\n\t\tIntervention Solutions\n\t<\/h1>\n\t<p>Solve your drill support, completions, installation, production enhancement, and decommissioning challenges-from routine to extreme. Find the solution for you in our portfolio of industry-leading light well intervention packages, ROV tools, flow assurance solutions, and decommissioning equipment.<\/p>\n\t\t\t<a href=\"https:\/\/oceaneering.com\/intervention-tooling\/\" target=\"_self\" rel=\"noopener\">\n\t\t\t\t\t\t\tLearn More\n\t\t\t\t\t<\/a>\n\t\tContact Us\n<h3>\n\t\tOur team of experts is ready to help you get started.\n\t<\/h3>\n\t<p>Oceaneering offers best-in-class products and solutions, backed by unparalleled quality, reliability, and global support. Fill out the inquiry form to start a conversation today.<\/p>\n\t\t\t\t\t\t\t&quot;*&quot; indicates required fields\n                        <form method='post' enctype='multipart\/form-data' target='gform_ajax_frame_4' id='gform_4'  action='\/?page_id=61010&#038;fl_builder#gf_4' data-formid='4'>\n                        <fieldset id=\"field_4_1\"   data-js-reload=\"field_4_1\"><legend class='gfield_label gform-field-label gfield_label_before_complex'>Name*<\/legend>\n                                                    <input type='text' name='input_1.3' id='input_4_1_3' value='' tabindex='201'  aria-required='true'     \/>\n                                                    <label for='input_4_1_3' class='gform-field-label gform-field-label--type-sub '>First<\/label>\n                                                    <input type='text' name='input_1.6' id='input_4_1_6' value='' tabindex='203'  aria-required='true'     \/>\n                                                    <label for='input_4_1_6' class='gform-field-label gform-field-label--type-sub '>Last<\/label>\n                        <\/fieldset><label class='gfield_label gform-field-label' for='input_4_4'>Phone*<\/label><input name='input_4' id='input_4_4' type='text' value='' class='large' tabindex='205'  aria-required=\"true\" aria-invalid=\"false\"   \/><label class='gfield_label gform-field-label' for='input_4_3'>Email*<\/label>\n                            <input name='input_3' id='input_4_3' type='text' value='' class='large' tabindex='206'   aria-required=\"true\" aria-invalid=\"false\"  \/>\n                        <label class='gfield_label gform-field-label' for='input_4_5'>Another<\/label><select name='input_5' id='input_4_5' class='large gfield_select' tabindex='207'    aria-invalid=\"false\"><option value='' selected='selected' class='gf_placeholder'>Select One<\/option><option value='First Choice'>First Choice<\/option><option value='Second Choice'>Second Choice<\/option><option value='Third Choice'>Third Choice<\/option><\/select><label class='gfield_label gform-field-label' for='input_4_6'>Another<\/label><select name='input_6' id='input_4_6' class='large gfield_select' tabindex='208'    aria-invalid=\"false\"><option value='' selected='selected' class='gf_placeholder'>Select One<\/option><option value='First Choice'>First Choice<\/option><option value='Second Choice'>Second Choice<\/option><option value='Third Choice'>Third Choice<\/option><\/select><label class='gfield_label gform-field-label' for='input_4_7'>Another<\/label><input name='input_7' id='input_4_7' type='text' value='' class='large'   tabindex='209'   aria-invalid=\"false\"   \/> <label class='gfield_label gform-field-label' for='input_4_8'>Another<\/label><input name='input_8' id='input_4_8' type='text' value='' class='large'   tabindex='210'   aria-invalid=\"false\"   \/> <p>Lorem ipsum dolor sit amet, consetetur sadipscing elitr, sed diam nonumy eirmod tempor invidunt ut labore et dolore magna aliquyam erat voluptua.<\/p>\n         <input type='submit' id='gform_submit_button_4' class='gform_button button' value='Request a Quote' tabindex='211' onclick='if(window[\"gf_submitting_4\"]){return false;}  window[\"gf_submitting_4\"]=true;  ' onkeypress='if( event.keyCode == 13 ){ if(window[\"gf_submitting_4\"]){return false;} window[\"gf_submitting_4\"]=true;  jQuery(\"#gform_4\").trigger(\"submit\",[true]); }' \/> <input type='hidden' name='gform_ajax' value='form_id=4&amp;title=&amp;description=&amp;tabindex=200' \/>\n            <input type='hidden' class='gform_hidden' name='is_submit_4' value='1' \/>\n            <input type='hidden' class='gform_hidden' name='gform_submit' value='4' \/>\n            <input type='hidden' class='gform_hidden' name='gform_unique_id' value='' \/>\n            <input type='hidden' class='gform_hidden' name='state_4' value='WyJ7XCI1XCI6W1wiZGYzN2E2ZTliYzJkYTVlMjU5ZDBmNDMwMTdlYjVhMGVcIixcImZhNGEwM2ZkMGU0YmYxOGMzYzM3NDhmYWZmMGIzYmJkXCIsXCIxMTAzYTVhMmJlZjQ3NWI5MjRhMmZmYTMyYTNhNzM1N1wiXSxcIjZcIjpbXCJkZjM3YTZlOWJjMmRhNWUyNTlkMGY0MzAxN2ViNWEwZVwiLFwiZmE0YTAzZmQwZTRiZjE4YzNjMzc0OGZhZmYwYjNiYmRcIixcIjExMDNhNWEyYmVmNDc1YjkyNGEyZmZhMzJhM2E3MzU3XCJdfSIsImExMTE4N2U4YmFkMGY5NmE2ZTIxYTQxYTMyMDZjM2E4Il0=' \/>\n            <input type='hidden' class='gform_hidden' name='gform_target_page_number_4' id='gform_target_page_number_4' value='0' \/>\n            <input type='hidden' class='gform_hidden' name='gform_source_page_number_4' id='gform_source_page_number_4' value='1' \/>\n            <input type='hidden' name='gform_field_values' value='' \/>\n                        <p><label>&#916;<textarea name=\"ak_hp_textarea\" cols=\"45\" rows=\"8\" maxlength=\"100\"><\/textarea><\/label><input type=\"hidden\" id=\"ak_js_1\" name=\"ak_js\" value=\"150\"\/><\/p><\/form>\n\t\t                <iframe style='display:none;width:0px;height:0px;' src='about:blank' name='gform_ajax_frame_4' id='gform_ajax_frame_4' title='This iframe contains the logic required to handle Ajax powered Gravity Forms.'><\/iframe>\n\n","protected":false},"excerpt":{"rendered":"<p>Workover Control Systems (WOCS) Wir sind branchenf\u00fchrend in den Bereichen Fertigstellung, Installation und Workover Control Systems (WOCS) und bieten vollst\u00e4ndig integrierte Projektmanagement- und Engineering-L\u00f6sungen. Unsere Systeme sind auf Ihre betrieblichen Anforderungen und Ihren Projektzeitplan zugeschnitten. Oceaneering hat mehr als 900 Projekte erfolgreich, p\u00fcnktlich und innerhalb des Budgets abgeschlossen. Installations- und Workover-Kontrollsysteme (IWOCS) gegen\u00fcber ROV-Workover ... <a title=\"Workover-Kontrollsysteme (WOCS)\" class=\"read-more\" href=\"https:\/\/www.oceaneering.com\/de\/workover-control-systems\/\" aria-label=\"Mehr Informationen \u00fcber Workover Control Systems (WOCS)\">Weiterlesen ...<\/a><\/p>","protected":false},"author":7,"featured_media":0,"parent":0,"menu_order":13,"comment_status":"closed","ping_status":"closed","template":"","meta":{"_acf_changed":false,"footnotes":"","_links_to":"","_links_to_target":""},"product_category":[],"search_tags":[],"class_list":["post-61010","page","type-page","status-publish"],"acf":[],"aioseo_notices":[],"_links":{"self":[{"href":"https:\/\/www.oceaneering.com\/de\/wp-json\/wp\/v2\/pages\/61010","targetHints":{"allow":["GET"]}}],"collection":[{"href":"https:\/\/www.oceaneering.com\/de\/wp-json\/wp\/v2\/pages"}],"about":[{"href":"https:\/\/www.oceaneering.com\/de\/wp-json\/wp\/v2\/types\/page"}],"author":[{"embeddable":true,"href":"https:\/\/www.oceaneering.com\/de\/wp-json\/wp\/v2\/users\/7"}],"replies":[{"embeddable":true,"href":"https:\/\/www.oceaneering.com\/de\/wp-json\/wp\/v2\/comments?post=61010"}],"version-history":[{"count":0,"href":"https:\/\/www.oceaneering.com\/de\/wp-json\/wp\/v2\/pages\/61010\/revisions"}],"wp:attachment":[{"href":"https:\/\/www.oceaneering.com\/de\/wp-json\/wp\/v2\/media?parent=61010"}],"wp:term":[{"taxonomy":"product_category","embeddable":true,"href":"https:\/\/www.oceaneering.com\/de\/wp-json\/wp\/v2\/product_category?post=61010"},{"taxonomy":"search_tags","embeddable":true,"href":"https:\/\/www.oceaneering.com\/de\/wp-json\/wp\/v2\/search_tags?post=61010"}],"curies":[{"name":"wp","href":"https:\/\/api.w.org\/{rel}","templated":true}]}}