{"id":60938,"date":"2023-11-08T14:11:35","date_gmt":"2023-11-08T19:11:35","guid":{"rendered":"https:\/\/oceaneering.com\/intervention-tooling\/"},"modified":"2026-01-23T03:43:05","modified_gmt":"2026-01-23T09:43:05","slug":"intervention-tooling","status":"publish","type":"page","link":"https:\/\/www.oceaneering.com\/de\/intervention-tooling\/","title":{"rendered":"Intervention Werkzeugbau"},"content":{"rendered":"<p><a href=\"https:\/\/www.oceaneering.com\/de\/intervention-tooling\/#contact\" target=\"_self\" rel=\"noopener\"> Ein Projekt besprechen <\/a><\/p>\r\n<h1>Intervention Werkzeugbau<\/h1>\r\n<p>Wir l\u00f6sen Herausforderungen in den Bereichen Bohrunterst\u00fctzung, Fertigstellung und Installation, Produktionssteigerung und Stilllegung - von Routine bis hin zu extremen Problemen.<\/p>\r\n<h2>M\u00f6chten Sie mehr dar\u00fcber erfahren?<\/h2>\r\n<p>Wir bieten branchenf\u00fchrende Pakete f\u00fcr leichte Bohrlochinterventionen, ROV-Werkzeuge, L\u00f6sungen f\u00fcr die Durchflusssicherung und Stilllegungsausr\u00fcstung.<\/p>\r\n<p><a href=\"#drill-support\" target=\"_self\" rel=\"noopener\"> Bohrer-Unterst\u00fctzung <\/a> <a href=\"#completions-installation\" target=\"_self\" rel=\"noopener\"> Fertigstellung und Installation <\/a> <a href=\"#production-enhancement\" target=\"_self\" rel=\"noopener\"> Verbesserung der Produktion <\/a> <a href=\"#decommissioning\" target=\"_self\" rel=\"noopener\"> Stilllegung <\/a><\/p>\r\n<h2>Bohrer-Unterst\u00fctzung<\/h2>\r\n<p>Wir bieten eine breite Palette von Bohrunterst\u00fctzungsdiensten an Bord von Schiffen und an Einsatzorten auf der ganzen Welt an. Dank unseres Portfolios, unserer Erfahrung und unserer Pr\u00e4senz sind wir in der Lage, ma\u00dfgeschneiderte Dienstleistungen schnell und kosteng\u00fcnstig anzubieten.<\/p>\r\n<p><img decoding=\"async\" title=\"Gruppe 734\" src=\"https:\/\/oceaneering.com\/wp-content\/uploads\/2023\/10\/Group-734.jpg\" alt=\"Group 734\" \/><\/p>\r\n<h3>ROV-Werkzeuge<\/h3>\r\n<p>Wir bieten mehr als 4.000 ROV-Werkzeuge zur Miete an, um Ihren speziellen Anforderungen gerecht zu werden. Zus\u00e4tzlich zu unserem Vermietungsgesch\u00e4ft unterhalten und warten wir auch einen Pool von kundeneigenen Ger\u00e4ten.<\/p>\r\n<p><img decoding=\"async\" title=\"Diamantdraht\" src=\"https:\/\/oceaneering.com\/wp-content\/uploads\/2023\/11\/Diamond-wire.jpeg\" alt=\"Diamond-wire\" \/><\/p>\r\n<h3>Standard-Produktlinie<\/h3>\r\n<p>F\u00fcr Kunden, die Standardteile ben\u00f6tigen, stellen wir mehr als 250 Standardprodukte her, darunter Ventile, Baugruppen, ROV-Werkzeuge und mehr. Diese zuverl\u00e4ssigen, bew\u00e4hrten Komponenten sind schnell abrufbar, um Ausfallzeiten zu reduzieren.<\/p>\r\n<p><img decoding=\"async\" title=\"BOP-Intervention\" src=\"https:\/\/oceaneering.com\/wp-content\/uploads\/2023\/11\/BOP-Intervention.jpeg\" alt=\"BOP-Intervention\" \/><\/p>\r\n<h3>BOP Intervention<\/h3>\r\n<p>Wir verf\u00fcgen \u00fcber mehr als 150 einsatzbereite BOP-Interventionsskids und -panels. Dar\u00fcber hinaus verf\u00fcgen wir \u00fcber Erfahrung in der Entwicklung zweckm\u00e4\u00dfiger BOP-Eingriffsl\u00f6sungen, die allen Projektanforderungen gerecht werden.<\/p>\r\n<p><a href=\"https:\/\/oceaneering.canto.com\/download\/document\/mv54ciqfa560hdolrjmtsdkl14\/original.pdf\" target=\"_blank\" rel=\"noopener\"> BOP Intervention Skid (Gen 1B) <\/a> <a href=\"https:\/\/oceaneering.canto.com\/download\/document\/urk5l4ttud1hd2qvbfkntq4g6e\/original.pdf\" target=\"_blank\" rel=\"noopener\"> BOP Intervention Skid (Gen 2) <\/a> <img decoding=\"async\" title=\"RCTS_layout\" src=\"https:\/\/oceaneering.com\/wp-content\/uploads\/2023\/11\/RCTS_layout.jpeg\" alt=\"RCTS_layout\" \/><\/p>\r\n<h3>ROV-Schneide-Transport-System (RCTS)<\/h3>\r\n<p>Mit dem vielseitigen RCTS lassen sich Schneidabf\u00e4lle bei Bohrarbeiten effizient entfernen. Diese integrierte L\u00f6sung bietet eine \u00fcberragende Schneidabtragsleistung und erfordert weniger Besatzungsmitglieder und weniger Platz an Deck.<\/p>\r\n<p><a href=\"https:\/\/oceaneering.canto.com\/download\/document\/0fb6fi35p9481fh8seuanfob2c\/original.pdf\" target=\"_blank\" rel=\"noopener\"> ROV-Schneide-Transport-System (RCTS) <\/a> <img decoding=\"async\" title=\"WLR-2\" src=\"https:\/\/oceaneering.com\/wp-content\/uploads\/2023\/11\/WLR-2.jpeg\" alt=\"WLR-2\" \/><\/p>\r\n<h3>Brunnenkopf-Lastentlastung (WLR)<\/h3>\r\n<p>Verringern Sie die Erm\u00fcdung des Bohrlochkopfes, erh\u00f6hen Sie die Effizienz und senken Sie Ihre Kosten mit unserem ROV-gesteuerten Wellhead Load Relief System. WLR verwendet einstellbare Haltevorrichtungen, um eine effiziente Neukonfiguration zu erm\u00f6glichen und die Notwendigkeit eines Eingriffs von oben bei BOP-Spr\u00fcngen zu eliminieren.<\/p>\r\n<p><a href=\"https:\/\/www.oceaneering.com\/de\/wellhead-load-relief\/\" target=\"_self\" rel=\"noopener\"> Mehr erfahren <\/a> <img decoding=\"async\" title=\"rov-bift\" src=\"https:\/\/oceaneering.com\/wp-content\/uploads\/2023\/11\/rov-bift.jpeg\" alt=\"rov-bift\" \/><\/p>\r\n<h3>BOP-Inspektions- und Sp\u00fclungswerkzeug (BIFT)<\/h3>\r\n<p>Sparen Sie Zeit auf der Bohrinsel und f\u00fchren Sie 360-Grad-Inneninspektionen durch. Das leichte, von einem ROV aus einsetzbare BIFT inspiziert zuverl\u00e4ssig interne Dichtungen und f\u00fchrt Hochdruckstrahlreinigungen durch, ohne den BOP wieder auftauchen zu lassen.<\/p>\r\n<h2>Fertigstellung und Installation<\/h2>\r\n<p>In den letzten 25 Jahren waren wir branchenweit f\u00fchrend in den Bereichen Fertigstellung und Installationskontrollsysteme und haben mehr als 800 Auftr\u00e4ge erfolgreich, p\u00fcnktlich und innerhalb des Budgets abgeschlossen. Wir bieten vollst\u00e4ndig integrierte Projektmanagement- und Engineering-L\u00f6sungen.<\/p>\r\n<p><img decoding=\"async\" title=\"IWOCS\" src=\"https:\/\/oceaneering.com\/wp-content\/uploads\/2023\/11\/IWOCS.jpeg\" alt=\"IWOCS\" \/><\/p>\r\n<h3>Installations-, Workover- und Kontrollsysteme (IWOCS)<\/h3>\r\n<p>Wir arbeiten eng mit Ihnen zusammen, um die bestm\u00f6glichen IWOCS-Dienste anzubieten. Wir bieten 99%-Betriebszeit, selbst in tiefen Gew\u00e4ssern (11.000 Fu\u00df) und unter hohem Druck (15.000 psi). Unsere Systeme k\u00f6nnen sowohl auf Bohrinseln als auch auf Schiffen eingesetzt werden und bieten so un\u00fcbertroffene Flexibilit\u00e4t und geringere Kosten.<\/p>\r\n<p><a href=\"https:\/\/www.oceaneering.com\/de\/workover-control-systems\/\" target=\"_self\" rel=\"noopener\"> Mehr erfahren <\/a> <img decoding=\"async\" title=\"RWOCS\" src=\"https:\/\/oceaneering.com\/wp-content\/uploads\/2023\/11\/RWOCS.jpeg\" alt=\"RWOCS\" \/><\/p>\r\n<h3>ROV-Workover-Kontrollsysteme (RWOCS)<\/h3>\r\n<p>Wir erm\u00f6glichen den Fernbetrieb von Unterwasser-Bohrlochausr\u00fcstungen \u00fcber ROV-Workover- und Kontrollsysteme (RWOCS). Wir passen unsere Systeme an Ihre betrieblichen Anforderungen und den Zeitplan Ihres Projekts an.<\/p>\r\n<p><a href=\"https:\/\/www.oceaneering.com\/de\/workover-control-systems\/rwocs\/\" target=\"_self\" rel=\"noopener\"> Mehr erfahren <\/a><\/p>\r\n<h2>Verbesserung der Produktion<\/h2>\r\n<p>Damit Sie den gr\u00f6\u00dftm\u00f6glichen Nutzen aus Ihren Investitionen ziehen k\u00f6nnen, bieten wir eine Reihe von Dienstleistungen an, die auf die Wiederherstellung oder Steigerung der Produktion ausgerichtet sind. Unsere innovativen Technologien und Schiffe haben dazu beigetragen, die Produktion unserer Kunden um 15 Millionen Barrel zu steigern.<\/p>\r\n<p><img decoding=\"async\" title=\"FRS\" src=\"https:\/\/oceaneering.com\/wp-content\/uploads\/2023\/11\/FRS.jpeg\" alt=\"FRS\" \/><\/p>\r\n<h3>Flow Assurance<\/h3>\r\n<p>Bis heute haben wir Dutzende von Flowline-Sanierungskampagnen mit Unterwasser-Trenn- und Verarbeitungsanlagen durchgef\u00fchrt. Unsere firmeneigene Flowline-Sanierungsl\u00f6sung und Hydrat-Sanierungsskids stellen die Produktion schnell wieder her.<\/p>\r\n<p><a href=\"https:\/\/www.oceaneering.com\/de\/flow-assurance\/\" target=\"_self\" rel=\"noopener\"> Mehr erfahren <\/a> <img decoding=\"async\" title=\"Lichtschacht-Intervention\" src=\"https:\/\/oceaneering.com\/wp-content\/uploads\/2023\/11\/Light-well-intervention.jpeg\" alt=\"Light-well-intervention\" \/><\/p>\r\n<h3>Brunnen Intervention<\/h3>\r\n<p>We introduced the industry&#8217;s first subsea rigless well stimulation system and have completed more than 20 successful campaigns. We also offer riserless light well intervention services with systems rated to 15,000 psi and 20-plus bbl\/min.<\/p>\r\n<p><a href=\"https:\/\/www.oceaneering.com\/de\/well-intervention\/\" target=\"_self\" rel=\"noopener\"> Mehr erfahren <\/a> <img decoding=\"async\" title=\"Pipeline-Integrit\u00e4t\" src=\"https:\/\/oceaneering.com\/wp-content\/uploads\/2023\/11\/Pipeline-integrity.jpeg\" alt=\"Pipeline-integrity\" \/><\/p>\r\n<h3>Pipeline-Reparatur<\/h3>\r\n<p>Dank unseres branchenf\u00fchrenden Know-hows und unserer firmeneigenen Technologien, zu denen auch das Tool zur Entfernung von Pipeline-Beschichtungen geh\u00f6rt, sind wir in der Lage, passgenaue Inspektions- und Bewertungsdienstleistungen f\u00fcr Pipelines anzubieten.<\/p>\r\n<p><a href=\"https:\/\/www.oceaneering.com\/de\/pipeline-repair\/\" target=\"_self\" rel=\"noopener\"> Mehr erfahren <\/a><\/p>\r\n<h2>Stilllegung<\/h2>\r\n<p>Wir planen und realisieren kosteneffiziente L\u00f6sungen f\u00fcr den sicheren und effizienten R\u00fcckbau von Infrastrukturen wie Plattformen, Leitungen, Unterwasserger\u00e4ten und Bohrl\u00f6chern. Vom ersten Schnitt bis zum Abbau helfen wir, den gesamten Stilllegungsprozess zu optimieren.<\/p>\r\n<p><img decoding=\"async\" title=\"Baggerarbeiten\" src=\"https:\/\/oceaneering.com\/wp-content\/uploads\/2023\/11\/Dredging.jpeg\" alt=\"Dredging\" \/><\/p>\r\n<h3>Baggern und Schneiden<\/h3>\r\n<p>Wir bieten flexible, anpassungsf\u00e4hige Baggerl\u00f6sungen sowohl f\u00fcr ROV- als auch f\u00fcr Tauchereins\u00e4tze. In Verbindung mit mehreren mechanischen oder abrasiven Schneidl\u00f6sungen entwickeln wir die effektivste L\u00f6sung f\u00fcr Sie.<\/p>\r\n<p><img decoding=\"async\" title=\"Decommissoing-RIG-Quadrat\" src=\"https:\/\/oceaneering.com\/wp-content\/uploads\/2023\/11\/Decommissoinging-RIG-square.jpeg\" alt=\"Decommissoinging-RIG-square\" \/><\/p>\r\n<h3>Stilllegung der Oberseite<\/h3>\r\n<p>Wir verwenden mechanische Werkzeuge und Wasserstrahlschneidsysteme, um Komponenten an der Oberfl\u00e4che zu entfernen. Unsere Topside-Services erm\u00f6glichen die vollst\u00e4ndige Entfernung von trockenen Bohrlochk\u00f6pfen, B\u00e4umen und Plattformen.<\/p>\r\n<p><img decoding=\"async\" title=\"Dekom\" src=\"https:\/\/oceaneering.com\/wp-content\/uploads\/2023\/11\/Decom.jpeg\" alt=\"Decom\" \/><\/p>\r\n<h3>Flow Assurance<\/h3>\r\n<p>Am Meeresboden k\u00f6nnen wir mehrere S\u00e4gen, Schleifer und Schneidger\u00e4te einsetzen, um Versorgungskabel, Steigleitungen, Pipelines, Jumper und Verankerungsketten zu l\u00f6sen. Bei Bedarf bieten wir auch Unterwassersp\u00fclungen an.<\/p>\r\n<p><img decoding=\"async\" title=\"Baggerarbeiten\" src=\"https:\/\/oceaneering.com\/wp-content\/uploads\/2023\/11\/Dredging.jpeg\" alt=\"Dredging\" \/><\/p>\r\n<h2>Brauchen Sie etwas Spezielles?<\/h2>\r\n<p>We&#8217;ll build it. Bespoke subsea repair solutions enable operations while maintaining production and system integrity.<\/p>\r\n<h3>Unterwassertechnische L\u00f6sungen<\/h3>\r\n<p>Komplexe Herausforderungen verlangen nach kreativen L\u00f6sungen. Von routinem\u00e4\u00dfigen bis hin zu extremen Unterwasserumgebungen erf\u00fcllt Oceaneering die strengsten Anforderungen und einzigartigen Spezifikationen unserer Kunden und liefert innovative L\u00f6sungen, die die Gesamtbetriebskosten senken.<\/p>\r\n<p><a href=\"https:\/\/www.oceaneering.com\/de\/intervention-tooling\/subsea-engineered-solutions\/\" target=\"_self\" rel=\"noopener\"> Mehr erfahren <\/a><\/p>\r\n<h2>M\u00f6chten Sie mehr dar\u00fcber erfahren?<\/h2>\r\n<p>Wir bieten branchenf\u00fchrende Pakete f\u00fcr leichte Bohrlochinterventionen, ROV-Werkzeuge, L\u00f6sungen f\u00fcr die Durchflusssicherung und Stilllegungsausr\u00fcstung.<\/p>\r\n<p><a href=\"https:\/\/www.oceaneering.com\/de\/intervention-tooling-search\/\" target=\"_self\" rel=\"noopener\"> Suche Intervention Tooling <\/a><\/p>\r\n<h1>Kontakt<\/h1>\r\n<h2>Unser Expertenteam ist bereit, Ihnen den Einstieg zu erleichtern.<\/h2>\r\n<p>Oceaneering bietet erstklassige Produkte und L\u00f6sungen, die sich durch unvergleichliche Qualit\u00e4t, Zuverl\u00e4ssigkeit und globalen Support auszeichnen. F\u00fcllen Sie das Anfrageformular aus, um noch heute ein Gespr\u00e4ch zu beginnen.<\/p>","protected":false},"excerpt":{"rendered":"<p>Diskutieren Sie ein Projekt Intervention Tooling Wir l\u00f6sen Herausforderungen in den Bereichen Bohrunterst\u00fctzung, Fertigstellung und Installation, Produktionssteigerung und Stilllegung - von Routine bis hin zu extremen Anforderungen. M\u00f6chten Sie mehr dar\u00fcber erfahren? Wir bieten branchenf\u00fchrende Pakete f\u00fcr leichte Bohrlochinterventionen, ROV-Tools, L\u00f6sungen f\u00fcr die Durchflusssicherung und Stilllegungsausr\u00fcstung. Bohrunterst\u00fctzung Fertigstellung und Installation Produktionserweiterung Stilllegung Bohrunterst\u00fctzung Wir bieten eine breite Palette ... <a title=\"Intervention Werkzeugbau\" class=\"read-more\" href=\"https:\/\/www.oceaneering.com\/de\/intervention-tooling\/\" aria-label=\"Mehr Informationen \u00fcber Intervention Tooling\">Weiterlesen ...<\/a><\/p>","protected":false},"author":7,"featured_media":0,"parent":0,"menu_order":12,"comment_status":"closed","ping_status":"closed","template":"","meta":{"_acf_changed":false,"footnotes":"","_links_to":"","_links_to_target":""},"product_category":[1300],"search_tags":[1715],"class_list":["post-60938","page","type-page","status-publish","product_category-intervention-tooling","search_tags-intervention-tooling"],"acf":[],"aioseo_notices":[],"_links":{"self":[{"href":"https:\/\/www.oceaneering.com\/de\/wp-json\/wp\/v2\/pages\/60938","targetHints":{"allow":["GET"]}}],"collection":[{"href":"https:\/\/www.oceaneering.com\/de\/wp-json\/wp\/v2\/pages"}],"about":[{"href":"https:\/\/www.oceaneering.com\/de\/wp-json\/wp\/v2\/types\/page"}],"author":[{"embeddable":true,"href":"https:\/\/www.oceaneering.com\/de\/wp-json\/wp\/v2\/users\/7"}],"replies":[{"embeddable":true,"href":"https:\/\/www.oceaneering.com\/de\/wp-json\/wp\/v2\/comments?post=60938"}],"version-history":[{"count":1,"href":"https:\/\/www.oceaneering.com\/de\/wp-json\/wp\/v2\/pages\/60938\/revisions"}],"predecessor-version":[{"id":80762,"href":"https:\/\/www.oceaneering.com\/de\/wp-json\/wp\/v2\/pages\/60938\/revisions\/80762"}],"wp:attachment":[{"href":"https:\/\/www.oceaneering.com\/de\/wp-json\/wp\/v2\/media?parent=60938"}],"wp:term":[{"taxonomy":"product_category","embeddable":true,"href":"https:\/\/www.oceaneering.com\/de\/wp-json\/wp\/v2\/product_category?post=60938"},{"taxonomy":"search_tags","embeddable":true,"href":"https:\/\/www.oceaneering.com\/de\/wp-json\/wp\/v2\/search_tags?post=60938"}],"curies":[{"name":"wp","href":"https:\/\/api.w.org\/{rel}","templated":true}]}}