{"id":60900,"date":"2023-11-08T10:34:12","date_gmt":"2023-11-08T15:34:12","guid":{"rendered":"https:\/\/oceaneering.com\/?page_id=60900"},"modified":"2024-09-11T04:05:26","modified_gmt":"2024-09-11T09:05:26","slug":"rov-services","status":"publish","type":"page","link":"https:\/\/www.oceaneering.com\/de\/rov-services\/","title":{"rendered":"Ferngesteuerte Fahrzeuge (ROVs)"},"content":{"rendered":"<a href=\"https:\/\/www.oceaneering.com\/de\/rov-services\/#contact\" target=\"_self\" rel=\"noopener\">\n\t\t\t\t\t\t\tEin Projekt besprechen\n\t\t\t\t\t<\/a>\n\t\tROVs\n<h1>\n\t\tFerngesteuerte Fahrzeuge (ROVs)\n\t<\/h1>\n\t<p>Wir betreiben die weltweit gr\u00f6\u00dfte Flotte von ROVs und sind der f\u00fchrende Anbieter von ROVs f\u00fcr die \u00d6l- und Gasindustrie.<\/p>\n<h2>\n\t\tROV-Systeme\n\t<\/h2>\n\t<p>Wir sind der weltweit gr\u00f6\u00dfte Hersteller und Betreiber von ROV-Systemen der Arbeitsklasse. Unsere ROV-Flotte umfasst Tiefwasser-Arbeitssysteme und Ultra-Tiefwasser-Such- und Rettungssysteme.<\/p>\n\t\t\t<a href=\"https:\/\/www.oceaneering.com\/de\/rov-services\/rov-systems\/\" target=\"_self\" rel=\"noopener\">\n\t\t\t\t\t\t\tMehr erfahren\n\t\t\t<\/a>\n<h1>\n\t\tROV-Personal und Ausbildung\n\t<\/h1>\n\t<p>Durch kontinuierliche Investitionen in unsere Mitarbeiter haben wir die besten ROV-Mitarbeiter der Branche entwickelt. Das ROV-Schulungsprogramm von Oceaneering besteht seit 1995 und dient Mitarbeitern an Standorten auf der ganzen Welt.<\/p>\n\t\t\t<a href=\"https:\/\/www.oceaneering.com\/de\/rov-services\/rov-personnel-training\/\" target=\"_self\" rel=\"noopener\">\n\t\t\t\t\t\t\tMehr erfahren\n\t\t\t<\/a>\n<h2>\n\t\tROV-Technik\n\t<\/h2>\n\t<p>Durch die Einf\u00fchrung neuer ROV-basierter Funktionen und die Verbesserung bestehender Technologien definieren wir die Rolle von ROVs in der heutigen Industrie neu. Wir helfen Ihnen, die Effizienz durch den Einsatz von fortschrittlichen Steuerungs-, Kommunikations- und Werkzeugangeboten zu steigern.<\/p>\n\t\t\t\t<img decoding=\"async\" src=\"https:\/\/oceaneering.com\/wp-content\/uploads\/2023\/11\/satellite-01-120x120-1.png\" alt=\"satellite-01-120x120\" itemprop=\"image\" title=\"Satellit-01-120x120\" onerror=\"this.style.display='none'\"  \/>\n<h3>\n\t\tFernsteuerung und automatisierte Steuerungstechnik\n\t<\/h3>\n\t\t\t\t<img decoding=\"async\" src=\"https:\/\/oceaneering.com\/wp-content\/uploads\/2023\/11\/Video-advanced-01-120x120-1.png\" alt=\"Video-advanced-01-120x120\" itemprop=\"image\" title=\"Video-advanced-01-120x120\" onerror=\"this.style.display='none'\"  \/>\n<h3>\n\t\tFortschrittliche Visualisierungstechnologie\n\t<\/h3>\n\t\t\t\t<img decoding=\"async\" src=\"https:\/\/oceaneering.com\/wp-content\/uploads\/2023\/11\/Atlas-arm-01-120x120-1.png\" alt=\"Atlas-arm-01-120x120\" itemprop=\"image\" title=\"Atlas-Arm-01-120x120\" onerror=\"this.style.display='none'\"  \/>\n<h3>\n\t\tHybride Armmanipulation und -steuerung\n\t<\/h3>\n\t\t\t<a href=\"https:\/\/www.oceaneering.com\/de\/rov-services\/rov-technology\/\" target=\"_self\" rel=\"noopener\">\n\t\t\t\t\t\t\tMehr erfahren\n\t\t\t<\/a>\n<h2>\n\t\tTop 10 ROV-Fragen\n\t<\/h2>\n\t<p>Als Branchenf\u00fchrer bei ROV-Systemen haben wir einige der h\u00e4ufigsten Fragen zum Einsatz von ROVs, zu Schulungsm\u00f6glichkeiten, betrieblichen Herausforderungen und mehr beantwortet.<\/p>\n\t\t\t\t\t\t<h5>Wie wird man ein ROV-Pilot bei Oceaneering?<\/h5>\n\t\t\t<p>Wir stellen Mitarbeiter mit unterschiedlichem Hintergrund ein und erg\u00e4nzen ihre bisherigen Erfahrungen durch eine spezielle Ausbildung f\u00fcr die ROV-Systeme, die wir herstellen und betreiben. Neu eingestellte Mitarbeiter ohne ROV-Erfahrung erhalten eine gr\u00fcndliche Ausbildung durch unser Schulungsprogramm, bevor sie auf See gehen. Wir suchen Mitarbeiter, die eine technische Ausbildung oder Branchenerfahrung in einer mechanischen, elektronischen oder elektrischen Disziplin haben.<\/p>\n\t\t\t\t\t\t<h5>Wie viele Personen geh\u00f6ren zu einer ROV-Besatzung?<\/h5>\n\t\t\t<p>Eine typische ROV-Besatzung besteht aus drei Technikern: einem Supervisor, einem mechanischen Techniker und einem Elektrotechniker. Sie arbeiten in der Regel eine 12-Stunden-Schicht, gefolgt von 12 Stunden Freizeit.<\/p>\n\t\t\t\t\t\t<h5>Wo setzen wir unsere ROVs ein?<\/h5>\n\t\t\t<p>Unsere ROVs werden haupts\u00e4chlich in Tiefsee-Offshore-\u00d6l- und -Gasanlagen auf der ganzen Welt eingesetzt.<\/p>\n\t\t\t\t\t\t<h5>Was sind die Herausforderungen bei ROV-Eins\u00e4tzen?<\/h5>\n\t\t\t<p>Die ROV-Besatzung bedient hochtechnische Ger\u00e4te an einem abgelegenen Ort (Bohrinsel oder Schiff) unter mitunter rauen Umweltbedingungen. Die Besatzung f\u00fchrt Aufgaben aus, die von einfacher Video\u00fcberwachung bis hin zu hochkomplexen Schnittstellen und Inspektionen der Ausr\u00fcstung reichen. Die Ausr\u00fcstung ist technisch vielf\u00e4ltig und erfordert umfassende Kenntnisse und Schulungen, um den Arbeitsumfang zu erf\u00fcllen und die Ausr\u00fcstung betriebsbereit zu halten.<\/p>\n<p>Bau- und Fertigstellungsarbeiten erfordern Vorkenntnisse, die auf Erfahrung beruhen. Je abgelegener der Standort ist, desto mehr Ausbildung und Erfahrung sind erforderlich, um den Mangel an Unterst\u00fctzung durch die Lieferkette und die schlechte Kommunikation zu kompensieren, die die Mannschaft von der technischen Unterst\u00fctzung abschneiden kann.<\/p>\n\t\t\t\t\t\t<h5>Wie viele ROV-Systeme der Arbeitsklasse betreiben wir?<\/h5>\n\t\t\t<p>Seit Januar 2017 betreiben wir 279 ROV-Systeme der Arbeitsklasse.<\/p>\n\t\t\t\t\t\t<h5>Was ist der wichtigste Teil eines ROV-Einsatzes?<\/h5>\n\t\t\t<p>Die Besatzung ist der wichtigste Teil. Der Zweck des ROV ist es, eine Aufgabe zu erf\u00fcllen - es ist das Mittel, um zum Ort der Aufgabe und wieder zur\u00fcck zu gelangen. Der Pilot fliegt das ROV und bedient den Manipulator und\/oder die Spezialwerkzeuge, um die zugewiesene Aufgabe zu erf\u00fcllen.<\/p>\n\t\t\t\t\t\t<h5>Wer entwirft unsere ROVs?<\/h5>\n\t\t\t<p>Das Design unserer ROVs basiert auf dem Feedback von \u00fcber 2.000 Offshore-ROV-Technikern und unseren zahlreichen Kunden. Au\u00dferdem f\u00fchren wir umfangreiche Fehler- und Reparaturzeitanalysen durch.<\/p>\n\t\t\t\t\t\t<h5>Was ist der Unterschied zwischen einem Hut und einem K\u00e4fig?<\/h5>\n\t\t\t<p>Beide sind Arten von Tether-Management-Systemen (TMS) und werden verwendet, um das ROV von der Oberfl\u00e4che bis zur Arbeitstiefe einzusetzen. Ein TMS wird verwendet, um die Leine ein- und auszufahren, wenn das ROV die Arbeitstiefe erreicht. Das TMS verf\u00fcgt \u00fcber eine Beleuchtung, ein elektronisches Steuersystem, Kameras und ein elektrohydraulisches System zur Bet\u00e4tigung der Seiltrommel und zur Verriegelung des ROV w\u00e4hrend des Einsatzes.<\/p>\n<p>Ein Side-Entry-K\u00e4fig l\u00e4sst sich am besten als ein K\u00e4fig beschreiben, in dem das ROV geparkt und gesichert ist, w\u00e4hrend es in der Wassers\u00e4ule angehoben und abgesenkt wird. Wir haben festgestellt, dass Side-Entry-Cage-Systeme weniger Ausfallzeiten aufgrund von Leinen- und Nabelversagen haben als Tophat-Systeme und eine sicherere und einfachere Bergung von behinderten ROVs erm\u00f6glichen. Das Side-Entry-Cage ist unser TMS der Wahl, und die meisten Oceaneering-Systeme sind von diesem Typ.<\/p>\n<p>Ein Tophat sitzt oben auf dem ROV und umschlie\u00dft das ROV nicht wie ein Seitenk\u00e4fig, wodurch die Montage von nicht standardisierten Kufen unter dem ROV m\u00f6glich ist. Nahezu 25% unserer Systeme sind mit einem Tophat ausgestattet.<\/p>\n\t\t\t\t\t\t<h5>Unterscheiden sich unsere ROVs von den ROVs anderer Unternehmen?<\/h5>\n\t\t\t<p>Im Gro\u00dfen und Ganzen sind ROVs sehr \u00e4hnlich. Die meisten unserer ROVs verf\u00fcgen jedoch \u00fcber eingebaute Redundanzen, wie z. B. zwei unabh\u00e4ngige elektrohydraulische Antriebsstr\u00e4nge, die es dem ROV erm\u00f6glichen, bei einem Ausfall eines der Antriebsstr\u00e4nge weiterzuarbeiten. Die meisten konkurrierenden ROVs haben nur einen einzigen elektrohydraulischen Antriebsstrang.<\/p>\n\t\t\t\t\t\t<h5>Sitzt ein Pilot im ROV, um es zu fliegen?<\/h5>\n\t\t\t<p>Nein. Ein ROV wird von Piloten an der Oberfl\u00e4che \u00fcber ein Kabel und eine Leine oder in einigen F\u00e4llen \u00fcber eine Satellitenverbindung aus gro\u00dfer Entfernung ferngesteuert.<\/p>\n<h1>\n\t\tKontakt\n\t<\/h1>\n<h2>\n\t\tUnser Expertenteam ist bereit, Ihnen den Einstieg zu erleichtern.\n\t<\/h2>\n\t<p>Oceaneering bietet erstklassige Produkte und L\u00f6sungen, die sich durch unvergleichliche Qualit\u00e4t, Zuverl\u00e4ssigkeit und globalen Support auszeichnen. F\u00fcllen Sie das Anfrageformular aus, um noch heute ein Gespr\u00e4ch zu beginnen.<\/p>","protected":false},"excerpt":{"rendered":"<p>Ein Projekt besprechen ROVs Remotely Operated Vehicles (ROVs) Wir betreiben die weltweit gr\u00f6\u00dfte Flotte von ROVs und sind der f\u00fchrende Anbieter von ROVs f\u00fcr die \u00d6l- und Gasindustrie. ROV-Systeme Wir sind der weltweit gr\u00f6\u00dfte Hersteller und Betreiber von ROV-Systemen der Arbeitsklasse. Unsere ROV-Flotte umfasst Tiefwasser-Arbeitssysteme und Ultra-Tiefwasser-Suchsysteme ... <a title=\"Ferngesteuerte Fahrzeuge (ROVs)\" class=\"read-more\" href=\"https:\/\/www.oceaneering.com\/de\/rov-services\/\" aria-label=\"Mehr Informationen \u00fcber Remotely Operated Vehicles (ROVs)\">Weiterlesen ...<\/a><\/p>","protected":false},"author":7,"featured_media":0,"parent":0,"menu_order":0,"comment_status":"closed","ping_status":"closed","template":"","meta":{"_acf_changed":false,"footnotes":"","_links_to":"","_links_to_target":""},"product_category":[1181],"search_tags":[1363],"class_list":["post-60900","page","type-page","status-publish","product_category-remotely-operated-vehicles-rovs","search_tags-rov"],"acf":[],"aioseo_notices":[],"_links":{"self":[{"href":"https:\/\/www.oceaneering.com\/de\/wp-json\/wp\/v2\/pages\/60900","targetHints":{"allow":["GET"]}}],"collection":[{"href":"https:\/\/www.oceaneering.com\/de\/wp-json\/wp\/v2\/pages"}],"about":[{"href":"https:\/\/www.oceaneering.com\/de\/wp-json\/wp\/v2\/types\/page"}],"author":[{"embeddable":true,"href":"https:\/\/www.oceaneering.com\/de\/wp-json\/wp\/v2\/users\/7"}],"replies":[{"embeddable":true,"href":"https:\/\/www.oceaneering.com\/de\/wp-json\/wp\/v2\/comments?post=60900"}],"version-history":[{"count":0,"href":"https:\/\/www.oceaneering.com\/de\/wp-json\/wp\/v2\/pages\/60900\/revisions"}],"wp:attachment":[{"href":"https:\/\/www.oceaneering.com\/de\/wp-json\/wp\/v2\/media?parent=60900"}],"wp:term":[{"taxonomy":"product_category","embeddable":true,"href":"https:\/\/www.oceaneering.com\/de\/wp-json\/wp\/v2\/product_category?post=60900"},{"taxonomy":"search_tags","embeddable":true,"href":"https:\/\/www.oceaneering.com\/de\/wp-json\/wp\/v2\/search_tags?post=60900"}],"curies":[{"name":"wp","href":"https:\/\/api.w.org\/{rel}","templated":true}]}}