{"id":60839,"date":"2023-11-07T16:44:21","date_gmt":"2023-11-07T21:44:21","guid":{"rendered":"https:\/\/oceaneering.com\/?page_id=60839"},"modified":"2025-05-14T08:47:01","modified_gmt":"2025-05-14T13:47:01","slug":"environmental-sustainability","status":"publish","type":"page","link":"https:\/\/www.oceaneering.com\/de\/sustainability\/environmental-sustainability\/","title":{"rendered":"Umwelt"},"content":{"rendered":"<a href=\"https:\/\/www.oceaneering.com\/de\/sustainability\/#contact\" target=\"_self\">\n\t\t\t\t\t\t\tKontakt\n\t\t\t\t\t<\/a>\n<h1>\n\t\tOzeanriesen und die Umwelt\n\t<\/h1>\n\t<p>Wir haben uns verpflichtet, fortschrittliche Technologien zu entwickeln, die eine kohlenstoffarme Zukunft erm\u00f6glichen. Wir verf\u00fcgen \u00fcber Verfahren und L\u00f6sungen, die dazu beitragen, die Auswirkungen der betrieblichen Aktivit\u00e4ten auf die Umwelt zu begrenzen.<\/p>\n\n\t\tOceaneering is an engineering and technology-focused company that enables safer, efficient and more productive operations for the science and research, aerospace, logistics, renewable energy, and oil and gas sectors.\n\t\n\t\tISO 14001 Certified in 13 Areas\n<h2>\n\t\tUmweltmanagementsystem\n\t<\/h2>\n\t<p>Das Umweltmanagementsystem (UMS) nach ISO 14001 ist ein systematischer Rahmen f\u00fcr das Management der unmittelbaren und langfristigen Umweltauswirkungen der Produkte, Dienstleistungen und Prozesse einer Organisation. Mit der Zertifizierung nach ISO 14001 weisen wir nach, dass unser Umweltmanagementsystem den internationalen branchenspezifischen Umweltstandards entspricht.<\/p>\n\t<ul>\n\t\t\t\t\t<li>\n\t\t\t\tAngola\n\t\t\t<\/li>\n\t\t\t\t\t<li>\n\t\t\t\tAustralien\n\t\t\t<\/li>\n\t\t\t\t\t<li>\n\t\t\t\tBrasilien\n\t\t\t<\/li>\n\t\t\t\t\t<li>\n\t\t\t\tKanada\n\t\t\t<\/li>\n\t\t\t\t\t<li>\n\t\t\t\tGhana\n\t\t\t<\/li>\n\t\t\t\t\t<li>\n\t\t\t\tIndien\n\t\t\t<\/li>\n\t\t\t\t\t<li>\n\t\t\t\tIndonesien\n\t\t\t<\/li>\n\t\t\t\t\t<li>\n\t\t\t\tMalaysia\n\t\t\t<\/li>\n\t\t\t\t\t<li>\n\t\t\t\tNorwegen\n\t\t\t<\/li>\n\t\t\t\t\t<li>\n\t\t\t\tSingapur\n\t\t\t<\/li>\n\t\t\t\t\t<li>\n\t\t\t\tVereinigte Arabische Emirate\n\t\t\t<\/li>\n\t\t\t\t\t<li>\n\t\t\t\tVereinigtes K\u00f6nigreich\n\t\t\t<\/li>\n\t\t\t\t\t<li>\n\t\t\t\tVereinigte Staaten\n\t\t\t<\/li>\n\t\t\t<\/ul>\n<h2>\n\t\tZiele f\u00fcr nachhaltige Entwicklung\n\t<\/h2>\n\t<p>Oceaneering hat sich verpflichtet, die Ziele der Vereinten Nationen f\u00fcr nachhaltige Entwicklung so weit wie m\u00f6glich zu unterst\u00fctzen, insbesondere in den Umgebungen, in denen wir arbeiten, sowie in den Bereichen Gleichstellung der Geschlechter, Menschenrechte und hochwertige Bildung.<\/p>\n\t\t\t\t\t\t\t\t<img decoding=\"async\" src=\"https:\/\/oceaneering.com\/wp-content\/uploads\/2023\/11\/Untitled-design-2023-11-07T165314.888.png\" alt=\"3. Good Health and Well-Being\" \/>\n\t\t\t\t\t\t\t\t\t\t\t\t<h5>3. Gute Gesundheit und Wohlbefinden<\/h5>\n\t\t\t\t\t\t\t\t\t\t\t\t<h5>3. Gute Gesundheit und Wohlbefinden<\/h5>\n\t\t\t\t\t\t<p>Ob es sich um eine Blutspendeaktion in Aserbaidschan, ein lokales Fu\u00dfballspiel in Gro\u00dfbritannien, ein Kricketspiel in Indien oder den j\u00e4hrlichen Heart Walk Fundraiser in Houston zu Gunsten der American Heart Association handelt, die Mitarbeiter von Oceaneering setzen sich aktiv f\u00fcr ihre Gesundheit und ihr Wohlbefinden ein.<\/p>\t\t\t\t\t\n\t\t\t\t\t\t\t\t<img decoding=\"async\" src=\"https:\/\/oceaneering.com\/wp-content\/uploads\/2023\/11\/Untitled-design-2023-11-07T165501.648.png\" alt=\"4. Quality Education\" \/>\n\t\t\t\t\t\t\t\t\t\t\t\t<h5>4. Qualit\u00e4t der Bildung<\/h5>\n\t\t\t\t\t\t\t\t\t\t\t\t<h5>4. Qualit\u00e4t der Bildung<\/h5>\n\t\t\t\t\t\t<p>Jedes Kind verdient eine gute Ausbildung. Oceaneering unterst\u00fctzt aktiv Programme in den Bereichen Wissenschaft, Technologie, Ingenieurwesen und Mathematik (MINT) auf der ganzen Welt, einschlie\u00dflich des MATE International ROV Competition, der NASA in Aberdeen und anderer Veranstaltungen und Praktika.<\/p>\t\t\t\t\t\n\t\t\t\t\t\t\t\t<img decoding=\"async\" src=\"https:\/\/oceaneering.com\/wp-content\/uploads\/2023\/11\/Untitled-design-2023-11-07T165551.029.png\" alt=\"5. Gender Equality\" \/>\n\t\t\t\t\t\t\t\t\t\t\t\t<h5>5. Gleichberechtigung der Geschlechter<\/h5>\n\t\t\t\t\t\t\t\t\t\t\t\t<h5>5. Gleichberechtigung der Geschlechter<\/h5>\n\t\t\t\t\t\t<p>We are committed to ensuring that no modern slavery or human trafficking occurs in our business or supply chain. Our Oceaneering Women&#8217;s Network offers networking and career enrichment opportunities to help women and men achieve their full career potential.<\/p>\t\t\t\t\t\n\t\t\t\t\t\t\t\t<img decoding=\"async\" src=\"https:\/\/oceaneering.com\/wp-content\/uploads\/2023\/11\/Untitled-design-2023-11-07T165809.404.png\" alt=\"7. Affordable and Clean Energy\" \/>\n\t\t\t\t\t\t\t\t\t\t\t\t<h5>7. Erschwingliche und saubere Energie<\/h5>\n\t\t\t\t\t\t\t\t\t\t\t\t<h5>7. Erschwingliche und saubere Energie<\/h5>\n\t\t\t\t\t\t<p>Wir engagieren uns f\u00fcr die Erforschung und Entwicklung von Produkten und Dienstleistungen, die es unseren Kunden erm\u00f6glichen, Energie sicher und mit geringerem Risiko f\u00fcr Menschen und Meereslebewesen zu erzeugen und die Betriebskosten zu senken.<\/p>\t\t\t\t\t\n\t\t\t\t\t\t\t\t<img decoding=\"async\" src=\"https:\/\/oceaneering.com\/wp-content\/uploads\/2023\/11\/Untitled-design-2023-11-07T165914.298.png\" alt=\"10. Reduced Inequalities\" \/>\n\t\t\t\t\t\t\t\t\t\t\t\t<h5>10. Reduzierte Ungleichheiten<\/h5>\n\t\t\t\t\t\t\t\t\t\t\t\t<h5>10. Reduzierte Ungleichheiten<\/h5>\n\t\t\t\t\t\t<p>Wir investieren in den L\u00e4ndern, in denen wir t\u00e4tig sind, in gro\u00dfem Umfang in die Ausbildung unserer Mitarbeiter vor Ort, einschlie\u00dflich praktischer Workshops, Simulatoren und anderer Online-Programme. Au\u00dferdem haben wir uns verpflichtet, das geschlechtsspezifische Lohngef\u00e4lle zu beseitigen und \u00fcber unsere Fortschritte zu berichten.<\/p>\t\t\t\t\t\n\t\t\t\t\t\t\t\t<img decoding=\"async\" src=\"https:\/\/oceaneering.com\/wp-content\/uploads\/2023\/11\/Untitled-design-2023-11-07T170020.554.png\" alt=\"14. Life Below Water\" \/>\n\t\t\t\t\t\t\t\t\t\t\t\t<h5>14. Leben unter Wasser<\/h5>\n\t\t\t\t\t\t\t\t\t\t\t\t<h5>14. Leben unter Wasser<\/h5>\n\t\t\t\t\t\t<p>Wir setzen uns f\u00fcr die Reduzierung der Meeresverschmutzung ein. Unser Neubau MSV Ocean Evolution ist ein umweltfreundliches Unterwasser-Bauschiff mit Green Passport, das mit emissionsarmen EPA Tier 4-Dieselmotoren ausgestattet ist. Sehen Sie sich unsere anderen Technologien an.<\/p>\t\t\t\t\t\n<h2>\n\t\tForschung und Entwicklung\n\t<\/h2>\n\t<p>Unsere Forschungs- und Entwicklungsanstrengungen konzentrieren sich auf die Einf\u00fchrung von Technologien, die die Arbeitsabl\u00e4ufe und die Effizienz verbessern und gleichzeitig die Umweltbelastung verringern. Unser Ziel ist es, mit unseren fortschrittlichen Technologien eine kohlenstoffarme Zukunft zu gestalten. Um dieses Ziel zu erreichen, arbeiten wir an der Weiterentwicklung von Remote-Operationen, die den CO2-Fu\u00dfabdruck durch die Verlagerung von Offshore-Arbeitern in Kontrollzentren an Land verringern, was ein geringeres Risiko, eine bessere Zusammenarbeit und schnellere Reaktionen erm\u00f6glicht.<\/p>\n\t\t\t\t<img decoding=\"async\" src=\"https:\/\/oceaneering.com\/wp-content\/uploads\/2023\/11\/Wind-12.jpeg\" alt=\"Wind-12\" itemprop=\"image\" title=\"Wind-12\" onerror=\"this.style.display='none'\"  \/>\n\t<p>Als zuverl\u00e4ssiger Partner in der Unterwassertechnik hat Oceaneering sein umfassendes Wissen auf die <a href=\"https:\/\/www.oceaneering.com\/de\/renewable-energy-solutions\/offshore-renewables\/\">Offshore-Erneuerbare Energien<\/a> Markt. Oceaneering ist in der Lage, Dienstleistungen f\u00fcr die Erschlie\u00dfung von Feldern bis hin zur Stilllegung zu erbringen, einschlie\u00dflich Vorbereitung des Meeresbodens, Trassenr\u00e4umung, Grabenaushub, Vermessung, Installation und Inbetriebnahme sowie Inspektion, Wartung und Reparatur.<\/p>\n\t\t\t\t<img decoding=\"async\" src=\"https:\/\/oceaneering.com\/wp-content\/uploads\/2023\/11\/Mission-support-center-1-e1560973968619.jpeg\" alt=\"OROC in Stavanger, Norway\" itemprop=\"image\" title=\"Mission-support-center-1-e1560973968619\" onerror=\"this.style.display='none'\"  \/>\n\t<p>Unser <a href=\"https:\/\/www.oceaneering.com\/de\/rov-services\/rov-technology\/\">Technologie f\u00fcr Fernsteuerung und automatisierte Kontrolle (RPACT)<\/a> verringert die Betriebs- und Umweltrisiken, indem der Bedarf an Personal an Bord und die damit verbundenen Mobilisierungsanforderungen reduziert werden.<\/p>\n<p>Unser <a href=\"https:\/\/www.oceaneering.com\/de\/rov-services\/rov-technology\/#OROC\">Ferngesteuertes Onshore-Betriebszentrum<\/a> bietet eine bequeme Onshore-Basis f\u00fcr Kundenvertreter, ROV-Piloten und Fachexperten, die rund um die Uhr verf\u00fcgbar sind, um jede Herausforderung zu meistern.<\/p>\n\t\t\t\t<img decoding=\"async\" src=\"https:\/\/oceaneering.com\/wp-content\/uploads\/2023\/11\/190110_EROV_01-1-e1560973762953.jpeg\" alt=\"190110_EROV_01-1-e1560973762953\" itemprop=\"image\" title=\"190110_EROV_01-1-e1560973762953\" onerror=\"this.style.display='none'\"  \/>\n\t<p>Unser <a href=\"https:\/\/www.oceaneering.com\/de\/rov-services\/next-generation-subsea-vehicles\/liberty-e-rov\/\" rel=\"noopener\">E-ROV<\/a> (Empowered ROV) ist ein autarkes, batteriebetriebenes Arbeitsfahrzeug, das Inspektions-, Wartungs- und Reparaturarbeiten, Inbetriebnahmen und Unterwassereingriffe durchf\u00fchren kann. E-ROV kann von einem unserer Kontrollzentren an Land aus gesteuert werden, wobei die Kommunikation \u00fcber ein 4G\/LTE-Breitbandnetz von der Boje aus erfolgt, sodass kein spezielles Hilfsschiff erforderlich ist.<\/p>\n\t\t\t\t<img decoding=\"async\" src=\"https:\/\/oceaneering.com\/wp-content\/uploads\/2023\/11\/Freedom-Pipe-Inspection-2000px-1-e1560974352748.jpeg\" alt=\"Freedom-Pipe-Inspection-2000px-1-e1560974352748\" itemprop=\"image\" title=\"Freedom-Pipe-Inspection-2000px-1-e1560974352748\" onerror=\"this.style.display='none'\"  \/>\n\t<p><a href=\"https:\/\/www.oceaneering.com\/de\/rov-services\/next-generation-subsea-vehicles\/freedom-autonomous-underwater-vehicle\/\" rel=\"noopener\">Freiheit ROV<\/a> ist unser neuestes station\u00e4res Fahrzeug. Es wird von einer Andockstation am Meeresboden unterst\u00fctzt und kann sowohl autonom als auch angebunden betrieben werden. Im angebundenen Modus kann die Freedom von unseren Kontrollzentren an Land aus geflogen werden.<\/p>\n<h2>\n\t\tF\u00fchrend in der Industrie\n\t<\/h2>\n\t<p>Um die Auswirkungen unserer T\u00e4tigkeit auf die Umwelt zu verringern, arbeiten wir mit verschiedenen Organisationen zusammen, um Hilfe und Ressourcen bereitzustellen, das \u00f6ffentliche Bewusstsein zu sch\u00e4rfen und mit Bildungs-, Forschungs- und F\u00fchrungsprogrammen zu helfen.<\/p>\n\t\t\t\t<img decoding=\"async\" src=\"https:\/\/oceaneering.com\/wp-content\/uploads\/2023\/11\/PESA-Logo-300x88.png\" alt=\"PESA-Logo\" itemprop=\"image\" title=\"PESA-Logo\" onerror=\"this.style.display='none'\"  \/>\n\t<p>Die Petroleum Equipment &amp; Services Association (PESA) f\u00f6rdert Innovation, Gesundheit, Sicherheit und Umwelt, Bildung, Arbeitskr\u00e4fteentwicklung, Energiesicherheit und die Schaffung von Arbeitspl\u00e4tzen. Oceaneering unterst\u00fctzt die PESA durch die Wahl unseres Pr\u00e4sidenten und CEO Rod Larson zum stellvertretenden Vorsitzenden des Verwaltungsrats f\u00fcr die Amtszeit 2019-2020. Unser Director of Compliance, Jock Pool, ist Ko-Vorsitzender des Umwelt-, Sozial- und Governance-Ausschusses von PESA.<\/p>\n<p>Mitglied seit 2006<\/p>\n\t\t\t\t<img decoding=\"async\" src=\"https:\/\/oceaneering.com\/wp-content\/uploads\/2023\/11\/ocean-exchange-logo-700x227-1-300x97.png\" alt=\"ocean-exchange-logo-700x227\" itemprop=\"image\" title=\"ocean-exchange-logo-700x227\" onerror=\"this.style.display='none'\"  \/>\n\t<p><a href=\"https:\/\/www.oceanexchange.org\/\" target=\"_blank\" rel=\"noopener\">Ozean-Austausch<\/a>eine 501c3 mit dem alleinigen Ziel, die Einf\u00fchrung von L\u00f6sungen im Bereich der Nachhaltigkeit zu f\u00f6rdern. Durch die Verbindung von Innovatoren und Organisationen f\u00f6rdert Ocean Exchange die erfolgreiche Anwendung von L\u00f6sungen f\u00fcr das Allgemeinwohl. Ein Mitarbeiter von Oceaneering ist seit 2014 Mitglied des Board of Governors.<\/p>\n<p>Mitglied seit 2014<\/p>\n<h1>\n\t\tKontakt\n\t<\/h1>\n<h2>\n\t\tUnser Expertenteam ist bereit, Ihnen den Einstieg zu erleichtern.\n\t<\/h2>\n\t<p>Oceaneering bietet erstklassige Produkte und L\u00f6sungen, die sich durch unvergleichliche Qualit\u00e4t, Zuverl\u00e4ssigkeit und globalen Support auszeichnen. F\u00fcllen Sie das Anfrageformular aus, um noch heute ein Gespr\u00e4ch zu beginnen.<\/p>","protected":false},"excerpt":{"rendered":"<p>Contact Us Oceaneering and the Environment We are committed to engineering advanced technologies that enable the low carbon future. We have processes and solutions in place that assist in limiting the impact of operational activities on the environment. Oceaneering is an engineering and technology-focused company that enables safer, efficient and more productive operations for the &#8230; <a title=\"Umwelt\" class=\"read-more\" href=\"https:\/\/www.oceaneering.com\/de\/sustainability\/environmental-sustainability\/\" aria-label=\"Mehr Informationen \u00fcber Umwelt\">Weiterlesen ...<\/a><\/p>","protected":false},"author":13,"featured_media":0,"parent":60494,"menu_order":2,"comment_status":"closed","ping_status":"closed","template":"","meta":{"_acf_changed":false,"footnotes":"","_links_to":"","_links_to_target":""},"product_category":[1859],"search_tags":[1842],"class_list":["post-60839","page","type-page","status-publish","product_category-sustainability","search_tags-sustainability"],"acf":[],"aioseo_notices":[],"_links":{"self":[{"href":"https:\/\/www.oceaneering.com\/de\/wp-json\/wp\/v2\/pages\/60839","targetHints":{"allow":["GET"]}}],"collection":[{"href":"https:\/\/www.oceaneering.com\/de\/wp-json\/wp\/v2\/pages"}],"about":[{"href":"https:\/\/www.oceaneering.com\/de\/wp-json\/wp\/v2\/types\/page"}],"author":[{"embeddable":true,"href":"https:\/\/www.oceaneering.com\/de\/wp-json\/wp\/v2\/users\/13"}],"replies":[{"embeddable":true,"href":"https:\/\/www.oceaneering.com\/de\/wp-json\/wp\/v2\/comments?post=60839"}],"version-history":[{"count":0,"href":"https:\/\/www.oceaneering.com\/de\/wp-json\/wp\/v2\/pages\/60839\/revisions"}],"up":[{"embeddable":true,"href":"https:\/\/www.oceaneering.com\/de\/wp-json\/wp\/v2\/pages\/60494"}],"wp:attachment":[{"href":"https:\/\/www.oceaneering.com\/de\/wp-json\/wp\/v2\/media?parent=60839"}],"wp:term":[{"taxonomy":"product_category","embeddable":true,"href":"https:\/\/www.oceaneering.com\/de\/wp-json\/wp\/v2\/product_category?post=60839"},{"taxonomy":"search_tags","embeddable":true,"href":"https:\/\/www.oceaneering.com\/de\/wp-json\/wp\/v2\/search_tags?post=60839"}],"curies":[{"name":"wp","href":"https:\/\/api.w.org\/{rel}","templated":true}]}}