{"id":60614,"date":"2023-11-07T15:31:31","date_gmt":"2023-11-07T20:31:31","guid":{"rendered":"https:\/\/oceaneering.com\/?page_id=60614"},"modified":"2024-09-11T05:20:42","modified_gmt":"2024-09-11T10:20:42","slug":"quality-moments","status":"publish","type":"page","link":"https:\/\/www.oceaneering.com\/de\/sustainability\/health-safety-and-quality-hse\/quality-moments\/","title":{"rendered":"Momente der Qualit\u00e4t"},"content":{"rendered":"<a href=\"https:\/\/www.oceaneering.com\/de\/sustainability\/#contact\" target=\"_self\" rel=\"noopener\">\n\t\t\t\t\t\t\tKontakt\n\t\t\t\t\t<\/a>\n<h1>\n\t\tMomente der Qualit\u00e4t\n\t<\/h1>\n\t<p>Bei Oceaneering sind wir bestrebt, sicherzustellen, dass unsere Produkte und Dienstleistungen konsistent sind und den hohen Qualit\u00e4tsstandards unserer Kunden entsprechen. Unsere Bibliothek von Qualit\u00e4tsmoment-Folien steht f\u00fcr die Er\u00f6rterung von Themen wie Abfall oder Nichtkonformit\u00e4t zur Verf\u00fcgung - rechtzeitig, klar und kurz zu Beginn jeder Sitzung.<\/p>\n<h2>\n\t\tEin Jahrzehnt des Wachstums\n\t<\/h2>\n\t<p>Erfahren Sie mehr \u00fcber unsere Qualit\u00e4tsreise.<\/p>\n\t\t\t<a href=\"https:\/\/oceaneering.canto.com\/direct\/document\/4gl5a2l4m51jh89d4pp7k7837h\/IskK37-Em7PjxU7Kzjb5OA-bZYI\/original?content-type=application%2Fpdf&#038;name=Global-Quality-Day-%28100-years-of-quality%29+%281%29.pdf\" target=\"_blank\" rel=\"noopener\">\n\t\t\t\t\t\t\tGlobaler Qualit\u00e4tstag (100 Jahre Qualit\u00e4t)\n\t\t\t\t\t<\/a>\n\t\t\t\t<img loading=\"lazy\" decoding=\"async\" src=\"https:\/\/www.oceaneering.com\/wp-content\/uploads\/2024\/02\/Global-Quality-Day-100-years-of-quality-1.jpg\" alt=\"Global-Quality-Day-100-years-of-quality-1\" itemprop=\"image\" height=\"1410\" width=\"2000\" title=\"Global-Quality-Day-100-Jahre-Qualit\u00e4t-1\" onerror=\"this.style.display='none'\"  \/>\n\t\t\t\t<a href=\"https:\/\/oceaneering.com\/wp-content\/uploads\/2023\/11\/Quality_Verifications.pdf\" target=\"_blank\" rel=\"noopener\" itemprop=\"url\">\n\t\t\t\t<img decoding=\"async\" src=\"https:\/\/oceaneering.com\/wp-content\/uploads\/2023\/11\/Quality_Verifications.jpeg\" alt=\"Quality_Verifications\" itemprop=\"image\" title=\"Qualit\u00e4t_Verifikationen\" onerror=\"this.style.display='none'\"  \/>\n\t\t\t\t<\/a>\n<h2>\n\t\tQualit\u00e4tsmoment des Monats\n\t<\/h2>\n\t<p>Laden Sie die Folie dieses Monats herunter, um bei Ihrer n\u00e4chsten Besprechung rechtzeitig und deutlich auf Qualit\u00e4t hinzuweisen.<\/p>\n\t\t\t<a href=\"https:\/\/oceaneering.com\/wp-content\/uploads\/2023\/11\/Quality_Verifications.pdf\" target=\"_blank\" rel=\"noopener\">\n\t\t\t\t\t\tPDF herunterladen\n\t\t\t\t\t<\/a>\n\t\t\t<a href=\"https:\/\/oceaneering.com\/wp-content\/uploads\/2023\/11\/Quality_Verifications.jpeg\" target=\"_blank\" rel=\"noopener\">\n\t\t\t\t\t\tJPEG herunterladen\n\t\t\t\t\t<\/a>\n<h2>\n\t\tAlle Qualit\u00e4tsmomente\n\t<\/h2>\n\t\t\t\t<a href=\"https:\/\/www.oceaneering.com\/wp-content\/uploads\/2023\/11\/Quality_Verifications.pdf\" download>\n\t\t\t\t\t\t<img decoding=\"async\" src=\"https:\/\/www.oceaneering.com\/wp-content\/uploads\/2023\/11\/Quality_Verifications.jpeg\" alt=\"\"\/>\n\t\t\t\t\t\t\t\t\tQualit\u00e4t Moment\t\t\t\t\t\t\t\t\n\t\t\t\t\t\t\t\t\t\t\t\t\t\t<h3>Qualit\u00e4tsgrundsatz Selbst\u00fcberpr\u00fcfungen<\/h3>\n\t\t\t\t<\/a>\n\t\t\t\t<a href=\"https:\/\/www.oceaneering.com\/wp-content\/uploads\/2023\/11\/Lessons-Learned.pdf\" download>\n\t\t\t\t\t\t<img decoding=\"async\" src=\"https:\/\/www.oceaneering.com\/wp-content\/uploads\/2023\/11\/Lessons-Learned.jpeg\" alt=\"\"\/>\n\t\t\t\t\t\t\t\t\tQualit\u00e4t Moment\t\t\t\t\t\t\t\t\n\t\t\t\t\t\t\t\t\t\t\t\t\t\t<h3>Gelernte Lektionen<\/h3>\n\t\t\t\t<\/a>\n\t\t\t\t<a href=\"https:\/\/www.oceaneering.com\/wp-content\/uploads\/2023\/11\/QMS-Documentation-Hierarchy.pdf\" download>\n\t\t\t\t\t\t<img decoding=\"async\" src=\"https:\/\/www.oceaneering.com\/wp-content\/uploads\/2023\/11\/QMS-Documentation-Hierarchy.jpeg\" alt=\"\"\/>\n\t\t\t\t\t\t\t\t\tQualit\u00e4t Moment\t\t\t\t\t\t\t\t\n\t\t\t\t\t\t\t\t\t\t\t\t\t\t<h3>Hierarchie der QMS-Dokumentation<\/h3>\n\t\t\t\t<\/a>\n\t\t\t\t<a href=\"https:\/\/www.oceaneering.com\/wp-content\/uploads\/2023\/11\/Cost-of-Poor-Quality.pdf\" download>\n\t\t\t\t\t\t<img decoding=\"async\" src=\"https:\/\/www.oceaneering.com\/wp-content\/uploads\/2023\/11\/Cost-of-Poor-Quality.jpeg\" alt=\"\"\/>\n\t\t\t\t\t\t\t\t\tQualit\u00e4t Moment\t\t\t\t\t\t\t\t\n\t\t\t\t\t\t\t\t\t\t\t\t\t\t<h3>Kosten f\u00fcr mangelhafte Qualit\u00e4t<\/h3>\n\t\t\t\t<\/a>\n\t\t\t\t<a href=\"https:\/\/www.oceaneering.com\/wp-content\/uploads\/2023\/11\/Nonconformance.pdf\" download>\n\t\t\t\t\t\t<img decoding=\"async\" src=\"https:\/\/www.oceaneering.com\/wp-content\/uploads\/2023\/11\/Nonconformance.jpeg\" alt=\"\"\/>\n\t\t\t\t\t\t\t\t\tQualit\u00e4t Moment\t\t\t\t\t\t\t\t\n\t\t\t\t\t\t\t\t\t\t\t\t\t\t<h3>Nichtkonformit\u00e4t<\/h3>\n\t\t\t\t<\/a>\n\t\t\t\t<a href=\"https:\/\/www.oceaneering.com\/wp-content\/uploads\/2023\/11\/Problem-Solving-Techniques.pdf\" download>\n\t\t\t\t\t\t<img decoding=\"async\" src=\"https:\/\/www.oceaneering.com\/wp-content\/uploads\/2023\/11\/Problem-Solving-Techniques.jpeg\" alt=\"\"\/>\n\t\t\t\t\t\t\t\t\tQualit\u00e4t Moment\t\t\t\t\t\t\t\t\n\t\t\t\t\t\t\t\t\t\t\t\t\t\t<h3>Probleml\u00f6sungs-Techniken<\/h3>\n\t\t\t\t<\/a>\n\t\t\t\t<a href=\"https:\/\/www.oceaneering.com\/wp-content\/uploads\/2023\/11\/QT-banner-2020.pdf\" download>\n\t\t\t\t\t\t<img decoding=\"async\" src=\"https:\/\/www.oceaneering.com\/wp-content\/uploads\/2023\/11\/QT-banner-2020-scaled.jpeg\" alt=\"\"\/>\n\t\t\t\t\t\t\t\t\tQualit\u00e4t Moment\t\t\t\t\t\t\t\t\n\t\t\t\t\t\t\t\t\t\t\t\t\t\t<h3>Die Reise von Oceaneering<\/h3>\n\t\t\t\t<\/a>\n\t\t\t\t<a href=\"https:\/\/www.oceaneering.com\/wp-content\/uploads\/2023\/11\/2020-Quality-Tenets.pdf\" download>\n\t\t\t\t\t\t<img decoding=\"async\" src=\"https:\/\/www.oceaneering.com\/wp-content\/uploads\/2023\/11\/2020-Quality-Tenets.jpeg\" alt=\"\"\/>\n\t\t\t\t\t\t\t\t\tQualit\u00e4t Moment\t\t\t\t\t\t\t\t\n\t\t\t\t\t\t\t\t\t\t\t\t\t\t<h3>2020 Qualit\u00e4tsgrunds\u00e4tze<\/h3>\n\t\t\t\t<\/a>\n\t\t\t\t<a href=\"https:\/\/www.oceaneering.com\/wp-content\/uploads\/2023\/11\/COPQ-Quality-Moment.pdf\" download>\n\t\t\t\t\t\t<img decoding=\"async\" src=\"https:\/\/www.oceaneering.com\/wp-content\/uploads\/2023\/11\/COPQ-Quality-Moment.jpeg\" alt=\"\"\/>\n\t\t\t\t\t\t\t\t\tQualit\u00e4t Moment\t\t\t\t\t\t\t\t\n\t\t\t\t\t\t\t\t\t\t\t\t\t\t<h3>COPQ-Qualit\u00e4tsmoment<\/h3>\n\t\t\t\t<\/a>\n\t\t\t\t<a href=\"https:\/\/www.oceaneering.com\/wp-content\/uploads\/2023\/11\/Current-Processes.pdf\" download>\n\t\t\t\t\t\t<img decoding=\"async\" src=\"https:\/\/www.oceaneering.com\/wp-content\/uploads\/2023\/11\/Current-Processes.jpeg\" alt=\"\"\/>\n\t\t\t\t\t\t\t\t\tQualit\u00e4t Moment\t\t\t\t\t\t\t\t\n\t\t\t\t\t\t\t\t\t\t\t\t\t\t<h3>Aktuelle Prozesse<\/h3>\n\t\t\t\t<\/a>\n\t\t\t\t<a href=\"https:\/\/www.oceaneering.com\/wp-content\/uploads\/2023\/11\/Costs-Of-Nonconformance.pdf\" download>\n\t\t\t\t\t\t<img decoding=\"async\" src=\"https:\/\/www.oceaneering.com\/wp-content\/uploads\/2023\/11\/Costs-Of-Nonconformance.jpeg\" alt=\"\"\/>\n\t\t\t\t\t\t\t\t\tQualit\u00e4t Moment\t\t\t\t\t\t\t\t\n\t\t\t\t\t\t\t\t\t\t\t\t\t\t<h3>Kosten der Nichtkonformit\u00e4t<\/h3>\n\t\t\t\t<\/a>\n\t\t\t\t<a href=\"https:\/\/www.oceaneering.com\/wp-content\/uploads\/2023\/11\/Ways-To-Stay-Focused-At-Work-Through-The-Holidays.pdf\" download>\n\t\t\t\t\t\t<img decoding=\"async\" src=\"https:\/\/www.oceaneering.com\/wp-content\/uploads\/2023\/11\/Ways-To-Stay-Focused-At-Work-Through-The-Holidays.jpeg\" alt=\"\"\/>\n\t\t\t\t\t\t\t\t\tQualit\u00e4t Moment\t\t\t\t\t\t\t\t\n\t\t\t\t\t\t\t\t\t\t\t\t\t\t<h3>So bleiben Sie w\u00e4hrend der Feiertage bei der Arbeit konzentriert<\/h3>\n\t\t\t\t<\/a>\n\t\t\t\t<a href=\"https:\/\/www.oceaneering.com\/wp-content\/uploads\/2023\/11\/Eight-Wastes.pdf\" download>\n\t\t\t\t\t\t<img decoding=\"async\" src=\"https:\/\/www.oceaneering.com\/wp-content\/uploads\/2023\/11\/Eight-Wastes.jpeg\" alt=\"\"\/>\n\t\t\t\t\t\t\t\t\tQualit\u00e4t Moment\t\t\t\t\t\t\t\t\n\t\t\t\t\t\t\t\t\t\t\t\t\t\t<h3>Acht Abf\u00e4lle<\/h3>\n\t\t\t\t<\/a>\n\t\t\t\t<a href=\"https:\/\/www.oceaneering.com\/wp-content\/uploads\/2023\/11\/Get-to-know-Oceaneering-Quality-Core-Processes.pdf\" download>\n\t\t\t\t\t\t<img decoding=\"async\" src=\"https:\/\/www.oceaneering.com\/wp-content\/uploads\/2023\/11\/Get-to-know-Oceaneering-Quality-Core-Processes.jpeg\" alt=\"\"\/>\n\t\t\t\t\t\t\t\t\tQualit\u00e4t Moment\t\t\t\t\t\t\t\t\n\t\t\t\t\t\t\t\t\t\t\t\t\t\t<h3>Lernen Sie die Oceaneering Quality Core Processes kennen<\/h3>\n\t\t\t\t<\/a>\n\t\t\t\t<a href=\"https:\/\/www.oceaneering.com\/wp-content\/uploads\/2023\/11\/Supplier-Evaluation-And-Monitoring.pdf\" download>\n\t\t\t\t\t\t<img decoding=\"async\" src=\"https:\/\/www.oceaneering.com\/wp-content\/uploads\/2023\/11\/Supplier-Evaluation-And-Monitoring.jpeg\" alt=\"\"\/>\n\t\t\t\t\t\t\t\t\tQualit\u00e4t Moment\t\t\t\t\t\t\t\t\n\t\t\t\t\t\t\t\t\t\t\t\t\t\t<h3>Lieferantenbewertung und -\u00fcberwachung<\/h3>\n\t\t\t\t<\/a>\n\t\t\t\t<a href=\"https:\/\/www.oceaneering.com\/wp-content\/uploads\/2023\/11\/Tips-For-Increasing-Productivity.pdf\" download>\n\t\t\t\t\t\t<img decoding=\"async\" src=\"https:\/\/www.oceaneering.com\/wp-content\/uploads\/2023\/11\/Tips-For-Increasing-Productivity.jpeg\" alt=\"\"\/>\n\t\t\t\t\t\t\t\t\tQualit\u00e4t Moment\t\t\t\t\t\t\t\t\n\t\t\t\t\t\t\t\t\t\t\t\t\t\t<h3>Tipps zur Steigerung der Produktivit\u00e4t<\/h3>\n\t\t\t\t<\/a>\n\t\t\t\t<a href=\"https:\/\/www.oceaneering.com\/wp-content\/uploads\/2023\/11\/Focus-On-Quality-Not-Quantity.pdf\" download>\n\t\t\t\t\t\t<img decoding=\"async\" src=\"https:\/\/www.oceaneering.com\/wp-content\/uploads\/2023\/11\/Focus-On-Quality-Not-Quantity.jpeg\" alt=\"\"\/>\n\t\t\t\t\t\t\t\t\tQualit\u00e4t Moment\t\t\t\t\t\t\t\t\n\t\t\t\t\t\t\t\t\t\t\t\t\t\t<h3>Fokus auf Qualit\u00e4t, nicht auf Quantit\u00e4t<\/h3>\n\t\t\t\t<\/a>\n\t\t\t\t<a href=\"https:\/\/www.oceaneering.com\/wp-content\/uploads\/2023\/11\/Collaboration-Challenge.pdf\" download>\n\t\t\t\t\t\t<img decoding=\"async\" src=\"https:\/\/www.oceaneering.com\/wp-content\/uploads\/2023\/11\/Collaboration-Challenge.jpeg\" alt=\"\"\/>\n\t\t\t\t\t\t\t\t\tQualit\u00e4t Moment\t\t\t\t\t\t\t\t\n\t\t\t\t\t\t\t\t\t\t\t\t\t\t<h3>Zusammenarbeit als Herausforderung<\/h3>\n\t\t\t\t<\/a>\n\t\t\t\t<a href=\"https:\/\/www.oceaneering.com\/wp-content\/uploads\/2023\/11\/Owning-the-Challenge.pdf\" download>\n\t\t\t\t\t\t<img decoding=\"async\" src=\"https:\/\/www.oceaneering.com\/wp-content\/uploads\/2023\/11\/Owning-the-Challenge.jpeg\" alt=\"\"\/>\n\t\t\t\t\t\t\t\t\tQualit\u00e4t Moment\t\t\t\t\t\t\t\t\n\t\t\t\t\t\t\t\t\t\t\t\t\t\t<h3>Die Herausforderung annehmen: Sich selbst zur Verantwortung ziehen<\/h3>\n\t\t\t\t<\/a>\n\t\t\t\t<a href=\"https:\/\/www.oceaneering.com\/wp-content\/uploads\/2023\/11\/The-Value-of-Correct-Documentation.pdf\" download>\n\t\t\t\t\t\t<img decoding=\"async\" src=\"https:\/\/www.oceaneering.com\/wp-content\/uploads\/2023\/11\/The-Value-of-Correct-Documentation.jpeg\" alt=\"\"\/>\n\t\t\t\t\t\t\t\t\tQualit\u00e4t Moment\t\t\t\t\t\t\t\t\n\t\t\t\t\t\t\t\t\t\t\t\t\t\t<h3>Der Wert einer korrekten Dokumentation<\/h3>\n\t\t\t\t<\/a>\n\t\t\t\t<a href=\"https:\/\/www.oceaneering.com\/wp-content\/uploads\/2023\/11\/Integrated-Management-of-Change.pdf\" download>\n\t\t\t\t\t\t<img decoding=\"async\" src=\"https:\/\/www.oceaneering.com\/wp-content\/uploads\/2023\/11\/Integrated-Management-of-Change.jpeg\" alt=\"\"\/>\n\t\t\t\t\t\t\t\t\tQualit\u00e4t Moment\t\t\t\t\t\t\t\t\n\t\t\t\t\t\t\t\t\t\t\t\t\t\t<h3>Integriertes Management des Wandels<\/h3>\n\t\t\t\t<\/a>\n<h1>\n\t\tKontakt\n\t<\/h1>\n<h2>\n\t\tUnser Expertenteam ist bereit, Ihnen den Einstieg zu erleichtern.\n\t<\/h2>\n\t<p>Oceaneering bietet erstklassige Produkte und L\u00f6sungen, die sich durch unvergleichliche Qualit\u00e4t, Zuverl\u00e4ssigkeit und globalen Support auszeichnen. F\u00fcllen Sie das Anfrageformular aus, um noch heute ein Gespr\u00e4ch zu beginnen.<\/p>","protected":false},"excerpt":{"rendered":"<p>Kontakt Qualit\u00e4tsmomente Bei Oceaneering sind wir bestrebt, sicherzustellen, dass unsere Produkte und Dienstleistungen konsistent sind und den hohen Qualit\u00e4tsstandards unserer Kunden entsprechen. Unsere Bibliothek von Qualit\u00e4tsmoment-Folien steht f\u00fcr die Betrachtung von Themen wie Abfall oder Nichtkonformit\u00e4t zur Verf\u00fcgung - zeitnah, klar und kurz zu Beginn eines jeden ... <a title=\"Momente der Qualit\u00e4t\" class=\"read-more\" href=\"https:\/\/www.oceaneering.com\/de\/sustainability\/health-safety-and-quality-hse\/quality-moments\/\" aria-label=\"Mehr Informationen \u00fcber Quality Moments\">Weiterlesen ...<\/a><\/p>","protected":false},"author":13,"featured_media":0,"parent":60546,"menu_order":2,"comment_status":"closed","ping_status":"closed","template":"","meta":{"_acf_changed":false,"footnotes":"","_links_to":"","_links_to_target":""},"product_category":[1859],"search_tags":[1840,1813,1838],"class_list":["post-60614","page","type-page","status-publish","product_category-sustainability","search_tags-health-safety-security-environment-and-quality","search_tags-news-and-media","search_tags-quality-moments"],"acf":[],"aioseo_notices":[],"_links":{"self":[{"href":"https:\/\/www.oceaneering.com\/de\/wp-json\/wp\/v2\/pages\/60614","targetHints":{"allow":["GET"]}}],"collection":[{"href":"https:\/\/www.oceaneering.com\/de\/wp-json\/wp\/v2\/pages"}],"about":[{"href":"https:\/\/www.oceaneering.com\/de\/wp-json\/wp\/v2\/types\/page"}],"author":[{"embeddable":true,"href":"https:\/\/www.oceaneering.com\/de\/wp-json\/wp\/v2\/users\/13"}],"replies":[{"embeddable":true,"href":"https:\/\/www.oceaneering.com\/de\/wp-json\/wp\/v2\/comments?post=60614"}],"version-history":[{"count":0,"href":"https:\/\/www.oceaneering.com\/de\/wp-json\/wp\/v2\/pages\/60614\/revisions"}],"up":[{"embeddable":true,"href":"https:\/\/www.oceaneering.com\/de\/wp-json\/wp\/v2\/pages\/60546"}],"wp:attachment":[{"href":"https:\/\/www.oceaneering.com\/de\/wp-json\/wp\/v2\/media?parent=60614"}],"wp:term":[{"taxonomy":"product_category","embeddable":true,"href":"https:\/\/www.oceaneering.com\/de\/wp-json\/wp\/v2\/product_category?post=60614"},{"taxonomy":"search_tags","embeddable":true,"href":"https:\/\/www.oceaneering.com\/de\/wp-json\/wp\/v2\/search_tags?post=60614"}],"curies":[{"name":"wp","href":"https:\/\/api.w.org\/{rel}","templated":true}]}}