{"id":60596,"date":"2023-11-07T13:53:08","date_gmt":"2023-11-07T18:53:08","guid":{"rendered":"https:\/\/oceaneering.com\/?page_id=60596"},"modified":"2026-03-16T15:26:15","modified_gmt":"2026-03-16T20:26:15","slug":"social-impact","status":"publish","type":"page","link":"https:\/\/www.oceaneering.com\/de\/sustainability\/social-impact\/","title":{"rendered":"Soziale Auswirkungen"},"content":{"rendered":"<a href=\"https:\/\/www.oceaneering.com\/de\/sustainability\/#contact\" target=\"_self\">\n\t\t\t\t\t\t\tKontakt\n\t\t\t\t\t<\/a>\n<h1>\n\t\tSoziale Auswirkungen\n\t<\/h1>\n\t<p>Oceaneering is devoted to creating a talented and innovative workforce\u00a0to enable us to engineer advanced technologies and services for all the industries we serve.<\/p>\n\n\t\tOceaneering ist stolz auf die positiven Beitr\u00e4ge, die das Unternehmen und seine Mitarbeiter f\u00fcr die Gemeinden, in denen wir leben und arbeiten, geleistet haben, vor allem, da wir weiterhin einen vielf\u00e4ltigen und integrativen Arbeitsplatz schaffen, der Fairness und Offenheit f\u00f6rdert.\n\t\n<h2>\n\t\tMINT - Gender im Fokus\n\t<\/h2>\n\t<p>In 2024, we saw a slight decrease in the number of women hired into science, technology, engineering, and mathematics (STEM) roles as compared to 2023.<\/p>\n\t<p>There were 549 women hired overall in 2024; a slight decrease over 2023. Over 2,300 women have been hired by Oceaneering in the past five years, with over 900 hired in STEM roles.<\/p>\n<table data-tablesaw-minimap>\n\t\t\t<thead>\n\t\t<tr>\n\t\t\t<th id=\"pp-table-col-1\" scope=\"col\" data-tablesaw-sortable-col>\t\t\t\t\t\n\t\t\t\t\t<\/th>\t\t<\/tr>\n\t<\/thead>\n\t\t<tbody>\n\t\t<tr data-row-index=\"1\"><td>Einstellung von Frauen<\/td><td>2020<\/td><td>2021<\/td><td>2022<\/td><td>2023<\/td><td>2024<\/td><\/tr><tr data-row-index=\"2\"><td>MINT-Rollen<\/td><td>98<\/td><td>166<\/td><td>213<\/td><td>224<\/td><td>203<\/td><\/tr><tr data-row-index=\"3\"><td>Overall*<\/td><td>221<\/td><td>416<\/td><td>561<\/td><td>582<\/td><td>549<\/td><\/tr><tr data-row-index=\"4\"><td>Prozentsatz<\/td><td>44%<\/td><td>40%<\/td><td>38%<\/td><td>38%<\/td><td>37%<\/td><\/tr>\t<\/tbody>\n<\/table>\n\t\tEngagement der Mitarbeiter\n<h2>\n\t\tMitarbeiter-Ressourcengruppen\n\t<\/h2>\n\t<p>Bei Oceaneering sind unsere Employee Resource Groups (ERGs) der Eckpfeiler unseres Engagements f\u00fcr die F\u00f6rderung eines vielf\u00e4ltigen und integrativen Arbeitsumfelds. Diese Gruppen, die auf freiwilliger Basis von unseren Mitarbeitern gebildet werden, widmen sich der F\u00f6rderung von Vielfalt in all ihren Formen und orientieren sich dabei an <a href=\"https:\/\/www.oceaneering.com\/de\/about\/mission-vision-and-values\/\">Auftrag, Vision und Werte von Oceaneering<\/a>. Jede ERG konzentriert sich auf ein Element der <a href=\"https:\/\/www.oceaneering.com\/de\/careers\/diversity-and-inclusion\/\">Vielfalt<\/a>Sie bieten einen unterst\u00fctzenden Raum f\u00fcr berufliches Wachstum, Talententwicklung und gesellschaftliches Engagement. Durch diese ERGs bef\u00e4higen wir unsere Mitarbeiter, Kontakte zu kn\u00fcpfen, zusammenzuarbeiten und einen sinnvollen Beitrag sowohl zu ihrem Berufsleben als auch zur Gemeinschaft zu leisten.<\/p>\n<p>&nbsp;<\/p>\n<h3>\n\t\tOceaneering Neurodiverse Mitarbeiter\n\t<\/h3>\n\t\t\t\t<img loading=\"lazy\" decoding=\"async\" src=\"https:\/\/www.oceaneering.com\/wp-content\/uploads\/2024\/08\/Oceaneering-Neurodiverse-Employees-.png\" alt=\"Oceaneering Neurodiverse Employees\" height=\"746\" width=\"940\" title=\"Oceaneering Neurodiverse Mitarbeiter\" \/>\n<h3>\n\t\tOceaneering-Netzwerk schwarzer F\u00fchrungskr\u00e4fte\n\t<\/h3>\n\t\t\t\t<img loading=\"lazy\" decoding=\"async\" src=\"https:\/\/www.oceaneering.com\/wp-content\/uploads\/2024\/08\/Oceaneering-Network-of-Black-Leaders-option-02.png\" alt=\"Oceaneering Network of Black Leaders option 02\" height=\"718\" width=\"591\" title=\"Oceaneering-Netzwerk schwarzer F\u00fchrungskr\u00e4fte Option 02\" \/>\n<h3>\n\t\tOceaneering Stolz Netzwerk\n\t<\/h3>\n\t\t\t\t<img loading=\"lazy\" decoding=\"async\" src=\"https:\/\/www.oceaneering.com\/wp-content\/uploads\/2024\/08\/Oceaneering-Pride-Equity-Network-.png\" alt=\"Oceaneering Pride Equity Network\" height=\"554\" width=\"1426\" title=\"Oceaneering Pride Equity Netzwerk\" \/>\n<h3>\n\t\tOceaneering Veteranen-Netzwerk\n\t<\/h3>\n\t\t\t\t<img loading=\"lazy\" decoding=\"async\" src=\"https:\/\/www.oceaneering.com\/wp-content\/uploads\/2024\/08\/Oceaneering-Veterans-Network.png\" alt=\"Oceaneering Veterans Network\" height=\"544\" width=\"659\" title=\"Oceaneering Veteranen Netzwerk\" \/>\n<h3>\n\t\tOceaneering Lateinamerikanisches Netzwerk (OLA)\n\t<\/h3>\n\t\t\t\t<img loading=\"lazy\" decoding=\"async\" src=\"https:\/\/www.oceaneering.com\/wp-content\/uploads\/2024\/08\/Oceaneering-Latin-American-Network-1.png\" alt=\"Oceaneering Latin American Network\" height=\"511\" width=\"1250\" title=\"Oceaneering Lateinamerikanisches Netzwerk\" \/>\n<h3>\n\t\tERG der aufstrebenden Fachkr\u00e4fte (IRISE)\n\t<\/h3>\n\t\t\t\t<img loading=\"lazy\" decoding=\"async\" src=\"https:\/\/www.oceaneering.com\/wp-content\/uploads\/2024\/08\/Rising-Professionals-1.png\" alt=\"Rising Professionals\" height=\"632\" width=\"741\" title=\"Aufstrebende Fachkr\u00e4fte\" \/>\n<h3>\n\t\tOceaneering Frauen-Netzwerk\n\t<\/h3>\n\t\t\t\t<img loading=\"lazy\" decoding=\"async\" src=\"https:\/\/www.oceaneering.com\/wp-content\/uploads\/2024\/08\/OWN.png\" alt=\"OWN\" height=\"360\" width=\"585\" title=\"EIGENE\" \/>\n<h2>\n\t\tGemeinschaftliche Partnerschaften\n\t<\/h2>\n\t<p>Oceaneering ist stolz darauf, mit seinen strategischen Gesch\u00e4ftspartnern zusammenzuarbeiten, um unsere lokalen Gemeinden durch Spendenaktionen, Sponsoring und Bildungsprogramme besser zu unterst\u00fctzen.<\/p>\n\t\t\t<h3>Tag der verwundeten Krieger in der Bucht (Wounded Warriors Day)<\/h3>\t\t\t\n\t\t\t\t<p>Wounded Warriors Day on the Bay, Inc. ist eine von Veteranen geleitete 501\u00a919 Non-Profit-Organisation und steuerbefreite K\u00f6rperschaft in Maryland, die 2012 gegr\u00fcndet wurde, um den lokalen Veteranen vor und nach dem 11. September zu helfen. Diese Gruppe veranstaltet jedes Jahr im August in einem teilnehmenden Yachtclub an der Chesapeake Bay eine eint\u00e4gige Veranstaltung zu Ehren der \u00f6rtlichen Veteranen und ihrer Familienangeh\u00f6rigen.<\/p>\n\t\t\t<a href=\"https:\/\/www.wwdayonthebay.org\/\" target=\"_blank\" rel=\"noopener\">\n\t\t\t\t\t\t\tMehr erfahren\n\t\t\t\t\t<\/a>\n\t\t\t<h3>J\u00e4hrliches IPAA\/PESA-Praktikum<\/h3>\t\t\t\n\t\t\t\t<p>Jeden Sommer werden Sch\u00fcler der Sekundarstufe II f\u00fcr die Teilnahme an diesem Programm ausgew\u00e4hlt, das k\u00fcnftigen Studenten der Ingenieur- und Geowissenschaften die M\u00f6glichkeit bietet, sich beruflich weiterzuentwickeln und bei verschiedenen Erd\u00f6lexplorations-, Produktions- und Dienstleistungsunternehmen in Houston und Dallas\/Fort Worth zu hospitieren.<\/p>\n\t\t\t<a href=\"https:\/\/www.ipaa.org\/education\/\" target=\"_blank\" rel=\"noopener\">\n\t\t\t\t\t\t\tMehr erfahren\n\t\t\t\t\t<\/a>\n<h2>\n\t\tUnterst\u00fctzung der Gemeinschaft\n\t<\/h2>\n\t<p>In guten wie in schlechten Zeiten schlie\u00dfen sich Oceaneering und seine Mitarbeiter zusammen, um sicherzustellen, dass wir unsere lokalen Gemeinschaften sch\u00fctzen und unterst\u00fctzen. Oceaneering bietet seinen Mitarbeitern freiwillige Arbeitsstunden an, um diese Bem\u00fchungen zu unterst\u00fctzen.<\/p>\n\t<ul>\n<li>Im Jahr 2025, <a href=\"https:\/\/events.nationalmssociety.org\/teams\/TeamOceaneering2024\" target=\"_blank\" rel=\"noopener\">Team Oceaneering<\/a> surpassed $1 million in fundraising for the Bike Texas: MS 150.<\/li>\n<li>Im Jahr 2025, <a href=\"https:\/\/www2.heart.org\/site\/TR?company_id=555544&amp;fr_id=13149&amp;pg=company\" target=\"_blank\" rel=\"noopener\">Oceaneering-Mitarbeiter<\/a> raised over $72,000 for the American Heart Association by participating in the Houston Heart Walk.<\/li>\n<li>Oceaneering unterst\u00fctzt die MINT-Bildung durch die Teilnahme an der j\u00e4hrlichen IPAA\/PESA Externship, dem j\u00e4hrlichen Marine Advanced Technology Education (MATE) International ROV Competition, der j\u00e4hrlichen NASA in Aberdeen Science Week und vielem mehr.<\/li>\n<\/ul>\n\t\t\t\t\t\t\t\t\t\t\t\t\t\t\t\t\t<a href=\"https:\/\/www.oceaneering.com\/wp-content\/uploads\/2023\/11\/19ER-3840-scaled.jpeg\" target=\"_self\" data-caption=\"Team Oceaneering at the Texas MS 150 in 2019.\" aria-label=\"Team Oceaneering at the Texas MS 150 in 2019.\">\n\t\t\t\t\t\t<figure>\n\t\t\t\t\t\t\t<img loading=\"lazy\" decoding=\"async\" src=\"https:\/\/www.oceaneering.com\/wp-content\/uploads\/2023\/11\/19ER-3840-1024x683.jpeg\" alt=\"\" width=\"1024\" height=\"683\" \/>\n\t\t\t\t\t\t\t\t\t\t\t\t\t<\/figure>\n\t\t\t\t\t\t\t\t\t\t<\/a>\n\t\t\t\t\t\t\t\t\t\t\t\t\t\t\t\t\t<a href=\"https:\/\/www.oceaneering.com\/wp-content\/uploads\/2023\/11\/19ER-4400-scaled.jpeg\" target=\"_self\" data-caption=\"Team Oceaneering at the Texas MS 150 in 2019.\" aria-label=\"Team Oceaneering at the Texas MS 150 in 2019.\">\n\t\t\t\t\t\t<figure>\n\t\t\t\t\t\t\t<img loading=\"lazy\" decoding=\"async\" src=\"https:\/\/www.oceaneering.com\/wp-content\/uploads\/2023\/11\/19ER-4400-1024x683.jpeg\" alt=\"\" width=\"1024\" height=\"683\" \/>\n\t\t\t\t\t\t\t\t\t\t\t\t\t<\/figure>\n\t\t\t\t\t\t\t\t\t\t<\/a>\n\t\t\t\t\t\t\t\t\t\t\t\t\t\t\t\t\t<a href=\"https:\/\/www.oceaneering.com\/wp-content\/uploads\/2023\/11\/19ER-4050-scaled.jpeg\" target=\"_self\" data-caption=\"Team Oceaneering at the Texas MS 150 in 2019\" aria-label=\"Team Oceaneering at the Texas MS 150 in 2019\">\n\t\t\t\t\t\t<figure>\n\t\t\t\t\t\t\t<img loading=\"lazy\" decoding=\"async\" src=\"https:\/\/www.oceaneering.com\/wp-content\/uploads\/2023\/11\/19ER-4050-1024x683.jpeg\" alt=\"\" width=\"1024\" height=\"683\" \/>\n\t\t\t\t\t\t\t\t\t\t\t\t\t<\/figure>\n\t\t\t\t\t\t\t\t\t\t<\/a>\n\t\t\t\t\t\t\t\t\t\t\t\t\t\t\t\t\t<a href=\"https:\/\/www.oceaneering.com\/wp-content\/uploads\/2023\/11\/19ER-7096-scaled.jpeg\" target=\"_self\" data-caption=\"Ice Cream Social Fundraiser for Texas MS 150 in 2019.\" aria-label=\"Ice Cream Social Fundraiser for Texas MS 150 in 2019.\">\n\t\t\t\t\t\t<figure>\n\t\t\t\t\t\t\t<img loading=\"lazy\" decoding=\"async\" src=\"https:\/\/www.oceaneering.com\/wp-content\/uploads\/2023\/11\/19ER-7096-1024x683.jpeg\" alt=\"\" width=\"1024\" height=\"683\" \/>\n\t\t\t\t\t\t\t\t\t\t\t\t\t<\/figure>\n\t\t\t\t\t\t\t\t\t\t<\/a>\n\t\t\t\t\t\t\t\t\t\t\t\t\t\t\t\t\t<a href=\"https:\/\/www.oceaneering.com\/wp-content\/uploads\/2023\/11\/18HR9550-scaled.jpeg\" target=\"_self\" data-caption=\"2018 Heart Walk BBQ Fundraiser\" aria-label=\"2018 Heart Walk BBQ Fundraiser\">\n\t\t\t\t\t\t<figure>\n\t\t\t\t\t\t\t<img loading=\"lazy\" decoding=\"async\" src=\"https:\/\/www.oceaneering.com\/wp-content\/uploads\/2023\/11\/18HR9550-1024x657.jpeg\" alt=\"\" width=\"1024\" height=\"657\" \/>\n\t\t\t\t\t\t\t\t\t\t\t\t\t<\/figure>\n\t\t\t\t\t\t\t\t\t\t<\/a>\n\t\t\t\t\t\t\t\t\t\t\t\t\t\t\t\t\t<a href=\"https:\/\/www.oceaneering.com\/wp-content\/uploads\/2023\/11\/18HR9547-scaled.jpeg\" target=\"_self\" data-caption=\"2018 Heart Walk BBQ Fundraiser\" aria-label=\"2018 Heart Walk BBQ Fundraiser\">\n\t\t\t\t\t\t<figure>\n\t\t\t\t\t\t\t<img loading=\"lazy\" decoding=\"async\" src=\"https:\/\/www.oceaneering.com\/wp-content\/uploads\/2023\/11\/18HR9547-1024x680.jpeg\" alt=\"\" width=\"1024\" height=\"680\" \/>\n\t\t\t\t\t\t\t\t\t\t\t\t\t<\/figure>\n\t\t\t\t\t\t\t\t\t\t<\/a>\n\t\t\t\t\t\t\t\t\t\t\t\t\t\t\t\t\t<a href=\"https:\/\/www.oceaneering.com\/wp-content\/uploads\/2023\/11\/18JR6845-scaled.jpeg\" target=\"_self\" data-caption=\"Houston&#039;s ROV team packing lunches for the Helping Hands organization.\" aria-label=\"Houston&#039;s ROV team packing lunches for the Helping Hands organization.\">\n\t\t\t\t\t\t<figure>\n\t\t\t\t\t\t\t<img loading=\"lazy\" decoding=\"async\" src=\"https:\/\/www.oceaneering.com\/wp-content\/uploads\/2023\/11\/18JR6845-1024x768.jpeg\" alt=\"\" width=\"1024\" height=\"768\" \/>\n\t\t\t\t\t\t\t\t\t\t\t\t\t<\/figure>\n\t\t\t\t\t\t\t\t\t\t<\/a>\n<h2>\n\t\tKontakt\n\t<\/h2>\n<h3>\n\t\tUnser Expertenteam ist bereit, Ihnen den Einstieg zu erleichtern.\n\t<\/h3>\n\t<p>Oceaneering bietet erstklassige Produkte und L\u00f6sungen, die sich durch unvergleichliche Qualit\u00e4t, Zuverl\u00e4ssigkeit und globalen Support auszeichnen. F\u00fcllen Sie das Anfrageformular aus, um noch heute ein Gespr\u00e4ch zu beginnen.<\/p>","protected":false},"excerpt":{"rendered":"<p>Contact Us Social Impact Oceaneering is devoted to creating a talented and innovative workforce\u00a0to enable us to engineer advanced technologies and services for all the industries we serve. Oceaneering takes pride in the positive contributions the company and its employees have made to the communities in which we live and work, especially as we continue &#8230; <a title=\"Soziale Auswirkungen\" class=\"read-more\" href=\"https:\/\/www.oceaneering.com\/de\/sustainability\/social-impact\/\" aria-label=\"Mehr Informationen \u00fcber soziale Auswirkungen\">Weiterlesen ...<\/a><\/p>","protected":false},"author":13,"featured_media":0,"parent":60494,"menu_order":2,"comment_status":"closed","ping_status":"closed","template":"","meta":{"_acf_changed":false,"footnotes":"","_links_to":"","_links_to_target":""},"product_category":[1859],"search_tags":[1842],"class_list":["post-60596","page","type-page","status-publish","product_category-sustainability","search_tags-sustainability"],"acf":[],"aioseo_notices":[],"_links":{"self":[{"href":"https:\/\/www.oceaneering.com\/de\/wp-json\/wp\/v2\/pages\/60596","targetHints":{"allow":["GET"]}}],"collection":[{"href":"https:\/\/www.oceaneering.com\/de\/wp-json\/wp\/v2\/pages"}],"about":[{"href":"https:\/\/www.oceaneering.com\/de\/wp-json\/wp\/v2\/types\/page"}],"author":[{"embeddable":true,"href":"https:\/\/www.oceaneering.com\/de\/wp-json\/wp\/v2\/users\/13"}],"replies":[{"embeddable":true,"href":"https:\/\/www.oceaneering.com\/de\/wp-json\/wp\/v2\/comments?post=60596"}],"version-history":[{"count":3,"href":"https:\/\/www.oceaneering.com\/de\/wp-json\/wp\/v2\/pages\/60596\/revisions"}],"predecessor-version":[{"id":81494,"href":"https:\/\/www.oceaneering.com\/de\/wp-json\/wp\/v2\/pages\/60596\/revisions\/81494"}],"up":[{"embeddable":true,"href":"https:\/\/www.oceaneering.com\/de\/wp-json\/wp\/v2\/pages\/60494"}],"wp:attachment":[{"href":"https:\/\/www.oceaneering.com\/de\/wp-json\/wp\/v2\/media?parent=60596"}],"wp:term":[{"taxonomy":"product_category","embeddable":true,"href":"https:\/\/www.oceaneering.com\/de\/wp-json\/wp\/v2\/product_category?post=60596"},{"taxonomy":"search_tags","embeddable":true,"href":"https:\/\/www.oceaneering.com\/de\/wp-json\/wp\/v2\/search_tags?post=60596"}],"curies":[{"name":"wp","href":"https:\/\/api.w.org\/{rel}","templated":true}]}}