{"id":60582,"date":"2023-11-07T13:35:24","date_gmt":"2023-11-07T18:35:24","guid":{"rendered":"https:\/\/oceaneering.com\/?page_id=60582"},"modified":"2026-05-01T17:55:21","modified_gmt":"2026-05-01T22:55:21","slug":"our-safety-culture","status":"publish","type":"page","link":"https:\/\/www.oceaneering.com\/de\/sustainability\/health-safety-and-quality-hse\/our-safety-culture\/","title":{"rendered":"Unsere Sicherheitskultur"},"content":{"rendered":"<a href=\"https:\/\/www.oceaneering.com\/de\/sustainability\/#contact\"  target=\"_self\">\n\t\t\t\t\t\t\tKontakt\n\t\t\t\t\t<\/a>\n<h1>\n\t\t\tUnsere Sicherheitskultur\t<\/h1>\n<h2>\n\t\t\t1964 wurde Oceaneering als Anbieter von Tauchdienstleistungen gegr\u00fcndet. Obwohl es sich um ein kleines Unternehmen handelte, bedeutete die Art der Arbeit, dass unsere Organisation einem relativ hohen Risiko ausgesetzt war.\t<\/h2>\n\t<p>Aus diesem Grund haben wir uns vorgenommen, nicht nur unsere eigenen Praktiken in den Bereichen Gesundheit, Sicherheit und Umwelt (GSU) zu verbessern, sondern auch die der Tauchindustrie, die wir bedienen. Mit der Ausweitung unseres Dienstleistungsangebots haben wir unseren Ansatz f\u00fcr HSE weiter priorisiert und verbessert.<\/p>\n<h2>\n\t\t\tMessung der Sicherheitsleistung\t<\/h2>\n\t<p>Wir haben uns einen Ruf f\u00fcr hervorragende Sicherheitsleistungen erworben und ver\u00f6ffentlichen viertelj\u00e4hrlich Messungen unserer Sicherheitsleistungen.<\/p>\n<figure itemscope itemtype=\"https:\/\/schema.org\/ImageObject\">\n\t\t\t\t<img decoding=\"async\" src=\"https:\/\/www.oceaneering.com\/wp-content\/uploads\/2026\/05\/Safety-Performance-2026-Q1--e1777676023812.jpg\" alt=\"Safety Performance for Q1 2026\" height=\"1076\" width=\"1908\" title=\"Safety Performance 2026 Q1\" onerror=\"this.style.display='none'\" loading=\"lazy\" \/>\n\t<\/figure>\n<h2>\n\t\t\tLebensrettende Regeln\t<\/h2>\n\t<p>Im Jahr 2015 haben wir eine Reihe gemeinsamer GSU-Praktiken und Verfahren zur Risikominderung in unserem so genannten <a href=\"https:\/\/oceaneering.canto.com\/download\/document\/43hdm4csm53ujepojms9rrv05g\/original\" target=\"_blank\" rel=\"noopener\">Lebensrettende Regeln<\/a>. Diese Regeln wurden auf der Grundlage einer zweij\u00e4hrigen \u00dcberpr\u00fcfung unserer hochgef\u00e4hrlichen Aufgaben und der damit verbundenen Vorf\u00e4lle entwickelt. Wir untersuchten Vorf\u00e4lle, die eine Reihe von Konsequenzen nach sich zogen, von Tagen der Arbeitsunf\u00e4higkeit (DAFW) bis hin zu keinerlei Konsequenzen. Wir haben uns nicht nur eingehend mit Vorf\u00e4llen befasst, die t\u00f6dlich enden oder DAFW nach sich ziehen k\u00f6nnten, sondern auch mit Vorf\u00e4llen, die eine medizinische Versorgung oder Erste Hilfe erforderten, mit F\u00e4llen von Beinahe-Unf\u00e4llen und mit unsicherem Verhalten.<\/p>\n<figure itemscope itemtype=\"https:\/\/schema.org\/ImageObject\">\n\t\t\t\t<img decoding=\"async\" src=\"https:\/\/oceaneering.com\/wp-content\/uploads\/2023\/11\/Untitled-design-2023-11-07T134431.701.png\" alt=\"Untitled design - 2023-11-07T134431.701\" title=\"Unbenannter Entwurf - 2023-11-07T134431.701\" onerror=\"this.style.display='none'\" loading=\"lazy\" \/>\n\t<\/figure>\n<h3>\n\t\t\tEnergie-Isolierung\t<\/h3>\n<figure itemscope itemtype=\"https:\/\/schema.org\/ImageObject\">\n\t\t\t\t<img decoding=\"async\" src=\"https:\/\/oceaneering.com\/wp-content\/uploads\/2023\/11\/Untitled-design-2023-11-07T134611.583.png\" alt=\"Untitled design - 2023-11-07T134611.583\" title=\"Unbenannter Entwurf - 2023-11-07T134611.583\" onerror=\"this.style.display='none'\" loading=\"lazy\" \/>\n\t<\/figure>\n<h3>\n\t\t\tArbeiten in der H\u00f6he\t<\/h3>\n<figure itemscope itemtype=\"https:\/\/schema.org\/ImageObject\">\n\t\t\t\t<img decoding=\"async\" src=\"https:\/\/oceaneering.com\/wp-content\/uploads\/2023\/11\/Untitled-design-2023-11-07T134642.165.png\" alt=\"Untitled design - 2023-11-07T134642.165\" title=\"Unbenannter Entwurf - 2023-11-07T134642.165\" onerror=\"this.style.display='none'\" loading=\"lazy\" \/>\n\t<\/figure>\n<h3>\n\t\t\tSchwebende Lasten\t<\/h3>\n<figure itemscope itemtype=\"https:\/\/schema.org\/ImageObject\">\n\t\t\t\t<img decoding=\"async\" src=\"https:\/\/oceaneering.com\/wp-content\/uploads\/2023\/11\/Untitled-design-2023-11-07T134704.759.png\" alt=\"Untitled design - 2023-11-07T134704.759\" title=\"Unbenannter Entwurf - 2023-11-07T134704.759\" onerror=\"this.style.display='none'\" loading=\"lazy\" \/>\n\t<\/figure>\n<h3>\n\t\t\tDruckpr\u00fcfung\t<\/h3>\n<figure itemscope itemtype=\"https:\/\/schema.org\/ImageObject\">\n\t\t\t\t<img decoding=\"async\" src=\"https:\/\/oceaneering.com\/wp-content\/uploads\/2023\/11\/Untitled-design-2023-11-07T134744.870.png\" alt=\"Untitled design - 2023-11-07T134744.870\" title=\"Unbenannter Entwurf - 2023-11-07T134744.870\" onerror=\"this.style.display='none'\" loading=\"lazy\" \/>\n\t<\/figure>\n<h3>\n\t\t\tBegrenzter Raum\t<\/h3>\n<figure itemscope itemtype=\"https:\/\/schema.org\/ImageObject\">\n\t\t\t\t<img decoding=\"async\" src=\"https:\/\/oceaneering.com\/wp-content\/uploads\/2023\/11\/Untitled-design-2023-11-07T134809.224.png\" alt=\"Untitled design - 2023-11-07T134809.224\" title=\"Unbenannter Entwurf - 2023-11-07T134809.224\" onerror=\"this.style.display='none'\" loading=\"lazy\" \/>\n\t<\/figure>\n<h3>\n\t\t\tStrahlung\t<\/h3>\n\t<p>Unser gr\u00f6\u00dftes Augenmerk galt den Vorf\u00e4llen, die zwar keine schwerwiegenden Folgen nach sich zogen, aber das Potenzial hatten, schwerwiegende Folgen zu haben. Diese sechs Regeln gelten f\u00fcr alle Mitarbeiter von Oceaneering sowie f\u00fcr Dritte, die in gemeinsamen Bereichen t\u00e4tig sind.<\/p>\n<p>Seit ihrer Einf\u00fchrung haben die Lebensrettungsregeln unsere Organisation in die Lage versetzt, die T\u00e4tigkeiten und Aufgaben mit dem gr\u00f6\u00dften Todesrisiko genauer zu ermitteln. Wir haben auch entsprechende Prozesse festgelegt, die zum Schutz unserer Mitarbeiter beitragen. Wir gehen der Sache auf den Grund und untersuchen nicht nur die unmittelbaren Ursachen von Todesf\u00e4llen oder Verletzungen, sondern auch die zugrunde liegenden Verhaltensweisen, die zur Einhaltung der Lebensrettungsregeln beitragen.<\/p>\n<h2>\n\t\t\tKontakt\t<\/h2>\n<h3>\n\t\t\tUnser Expertenteam ist bereit, Ihnen den Einstieg zu erleichtern.\t<\/h3>\n\t<p>Oceaneering bietet erstklassige Produkte und L\u00f6sungen, die sich durch unvergleichliche Qualit\u00e4t, Zuverl\u00e4ssigkeit und globalen Support auszeichnen. F\u00fcllen Sie das Anfrageformular aus, um noch heute ein Gespr\u00e4ch zu beginnen.<\/p>","protected":false},"excerpt":{"rendered":"<p>Contact Us Our Safety Culture In 1964, Oceaneering was established as a diving services provider. Although small in size, the nature of the work meant that our organization faced a relatively high level of risk. Knowing this, we set out to improve, not only our own health, safety and environmental (HSE) practices, but also those &#8230; <a title=\"Unsere Sicherheitskultur\" class=\"read-more\" href=\"https:\/\/www.oceaneering.com\/de\/sustainability\/health-safety-and-quality-hse\/our-safety-culture\/\" aria-label=\"Mehr Informationen \u00fcber unsere Sicherheitskultur\">Weiterlesen ...<\/a><\/p>","protected":false},"author":13,"featured_media":0,"parent":60546,"menu_order":2,"comment_status":"closed","ping_status":"closed","template":"","meta":{"_acf_changed":false,"footnotes":"","_links_to":"","_links_to_target":""},"product_category":[1859],"search_tags":[1840],"class_list":["post-60582","page","type-page","status-publish","product_category-sustainability","search_tags-health-safety-security-environment-and-quality"],"acf":[],"aioseo_notices":[],"_links":{"self":[{"href":"https:\/\/www.oceaneering.com\/de\/wp-json\/wp\/v2\/pages\/60582","targetHints":{"allow":["GET"]}}],"collection":[{"href":"https:\/\/www.oceaneering.com\/de\/wp-json\/wp\/v2\/pages"}],"about":[{"href":"https:\/\/www.oceaneering.com\/de\/wp-json\/wp\/v2\/types\/page"}],"author":[{"embeddable":true,"href":"https:\/\/www.oceaneering.com\/de\/wp-json\/wp\/v2\/users\/13"}],"replies":[{"embeddable":true,"href":"https:\/\/www.oceaneering.com\/de\/wp-json\/wp\/v2\/comments?post=60582"}],"version-history":[{"count":2,"href":"https:\/\/www.oceaneering.com\/de\/wp-json\/wp\/v2\/pages\/60582\/revisions"}],"predecessor-version":[{"id":83309,"href":"https:\/\/www.oceaneering.com\/de\/wp-json\/wp\/v2\/pages\/60582\/revisions\/83309"}],"up":[{"embeddable":true,"href":"https:\/\/www.oceaneering.com\/de\/wp-json\/wp\/v2\/pages\/60546"}],"wp:attachment":[{"href":"https:\/\/www.oceaneering.com\/de\/wp-json\/wp\/v2\/media?parent=60582"}],"wp:term":[{"taxonomy":"product_category","embeddable":true,"href":"https:\/\/www.oceaneering.com\/de\/wp-json\/wp\/v2\/product_category?post=60582"},{"taxonomy":"search_tags","embeddable":true,"href":"https:\/\/www.oceaneering.com\/de\/wp-json\/wp\/v2\/search_tags?post=60582"}],"curies":[{"name":"wp","href":"https:\/\/api.w.org\/{rel}","templated":true}]}}