{"id":60560,"date":"2023-11-07T12:57:17","date_gmt":"2023-11-07T17:57:17","guid":{"rendered":"https:\/\/oceaneering.com\/?page_id=60560"},"modified":"2024-01-29T13:36:47","modified_gmt":"2024-01-29T18:36:47","slug":"hse-areas-of-focus","status":"publish","type":"page","link":"https:\/\/www.oceaneering.com\/de\/sustainability\/health-safety-and-quality-hse\/hse-areas-of-focus\/","title":{"rendered":"Schwerpunktbereiche"},"content":{"rendered":"<h1>Schwerpunktbereiche<\/h1>\r\n<h2>Da die Sicherheit die Grundlage aller T\u00e4tigkeiten von Oceaneering ist, bilden unsere Schwerpunktbereiche die Grundlage unseres Sicherheitsansatzes.<\/h2>\r\n<p>Diese Prozesse werden von unseren Betriebsgruppen umgesetzt und zielen darauf ab, Verletzungen und Sch\u00e4den an Anlagen und der Umwelt zu vermeiden und dadurch unsere Sicherheitskultur und die Gesamtleistung in den Bereichen Gesundheit, Sicherheit und Umwelt (HSE) zu verbessern.<\/p>\r\n<h1>Kontakt<\/h1>\r\n<p>Unser Expertenteam ist bereit, Ihnen den Einstieg zu erleichtern.<\/p>\r\n<p>Oceaneering bietet erstklassige Produkte und L\u00f6sungen, die sich durch unvergleichliche Qualit\u00e4t, Zuverl\u00e4ssigkeit und globalen Support auszeichnen. F\u00fcllen Sie das Anfrageformular aus, um noch heute ein Gespr\u00e4ch zu beginnen.<\/p>","protected":false},"excerpt":{"rendered":"<p>Areas of Focus Da Sicherheit die Grundlage aller Oceaneering-Aktivit\u00e4ten ist, bilden unsere Areas of Focus die Grundlage unseres Sicherheitsansatzes. Diese Prozesse werden von unseren Betriebsgruppen umgesetzt und zielen darauf ab, Verletzungen und Sch\u00e4den an der Ausr\u00fcstung und der Umwelt zu verhindern und dadurch unsere Sicherheitskultur und den allgemeinen Gesundheits-, Sicherheits- und Umweltschutz zu verbessern ... <a title=\"Schwerpunktbereiche\" class=\"read-more\" href=\"https:\/\/www.oceaneering.com\/de\/sustainability\/health-safety-and-quality-hse\/hse-areas-of-focus\/\" aria-label=\"Mehr Informationen \u00fcber Schwerpunktbereiche\">Weiterlesen ...<\/a><\/p>","protected":false},"author":13,"featured_media":0,"parent":60546,"menu_order":2,"comment_status":"closed","ping_status":"closed","template":"","meta":{"_acf_changed":false,"footnotes":"","_links_to":"","_links_to_target":""},"product_category":[1859],"search_tags":[1840],"class_list":["post-60560","page","type-page","status-publish","product_category-sustainability","search_tags-health-safety-security-environment-and-quality"],"acf":[],"aioseo_notices":[],"_links":{"self":[{"href":"https:\/\/www.oceaneering.com\/de\/wp-json\/wp\/v2\/pages\/60560","targetHints":{"allow":["GET"]}}],"collection":[{"href":"https:\/\/www.oceaneering.com\/de\/wp-json\/wp\/v2\/pages"}],"about":[{"href":"https:\/\/www.oceaneering.com\/de\/wp-json\/wp\/v2\/types\/page"}],"author":[{"embeddable":true,"href":"https:\/\/www.oceaneering.com\/de\/wp-json\/wp\/v2\/users\/13"}],"replies":[{"embeddable":true,"href":"https:\/\/www.oceaneering.com\/de\/wp-json\/wp\/v2\/comments?post=60560"}],"version-history":[{"count":0,"href":"https:\/\/www.oceaneering.com\/de\/wp-json\/wp\/v2\/pages\/60560\/revisions"}],"up":[{"embeddable":true,"href":"https:\/\/www.oceaneering.com\/de\/wp-json\/wp\/v2\/pages\/60546"}],"wp:attachment":[{"href":"https:\/\/www.oceaneering.com\/de\/wp-json\/wp\/v2\/media?parent=60560"}],"wp:term":[{"taxonomy":"product_category","embeddable":true,"href":"https:\/\/www.oceaneering.com\/de\/wp-json\/wp\/v2\/product_category?post=60560"},{"taxonomy":"search_tags","embeddable":true,"href":"https:\/\/www.oceaneering.com\/de\/wp-json\/wp\/v2\/search_tags?post=60560"}],"curies":[{"name":"wp","href":"https:\/\/api.w.org\/{rel}","templated":true}]}}