{"id":60546,"date":"2023-11-07T12:29:15","date_gmt":"2023-11-07T17:29:15","guid":{"rendered":"https:\/\/oceaneering.com\/?page_id=60546"},"modified":"2025-09-03T10:58:51","modified_gmt":"2025-09-03T15:58:51","slug":"health-safety-and-quality-hse","status":"publish","type":"page","link":"https:\/\/www.oceaneering.com\/de\/sustainability\/health-safety-and-quality-hse\/","title":{"rendered":"Gesundheit, Sicherheit und Qualit\u00e4t"},"content":{"rendered":"<h1>Gesundheit, Arbeitsschutz, Sicherheit, Umwelt und Qualit\u00e4t<\/h1>\r\n<p>Sicherheit ist nicht nur die Grundlage unserer Grundwerte, sondern auch f\u00fcr unsere vorbildlichen Leistungen und unsere Unternehmenskultur von entscheidender Bedeutung.<\/p>\r\n<h2>Wenn wir arbeiten, dann ist es unsere Verantwortung, sicher zu arbeiten.<\/h2>\r\n<p>Die Branchen, f\u00fcr die wir t\u00e4tig sind, sind ebenso vielf\u00e4ltig wie komplex. Ob wir nun Tiefsee-Nabelschn\u00fcre konstruieren oder Robotertechnik f\u00fcr die Luft- und Raumfahrt entwickeln - die Sicherheit und Gesundheit unserer Mitarbeiter, Lieferanten und Kunden ist ein wesentlicher Bestandteil unseres Tagesgesch\u00e4fts.<\/p>\r\n<p>ISO 45001-Zertifizierung in 12 Bereichen<\/p>\r\n<h2>Managementsystem f\u00fcr Gesundheit und Sicherheit<\/h2>\r\n<p>ISO 45001 Managementsysteme f\u00fcr Sicherheit und Gesundheitsschutz am Arbeitsplatz bietet einen einheitlichen, klaren Rahmen f\u00fcr die Verbesserung der Arbeitsschutzleistung mit Schwerpunkt auf der Interaktion zwischen einer Organisation und ihrem Gesch\u00e4ftsumfeld. Mit der Zertifizierung von Arbeitsschutzmanagementsystemen weisen wir nach, dass unsere Arbeitsschutzmanagementsysteme den internationalen branchenspezifischen Arbeitsschutznormen entsprechen.<\/p>\r\n<ul>\r\n<li>Dienstleistungen f\u00fcr Anlagenintegrit\u00e4t und Seilzugangstechnik<\/li>\r\n<li>Stilllegung<\/li>\r\n<li>Hydrostatische Druckpr\u00fcfung<\/li>\r\n<li>Interventionsdienste<\/li>\r\n<li>Fertige Erzeugnisse<\/li>\r\n<li>Metallurgische Analyse<\/li>\r\n<li>Software-Design, -Entwicklung und -Support<\/li>\r\n<li>Lieferkettenmanagement, Lagerhaltung und logistische Unterst\u00fctzung<\/li>\r\n<li>Umfrage-Dienste<\/li>\r\n<li>Konstruktion, Herstellung und Betrieb von Werkzeugausr\u00fcstung<\/li>\r\n<li>Verwaltung, Wartung und Reparatur von Werkzeugen<\/li>\r\n<li>Unterwasser- und Oberwassertechnik<\/li>\r\n<\/ul>\r\n<p><a href=\"https:\/\/oceaneering.canto.com\/direct\/document\/s529ma442p1570v3djpehmkc5q\/0qIGHW1oK7A4oROQd0aR5zaZRk4\/original?content-type=application%2Fpdf&amp;name=WW-OII-HSE-MS2-0+-+HSE+Management+System+Framework+-+R0.pdf\" target=\"_blank\" rel=\"noopener\"> Mehr erfahren <\/a><\/p>\r\n<h2>Oceaneering Sicherheitsbilanz<\/h2>\r\n<p>Seit unserer Gr\u00fcndung im Jahr 1964 legen wir gro\u00dfen Wert auf die Sicherheit unserer Mitarbeiter - von Tauchdiensten und Unterwasserinspektionen bis hin zu schiffsbasierten Installationsarbeiten. Wir haben nicht nur unsere Prozesse in den Bereichen Gesundheit, Sicherheit und Umwelt (HSSE) weiterentwickelt, sondern auch die der Branchen, in denen wir t\u00e4tig sind, und werden dies auch weiterhin tun.<\/p>\r\n<p><a href=\"https:\/\/www.oceaneering.com\/de\/sustainability\/health-safety-and-quality-hse\/our-safety-culture\/\" target=\"_self\" rel=\"noopener\"> Mehr erfahren <\/a><\/p>\r\n<h2>Kernprozesse in Aktion<\/h2>\r\n<p>Sicherheit ist die Grundlage f\u00fcr alle T\u00e4tigkeiten von Oceaneering. Wir setzen unsere Strategie in die Tat um, indem wir jeden Mitarbeiter f\u00fcr die Einhaltung der Sicherheitsstandards verantwortlich machen und Schritte unternehmen, um unsicheres Verhalten zu beseitigen oder zu korrigieren.<\/p>\r\n<p>Dies sind unsere Hauptschwerpunktbereiche:<\/p>\r\n<ul>\r\n<li>F\u00fchrung<\/li>\r\n<li>Risikomanagement<\/li>\r\n<li>Pr\u00e4vention von Todesf\u00e4llen<\/li>\r\n<li>Management von Zwischenf\u00e4llen<\/li>\r\n<li>Engagement der Mitarbeiter<\/li>\r\n<li>Ausbildung und Kompetenz<\/li>\r\n<li>Umweltmanagement<\/li>\r\n<li>Selbst\u00fcberpr\u00fcfung<\/li>\r\n<\/ul>\r\n<p><a href=\"https:\/\/www.oceaneering.com\/de\/sustainability\/health-safety-and-quality-hse\/hse-areas-of-focus\/\" target=\"_self\" rel=\"noopener\"> Mehr erfahren <\/a><\/p>\r\n<h2>Mitgliedschaften und Zugeh\u00f6rigkeiten<\/h2>\r\n<p>Wir sind Mitglied der <a href=\"http:\/\/www.centerforoffshoresafety.org\/\" target=\"_blank\" rel=\"noopener\">Zentrum f\u00fcr Offshore-Sicherheit<\/a>Eine Organisation, die sich zum Ziel gesetzt hat, ein H\u00f6chstma\u00df an Sicherheit bei Offshore-Bohrungen, -Fertigstellungen und -Betrieben zu f\u00f6rdern, und zwar durch F\u00fchrungsqualit\u00e4ten und wirksame Managementsysteme, die Kommunikation, Teamarbeit und die Pr\u00fcfung und Zertifizierung durch unabh\u00e4ngige Dritte umfassen.<\/p>\r\n<p>Obwohl unsere HSE-Kernprozesse bereits seit 2004 bestehen, sind sie eng an die <a href=\"https:\/\/www.bsee.gov\/newsroom\/latest-news\/statements-and-releases\/press-releases\/bsee-announces-final-safety-culture\" target=\"_blank\" rel=\"noopener\">Erkl\u00e4rung zur Sicherheitskultur<\/a> ver\u00f6ffentlicht vom Bureau of Safety and Environmental Enforcement (BSEE) im Jahr 2013. In der Erkl\u00e4rung werden neun Merkmale definiert, die Organisationen mit einer robusten Sicherheitskultur gemeinsam haben.<\/p>\r\n<p>Kontakt<\/p>\r\n<h3>Unser Expertenteam ist bereit, Ihnen den Einstieg zu erleichtern.<\/h3>\r\n<p>Oceaneering bietet erstklassige Produkte und L\u00f6sungen, die sich durch unvergleichliche Qualit\u00e4t, Zuverl\u00e4ssigkeit und globalen Support auszeichnen. F\u00fcllen Sie das Anfrageformular aus, um noch heute ein Gespr\u00e4ch zu beginnen.<\/p>\r\n<p>\"*\" kennzeichnet Pflichtfelder<\/p>\r\n<form id=\"gform_4\" action=\"\/de\/?page_id=60546&#038;fl_builder#gf_4\" enctype=\"multipart\/form-data\" method=\"post\" target=\"gform_ajax_frame_4\" data-formid=\"4\" data-trp-original-action=\"\/?page_id=60546&amp;fl_builder#gf_4\"><fieldset id=\"field_4_1\" data-js-reload=\"field_4_1\"><legend class=\"gfield_label gform-field-label gfield_label_before_complex\">Name*<\/legend> <input id=\"input_4_1_3\" tabindex=\"201\" name=\"input_1.3\" type=\"text\" value=\"\" aria-required=\"true\" \/> <label class=\"gform-field-label gform-field-label--type-sub\" for=\"input_4_1_3\">Erste<\/label> <input id=\"input_4_1_6\" tabindex=\"203\" name=\"input_1.6\" type=\"text\" value=\"\" aria-required=\"true\" \/> <label class=\"gform-field-label gform-field-label--type-sub\" for=\"input_4_1_6\">Zuletzt<\/label><\/fieldset><label class=\"gfield_label gform-field-label\" for=\"input_4_4\">Telefon*<\/label><input id=\"input_4_4\" class=\"large\" tabindex=\"205\" name=\"input_4\" type=\"text\" value=\"\" aria-required=\"true\" aria-invalid=\"false\" \/><label class=\"gfield_label gform-field-label\" for=\"input_4_3\">E-Mail*<\/label> <input id=\"input_4_3\" class=\"large\" tabindex=\"206\" name=\"input_3\" type=\"text\" value=\"\" aria-required=\"true\" aria-invalid=\"false\" \/> <label class=\"gfield_label gform-field-label\" for=\"input_4_5\">Eine weitere<\/label><select id=\"input_4_5\" class=\"large gfield_select\" tabindex=\"207\" name=\"input_5\" aria-invalid=\"false\">\r\n<option class=\"gf_placeholder\" selected=\"selected\" value=\"\">W\u00e4hlen Sie eine<\/option>\r\n<option value=\"First Choice\">Erste Wahl<\/option>\r\n<option value=\"Second Choice\">Zweite Wahl<\/option>\r\n<option value=\"Third Choice\">Dritte Wahl<\/option>\r\n<\/select><label class=\"gfield_label gform-field-label\" for=\"input_4_6\">Eine weitere<\/label><select id=\"input_4_6\" class=\"large gfield_select\" tabindex=\"208\" name=\"input_6\" aria-invalid=\"false\">\r\n<option class=\"gf_placeholder\" selected=\"selected\" value=\"\">W\u00e4hlen Sie eine<\/option>\r\n<option value=\"First Choice\">Erste Wahl<\/option>\r\n<option value=\"Second Choice\">Zweite Wahl<\/option>\r\n<option value=\"Third Choice\">Dritte Wahl<\/option>\r\n<\/select><label class=\"gfield_label gform-field-label\" for=\"input_4_7\">Eine weitere<\/label><input id=\"input_4_7\" class=\"large\" tabindex=\"209\" name=\"input_7\" type=\"text\" value=\"\" aria-invalid=\"false\" \/> <label class=\"gfield_label gform-field-label\" for=\"input_4_8\">Eine weitere<\/label><input id=\"input_4_8\" class=\"large\" tabindex=\"210\" name=\"input_8\" type=\"text\" value=\"\" aria-invalid=\"false\" \/>\r\n<p>Lorem ipsum dolor sit amet, consetetur sadipscing elitr, sed diam nonumy eirmod tempor invidunt ut labore et dolore magna aliquyam erat voluptua.<\/p>\r\n<input id=\"gform_submit_button_4\" class=\"gform_button button\" tabindex=\"211\" type=\"submit\" value=\"Angebot anfordern\" \/> <input name=\"gform_ajax\" type=\"hidden\" value=\"form_id=4&amp;title=&amp;description=&amp;tabindex=200\" \/> <input class=\"gform_hidden\" name=\"is_submit_4\" type=\"hidden\" value=\"1\" \/> <input class=\"gform_hidden\" name=\"gform_submit\" type=\"hidden\" value=\"4\" \/> <input class=\"gform_hidden\" name=\"gform_unique_id\" type=\"hidden\" value=\"\" \/> <input class=\"gform_hidden\" name=\"state_4\" type=\"hidden\" value=\"WyJ7XCI1XCI6W1wiZGYzN2E2ZTliYzJkYTVlMjU5ZDBmNDMwMTdlYjVhMGVcIixcImZhNGEwM2ZkMGU0YmYxOGMzYzM3NDhmYWZmMGIzYmJkXCIsXCIxMTAzYTVhMmJlZjQ3NWI5MjRhMmZmYTMyYTNhNzM1N1wiXSxcIjZcIjpbXCJkZjM3YTZlOWJjMmRhNWUyNTlkMGY0MzAxN2ViNWEwZVwiLFwiZmE0YTAzZmQwZTRiZjE4YzNjMzc0OGZhZmYwYjNiYmRcIixcIjExMDNhNWEyYmVmNDc1YjkyNGEyZmZhMzJhM2E3MzU3XCJdfSIsImExMTE4N2U4YmFkMGY5NmE2ZTIxYTQxYTMyMDZjM2E4Il0=\" \/> <input id=\"gform_target_page_number_4\" class=\"gform_hidden\" name=\"gform_target_page_number_4\" type=\"hidden\" value=\"0\" \/> <input id=\"gform_source_page_number_4\" class=\"gform_hidden\" name=\"gform_source_page_number_4\" type=\"hidden\" value=\"1\" \/> <input name=\"gform_field_values\" type=\"hidden\" value=\"\" \/>\r\n<p><label>\u0394<textarea cols=\"45\" maxlength=\"100\" name=\"ak_hp_textarea\" rows=\"8\"><\/textarea><\/label><input id=\"ak_js_1\" name=\"ak_js\" type=\"hidden\" value=\"150\" \/><\/p>\r\n<input type=\"hidden\" name=\"trp-form-language\" value=\"de\"\/><\/form>\r\n<p><iframe id=\"gform_ajax_frame_4\" style=\"display: none; width: 0px; height: 0px;\" title=\"Dieser iframe enth\u00e4lt die Logik, die f\u00fcr die Handhabung von Ajax-gesteuerten Gravity-Formularen erforderlich ist.\" src=\"about:blank\" name=\"gform_ajax_frame_4\"><\/iframe><\/p>","protected":false},"excerpt":{"rendered":"<p>Gesundheit, Sicherheit, Umweltschutz und Qualit\u00e4t Sicherheit ist nicht nur die Grundlage f\u00fcr unsere Grundwerte, sondern auch f\u00fcr unsere vorbildliche Leistungsbilanz und Unternehmenskultur. Wenn wir arbeiten, ist es unsere Verantwortung, sicher zu arbeiten. Die Branchen, in denen wir t\u00e4tig sind, sind ebenso vielf\u00e4ltig wie komplex. ... <a title=\"Gesundheit, Sicherheit und Qualit\u00e4t\" class=\"read-more\" href=\"https:\/\/www.oceaneering.com\/de\/sustainability\/health-safety-and-quality-hse\/\" aria-label=\"Mehr Informationen \u00fcber Gesundheit, Sicherheit und Qualit\u00e4t\">Weiterlesen ...<\/a><\/p>","protected":false},"author":13,"featured_media":0,"parent":60494,"menu_order":2,"comment_status":"closed","ping_status":"closed","template":"","meta":{"_acf_changed":false,"footnotes":"","_links_to":"","_links_to_target":""},"product_category":[1859],"search_tags":[1840],"class_list":["post-60546","page","type-page","status-publish","product_category-sustainability","search_tags-health-safety-security-environment-and-quality"],"acf":[],"aioseo_notices":[],"_links":{"self":[{"href":"https:\/\/www.oceaneering.com\/de\/wp-json\/wp\/v2\/pages\/60546","targetHints":{"allow":["GET"]}}],"collection":[{"href":"https:\/\/www.oceaneering.com\/de\/wp-json\/wp\/v2\/pages"}],"about":[{"href":"https:\/\/www.oceaneering.com\/de\/wp-json\/wp\/v2\/types\/page"}],"author":[{"embeddable":true,"href":"https:\/\/www.oceaneering.com\/de\/wp-json\/wp\/v2\/users\/13"}],"replies":[{"embeddable":true,"href":"https:\/\/www.oceaneering.com\/de\/wp-json\/wp\/v2\/comments?post=60546"}],"version-history":[{"count":1,"href":"https:\/\/www.oceaneering.com\/de\/wp-json\/wp\/v2\/pages\/60546\/revisions"}],"predecessor-version":[{"id":78393,"href":"https:\/\/www.oceaneering.com\/de\/wp-json\/wp\/v2\/pages\/60546\/revisions\/78393"}],"up":[{"embeddable":true,"href":"https:\/\/www.oceaneering.com\/de\/wp-json\/wp\/v2\/pages\/60494"}],"wp:attachment":[{"href":"https:\/\/www.oceaneering.com\/de\/wp-json\/wp\/v2\/media?parent=60546"}],"wp:term":[{"taxonomy":"product_category","embeddable":true,"href":"https:\/\/www.oceaneering.com\/de\/wp-json\/wp\/v2\/product_category?post=60546"},{"taxonomy":"search_tags","embeddable":true,"href":"https:\/\/www.oceaneering.com\/de\/wp-json\/wp\/v2\/search_tags?post=60546"}],"curies":[{"name":"wp","href":"https:\/\/api.w.org\/{rel}","templated":true}]}}