{"id":60529,"date":"2023-11-07T10:08:52","date_gmt":"2023-11-07T15:08:52","guid":{"rendered":"https:\/\/oceaneering.com\/?page_id=60529"},"modified":"2024-09-11T05:10:03","modified_gmt":"2024-09-11T10:10:03","slug":"co2","status":"publish","type":"page","link":"https:\/\/www.oceaneering.com\/de\/sustainability\/co2\/","title":{"rendered":"Reduzierung der CO2-Emissionen"},"content":{"rendered":"<a href=\"https:\/\/www.oceaneering.com\/de\/sustainability\/#contact\" target=\"_self\" rel=\"noopener\">\n\t\t\t\t\t\t\tKontakt\n\t\t\t\t\t<\/a>\n<h1>\n\t\tTechnik f\u00fcr eine kohlenstoffarme Zukunft\n\t<\/h1>\n\t<p>Als globaler Anbieter von technischen Produkten und Dienstleistungen, der sich seit jeher durch Innovation und Anpassungsf\u00e4higkeit auszeichnet, haben wir uns verpflichtet, an der laufenden Energiewende mitzuwirken und daran zu arbeiten, den CO2-Fu\u00dfabdruck unseres eigenen Betriebs und den unserer Kunden in den vielen Branchen, die wir beliefern, zu verringern.<\/p>\n<h2>\n\t\tWie reduzieren wir die CO<sub>2<\/sub> Emissionen?\n\t<\/h2>\n\t<p>Wir entwickeln Technologien f\u00fcr den Einsatz an Land, unter Wasser und im Weltraum, die die Sicherheit der Arbeiter gew\u00e4hrleisten und die Umweltbelastung verringern.<\/p>\n\t\t\t\t<img decoding=\"async\" src=\"https:\/\/oceaneering.com\/wp-content\/uploads\/2023\/11\/remote-metrology-landscape.jpeg\" alt=\"remote-metrology-landscape\" itemprop=\"image\" title=\"Fernmesstechnik-Landschaft\" onerror=\"this.style.display='none'\"  \/>\n<h3>\n\t\tImplementierung von Fernoperationen\n\t<\/h3>\n\t<p>Durch Fernoperationen wird das Personal an Bord von Schiffen und Plattformen reduziert und der Transport von Mitarbeitern zu und von Offshore-Standorten \u00fcberfl\u00fcssig.<\/p>\n\t\t\t<a href=\"https:\/\/www.oceaneering.com\/de\/remote-services\/\" target=\"_self\" rel=\"noopener\">\n\t\t\t\t\t\t\tMehr erfahren\n\t\t\t<\/a>\n\t\t\t\t<img decoding=\"async\" src=\"https:\/\/oceaneering.com\/wp-content\/uploads\/2023\/11\/ENOVUS_JPLATE_PORTRAIT_04-700x1050-landscape.jpeg\" alt=\"ENOVUS_JPLATE_PORTRAIT_04-700x1050-landscape\" itemprop=\"image\" title=\"ENOVUS_JPLATE_PORTRAIT_04-700x1050-landscape\" onerror=\"this.style.display='none'\"  \/>\n<h3>\n\t\tEntwicklung von Unterwasserfahrzeugen der n\u00e4chsten Generation\n\t<\/h3>\n\t<p>Dazu geh\u00f6ren unser elektrisches eNovus ROV, unser batteriebetriebenes und selbst\u00e4ndig einsetzbares Liberty\u2122 E-ROV und unsere autonome Unterwasserdrohne Freedom\u2122 Autonomous Subsea Vehicle.<\/p>\n\t\t\t<a href=\"https:\/\/www.oceaneering.com\/de\/rov-services\/next-generation-subsea-vehicles\/\" target=\"_self\" rel=\"noopener\">\n\t\t\t\t\t\t\tMehr erfahren\n\t\t\t<\/a>\n\t\t\t\t<img decoding=\"async\" src=\"https:\/\/oceaneering.com\/wp-content\/uploads\/2023\/11\/19CR011-700x438-landscape.jpeg\" alt=\"19CR011-700x438-landscape\" itemprop=\"image\" title=\"19CR011-700x438-landscape\" onerror=\"this.style.display='none'\"  \/>\n<h3>\n\t\tModerne Unterwasser-Bauschiffe\n\t<\/h3>\n\t<p>Unser unter US-amerikanischer Flagge fahrendes MSV Ocean Evolution ist eines der umweltfreundlichsten Schiffe seiner Art. Es besitzt einen Gr\u00fcnen Pass* und verf\u00fcgt \u00fcber f\u00fcnf schadstoffarme Dieselmotoren, die die EPA Tier 4-Normen erf\u00fcllen.<\/p>\n\t\t\t<a href=\"https:\/\/www.oceaneering.com\/de\/subsea-projects\/ocean-evolution\/\" target=\"_self\" rel=\"noopener\">\n\t\t\t\t\t\t\tMehr erfahren\n\t\t\t<\/a>\n\t\t\t\t<img decoding=\"async\" src=\"https:\/\/oceaneering.com\/wp-content\/uploads\/2023\/11\/environment-risk-landscape.jpeg\" alt=\"environment-risk-landscape\" itemprop=\"image\" title=\"Umwelt-Risiko-Landschaft\" onerror=\"this.style.display='none'\"  \/>\n<h3>\n\t\tEngagement f\u00fcr Forschung und Entwicklung\n\t<\/h3>\n\t<p>Wir investieren regelm\u00e4\u00dfig in unsere Produkte und Dienstleistungen, um sie widerstandsf\u00e4higer zu machen, um Sicherheits- und Umweltrisiken zu verringern und um eine bessere Zusammenarbeit und schnellere Reaktion auf Kundenanforderungen zu erm\u00f6glichen.<\/p>\n\t\t\t<a href=\"https:\/\/www.oceaneering.com\/de\/sustainability\/environmental-sustainability\/\" target=\"_self\" rel=\"noopener\">\n\t\t\t\t\t\t\tMehr erfahren\n\t\t\t<\/a>\n\t<p><em>*A <a href=\"https:\/\/www.imo.org\/en\/OurWork\/Environment\/Pages\/Ship-Recycling.aspx\" target=\"_blank\" rel=\"noopener\">Gr\u00fcner Reisepass<\/a> ist ein Verzeichnis gef\u00e4hrlicher Stoffe, das gem\u00e4\u00df dem Internationalen \u00dcbereinkommen von Hongkong f\u00fcr das sichere und umweltvertr\u00e4gliche Recycling von Schiffen von 2009 erstellt und gepflegt wird. Das \u00dcbereinkommen soll sicherstellen, dass von Schiffen, die nach Ablauf ihrer Betriebsdauer recycelt werden, keine unn\u00f6tigen Risiken f\u00fcr die menschliche Gesundheit, die Sicherheit oder die Umwelt ausgehen. Ein Gr\u00fcner Pass enth\u00e4lt ein Verzeichnis aller beim Bau eines Schiffes verwendeten Materialien, das w\u00e4hrend der gesamten Lebensdauer des Schiffes aktualisiert wird, um seine Genauigkeit zu gew\u00e4hrleisten. Letztendlich wird der Pass zusammen mit dem Schiff an die Recycling-Werft geliefert, um das sichere und umweltgerechte Recycling des Schiffes zu erleichtern. Die Internationale Seeschifffahrtsorganisation hat Leitlinien ver\u00f6ffentlicht, die bei der Umsetzung des \u00dcbereinkommens helfen sollen.<\/em><\/p>\n<h2>\n\t\tEchtes CO<sub>2<\/sub> Ersparnisse\n\t<\/h2>\n\t<p>Unser batteriebetriebenes Liberty\u2122 Resident System der n\u00e4chsten Generation erfordert kein spezielles Schiff, das w\u00e4hrend des ROV-Einsatzes in Bereitschaft ist. Infolgedessen sch\u00e4tzen wir, dass bei einer typischen Inspektions-, Wartungs- und Reparaturkampagne (IMR) in der Nordsee bis zu 33 MT pro Tag an CO<sub>2<\/sub> durch den Wegfall des Einsatzes von Schiffen bei Unterwassereins\u00e4tzen mit Liberty eingespart.<\/p>\n\t\t\t\t<img loading=\"lazy\" decoding=\"async\" src=\"https:\/\/www.oceaneering.com\/wp-content\/uploads\/2023\/11\/liberty-cutout.png\" alt=\"Liberty Resident System\" itemprop=\"image\" height=\"665\" width=\"1000\" title=\"Freiheitsausschnitt\" onerror=\"this.style.display='none'\"  \/>\n\n\t\tKonventionelles ROV\n\t\n\t\t46\n\n\t\tMT von CO<sub>2<\/sub> emittiert\n\t\n\n\t\tT\u00e4gliche Emissionseinsparungen\n\t\n\t\t33\n\n\t\tMT CO<sub>2<\/sub>\n\t\n\n\t\tLiberty\u2122 Residenten-System\n\t\n\t\t13\n\n\t\tMT von CO<sub>2<\/sub> emittiert\n\t\n<h3>\n\t\tGesch\u00e4tzte t\u00e4gliche CO<sub>2<\/sub> Emissionen nach Fahrzeugtyp bei Verwendung eines Begleitschiffes\n\t<\/h3>\n\t<p>ROVs sto\u00dfen nicht direkt CO2 aus, sondern beziehen ihren Strom von dem Schiff, das f\u00fcr die Offshore-Kampagne eingesetzt wird. Das Liberty\u2122 Resident System bezieht den Strom aus seinem Akkupack und reduziert die Abh\u00e4ngigkeit einer typischen IMR-Kampagne von Hilfsschiffen, was zu einer Einsparung von 33 MT pro Tag an CO<sub>2<\/sub>.<\/p>\n<h2>\n\t\tWas k\u00f6nnte die Welt mit 33 MT CO<sub>2<\/sub> Pro Tag?\n\t<\/h2>\n\t\t\t\t<img decoding=\"async\" src=\"https:\/\/oceaneering.com\/wp-content\/uploads\/2023\/11\/Co2-Car-1-1.png\" alt=\"Co2-Car-1-1\" itemprop=\"image\" title=\"Co2-Auto-1-1\" onerror=\"this.style.display='none'\"  \/>\n\t<p>Ein durchschnittlicher US-Pkw f\u00e4hrt 81.886 Meilen<\/p>\n\t\t\t\t<img decoding=\"async\" src=\"https:\/\/oceaneering.com\/wp-content\/uploads\/2023\/11\/Co2-Phone-1-1.png\" alt=\"Co2-Phone-1-1\" itemprop=\"image\" title=\"Co2-Telefon-1-1\" onerror=\"this.style.display='none'\"  \/>\n\t<p>Charge 4.208.563 Smartphones<\/p>\n\t\t\t\t<img decoding=\"async\" src=\"https:\/\/oceaneering.com\/wp-content\/uploads\/2023\/11\/Co2-Home-1-1.png\" alt=\"Co2-Home-1-1\" itemprop=\"image\" title=\"Co2-Heim-1-1\" onerror=\"this.style.display='none'\"  \/>\n\t<p>Versorgung von 4 Haushalten mit Energie f\u00fcr ein Jahr<\/p>\n\t\t\t\t<img decoding=\"async\" src=\"https:\/\/oceaneering.com\/wp-content\/uploads\/2023\/11\/Co2-Barrel-1-1.png\" alt=\"Co2-Barrel-1-1\" itemprop=\"image\" title=\"Co2-Fass-1-1\" onerror=\"this.style.display='none'\"  \/>\n\t<p>Einsparung des CO2-\u00c4quivalents des Verbrauchs von 76 Barrel \u00d6l<\/p>\n\t<p>Sch\u00e4tzungen, die mit dem U.S. EPA Greenhouse Gas Equivalencies Calculator auf der Grundlage der von Oceaneering intern entwickelten Annahmen berechnet wurden.<\/p>\n<h1>\n\t\tGesch\u00e4tzte kumulierte CO<sub>2<\/sub> Einsparungen durch das Liberty\u2122 Resident System\n\t<\/h1>\n\t\t19.158MT\n\t<p>Und mit jedem weiteren Einsatz des Fahrzeugs steigt die Zahl.<\/p>\n\t<p>*Aktualisiert: April 2023<\/p>\n<h2>\n\t\t2023 Projektergebnisse\n\t<\/h2>\n\t<p>Das Liberty\u2122 Resident System f\u00fchrte 163 Missionen durch und leistete bis April 2023 13.933 Tauchstunden, wobei es die Arbeit eines herk\u00f6mmlichen ROV verrichtete. Das Fahrzeug erm\u00f6glichte eine <strong>gesch\u00e4tzte 72,4% weniger Hilfsschiffe und Besatzungsmitglieder an der Oberseite.<\/strong><\/p>\n<table  data-tablesaw-minimap>\n\t\t\t<thead>\n\t\t<tr>\n\t\t\t<th id=\"pp-table-col-1\" scope=\"col\" data-tablesaw-sortable-col>\t\t\t\t\t\n\t\t\t\t\t<\/th><th id=\"pp-table-col-2\" scope=\"col\" data-tablesaw-sortable-col>\t\t\t\t\t\n\t\t\t\t\t<\/th>\t\t<\/tr>\n\t<\/thead>\n\t\t<tbody>\n\t\t<tr data-row-index=\"1\"><td>Erledigte Freiheitsmissionen<\/td><td>163<\/td><\/tr><tr data-row-index=\"2\"><td>Liberty-Betriebszeiten<\/td><td>13,933<\/td><\/tr><tr data-row-index=\"3\"><td>Gesch\u00e4tzte Offshore-Personalstunden, die entfallen<\/td><td>40.350 (durchschnittliche Vier-Personen-Besatzung)<\/td><\/tr><tr data-row-index=\"4\"><td>Gesch\u00e4tzte Anzahl der wegfallenden Stunden f\u00fcr Hilfsschiffe<\/td><td>10.087 (72,4% an Taucherstunden)<\/td><\/tr><tr data-row-index=\"5\"><td>Gesch\u00e4tzte Personalver\u00e4nderungen Beseitigt<\/td><td>240 (12-Stunden-Schichten \/ 14-Tage-Reisen)<\/td><\/tr><tr data-row-index=\"6\"><td>Gesch\u00e4tztes Hilfsschiff CO<sub>2<\/sub> Eliminierte Emissionen (Tonnen)<\/td><td>19.158 (durchschnittlich 33T pro Liberty-Tauchtag)<\/td><\/tr>\t<\/tbody>\n<\/table>\n<h2>\n\t\tFernoperationen erm\u00f6glichen weitere CO<sub>2<\/sub> Erm\u00e4\u00dfigungen\n\t<\/h2>\n\t<p>Mit dem Liberty\u2122 Resident System entf\u00e4llt die Notwendigkeit, dass ROV- und Schiffspersonal zu und von Schiffen und Offshore-Plattformen fahren muss, was <strong>reduziert die Arbeit in risikoreichen Umgebungen.<\/strong><\/p>\n\t<p>Neben der Verringerung von Verletzungen und Umweltvorf\u00e4llen im Offshore-Bereich kann die Fernsteuerung direkte und positive Auswirkungen auf die Abl\u00e4ufe in der Offshore-Energieindustrie haben, z. B. <strong>Reduzierung der Arbeitszeit des Offshore-Personals<\/strong> und die Erzielung von Kosteneinsparungen durch <strong>reduzierte Schiffsbetriebsstunden<\/strong>.<\/p>\n<h2>\n\t\tWie reduzieren Fernoperationen die CO<sub>2<\/sub> Emissionen?\n\t<\/h2>\n\t<p>Die Logistik des Transports von Arbeitnehmern zu und von Offshore-Anlagen kann sehr komplex sein.<\/p>\n\t<p>Die Mobilisierung erfordert Hubschraubertransporte und Schiffe, die als schwimmende Hotels (Floatels) dienen. Durch den Einsatz eines speziellen Kontrollzentrums an Land, das mit dem an Land stationierten Personal kommunizieren kann, lassen sich Reisen und \u00dcbernachtungen an Land reduzieren, was das Risiko verringert und eine bessere Zusammenarbeit und schnellere Reaktionszeiten erm\u00f6glicht. Fachexperten k\u00f6nnen den Betrieb an mehreren Anlagen statt an einer einzigen \u00fcberwachen. Die Onshore Remote Operation Centers (OROCs) sind rund um die Uhr besetzt, um die operative Unterst\u00fctzung zu gew\u00e4hrleisten.<\/p>\n\t\t\t<h3>Reduzierung des Personals an Bord und der Tage auf dem Schiff<\/h3>\t\t\t\n\t\t\t\t<p>Unsere OROCs erm\u00f6glichen die Fernsteuerung und -\u00fcberwachung von ROVs der Arbeitsklasse, die eine Vielzahl von Arbeiten durchf\u00fchren, z. B. Bohrinselverschiebungen, Jumper-Installationen sowie Inbetriebnahme- und \u00dcberwachungsaktivit\u00e4ten. Dies verringert unseren CO2-Fu\u00dfabdruck, da weniger Mobilisierungen und POB erforderlich sind. Die station\u00e4ren Unterwasserfahrzeuge von Oceaneering, das Liberty\u2122 Resident System und das Freedom\u2122 AUV, reduzieren die Kohlenstoffemissionen weiter, da sie keine Unterst\u00fctzung durch ein spezielles Schiff ben\u00f6tigen, um vor Ort mobil zu sein.<\/p>\n\t\t\t<h3>Kontinuit\u00e4t bewahren, auch wenn sich die Umst\u00e4nde \u00e4ndern<\/h3>\t\t\t\n\t\t\t\t<p>Die Offshore-Expertise von Oceaneering, gepaart mit hoher Betriebszeit und Kommunikation, erm\u00f6glicht \u00dcberwachung, Ausf\u00fchrung und Entscheidungsfindung in Echtzeit. Oceaneering er\u00f6ffnete 2015 sein erstes OROC in Stavanger, Norwegen. Wir haben weltweit expandiert und verf\u00fcgen \u00fcber Standorte in Morgan City und Lafayette, Louisiana, und Houston, Texas.<\/p>\n<h2>\n\t\tAusgew\u00e4hlte Ereignisse\n\t<\/h2>\n\t\t\t\t<img loading=\"lazy\" decoding=\"async\" src=\"https:\/\/www.oceaneering.com\/wp-content\/uploads\/2023\/11\/200424_Liberty_03.jpg\" alt=\"200424_Liberty_03\" itemprop=\"image\" height=\"1000\" width=\"2000\" title=\"200424_Freiheit_03\" onerror=\"this.style.display='none'\"  \/>\n<h3>\n\t\t<a href=\"https:\/\/www.oceaneering.com\/de\/webinars\/generating-real-co2-savings-offshore-with-oceaneerings-liberty-e-rov\/\" title=\"Echte CO2-Einsparungen vor der K\u00fcste mit dem Liberty\u2122 Resident System von Oceaneering\" target=\"_self\" rel=\"noopener\">\n\t\tEchte CO2-Einsparungen vor der K\u00fcste mit dem Liberty\u2122 Resident System von Oceaneering\n\t\t<\/a>\n\t<\/h3>\n\n\t\t<a href=\"https:\/\/www.oceaneering.com\/de\/tradeshows\/generating-real-co2-savings-offshore-with-oceaneerings-liberty-e-rov\/\" title=\"3. Mai 2021\" target=\"_self\" rel=\"noopener\">\n\t\t3. Mai 2021\n\t\t<\/a>\n\t\n\t<p>Abrufbar<\/p>\n<p>Oceaneerings autarkes, batteriebetriebenes Arbeitssystem Liberty\u2122\ufe0f\ufe0f Resident System liefert CO<sub>2<\/sub> Emissionseinsparungen gegen\u00fcber herk\u00f6mmlichen ROVs. Erfahren Sie, wie das Liberty-System und der Remote-Betrieb die Umweltbilanz Ihrer Offshore-Aktivit\u00e4ten verbessern k\u00f6nnen.<\/p>\n<h1>\n\t\tKontakt\n\t<\/h1>\n<h2>\n\t\tUnser Expertenteam ist bereit, Ihnen den Einstieg zu erleichtern.\n\t<\/h2>\n\t<p>Oceaneering bietet erstklassige Produkte und L\u00f6sungen, die sich durch unvergleichliche Qualit\u00e4t, Zuverl\u00e4ssigkeit und globalen Support auszeichnen. F\u00fcllen Sie das Anfrageformular aus, um noch heute ein Gespr\u00e4ch zu beginnen.<\/p>","protected":false},"excerpt":{"rendered":"<p>Als globaler Anbieter von technischen Produkten und Dienstleistungen mit einer langen Geschichte der Innovation und Anpassung haben wir uns verpflichtet, an der laufenden Energiewende teilzunehmen und daran zu arbeiten, den CO2-Fu\u00dfabdruck unseres eigenen Betriebs und den unserer Kunden in den vielen Branchen, die wir beliefern, zu reduzieren. ... <a title=\"Reduzierung der CO2-Emissionen\" class=\"read-more\" href=\"https:\/\/www.oceaneering.com\/de\/sustainability\/co2\/\" aria-label=\"Mehr Informationen \u00fcber die Reduzierung von CO2-Emissionen\">Weiterlesen ...<\/a><\/p>","protected":false},"author":13,"featured_media":0,"parent":60494,"menu_order":2,"comment_status":"closed","ping_status":"closed","template":"","meta":{"_acf_changed":false,"footnotes":"","_links_to":"","_links_to_target":""},"product_category":[1159,1859],"search_tags":[1836,1398],"class_list":["post-60529","page","type-page","status-publish","product_category-renewables","product_category-sustainability","search_tags-reducing-co2-emissions","search_tags-renewable-energy"],"acf":[],"aioseo_notices":[],"_links":{"self":[{"href":"https:\/\/www.oceaneering.com\/de\/wp-json\/wp\/v2\/pages\/60529","targetHints":{"allow":["GET"]}}],"collection":[{"href":"https:\/\/www.oceaneering.com\/de\/wp-json\/wp\/v2\/pages"}],"about":[{"href":"https:\/\/www.oceaneering.com\/de\/wp-json\/wp\/v2\/types\/page"}],"author":[{"embeddable":true,"href":"https:\/\/www.oceaneering.com\/de\/wp-json\/wp\/v2\/users\/13"}],"replies":[{"embeddable":true,"href":"https:\/\/www.oceaneering.com\/de\/wp-json\/wp\/v2\/comments?post=60529"}],"version-history":[{"count":0,"href":"https:\/\/www.oceaneering.com\/de\/wp-json\/wp\/v2\/pages\/60529\/revisions"}],"up":[{"embeddable":true,"href":"https:\/\/www.oceaneering.com\/de\/wp-json\/wp\/v2\/pages\/60494"}],"wp:attachment":[{"href":"https:\/\/www.oceaneering.com\/de\/wp-json\/wp\/v2\/media?parent=60529"}],"wp:term":[{"taxonomy":"product_category","embeddable":true,"href":"https:\/\/www.oceaneering.com\/de\/wp-json\/wp\/v2\/product_category?post=60529"},{"taxonomy":"search_tags","embeddable":true,"href":"https:\/\/www.oceaneering.com\/de\/wp-json\/wp\/v2\/search_tags?post=60529"}],"curies":[{"name":"wp","href":"https:\/\/api.w.org\/{rel}","templated":true}]}}