{"id":60505,"date":"2023-11-06T15:44:42","date_gmt":"2023-11-06T20:44:42","guid":{"rendered":"https:\/\/oceaneering.com\/flow-assurance\/"},"modified":"2026-01-28T06:47:06","modified_gmt":"2026-01-28T12:47:06","slug":"flow-assurance","status":"publish","type":"page","link":"https:\/\/www.oceaneering.com\/de\/flow-assurance\/","title":{"rendered":"Flow Assurance"},"content":{"rendered":"<h1>Flow Assurance<\/h1>\r\n<p>Wir bieten praxiserprobte, technische L\u00f6sungen, die die Funktionalit\u00e4t und die betriebliche Effizienz Ihrer Unterwasserinfrastruktur gew\u00e4hrleisten.<\/p>\r\n<p>Wir haben mehr Erfahrung in der Beseitigung von Verstopfungen in Unterwasser-Flussleitungen als jedes andere Unternehmen. Diese Erfahrung, kombiniert mit unseren innovativen Technologien, erm\u00f6glicht es Ihnen, die Produktion schneller wiederherzustellen. Von strategischen Standorten rund um den Globus aus gehen wir auf Ihre Bed\u00fcrfnisse ein und bringen den Durchfluss auf m\u00f6glichst wirtschaftliche Weise auf den vorherigen oder einen h\u00f6heren Wert zur\u00fcck.<\/p>\r\n<h2>Flowline-Sanierungsl\u00f6sung<\/h2>\r\n<p>Unsere Flowline Remediation Solution (FRS) entfernt Verstopfungen - Hydrate, Asphalte und Wachs - um die Produktion in Tiefsee-Flussleitungen wiederherzustellen.<\/p>\r\n<p>Das von MSV eingesetzte System bek\u00e4mpft speziell Hydrate in kritischen gro\u00dfvolumigen Flie\u00dfleitungen. Das auf einem Mudmat basierende System verf\u00fcgt \u00fcber Unterwasser-Separationsm\u00f6glichkeiten und ist mit einer Notfall-Schnellkupplung (EQD) ausgestattet. Die Drucksensoren des FRS zeigen die Dr\u00fccke stromaufw\u00e4rts und stromabw\u00e4rts sowie den Eingangsdruck des Inhibitors in Echtzeit an. Unter Druck stehende Hydratinhibitoren k\u00f6nnen auch durch die Produktionsleitungen in beide Richtungen geleitet werden, um Flowline-Fl\u00fcssigkeiten zu hemmen.<\/p>\r\n<p><a href=\"https:\/\/oceaneering.canto.com\/download\/video\/dvasivjqa55nd3ic1uq1gids1a\/original\" target=\"_self\"> Video ansehen <\/a> <img decoding=\"async\" title=\"ROV-SKID-HRSs\" src=\"https:\/\/oceaneering.com\/wp-content\/uploads\/2023\/11\/ROV-SKID-HRSs.png\" alt=\"ROV-SKID-HRSs\" \/><\/p>\r\n<h2>Interventionskufen<\/h2>\r\n<p>Unsere flexiblen Interventionskufen beheben effektiv kleinvolumige Verstopfungen in Steuerleitungen, Chemieleitungen, Versorgungskabeln, Jumpern und unter Baumkappen.<\/p>\r\n<p>Wir verf\u00fcgen \u00fcber eine beispiellose Erfahrung und Methodik, wenn es darum geht, kosteneffiziente L\u00f6sungen f\u00fcr Verstopfungen, einschlie\u00dflich Asphaltene, Hydrate, Paraffine und Schlamm, zu finden. Die Skids k\u00f6nnen w\u00e4hrend der gesamten Lebensdauer eines Feldes eingesetzt werden, einschlie\u00dflich der Erschlie\u00dfung von Bohrl\u00f6chern, der Inbetriebnahme, des aktiven Betriebs, der Beendigung von Bohrl\u00f6chern und P&amp;A. Wir gew\u00e4hrleisten eine genaue Dosierung und erh\u00f6hen die Betriebszeit in jeder Phase mit mehreren Durchflusssensoren und redundanter Instrumentierung.<\/p>\r\n<p><a href=\"https:\/\/oceaneering.canto.com\/download\/video\/1v00iu9rjh1117blpklpo80j0q\/original\" target=\"_self\"> Video ansehen <\/a><\/p>\r\n<h2>Unterwasser-Molchwerfer und -Empf\u00e4nger<\/h2>\r\n<p>Unsere Molchl\u00f6sungen eignen sich f\u00fcr Anwendungen, die vom einfachen Einsatz eines einzelnen Molchs bis hin zu komplexen, intelligenten Molcheins\u00e4tzen und -r\u00fcckholungen reichen.<\/p>\r\n<p>Unsere unter- und oberirdisch beladbaren Molchwerfer k\u00f6nnen ferngesteuert oder per ROV betrieben werden und machen eine Service-Flie\u00dfleitung \u00fcberfl\u00fcssig. Wir bieten weitere Flexibilit\u00e4t durch anpassbare Konfigurationen, die verschiedene Molchtypen und Kapazit\u00e4ten aufnehmen k\u00f6nnen. Unsere L\u00f6sung f\u00fcr das ferngesteuerte Aussetzen von Molchen unter Wasser wurde mit dem Hart's E&amp;P Special Meritorious Award for Engineering Innovation ausgezeichnet.<\/p>\r\n<p><a href=\"https:\/\/oceaneering.canto.com\/download\/document\/agdqd298h12032i4730qmefu11\/original.pdf\" target=\"_blank\" rel=\"noopener\"> Unterwasser-Molchstartger\u00e4te <\/a> <img decoding=\"async\" title=\"Schweine-Launcher2\" src=\"https:\/\/oceaneering.com\/wp-content\/uploads\/2023\/11\/Pig-Launcher2.png\" alt=\"Pig-Launcher2\" \/><\/p>\r\n<h1>Kontakt<\/h1>\r\n<h2>Unser Expertenteam ist bereit, Ihnen den Einstieg zu erleichtern.<\/h2>\r\n<p>Oceaneering bietet erstklassige Produkte und L\u00f6sungen, die sich durch unvergleichliche Qualit\u00e4t, Zuverl\u00e4ssigkeit und globalen Support auszeichnen. F\u00fcllen Sie das Anfrageformular aus, um noch heute ein Gespr\u00e4ch zu beginnen.<\/p>","protected":false},"excerpt":{"rendered":"<p>Flow Assurance Wir bieten praxiserprobte, technische L\u00f6sungen, um die Funktionalit\u00e4t und betriebliche Effizienz Ihrer Unterwasserinfrastruktur zu gew\u00e4hrleisten. Wir haben mehr Erfahrung mit der Beseitigung von Verstopfungen in Unterwasser-Flussleitungen als jedes andere Unternehmen. Diese Erfahrung, kombiniert mit unseren innovativen Technologien, erm\u00f6glicht Ihnen eine schnellere Wiederherstellung der Produktion. Von strategischen Standorten rund um den Globus aus gehen wir auf Ihre Bed\u00fcrfnisse ein und ... <a title=\"Flow Assurance\" class=\"read-more\" href=\"https:\/\/www.oceaneering.com\/de\/flow-assurance\/\" aria-label=\"Mehr Informationen \u00fcber Flow Assurance\">Weiterlesen ...<\/a><\/p>","protected":false},"author":7,"featured_media":0,"parent":0,"menu_order":11,"comment_status":"closed","ping_status":"closed","template":"","meta":{"_acf_changed":false,"footnotes":"","_links_to":"","_links_to_target":""},"product_category":[],"search_tags":[1822],"class_list":["post-60505","page","type-page","status-publish","search_tags-flow-assurance"],"acf":[],"aioseo_notices":[],"_links":{"self":[{"href":"https:\/\/www.oceaneering.com\/de\/wp-json\/wp\/v2\/pages\/60505","targetHints":{"allow":["GET"]}}],"collection":[{"href":"https:\/\/www.oceaneering.com\/de\/wp-json\/wp\/v2\/pages"}],"about":[{"href":"https:\/\/www.oceaneering.com\/de\/wp-json\/wp\/v2\/types\/page"}],"author":[{"embeddable":true,"href":"https:\/\/www.oceaneering.com\/de\/wp-json\/wp\/v2\/users\/7"}],"replies":[{"embeddable":true,"href":"https:\/\/www.oceaneering.com\/de\/wp-json\/wp\/v2\/comments?post=60505"}],"version-history":[{"count":2,"href":"https:\/\/www.oceaneering.com\/de\/wp-json\/wp\/v2\/pages\/60505\/revisions"}],"predecessor-version":[{"id":80883,"href":"https:\/\/www.oceaneering.com\/de\/wp-json\/wp\/v2\/pages\/60505\/revisions\/80883"}],"wp:attachment":[{"href":"https:\/\/www.oceaneering.com\/de\/wp-json\/wp\/v2\/media?parent=60505"}],"wp:term":[{"taxonomy":"product_category","embeddable":true,"href":"https:\/\/www.oceaneering.com\/de\/wp-json\/wp\/v2\/product_category?post=60505"},{"taxonomy":"search_tags","embeddable":true,"href":"https:\/\/www.oceaneering.com\/de\/wp-json\/wp\/v2\/search_tags?post=60505"}],"curies":[{"name":"wp","href":"https:\/\/api.w.org\/{rel}","templated":true}]}}