{"id":60502,"date":"2023-11-06T15:44:42","date_gmt":"2023-11-06T20:44:42","guid":{"rendered":"https:\/\/oceaneering.com\/well-intervention\/"},"modified":"2025-11-27T02:05:16","modified_gmt":"2025-11-27T08:05:16","slug":"well-intervention","status":"publish","type":"page","link":"https:\/\/www.oceaneering.com\/de\/well-intervention\/","title":{"rendered":"Brunnen Intervention"},"content":{"rendered":"<a href=\"https:\/\/www.oceaneering.com\/de\/well-intervention\/#contact\" target=\"_self\">\n\t\t\t\t\t\t\tEin Projekt besprechen\n\t\t\t\t\t<\/a>\n<h1>\n\t\tBrunnen Intervention \n\t<\/h1>\n\t<p>Nutzen Sie unser praxiserprobtes Fachwissen und unsere Dienstleistungen f\u00fcr eine optimale Bohrlochleistung.<\/p>\n<h2>\n\t\tBranchenf\u00fchrende Bohrloch-Interventionssysteme, unterst\u00fctzt durch Fachwissen \n\t<\/h2>\n\t<p>Oceaneering bietet ein komplettes Konzept f\u00fcr Bohrlochinterventionen, das den Betreibern hilft, die Produktion wiederherzustellen und zu steigern, ohne die hohen Kosten und Ausfallzeiten von Bohrinseln in Kauf nehmen zu m\u00fcssen. Mit einer globalen Erfolgsbilanz und einer starken schiffsbasierten Ausf\u00fchrung, adressieren wir <a href=\"https:\/\/www.oceaneering.com\/de\/flow-assurance\/\">Ablaufsicherung<\/a> Herausforderungen, verl\u00e4ngern die Lebensdauer von Brunnen und erhalten <a href=\"https:\/\/www.oceaneering.com\/de\/asset-integrity\/integrity-management\/\">Verm\u00f6gensintegrit\u00e4t<\/a> durch eine Kombination aus <a href=\"https:\/\/www.oceaneering.com\/de\/subsea-projects\/vessel-fleet\/\">Schiff<\/a>Interventionssysteme,\u00a0<a href=\"https:\/\/www.oceaneering.com\/de\/rov-services\/\">ROV<\/a>und <a href=\"https:\/\/www.oceaneering.com\/de\/intervention-tooling\/\">Werkzeugbereitstellungsm\u00f6glichkeiten<\/a>.<\/p>\n<h2>\n\t\tJahrzehntelange Erfahrung, messbare Auswirkungen, nahtlose Projektdurchf\u00fchrung\n\t<\/h2>\n\t<p>Wir vereinfachen das Lieferantenmanagement und reduzieren die Projektkomplexit\u00e4t f\u00fcr die Betreiber. Durch die Integration von <a href=\"https:\/\/www.oceaneering.com\/de\/subsea-projects\/vessel-fleet\/\">Schiffe<\/a>, <a href=\"https:\/\/www.oceaneering.com\/de\/rov-services\/\">ROVs<\/a>Mit unseren Teams in den Bereichen Ausr\u00fcstung, Technik und Offshore bieten wir eine einzige Anlaufstelle f\u00fcr die Ausf\u00fchrung. Dieser Ansatz mit nur einem Team gew\u00e4hrleistet zuverl\u00e4ssige Ergebnisse und optimierte Kosten.<\/p>\n<h3>\n\t\tErleben Sie\n\t<\/h3>\n\t<p>Mehr als 20 Jahre Erfahrung im Bereich der schiffsbasierten Bohrlochintervention<\/p>\n<h3>\n\t\tAuswirkungen\n\t<\/h3>\n\t<p>Mehr als 15 Mio. Barrel an Kundenproduktion gesteigert<\/p>\n<h3>\n\t\tWirkungsgrad\n\t<\/h3>\n\t<p>Durchschnittliche Projektabwicklung in 4-5 Tagen offshore (hydraulische Bohrlochstimulation)<\/p>\n<h2>\n\t\tRisiko reduzieren, Produktion steigern \n\t<\/h2>\n\t<p>Wir kennen die Herausforderungen, mit denen die Betreiber konfrontiert sind - sinkende Produktion, alternde Infrastruktur und steigende Kosten f\u00fcr herk\u00f6mmliche Eingriffe. Diese Probleme beeintr\u00e4chtigen die Produktion und die Rentabilit\u00e4t und ziehen die Bohranlagen von den Bohrprogrammen ab. Deshalb bieten wir eine kosteneffiziente Alternative, indem wir schiffsbasierte Systeme einsetzen, die zur Aufrechterhaltung und Steigerung der Produktion beitragen und gleichzeitig die Ausgaben senken.<\/p>\n\t\t\t\t<img loading=\"lazy\" decoding=\"async\" src=\"https:\/\/www.oceaneering.com\/wp-content\/uploads\/2023\/11\/Well-Stim-thin.jpg\" alt=\"Well Stimulation\" itemprop=\"image\" height=\"600\" width=\"2000\" title=\"Bohrlochstimulation\" onerror=\"this.style.display='none'\"  \/>\n<h3>\n\t\tHydraulische Stimulation \n\t<\/h3>\n\t<p>Beheben Sie r\u00fcckl\u00e4ufige Bohrlochproduktionen mit Bull-Heading, indem Sie Flie\u00dfwege freimachen und so die Bohrlochleistung steigern. Sorgen Sie f\u00fcr einen sichereren und effizienteren Betrieb mit unseren eigenst\u00e4ndigen Unterwasser-Bohrlochkontrollsystemen und zuverl\u00e4ssigen MSV-basierten hydraulischen Eingriffen.<\/p>\n\t\t\t<a href=\"https:\/\/www.oceaneering.com\/de\/well-intervention\/well-stimulation\/\" target=\"_self\">\n\t\t\t\t\t\t\tMehr lesen\n\t\t\t<\/a>\n\t\t\t\t<img loading=\"lazy\" decoding=\"async\" src=\"https:\/\/www.oceaneering.com\/wp-content\/uploads\/2024\/07\/19RW125-2000-1.jpg\" alt=\"19RW125-2000 1\" itemprop=\"image\" height=\"1231\" width=\"2000\" title=\"19RW125-2000 1\" onerror=\"this.style.display='none'\"  \/>\n<h3>\n\t\tMechanische leichte Bohrlochintervention \n\t<\/h3>\n\t<p>Erleben Sie die Leistungsf\u00e4higkeit der Tiefsee-Bohrlochkontrolle mit riserless Light Well Intervention (LWI), indem Sie unsere Bohrlochkontrollsysteme und die damit verbundenen Dienstleistungen mit Pr\u00e4zisions-Drahtleitungswerkzeugen kombinieren, um Zuverl\u00e4ssigkeit dort zu gew\u00e4hrleisten, wo es am wichtigsten ist.<\/p>\n\t\t\t<a href=\"https:\/\/www.oceaneering.com\/de\/well-intervention\/light-well-intervention\/\" target=\"_self\">\n\t\t\t\t\t\t\tMehr lesen\n\t\t\t<\/a>\n\t\t\t\t<img loading=\"lazy\" decoding=\"async\" src=\"https:\/\/www.oceaneering.com\/wp-content\/uploads\/2023\/11\/Flowline-Remediation-ROV-right-700.jpg\" alt=\"Flowline-Remediation-ROV-right-700\" itemprop=\"image\" height=\"394\" width=\"700\" title=\"Flusslinien-Sanierung-ROV-rechts-700\" onerror=\"this.style.display='none'\"  \/>\n<h3>\n\t\tSanierung und Sicherung des Warenflusses \n\t<\/h3>\n\t<p>Mit unserer Flowline Remediation Solution (FRS) meistern Sie die Herausforderungen von Tiefsee-Flussleitungen. Beseitigen Sie Verstopfungen, stellen Sie den Durchfluss wieder her und maximieren Sie die Leistung mithilfe von Coiled-Tubing-Downlines und Hydratsystemen, um Produktionsausf\u00e4lle effizient und mit minimaler Unterbrechung zu beheben.<\/p>\n\t\t\t<a href=\"https:\/\/www.oceaneering.com\/de\/flow-assurance\/\" target=\"_self\">\n\t\t\t\t\t\t\tMehr lesen\n\t\t\t<\/a>\n\t\t\t\t<img loading=\"lazy\" decoding=\"async\" src=\"https:\/\/www.oceaneering.com\/wp-content\/uploads\/2023\/11\/Ocean-evolution-section-image.jpeg\" alt=\"Ocean Evolution Multi-Service Vessel (MSV)\" itemprop=\"image\" height=\"992\" width=\"2000\" title=\"Ozean-Evolutions-Schnittbild\" onerror=\"this.style.display='none'\"  \/>\n<h3>\n\t\tIntegrierte Gef\u00e4\u00dfe \n\t<\/h3>\n\t<p>Reduzieren Sie die Projektkosten um bis zu 50% mit unseren fachm\u00e4nnisch besetzten Multi-Service-Schiffen (MSVs), die mit ROVs, Kr\u00e4nen mit Heavenkompensation, Hochleistungspumpen und zwei Open-Water Coiled Tubing Downlines ausgestattet sind und eine effiziente Mobilisierung und kosteneffektive Dienstleistungen gew\u00e4hrleisten.<\/p>\n\t\t\t<a href=\"https:\/\/www.oceaneering.com\/de\/subsea-projects\/vessel-fleet\/\" target=\"_self\">\n\t\t\t\t\t\t\tMehr lesen\n\t\t\t<\/a>\n<h2>\n\t\tH\u00e4ufig gestellte Fragen (FAQs)  \n\t<\/h2>\n\t\t\t\t\t\t<h5>Was ist eine gute Intervention?<\/h5>\n\t\t\t<p>Bei der Bohrlochintervention handelt es sich um ein breites Spektrum von Ma\u00dfnahmen, die an bestehenden \u00d6l- und Gasbohrl\u00f6chern durchgef\u00fchrt werden. Dazu geh\u00f6ren das Sammeln und Aufzeichnen von Bohrlochinformationen, die Wiederherstellung oder Verbesserung der Produktion durch die Untersuchung von Anomalien, die Beseitigung von Blockaden oder Einschr\u00e4nkungen, die Reparatur oder der Austausch von Komponenten und der Zugang zu neuen Bohrlochzonen.<\/p>\n\t\t\t\t\t\t<h5>Was sind die Vorteile von riserless well intervention?<\/h5>\n\t\t\t<p>Riserless-Eins\u00e4tze machen kostspielige Arbeiten auf Bohrinseln \u00fcberfl\u00fcssig und reduzieren die Mobilisierungszeit, die Kosten und die Umweltauswirkungen durch eine geringere CO2-Bilanz, w\u00e4hrend die betriebliche Effizienz erhalten bleibt.<\/p>\n\t\t\t\t\t\t<h5>Wie verbessert der Interventionsservice von Oceaneering die Bohrlochleistung?<\/h5>\n\t\t\t<p>Wir setzen hydraulische Stimulationen, mechanische Eingriffe und Sanierungsdienste ein, um Probleme zu beseitigen und die Produktivit\u00e4t von Bohrl\u00f6chern zu optimieren.<\/p>\n\t\t\t\t\t\t<h5>In welchen Regionen sind Sie t\u00e4tig?<\/h5>\n\t\t\t<p>Wir bieten Bohrloch-Interventionsdienste weltweit an, einschlie\u00dflich Nord- und S\u00fcdamerika, Westafrika, Asien-Pazifik und Europa.<\/p>\n\t\t\t\t\t\t<h5>Welche Gef\u00e4\u00dfe werden f\u00fcr Bohrlochinterventionen verwendet?<\/h5>\n\t\t\t<p>Wir betreiben spezialisierte Multi-Service-Schiffe, wie zum Beispiel <a href=\"https:\/\/www.oceaneering.com\/de\/subsea-projects\/vessel-fleet\/ocean-evolution\/\">Entwicklung der Ozeane<\/a>, <a href=\"https:\/\/www.oceaneering.com\/de\/products\/blue-sea-multi-service-vessel\/\">Blaues Meer<\/a>und <a href=\"https:\/\/www.oceaneering.com\/de\/products\/normand-superior\/\">Normand Superior<\/a> und andere <a href=\"https:\/\/www.oceaneering.com\/de\/subsea-projects\/vessel-fleet\/\">Schiffe<\/a> (in letzter Zeit der Skandi Inventor), um Interventionen effizient durchzuf\u00fchren.<\/p>\n\t\t\t\t\t\t<h5>Was macht die Dienstleistungen von Oceaneering einzigartig?<\/h5>\n\t\t\t<p>Unser integrierter \"One Oceaneering\"-Ansatz nutzt <a href=\"https:\/\/www.oceaneering.com\/de\/rov-services\/\">ROVs<\/a>, <a href=\"https:\/\/www.oceaneering.com\/de\/subsea-projects\/vessel-fleet\/\">Schiffe<\/a>und fachkundiges Offshore-Personal f\u00fcr eine einheitliche L\u00f6sung unter der Leitung eines einzigen Dienstanbieters, die die Komplexit\u00e4t und die Kosten im Vergleich zu Alternativen mit mehreren Anbietern reduziert.<\/p>\n<p>\u00a0<\/p>\n\t\t\t<a href=\"#contact\" target=\"_self\">\n\t\t\t\t\t\t\tHaben Sie weitere Fragen? Kontaktieren Sie uns.\n\t\t\t<\/a>\n\t\t\t\t\t\t\t\t\t<h3>Nachgewiesene Erfahrung in der Bohrlochintervention  <\/h3>\n\t\t\t\t\t\t\t\t\t<p>Erfahren Sie, wie die zwei Jahrzehnte Erfahrung von Oceaneering zum Erfolg bei hydraulischen Stimulationen, mechanischen Eingriffen und Sanierungskampagnen weltweit beitragen. <\/p>\n\t\t\t\t\t\t<a href=\"https:\/\/www.oceaneering.com\/de\/resources\/?_content_types=case-study\" target=\"_self\">\n\t\t\t\t\t\t\t\tAlle Fallstudien anzeigen\t\t\t\t\t\t\t\n\t\t\t\t\t\t\t\t\t\t\t\t\t<\/a>\n\t\t\t\t\t\t<button>\n\t\t\t\t\t\t\tVorherige\n\t\t\t\t\t\t<\/button>\n\t\t\t\t\t\t<button>\n\t\t\t\t\t\t\tWeiter\n\t\t\t\t\t\t<\/button>\n\t\t\t\t\t\t\t<a href=\"https:\/\/www.oceaneering.com\/de\/case-studies\/multi-well-acid-stimulation\/\">\n\t\t\t\t\t\t\t\t\t\t<img decoding=\"async\" src=\"https:\/\/www.oceaneering.com\/wp-content\/uploads\/2019\/01\/Case-Study-Multi-WellAcidStimulation-1-2.jpg\" alt=\"\"\/>\n\t\t\t\t\t\t\t\t\t\t<h3>Multi-Well-S\u00e4urestimulation<\/h3>\n\t\t\t\t\t\t\t\t\t\t<h3>Multi-Well-S\u00e4urestimulation<\/h3>\n\t\t\t\t\t\t\t\t\t\t\tMehr erfahren\n\t\t\t\t\t\t\t<\/a>\n\t\t\t\t\t\t\t<a href=\"https:\/\/www.oceaneering.com\/de\/case-studies\/oceaneering-completes-riserless-live-well-production-logging-and-inflow-testing\/\">\n\t\t\t\t\t\t\t\t\t\t<img decoding=\"async\" src=\"https:\/\/www.oceaneering.com\/wp-content\/uploads\/2018\/11\/Case-Study-Oceaneering-completes-riserless-live-well-production-logging-and-inflow-testing-1.jpg\" alt=\"\"\/>\n\t\t\t\t\t\t\t\t\t\t<h3>Oceaneering schlie\u00dft Riserless Live Well Production Logging und Inflow Testing ab<\/h3>\n\t\t\t\t\t\t\t\t\t\t<h3>Oceaneering schlie\u00dft Riserless Live Well Production Logging und Inflow Testing ab<\/h3>\n\t\t\t\t\t\t\t\t\t\t\tMehr erfahren\n\t\t\t\t\t\t\t<\/a>\n\t\t\t\t\t\t\t<a href=\"https:\/\/www.oceaneering.com\/de\/case-studies\/riserless-light-well-intervention-reveals-extent-of-production-tubing-damage\/\">\n\t\t\t\t\t\t\t\t\t\t<img decoding=\"async\" src=\"https:\/\/www.oceaneering.com\/wp-content\/uploads\/2018\/06\/Case-Study-Mechanical-TT-Well-Intervention.jpg\" alt=\"\"\/>\n\t\t\t\t\t\t\t\t\t\t<h3>Riserless Light Well Intervention zeigt das Ausma\u00df der Besch\u00e4digung der F\u00f6rderrohre<\/h3>\n\t\t\t\t\t\t\t\t\t\t<h3>Riserless Light Well Intervention zeigt das Ausma\u00df der Besch\u00e4digung der F\u00f6rderrohre<\/h3>\n\t\t\t\t\t\t\t\t\t\t\tMehr erfahren\n\t\t\t\t\t\t\t<\/a>\n\t\t\t\t\t\t\t<a href=\"https:\/\/www.oceaneering.com\/de\/case-studies\/single-well-acid-stimulation\/\">\n\t\t\t\t\t\t\t\t\t\t<img decoding=\"async\" src=\"https:\/\/www.oceaneering.com\/wp-content\/uploads\/2017\/06\/Case-Study-Single-Well-Acid-Stimulation-1-1.jpg\" alt=\"\"\/>\n\t\t\t\t\t\t\t\t\t\t<h3>Saure Stimulation f\u00fcr ein einzelnes Bohrloch<\/h3>\n\t\t\t\t\t\t\t\t\t\t<h3>Saure Stimulation f\u00fcr ein einzelnes Bohrloch<\/h3>\n\t\t\t\t\t\t\t\t\t\t\tMehr erfahren\n\t\t\t\t\t\t\t<\/a>\n\t\t\t\t\t\t\t<a href=\"https:\/\/www.oceaneering.com\/de\/case-studies\/oceaneering-completes-dual-well-hydraulic-intervention-in-gulf-of-mexico\/\">\n\t\t\t\t\t\t\t\t\t\t<img decoding=\"async\" src=\"https:\/\/www.oceaneering.com\/wp-content\/uploads\/2017\/06\/Case-Study-Dual-Well-Hydraulic-Intervention-1-3.jpg\" alt=\"\"\/>\n\t\t\t\t\t\t\t\t\t\t<h3>Oceaneering schlie\u00dft hydraulische Intervention mit zwei Bohrl\u00f6chern im Golf von Mexiko ab<\/h3>\n\t\t\t\t\t\t\t\t\t\t<h3>Oceaneering schlie\u00dft hydraulische Intervention mit zwei Bohrl\u00f6chern im Golf von Mexiko ab<\/h3>\n\t\t\t\t\t\t\t\t\t\t\tMehr erfahren\n\t\t\t\t\t\t\t<\/a>\n\n\t\tKontakt\n\t\n<h2>\n\t\tUnser Expertenteam ist bereit, Ihnen den Einstieg zu erleichtern.\n\t<\/h2>\n\t<p>Oceaneering bietet erstklassige Produkte und L\u00f6sungen, die sich durch unvergleichliche Qualit\u00e4t, Zuverl\u00e4ssigkeit und globalen Support auszeichnen. F\u00fcllen Sie das Anfrageformular aus, um noch heute ein Gespr\u00e4ch zu beginnen.<\/p>","protected":false},"excerpt":{"rendered":"<p>Diskutieren Sie \u00fcber ein Projekt Well Intervention Schalten Sie die optimale Leistung von Bohrl\u00f6chern mit unserem praxiserprobten Fachwissen und unseren Dienstleistungen frei. Oceaneering bietet ein umfassendes Konzept f\u00fcr die Bohrlochintervention, das Betreibern hilft, die Produktion wiederherzustellen und zu steigern, ohne die hohen Kosten und Ausfallzeiten von Bohrinseln in Kauf nehmen zu m\u00fcssen. Mit einer weltweiten Erfolgsbilanz und einer starken schiffsbasierten Ausf\u00fchrung ... <a title=\"Brunnen Intervention\" class=\"read-more\" href=\"https:\/\/www.oceaneering.com\/de\/well-intervention\/\" aria-label=\"Mehr Informationen \u00fcber Well Intervention\">Weiterlesen ...<\/a><\/p>","protected":false},"author":7,"featured_media":0,"parent":0,"menu_order":8,"comment_status":"closed","ping_status":"closed","template":"","meta":{"_acf_changed":false,"footnotes":"","_links_to":"","_links_to_target":""},"product_category":[1133],"search_tags":[1135],"class_list":["post-60502","page","type-page","status-publish","product_category-well-intervention","search_tags-well-intervention"],"acf":[],"aioseo_notices":[],"_links":{"self":[{"href":"https:\/\/www.oceaneering.com\/de\/wp-json\/wp\/v2\/pages\/60502","targetHints":{"allow":["GET"]}}],"collection":[{"href":"https:\/\/www.oceaneering.com\/de\/wp-json\/wp\/v2\/pages"}],"about":[{"href":"https:\/\/www.oceaneering.com\/de\/wp-json\/wp\/v2\/types\/page"}],"author":[{"embeddable":true,"href":"https:\/\/www.oceaneering.com\/de\/wp-json\/wp\/v2\/users\/7"}],"replies":[{"embeddable":true,"href":"https:\/\/www.oceaneering.com\/de\/wp-json\/wp\/v2\/comments?post=60502"}],"version-history":[{"count":2,"href":"https:\/\/www.oceaneering.com\/de\/wp-json\/wp\/v2\/pages\/60502\/revisions"}],"predecessor-version":[{"id":80068,"href":"https:\/\/www.oceaneering.com\/de\/wp-json\/wp\/v2\/pages\/60502\/revisions\/80068"}],"wp:attachment":[{"href":"https:\/\/www.oceaneering.com\/de\/wp-json\/wp\/v2\/media?parent=60502"}],"wp:term":[{"taxonomy":"product_category","embeddable":true,"href":"https:\/\/www.oceaneering.com\/de\/wp-json\/wp\/v2\/product_category?post=60502"},{"taxonomy":"search_tags","embeddable":true,"href":"https:\/\/www.oceaneering.com\/de\/wp-json\/wp\/v2\/search_tags?post=60502"}],"curies":[{"name":"wp","href":"https:\/\/api.w.org\/{rel}","templated":true}]}}