{"id":60043,"date":"2023-10-26T15:09:18","date_gmt":"2023-10-26T19:09:18","guid":{"rendered":"https:\/\/oceaneering.com\/?page_id=60043"},"modified":"2024-09-11T04:18:39","modified_gmt":"2024-09-11T09:18:39","slug":"subsea-pumping-technology","status":"publish","type":"page","link":"https:\/\/www.oceaneering.com\/de\/subsea-distribution-solutions\/subsea-pumping-technology\/","title":{"rendered":"Unterwasser-Pumpentechnologie"},"content":{"rendered":"<a href=\"https:\/\/www.oceaneering.com\/de\/subsea-distribution-solutions\/#contact\" target=\"_self\" rel=\"noopener\">\n\t\t\t\t\t\t\tEin Projekt besprechen\n\t\t\t\t\t<\/a>\n<h1>\n\t\tUnterwasser-Pumpentechnik (SPT)\n\t<\/h1>\n\n\t\tVerringern oder eliminieren Sie Ihren Platzbedarf auf der Oberseite, indem Sie chemische Speicher- und Einspritzsysteme unter Wasser verlegen und so die Kosten und die Komplexit\u00e4t herk\u00f6mmlicher Versorgungskabel reduzieren.\n\t\n\t<p>Mit SPT k\u00f6nnen Betreiber ihren Platz auf der Oberseite reduzieren oder ganz eliminieren, indem sie die Chemikalienlagerung und -injektion unter Wasser verlagern. Dies bietet einen alternativen Mehrwert f\u00fcr Unterwasser-R\u00fcckverankerungsarchitekturen und andere betriebliche Anwendungen, bei denen Chemikalien oder Hydraulik f\u00fcr das betriebliche Integrit\u00e4tsmanagement oder die Durchflusssicherung von Unterwasser-Produktionssystemen erforderlich sind.<\/p>\n\t\t\t<img decoding=\"async\" src=\"https:\/\/oceaneering.com\/wp-content\/uploads\/2023\/10\/website-thumbnail-201971-scaled.jpg\" title=\"website-thumbnail-201971\" alt=\"\" \/>\t\t\t\t\t\t\t\n\t\t\t\t\tVideo abspielen\n\t\t\t\t<img decoding=\"async\" src=\"https:\/\/oceaneering.com\/wp-content\/uploads\/2023\/10\/Spotlight_BW_SM.jpg\" alt=\"Spotlight_BW_SM\" itemprop=\"image\" title=\"Spotlight_BW_SM\" onerror=\"this.style.display='none'\"  \/>\n\n\t\tOTC Spotlight on New Technology\u00ae Auszeichnung\n\t\n\n\t\tUnser Subsea Technology Pumping (SPT) wurde aufgrund seiner innovativen Technologie, seiner gro\u00dfen Anziehungskraft auf die Branche und seiner bedeutenden Auswirkungen mit Vorteilen, die \u00fcber die bestehenden Technologien hinausgehen, ausgew\u00e4hlt.\n\t\n\t\t\t<a href=\"https:\/\/www.oceaneering.com\/de\/oceaneerings-subsea-pumping-technology-wins-otc-spotlight-on-new-technology-award\/\" target=\"_self\" rel=\"noopener\">\n\t\t\t\t\t\t\tLesen Sie die Pressemitteilung\n\t\t\t<\/a>\n<h3>\n\t\t Unterwasserfabriken zur Realit\u00e4t machen\n\t<\/h3>\n\n\t\tUnsere Subsea Pumping Technology (SPT) bietet wertsteigernde Beitr\u00e4ge zu Tieback-Architekturen und Anwendungen, bei denen Chemikalien f\u00fcr das betriebliche Integrit\u00e4tsmanagement oder die Durchflusssicherung ben\u00f6tigt werden.\n\t\n\n\t\tDas SPT-System reduziert oder eliminiert die Lager-, Pump- und Abgabesysteme, die in der Regel wertvollen Platz auf der Oberseite und die mit der Lagerung, Bunkerung und Handhabung von Chemikalien auf der Oberseite verbundenen Schnittstellenressourcen beanspruchen. Durch die Verlagerung der Anlagen auf den Meeresboden und ihre Positionierung in der N\u00e4he der Bedarfsstellen k\u00f6nnen zahlreiche Effizienzgewinne erzielt werden. Die Tanks mit chemischen Produkten werden durch den Austausch von Tanks oder durch die Bef\u00fcllung von Hilfsschiffen \u00fcber Abw\u00e4rtsleitungen wieder aufgef\u00fcllt.  Dar\u00fcber hinaus ist das Konzept der lokalen Lagerung und Injektion ein wichtiger Faktor f\u00fcr l\u00e4ngere Unterwasser-R\u00fcckverankerungen, bei denen die Lieferung und Verteilung von Chemikalien zu den Feldern \u00fcber lange oder mehrere Leitungsabschnitte schwierig und kostspielig ist.\n\t\n\t\t\t<a href=\"https:\/\/oceaneering.canto.com\/download\/document\/jtke2gicrh6pj62eeb3a8rmr7m\/original.pdf\" target=\"_blank\" rel=\"noopener\">\n\t\t\t\t\t\t\tUnterwasser-Pumpentechnik (SPT)\n\t\t\t<\/a>\n\t\t\t\t<img decoding=\"async\" src=\"https:\/\/oceaneering.com\/wp-content\/uploads\/2023\/10\/200110_SPT_render_001.png\" alt=\"200110_SPT_render_001\" itemprop=\"image\" title=\"200110_SPT_render_001\" onerror=\"this.style.display='none'\"  \/>\n\t\tWebinar\n<h2>\n\t\tUnterwasserfabriken mit der Unterwasserpumpentechnologie (SPT) verwirklichen\n\t<\/h2>\n\n\t\tMai 25, 2021\n\t\n\t\t\t<a href=\"https:\/\/www.oceaneering.com\/de\/webinars\/making-subsea-factories-a-reality-with-subsea-pumping-technology-spt\/\" target=\"_self\" rel=\"noopener\">\n\t\t\t\t\t\t\tAuf Abruf ansehen\n\t\t\t<\/a>\n\t\t\t\t<img decoding=\"async\" src=\"https:\/\/oceaneering.com\/wp-content\/uploads\/2023\/10\/19RW197-800-700x700-panorama.jpg\" alt=\"19RW197-800-700x700-panorama\" itemprop=\"image\" title=\"19RW197-800-700x700-panorama\" onerror=\"this.style.display='none'\"  \/>\n<h1>\n\t\tKontakt\n\t<\/h1>\n<h2>\n\t\tUnser Expertenteam ist bereit, Ihnen den Einstieg zu erleichtern.\n\t<\/h2>\n\t<p>Oceaneering bietet erstklassige Produkte und L\u00f6sungen, die sich durch unvergleichliche Qualit\u00e4t, Zuverl\u00e4ssigkeit und globalen Support auszeichnen. F\u00fcllen Sie das Anfrageformular aus, um noch heute ein Gespr\u00e4ch zu beginnen.<\/p>","protected":false},"excerpt":{"rendered":"<p>Diskutieren Sie ein Projekt Subsea Pumping Technology (SPT) Verringern oder eliminieren Sie den Platzbedarf auf der Oberseite, indem Sie chemische Speicher- und Injektionssysteme unter Wasser verlegen und so die Kosten und Komplexit\u00e4t herk\u00f6mmlicher Versorgungskabel reduzieren. Mit SPT k\u00f6nnen Betreiber ihren Platz auf der Oberseite reduzieren oder ganz eliminieren, indem sie chemische Speicher- und Injektionskapazit\u00e4ten unter Wasser verlagern und so einen alternativen Mehrwert f\u00fcr die Unterwasseranbindung bieten ... <a title=\"Unterwasser-Pumpentechnologie\" class=\"read-more\" href=\"https:\/\/www.oceaneering.com\/de\/subsea-distribution-solutions\/subsea-pumping-technology\/\" aria-label=\"Mehr Informationen \u00fcber Unterwasserpumpentechnologie\">Weiterlesen ...<\/a><\/p>","protected":false},"author":19,"featured_media":0,"parent":61172,"menu_order":2,"comment_status":"closed","ping_status":"closed","template":"","meta":{"_acf_changed":false,"footnotes":"","_links_to":"","_links_to_target":""},"product_category":[1783],"search_tags":[1782,1386],"class_list":["post-60043","page","type-page","status-publish","product_category-subsea-distribution-solutions","search_tags-subsea-distribution-solutions","search_tags-subsea-pumping-technology"],"acf":[],"aioseo_notices":[],"_links":{"self":[{"href":"https:\/\/www.oceaneering.com\/de\/wp-json\/wp\/v2\/pages\/60043","targetHints":{"allow":["GET"]}}],"collection":[{"href":"https:\/\/www.oceaneering.com\/de\/wp-json\/wp\/v2\/pages"}],"about":[{"href":"https:\/\/www.oceaneering.com\/de\/wp-json\/wp\/v2\/types\/page"}],"author":[{"embeddable":true,"href":"https:\/\/www.oceaneering.com\/de\/wp-json\/wp\/v2\/users\/19"}],"replies":[{"embeddable":true,"href":"https:\/\/www.oceaneering.com\/de\/wp-json\/wp\/v2\/comments?post=60043"}],"version-history":[{"count":0,"href":"https:\/\/www.oceaneering.com\/de\/wp-json\/wp\/v2\/pages\/60043\/revisions"}],"up":[{"embeddable":true,"href":"https:\/\/www.oceaneering.com\/de\/wp-json\/wp\/v2\/pages\/61172"}],"wp:attachment":[{"href":"https:\/\/www.oceaneering.com\/de\/wp-json\/wp\/v2\/media?parent=60043"}],"wp:term":[{"taxonomy":"product_category","embeddable":true,"href":"https:\/\/www.oceaneering.com\/de\/wp-json\/wp\/v2\/product_category?post=60043"},{"taxonomy":"search_tags","embeddable":true,"href":"https:\/\/www.oceaneering.com\/de\/wp-json\/wp\/v2\/search_tags?post=60043"}],"curies":[{"name":"wp","href":"https:\/\/api.w.org\/{rel}","templated":true}]}}