{"id":59925,"date":"2023-10-24T17:07:56","date_gmt":"2023-10-24T21:07:56","guid":{"rendered":"https:\/\/oceaneering.com\/?page_id=59925"},"modified":"2024-01-29T13:31:11","modified_gmt":"2024-01-29T18:31:11","slug":"integrated-subsea-project-solutions","status":"publish","type":"page","link":"https:\/\/www.oceaneering.com\/de\/subsea-projects\/integrated-subsea-project-solutions\/","title":{"rendered":"Integrierte Unterwasser-Projektl\u00f6sungen"},"content":{"rendered":"<p><a href=\"https:\/\/www.oceaneering.com\/de\/subsea-tiebacks\/#contact\" target=\"_self\" rel=\"noopener\"> Ein Projekt besprechen <\/a><\/p>\r\n<h1>Integrierte Unterwasser-Projektl\u00f6sungen<\/h1>\r\n<p>Wir bieten ma\u00dfgeschneiderte L\u00f6sungen f\u00fcr Ihre Unterwasseranlagen und Anlagenanforderungen - von der zweckm\u00e4\u00dfigen technischen Planung \u00fcber das Lebenszyklusmanagement der Ausr\u00fcstung bis hin zur endg\u00fcltigen Stilllegung.<\/p>\r\n<h2>Von der Installation bis zur Stilllegung<\/h2>\r\n<p>Unsere erfahrenen Teams managen den Unterwasserbetrieb von der Installation und Inbetriebnahme bis zur Stilllegung. Wir kombinieren unser Produktportfolio und unsere Dienstleistungen, um optimierte, schl\u00fcsselfertige L\u00f6sungen f\u00fcr das komplette Management Ihrer betrieblichen Unterwasseraktivit\u00e4ten anzubieten.<\/p>\r\n<p>Wir integrieren unsere praxiserprobten L\u00f6sungen, um kosteneffiziente integrierte Projektumf\u00e4nge zu liefern.<\/p>\r\n<ul>\r\n<li><a href=\"https:\/\/www.oceaneering.com\/de\/rov-services\/\">Ferngesteuertes Fahrzeug (ROV)<\/a> Inspektion<\/li>\r\n<li><a href=\"https:\/\/www.oceaneering.com\/de\/survey-and-mapping\/survey-and-positioning\/#marine-construction\">Tiefsee-Erhebungen<\/a><\/li>\r\n<li><a href=\"https:\/\/www.oceaneering.com\/de\/pipeline-repair\/\">Reparatur von Rohrleitungen<\/a><\/li>\r\n<\/ul>\r\n<h2>Brunnenbau und Installation<\/h2>\r\n<p>Wir sind branchenf\u00fchrend im Bereich der Supportleistungen f\u00fcr das Bohrlochmanagement, die die erfolgreiche Planung und Installation Ihrer kritischen Unterwasserinfrastruktur sicherstellen. Von technischen Dienstleistungen bis hin zum Offshore-Support - unsere L\u00f6sungen sind auf Ihre Projektanforderungen zugeschnitten. <img loading=\"lazy\" decoding=\"async\" title=\"Technik-01-1\" src=\"https:\/\/oceaneering.com\/wp-content\/uploads\/2023\/10\/engineering-01-1.png\" alt=\"engineering-01-1\" width=\"834\" height=\"834\" \/><\/p>\r\n<h3>Technische Dienstleistungen<\/h3>\r\n<ul>\r\n<li>Entwicklung von Verfahren f\u00fcr Unterwasserinstallationen und -eingriffe<\/li>\r\n<li>Bewertung der Riggf\u00e4higkeit<\/li>\r\n<li>Erstellung von Hebepl\u00e4nen und Deckspl\u00e4nen<\/li>\r\n<\/ul>\r\n<p><img loading=\"lazy\" decoding=\"async\" title=\"Beschaffung-01-1\" src=\"https:\/\/oceaneering.com\/wp-content\/uploads\/2023\/10\/procurement-01-1.png\" alt=\"procurement-01-1\" width=\"834\" height=\"834\" \/><\/p>\r\n<h3>Ausr\u00fcstung<\/h3>\r\n<ul>\r\n<li>Beschaffung der erforderlichen Ausr\u00fcstung<\/li>\r\n<li>Aufarbeitung und Vorbereitung vorhandener Ger\u00e4te<\/li>\r\n<\/ul>\r\n<p><img loading=\"lazy\" decoding=\"async\" title=\"engineeringSupervision-01-1\" src=\"https:\/\/oceaneering.com\/wp-content\/uploads\/2023\/10\/engineeringSupervision-01-1.png\" alt=\"engineeringSupervision-01-1\" width=\"834\" height=\"834\" \/><\/p>\r\n<h3>Technische \u00dcberwachung<\/h3>\r\n<ul>\r\n<li>Bereitstellung erfahrener Aufsichtsingenieure, offshore und onshore<\/li>\r\n<li>Koordinierung und Verwaltung von ROV-Schnittstellen<\/li>\r\n<\/ul>\r\n<h2>Grabenaushub, Vergrabung und Trassenvorbereitung am Meeresboden<\/h2>\r\n<p>Wir verf\u00fcgen \u00fcber un\u00fcbertroffene Erfahrung und innovative Technologien, um L\u00f6sungen f\u00fcr globale Offshore-Wind-, Gezeiten-, Wellen- und Interkonnektorprojekte zu liefern.<\/p>\r\n<p>Von Standortuntersuchungen bis hin zur Unterst\u00fctzung bei der Kabelverlegung und Fundamentinstallation bieten wir L\u00f6sungen f\u00fcr den gesamten Lebenszyklus der Anlage, die das Betriebsrisiko verringern, die Zuverl\u00e4ssigkeit erh\u00f6hen und niedrigere Gesamtbetriebskosten erm\u00f6glichen.<\/p>\r\n<p><a href=\"https:\/\/www.oceaneering.com\/de\/renewable-energy-solutions\/\" target=\"_self\" rel=\"noopener\"> Mehr erfahren <\/a><\/p>\r\n<h2>FAT, SIT, und Offshore-Ausf\u00fchrung<\/h2>\r\n<p>Unsere sehr erfahrenen Teams arbeiten daran, die Eignung Ihrer Infrastruktur zu gew\u00e4hrleisten, indem sie Werksabnahmepr\u00fcfungen (FAT) und Systemintegrationstests (SIT) durchf\u00fchren. Wir f\u00fchren projektspezifische Tests durch, erstellen die erforderlichen Berichte und sind in der Lage, sofort einzugreifen und Fehler zu beheben, falls sich bei den Tests eine Nichtkonformit\u00e4t herausstellt.<\/p>\r\n<h2>Einbindung, Ankopplung und Inbetriebnahme (HUC)<\/h2>\r\n<p>Wir helfen Ihnen dabei, die erste Produktion p\u00fcnktlich und innerhalb des Budgets zu erreichen, unabh\u00e4ngig von der Art der Anlage. Dank unserer umfassenden Erfahrung sind wir in der Lage, Ihre Anforderungen an L\u00f6sungen und Unterst\u00fctzung zu erf\u00fcllen - von Tiefsee-Gasfeldern und schwimmenden Produktions-, Speicher- und Entladeeinheiten (FPSO) bis hin zu Onshore-Anlagen.<\/p>\r\n<h2>Tiefseebetrieb<\/h2>\r\n<p>Wir liefern f\u00fchrende L\u00f6sungen f\u00fcr den Tiefseebetrieb - von der Routine bis zum Extrem. Wir erf\u00fcllen Ihre Anforderungen an eine globale Unterst\u00fctzung bei der Inbetriebnahme und dem Betrieb von Unterwassersystemen in den rauesten und anspruchsvollsten Umgebungen.<\/p>\r\n<h2>Interventionen, Workovers und Stilllegung<\/h2>\r\n<p>Wir erf\u00fcllen Ihren Bedarf an globalen Unterwasser-Eingriffen, \u00dcberarbeitungen und Stilllegungen mit ROV- und tauchergest\u00fctzten Methoden. Mit unserer Erfahrung und unserem Fachwissen in den Bereichen Unterwassertechnik und Projektmanagement entwickeln wir Verfahren f\u00fcr Unterwassereingriffe und Stilllegungen und f\u00fchren Bewertungen der Leistungsf\u00e4higkeit von Bohranlagen durch.<\/p>\r\n<p>Unsere innovativen und praktischen Designs bieten ma\u00dfgeschneiderte L\u00f6sungen zur Verbesserung der Effizienz von Bohrlochinterventionen und -aktivit\u00e4ten.<\/p>\r\n<ul>\r\n<li>Leichte Aufbereitungen<\/li>\r\n<li>Austausch von Unterwasser-Steuermodul und Gondel<\/li>\r\n<li>Reparaturen von Bojen und Anlegesystemen<\/li>\r\n<li>Stilllegung von Bohrl\u00f6chern<\/li>\r\n<li>Endg\u00fcltige Aufgabe des Feldes<\/li>\r\n<\/ul>\r\n<h2>Inspektion, Wartung und Reparatur (IMR)<\/h2>\r\n<p>Mit unseren umfassenden Inspektions-, Wartungs- und Reparaturprogrammen stellen wir sicher, dass Sie die Betriebszeit aufrechterhalten und die Auswirkungen ungeplanter Reparaturen abmildern k\u00f6nnen. Wir entwickeln vollst\u00e4ndig integrierte Unterwasserprojektl\u00f6sungen unter Verwendung der neuesten Standards und risikobasierten Methoden. Unsere Dienstleistungen decken das gesamte Lebenszyklusmodell der Produktions\u00fcberwachung, Inspektionsdurchf\u00fchrung, technischen Kritikalit\u00e4tsbewertung (ECA), Wartungsplanung und Terminierung ab.<\/p>\r\n<p>Wir bieten schl\u00fcsselfertige L\u00f6sungen, die auf die Anforderungen Ihres Arbeitsumfangs zugeschnitten sind.<\/p>\r\n<ul>\r\n<li>Charter von Schiffen und Ausr\u00fcstung<\/li>\r\n<li>Offshore-Integration von Inspektion, Digitalvideo, ROV, Vermessung und NDT<\/li>\r\n<li>Technik, Verfahren und Design<\/li>\r\n<li>Erstellung von Inspektionsdatens\u00e4tzen<\/li>\r\n<li>Erstellung von Abschlussberichten<\/li>\r\n<\/ul>\r\n<h2>Instandsetzung von Anlagen<\/h2>\r\n<p>Wir nutzen unsere Erfahrung in der Arbeit mit Anlagen, um Dienstleistungen f\u00fcr die Sanierung, Modifizierung und Pr\u00fcfung von Unterwasserausr\u00fcstungen wie Steigleitungen, Unterwasserb\u00e4umen und Unterwasserverteilern anzubieten.<\/p>\r\n<h1>Kontakt<\/h1>\r\n<h2>Unser Expertenteam ist bereit, Ihnen den Einstieg zu erleichtern.<\/h2>\r\n<p>Oceaneering bietet erstklassige Produkte und L\u00f6sungen, die sich durch unvergleichliche Qualit\u00e4t, Zuverl\u00e4ssigkeit und globalen Support auszeichnen. F\u00fcllen Sie das Anfrageformular aus, um noch heute ein Gespr\u00e4ch zu beginnen.<\/p>","protected":false},"excerpt":{"rendered":"<p>Projekt besprechen Integrierte Unterwasserprojektl\u00f6sungen Wir bieten ma\u00dfgeschneiderte L\u00f6sungen f\u00fcr Ihre Anforderungen an Unterwassereinrichtungen und -anlagen - von der zweckm\u00e4\u00dfigen technischen Planung \u00fcber das Lebenszyklusmanagement der Ausr\u00fcstung bis hin zur endg\u00fcltigen Stilllegung. Von der Installation bis zur Stilllegung Unsere erfahrenen Teams managen den Unterwasserbetrieb von der Installation und Inbetriebnahme bis zur Stilllegung. Wir kombinieren unser Produktportfolio und unsere Dienstleistungen ... <a title=\"Integrierte Unterwasser-Projektl\u00f6sungen\" class=\"read-more\" href=\"https:\/\/www.oceaneering.com\/de\/subsea-projects\/integrated-subsea-project-solutions\/\" aria-label=\"Mehr Informationen \u00fcber integrierte Unterwasserprojektl\u00f6sungen\">Weiterlesen ...<\/a><\/p>","protected":false},"author":19,"featured_media":0,"parent":59840,"menu_order":2,"comment_status":"closed","ping_status":"closed","template":"","meta":{"_acf_changed":false,"footnotes":"","_links_to":"","_links_to_target":""},"product_category":[],"search_tags":[1858],"class_list":["post-59925","page","type-page","status-publish","search_tags-subsea-projects"],"acf":[],"aioseo_notices":[],"_links":{"self":[{"href":"https:\/\/www.oceaneering.com\/de\/wp-json\/wp\/v2\/pages\/59925","targetHints":{"allow":["GET"]}}],"collection":[{"href":"https:\/\/www.oceaneering.com\/de\/wp-json\/wp\/v2\/pages"}],"about":[{"href":"https:\/\/www.oceaneering.com\/de\/wp-json\/wp\/v2\/types\/page"}],"author":[{"embeddable":true,"href":"https:\/\/www.oceaneering.com\/de\/wp-json\/wp\/v2\/users\/19"}],"replies":[{"embeddable":true,"href":"https:\/\/www.oceaneering.com\/de\/wp-json\/wp\/v2\/comments?post=59925"}],"version-history":[{"count":0,"href":"https:\/\/www.oceaneering.com\/de\/wp-json\/wp\/v2\/pages\/59925\/revisions"}],"up":[{"embeddable":true,"href":"https:\/\/www.oceaneering.com\/de\/wp-json\/wp\/v2\/pages\/59840"}],"wp:attachment":[{"href":"https:\/\/www.oceaneering.com\/de\/wp-json\/wp\/v2\/media?parent=59925"}],"wp:term":[{"taxonomy":"product_category","embeddable":true,"href":"https:\/\/www.oceaneering.com\/de\/wp-json\/wp\/v2\/product_category?post=59925"},{"taxonomy":"search_tags","embeddable":true,"href":"https:\/\/www.oceaneering.com\/de\/wp-json\/wp\/v2\/search_tags?post=59925"}],"curies":[{"name":"wp","href":"https:\/\/api.w.org\/{rel}","templated":true}]}}