{"id":59849,"date":"2023-10-24T13:16:35","date_gmt":"2023-10-24T17:16:35","guid":{"rendered":"https:\/\/oceaneering.com\/?page_id=59849"},"modified":"2026-04-07T13:30:47","modified_gmt":"2026-04-07T18:30:47","slug":"vessel-fleet","status":"publish","type":"page","link":"https:\/\/www.oceaneering.com\/de\/subsea-projects\/vessel-fleet\/","title":{"rendered":"Integrierte Schiffsl\u00f6sungen"},"content":{"rendered":"<p><a href=\"https:\/\/www.oceaneering.com\/de\/subsea-tiebacks\/#contact\" target=\"_self\"> Ein Projekt besprechen <\/a><\/p>\r\n<h1>Integrierte Schiffsl\u00f6sungen<\/h1>\r\n<p>Wir liefern eine Reihe von vollst\u00e4ndig integrierten Schiffen, die Ihren Projektanforderungen entsprechen.<\/p>\r\n<h2>Flexibilit\u00e4t liefern - \u00fcberall auf der Welt<\/h2>\r\n<p>Unsere erstklassigen, integrierten Schiffsl\u00f6sungen kombinieren Projektmanagement und technisches Fachwissen mit branchenf\u00fchrenden L\u00f6sungen, wie z. B. unserer fortschrittlichen Arbeitsklasse <a href=\"https:\/\/www.oceaneering.com\/de\/rov-services\/rov-systems\/\">ROV-Systeme<\/a>intern <a href=\"https:\/\/www.oceaneering.com\/de\/survey-and-mapping\/\">Umfrage- und Kommunikationsl\u00f6sungen<\/a>, <a href=\"https:\/\/www.oceaneering.com\/de\/intervention-tooling\/\">fortschrittliches Werkzeug<\/a>und Ferndienstleistungen, die die HSE-Risiken und Kohlenstoffemissionen verringern.<\/p>\r\n<p><img loading=\"lazy\" decoding=\"async\" title=\"ROV-Symbol2-768x768\" src=\"https:\/\/www.oceaneering.com\/wp-content\/uploads\/2023\/10\/ROV-icon2-768x768-1.png\" alt=\"ROV-icon2-768x768\" width=\"768\" height=\"768\" \/><\/p>\r\n<h3>Systeme mit ferngesteuerten Fahrzeugen (ROV)<\/h3>\r\n<p><img loading=\"lazy\" decoding=\"async\" title=\"Fast-Track-icon-150x150\" src=\"https:\/\/www.oceaneering.com\/wp-content\/uploads\/2023\/10\/Fast-Track-icon-150x150-1.png\" alt=\"Fast-Track-icon-150x150\" width=\"150\" height=\"150\" \/><\/p>\r\n<h3>Projektleitung<\/h3>\r\n<p><img loading=\"lazy\" decoding=\"async\" title=\"Industry-Leading-icon-768x768\" src=\"https:\/\/www.oceaneering.com\/wp-content\/uploads\/2023\/10\/Industry-Leading-icon-768x768-1.png\" alt=\"Industry-Leading-icon-768x768\" width=\"768\" height=\"768\" \/><\/p>\r\n<h3>Branchenf\u00fchrende technische L\u00f6sungen<\/h3>\r\n<p><img loading=\"lazy\" decoding=\"async\" title=\"Advanced-Tools-Tech-icon2-768x768\" src=\"https:\/\/www.oceaneering.com\/wp-content\/uploads\/2023\/10\/Advanced-Tools-Tech-icon2-768x768-1.png\" alt=\"Advanced-Tools-Tech-icon2-768x768\" width=\"768\" height=\"768\" \/><\/p>\r\n<h3>Fortgeschrittene Werkzeuge und Technologien<\/h3>\r\n<p><img loading=\"lazy\" decoding=\"async\" title=\"Advanced-Tools-Tech-icon-768x768\" src=\"https:\/\/www.oceaneering.com\/wp-content\/uploads\/2023\/10\/Advanced-Tools-Tech-icon-768x768-1.png\" alt=\"Advanced-Tools-Tech-icon-768x768\" width=\"768\" height=\"768\" \/><\/p>\r\n<h3>Mehr als 50 Jahre Erfahrung mit Offshore-Projekten<\/h3>\r\n<h2>Unsere globale Schiffsflotte<\/h2>\r\n<p>We own, operate, and charter a global fleet of dynamically positioned multi-service vessels (MSVs) that are outfitted with state-of-the-art tooling, rigging, and crews that deliver the experience necessary for safe and efficient operations. We are able to quickly scale and use vessels of opportunity with strategic sub-contractors, as well as vet other third-party vessels in order to seamlessly mobilize for your project, to meet your requirements. All Vessels<\/p>\r\n<ul>\r\n<li tabindex=\"0\" data-filter=\"*\" aria-label=\"Alle Gef\u00e4\u00dfe\">Alle Gef\u00e4\u00dfe<\/li>\r\n<li tabindex=\"0\" data-filter=\".products_product_category-multi-service-vessels\" data-term=\"multi-service-vessels\" data-item-count=\"7\" aria-label=\"Mehrzweckschiffe\">Mehrzweckschiffe<\/li>\r\n<li tabindex=\"0\" data-filter=\".products_product_category-research-vessels\" data-term=\"research-vessels\" data-item-count=\"1\" aria-label=\"Forschungsschiffe\">Forschungsschiffe<\/li>\r\n<\/ul>\r\n<p><a href=\"https:\/\/www.oceaneering.com\/de\/subsea-projects\/vessel-fleet\/ocean-evolution\/\"><img loading=\"lazy\" decoding=\"async\" title=\"Sektionsbild Ozeanevolution | Oceaneering\" src=\"https:\/\/www.oceaneering.com\/wp-content\/uploads\/2023\/11\/Ocean-evolution-section-image-1024x508.jpeg\" sizes=\"auto, (max-width: 1024px) 100vw, 1024px\" srcset=\"https:\/\/www.oceaneering.com\/wp-content\/uploads\/2023\/11\/Ocean-evolution-section-image-1024x508.jpeg 1024w, https:\/\/www.oceaneering.com\/wp-content\/uploads\/2023\/11\/Ocean-evolution-section-image-300x149.jpeg 300w, https:\/\/www.oceaneering.com\/wp-content\/uploads\/2023\/11\/Ocean-evolution-section-image-768x381.jpeg 768w, https:\/\/www.oceaneering.com\/wp-content\/uploads\/2023\/11\/Ocean-evolution-section-image-1536x762.jpeg 1536w, https:\/\/www.oceaneering.com\/wp-content\/uploads\/2023\/11\/Ocean-evolution-section-image-18x9.jpeg 18w, https:\/\/www.oceaneering.com\/wp-content\/uploads\/2023\/11\/Ocean-evolution-section-image.jpeg 2000w\" alt=\"Ocean Evolution Multi Service Vessel MSV\" width=\"1024\" height=\"508\" \/><\/a><\/p>\r\n<h3><a href=\"https:\/\/www.oceaneering.com\/de\/subsea-projects\/vessel-fleet\/ocean-evolution\/\">Entwicklung der Ozeane<\/a><\/h3>\r\n<p>From construction to intervention, our 353-ft, US-flagged MSV delivers the speed, and capability your projects demand in the industry&#8217;s most environmentally friendly vessel. <a href=\"https:\/\/www.oceaneering.com\/de\/subsea-projects\/vessel-fleet\/ocean-evolution\/\">Mehr erfahren<\/a> <a href=\"https:\/\/www.oceaneering.com\/de\/products\/blue-sea-multi-service-vessel\/\"><img loading=\"lazy\" decoding=\"async\" title=\"Blaues MeerNewlogoonlycopy | Oceaneering\" src=\"https:\/\/www.oceaneering.com\/wp-content\/uploads\/2023\/10\/Harvey-Blue-Sea_New_logo-only-copy-1024x576.webp\" sizes=\"auto, (max-width: 1024px) 100vw, 1024px\" srcset=\"https:\/\/www.oceaneering.com\/wp-content\/uploads\/2023\/10\/Harvey-Blue-Sea_New_logo-only-copy-1024x576.webp 1024w, https:\/\/www.oceaneering.com\/wp-content\/uploads\/2023\/10\/Harvey-Blue-Sea_New_logo-only-copy-300x169.webp 300w, https:\/\/www.oceaneering.com\/wp-content\/uploads\/2023\/10\/Harvey-Blue-Sea_New_logo-only-copy-768x432.webp 768w, https:\/\/www.oceaneering.com\/wp-content\/uploads\/2023\/10\/Harvey-Blue-Sea_New_logo-only-copy-1536x864.webp 1536w, https:\/\/www.oceaneering.com\/wp-content\/uploads\/2023\/10\/Harvey-Blue-Sea_New_logo-only-copy-18x10.webp 18w, https:\/\/www.oceaneering.com\/wp-content\/uploads\/2023\/10\/Harvey-Blue-Sea_New_logo-only-copy-1280x720.webp 1280w, https:\/\/www.oceaneering.com\/wp-content\/uploads\/2023\/10\/Harvey-Blue-Sea_New_logo-only-copy-960x540.webp 960w, https:\/\/www.oceaneering.com\/wp-content\/uploads\/2023\/10\/Harvey-Blue-Sea_New_logo-only-copy-640x360.webp 640w, https:\/\/www.oceaneering.com\/wp-content\/uploads\/2023\/10\/Harvey-Blue-Sea_New_logo-only-copy-320x180.webp 320w, https:\/\/www.oceaneering.com\/wp-content\/uploads\/2023\/10\/Harvey-Blue-Sea_New_logo-only-copy.webp 1920w\" alt=\"Blue Sea Multi Service Vessel MSV\" width=\"1024\" height=\"576\" \/><\/a><\/p>\r\n<h3><a href=\"https:\/\/www.oceaneering.com\/de\/products\/blue-sea-multi-service-vessel\/\">Blaues Meer<\/a><\/h3>\r\n<p>Dieses 340 Fu\u00df lange, unter US-Flagge fahrende MSV bietet einen zuverl\u00e4ssigen Offshore-Service f\u00fcr kritische Unterwasserarbeiten - von IMR bis hin zu Plug and Abandonment. <a href=\"https:\/\/www.oceaneering.com\/de\/products\/blue-sea-multi-service-vessel\/\">Mehr erfahren<\/a> <a href=\"https:\/\/www.oceaneering.com\/de\/products\/normand-superior\/\"><img loading=\"lazy\" decoding=\"async\" title=\"NormandSuperiorstbsidewithOceaneeringlogoApproved | Oceaneering\" src=\"https:\/\/www.oceaneering.com\/wp-content\/uploads\/2025\/05\/Normand-Superior-stb-side-with-Oceaneering-logo-Approved-1024x576.jpg\" sizes=\"auto, (max-width: 1024px) 100vw, 1024px\" srcset=\"https:\/\/www.oceaneering.com\/wp-content\/uploads\/2025\/05\/Normand-Superior-stb-side-with-Oceaneering-logo-Approved-1024x576.jpg 1024w, https:\/\/www.oceaneering.com\/wp-content\/uploads\/2025\/05\/Normand-Superior-stb-side-with-Oceaneering-logo-Approved-300x169.jpg 300w, https:\/\/www.oceaneering.com\/wp-content\/uploads\/2025\/05\/Normand-Superior-stb-side-with-Oceaneering-logo-Approved-768x432.jpg 768w, https:\/\/www.oceaneering.com\/wp-content\/uploads\/2025\/05\/Normand-Superior-stb-side-with-Oceaneering-logo-Approved-1536x864.jpg 1536w, https:\/\/www.oceaneering.com\/wp-content\/uploads\/2025\/05\/Normand-Superior-stb-side-with-Oceaneering-logo-Approved-18x10.jpg 18w, https:\/\/www.oceaneering.com\/wp-content\/uploads\/2025\/05\/Normand-Superior-stb-side-with-Oceaneering-logo-Approved-1280x720.jpg 1280w, https:\/\/www.oceaneering.com\/wp-content\/uploads\/2025\/05\/Normand-Superior-stb-side-with-Oceaneering-logo-Approved-960x540.jpg 960w, https:\/\/www.oceaneering.com\/wp-content\/uploads\/2025\/05\/Normand-Superior-stb-side-with-Oceaneering-logo-Approved-640x360.jpg 640w, https:\/\/www.oceaneering.com\/wp-content\/uploads\/2025\/05\/Normand-Superior-stb-side-with-Oceaneering-logo-Approved-320x180.jpg 320w, https:\/\/www.oceaneering.com\/wp-content\/uploads\/2025\/05\/Normand-Superior-stb-side-with-Oceaneering-logo-Approved.jpg 1920w\" alt=\"Normand Superior Multi Service Vessel\" width=\"1024\" height=\"576\" \/><\/a><\/p>\r\n<h3><a href=\"https:\/\/www.oceaneering.com\/de\/products\/normand-superior\/\">Normand Superior<\/a><\/h3>\r\n<p>Liefert diverse Offshore-Projekte mit einem 322-Fu\u00df-MSV unter norwegischer Flagge, das f\u00fcr Bohrlochinterventionen, Unterwasserinstallationen und Inspektionsdienste in der Nordsee, im Mittelmeer und in Westafrika ausger\u00fcstet ist. <a href=\"https:\/\/www.oceaneering.com\/de\/products\/normand-superior\/\">Mehr erfahren<\/a> <a href=\"https:\/\/www.oceaneering.com\/de\/products\/deep-sea-multi-service-vessel\/\"><img loading=\"lazy\" decoding=\"async\" title=\"DEEPSEAlogoonlycopy | Oceaneering\" src=\"https:\/\/www.oceaneering.com\/wp-content\/uploads\/2024\/06\/DEEP-SEA-_logo-only-copy.webp\" sizes=\"auto, (max-width: 800px) 100vw, 800px\" srcset=\"https:\/\/www.oceaneering.com\/wp-content\/uploads\/2024\/06\/DEEP-SEA-_logo-only-copy.webp 800w, https:\/\/www.oceaneering.com\/wp-content\/uploads\/2024\/06\/DEEP-SEA-_logo-only-copy-300x215.webp 300w, https:\/\/www.oceaneering.com\/wp-content\/uploads\/2024\/06\/DEEP-SEA-_logo-only-copy-768x551.webp 768w, https:\/\/www.oceaneering.com\/wp-content\/uploads\/2024\/06\/DEEP-SEA-_logo-only-copy-18x12.webp 18w\" alt=\"Harvey Deep Sea Multi Service Vessel MSV\" width=\"800\" height=\"574\" \/><\/a><\/p>\r\n<h3><a href=\"https:\/\/www.oceaneering.com\/de\/products\/deep-sea-multi-service-vessel\/\">Tiefsee<\/a><\/h3>\r\n<p>Von der Bohrlochstimulation und -intervention bis hin zur Jumper-Installation bietet dieses 302-Fu\u00df-Schiff unter US-Flagge (DP2) zuverl\u00e4ssige Unterwasserdienstleistungen \u00fcber den gesamten Lebenszyklus eines Projekts. <a href=\"https:\/\/www.oceaneering.com\/de\/products\/deep-sea-multi-service-vessel\/\">Mehr erfahren<\/a> <a href=\"https:\/\/www.oceaneering.com\/de\/products\/intervention-multi-service-vessel\/\"><img loading=\"lazy\" decoding=\"async\" title=\"InterventionNichtname | Oceaneering\" src=\"https:\/\/www.oceaneering.com\/wp-content\/uploads\/2024\/05\/Harvey-Intervention-No-name.jpg\" sizes=\"auto, (max-width: 1024px) 100vw, 1024px\" srcset=\"https:\/\/www.oceaneering.com\/wp-content\/uploads\/2024\/05\/Harvey-Intervention-No-name.jpg 1024w, https:\/\/www.oceaneering.com\/wp-content\/uploads\/2024\/05\/Harvey-Intervention-No-name-300x139.jpg 300w, https:\/\/www.oceaneering.com\/wp-content\/uploads\/2024\/05\/Harvey-Intervention-No-name-768x356.jpg 768w, https:\/\/www.oceaneering.com\/wp-content\/uploads\/2024\/05\/Harvey-Intervention-No-name-18x8.jpg 18w\" alt=\"Intervention Multi Service Vessel MSV\" width=\"1024\" height=\"474\" \/><\/a><\/p>\r\n<h3><a href=\"https:\/\/www.oceaneering.com\/de\/products\/intervention-multi-service-vessel\/\">Intervention<\/a><\/h3>\r\n<p>Bietet ein komplettes Spektrum an Unterwasserkapazit\u00e4ten mit einem 300-Fu\u00df-MSV unter US-Flagge, das speziell f\u00fcr Eingriffe und Installationen im Golf gebaut wurde. <a href=\"https:\/\/www.oceaneering.com\/de\/products\/intervention-multi-service-vessel\/\">Mehr erfahren<\/a> <a href=\"https:\/\/www.oceaneering.com\/de\/products\/brandon-bordelon\/\"><img loading=\"lazy\" decoding=\"async\" title=\"BrandonBoredonSM700x394Panorama | Oceaneering\" src=\"https:\/\/www.oceaneering.com\/wp-content\/uploads\/2023\/10\/Brandon-Boredon-SM-700x394-panorama.jpg\" sizes=\"auto, (max-width: 700px) 100vw, 700px\" srcset=\"https:\/\/www.oceaneering.com\/wp-content\/uploads\/2023\/10\/Brandon-Boredon-SM-700x394-panorama.jpg 700w, https:\/\/www.oceaneering.com\/wp-content\/uploads\/2023\/10\/Brandon-Boredon-SM-700x394-panorama-300x150.jpg 300w, https:\/\/www.oceaneering.com\/wp-content\/uploads\/2023\/10\/Brandon-Boredon-SM-700x394-panorama-18x9.jpg 18w\" alt=\"Brandon Bordelon Multi Service Vessel MSV\" width=\"700\" height=\"350\" \/><\/a><\/p>\r\n<h3><a href=\"https:\/\/www.oceaneering.com\/de\/products\/brandon-bordelon\/\">Brandon Bordelon<\/a><\/h3>\r\n<p>Durchf\u00fchrung komplexer Unterwasserarbeiten mit einem 257 Fu\u00df langen, unter US-Flagge fahrenden MSV, das f\u00fcr IMR, Unterwasserpumpen und die Installation vor und nach der Verlegung gebaut wurde. <a href=\"https:\/\/www.oceaneering.com\/de\/products\/brandon-bordelon\/\">Mehr erfahren<\/a> <a href=\"https:\/\/www.oceaneering.com\/de\/products\/ocean-intervention-2\/\"><img loading=\"lazy\" decoding=\"async\" title=\"OzeanInterventionII | Oceaneering\" src=\"https:\/\/www.oceaneering.com\/wp-content\/uploads\/2024\/11\/Ocean-Intervention-II-1024x476.jpg\" sizes=\"auto, (max-width: 1024px) 100vw, 1024px\" srcset=\"https:\/\/www.oceaneering.com\/wp-content\/uploads\/2024\/11\/Ocean-Intervention-II-1024x476.jpg 1024w, https:\/\/www.oceaneering.com\/wp-content\/uploads\/2024\/11\/Ocean-Intervention-II-300x139.jpg 300w, https:\/\/www.oceaneering.com\/wp-content\/uploads\/2024\/11\/Ocean-Intervention-II-768x357.jpg 768w, https:\/\/www.oceaneering.com\/wp-content\/uploads\/2024\/11\/Ocean-Intervention-II-18x8.jpg 18w, https:\/\/www.oceaneering.com\/wp-content\/uploads\/2024\/11\/Ocean-Intervention-II.jpg 1501w\" alt=\"Ocean Intervention II a Research Vessel\" width=\"1024\" height=\"476\" \/><\/a><\/p>\r\n<h3><a href=\"https:\/\/www.oceaneering.com\/de\/products\/ocean-intervention-2\/\">Ozeanintervention II<\/a><\/h3>\r\n<p>Unterst\u00fctzt die hochwertige Offshore-Datenerfassung mit einem 254-Fu\u00df-DP2-Schiff, das f\u00fcr geophysikalische und Vermessungsarbeiten gebaut wurde. <a href=\"https:\/\/www.oceaneering.com\/de\/products\/ocean-intervention-2\/\">Mehr erfahren<\/a> <a href=\"https:\/\/www.oceaneering.com\/de\/products\/ocean-intervention\/\"><img loading=\"lazy\" decoding=\"async\" title=\"01bw75 | Oceaneering\" src=\"https:\/\/www.oceaneering.com\/wp-content\/uploads\/2025\/06\/01bw75-1024x670.jpg\" sizes=\"auto, (max-width: 1024px) 100vw, 1024px\" srcset=\"https:\/\/www.oceaneering.com\/wp-content\/uploads\/2025\/06\/01bw75-1024x670.jpg 1024w, https:\/\/www.oceaneering.com\/wp-content\/uploads\/2025\/06\/01bw75-300x196.jpg 300w, https:\/\/www.oceaneering.com\/wp-content\/uploads\/2025\/06\/01bw75-768x502.jpg 768w, https:\/\/www.oceaneering.com\/wp-content\/uploads\/2025\/06\/01bw75-1536x1005.jpg 1536w, https:\/\/www.oceaneering.com\/wp-content\/uploads\/2025\/06\/01bw75-2048x1340.jpg 2048w, https:\/\/www.oceaneering.com\/wp-content\/uploads\/2025\/06\/01bw75-18x12.jpg 18w\" alt=\"Ocean Intervention a Multi Service Vessel MSV\" width=\"1024\" height=\"670\" \/><\/a><\/p>\r\n<h3><a href=\"https:\/\/www.oceaneering.com\/de\/products\/ocean-intervention\/\">Ozean Intervention<\/a><\/h3>\r\n<p>Von der Installation von Flowlines bis hin zur Hydratsanierung bietet dieses 243 Fu\u00df lange, unter US-Flagge fahrende DP2 MSV zuverl\u00e4ssige, vielseitige Unterst\u00fctzung f\u00fcr anspruchsvolle Unterwasserprojekte.<a href=\"https:\/\/www.oceaneering.com\/de\/products\/ocean-intervention\/\">Mehr erfahren<\/a><\/p>\r\n<!-- .pp-content-posts -->\r\n<h2>Entwicklung der Ozeane<\/h2>\r\n<h3>Entwickelt f\u00fcr die Anforderungen von morgen<\/h3>\r\n<p>Ocean Evolution bietet eine schl\u00fcsselfertige L\u00f6sung durch die Kombination eines branchenf\u00fchrenden MSV mit einem kompletten Portfolio fortschrittlicher Technologien zur L\u00f6sung Ihrer komplexen Herausforderungen. Ocean Evolution unterst\u00fctzt eine schnelle Reaktion mit dem umweltfreundlichsten und leistungsf\u00e4higsten Unterwasser-Bauschiff der Branche, das im Golf von Mexiko verf\u00fcgbar ist.<\/p>\r\n<p><a href=\"https:\/\/www.oceaneering.com\/de\/subsea-projects\/ocean-evolution\/\" target=\"_self\"> Mehr erfahren <\/a><\/p>\r\n<h2>Unsere Flotte und unser Betrieb profitieren von einem Portfolio an modularen, weltweit einsetzbaren Installationsger\u00e4ten.<\/h2>\r\n<h3>Pipeline-Rollenverlegesystem<\/h3>\r\n<hr \/>\r\n<p>&nbsp;<\/p>\r\n<p>Mehr erfahren<\/p>\r\n<h3>Pipeline-Rollenverlegesystem<\/h3>\r\n<hr \/>\r\n<ul>\r\n<li>Kann bis zu 4-Zoll-Durchflussleitungen aufnehmen<\/li>\r\n<li>Enth\u00e4lt eine Installationsrolle, Rollen und einen Richtapparat<\/li>\r\n<li>Die Konfiguration erm\u00f6glicht gro\u00dfe Variationen im Anstellwinkel<\/li>\r\n<\/ul>\r\n<h3>Karussell<\/h3>\r\n<hr \/>\r\n<p>&nbsp;<\/p>\r\n<p>Mehr erfahren<\/p>\r\n<h3>Karussell<\/h3>\r\n<hr \/>\r\n<ul>\r\n<li>Kann 10.000 Pfund Spannung legen oder abrufen (mit Raupe)<\/li>\r\n<li>Unterst\u00fctzt den Abruf von Kurzl\u00e4ngen<\/li>\r\n<li>Kann mit einer konventionellen Schlaghaspel kombiniert werden<\/li>\r\n<li>Das System umfasst zwei Aggregate f\u00fcr den autonomen Betrieb von Karussell und Raupe, ein abnehmbares Bedienfeld und eine Notstromversorgung<\/li>\r\n<\/ul>\r\n<h3>Unter-Roller<\/h3>\r\n<hr \/>\r\n<p>&nbsp;<\/p>\r\n<p>Mehr erfahren<\/p>\r\n<h3>Unter-Roller<\/h3>\r\n<hr \/>\r\n<ul>\r\n<li>100 Tonnen schweres Unterwalzensystem, das so konfiguriert ist, dass es das Antriebsmoment auf vier unabh\u00e4ngig voneinander angetriebene, an der Basis montierte Walzen \u00fcbertr\u00e4gt<\/li>\r\n<li>Mit integrierten Hydraulikzylindern<\/li>\r\n<li>Kann um eine Haspel herum montiert werden und verwendet das integrierte Liftsystem, wodurch keine schweren Kr\u00e4ne ben\u00f6tigt werden<\/li>\r\n<\/ul>\r\n<h3>Trommelantriebe<\/h3>\r\n<hr \/>\r\n<p>&nbsp;<\/p>\r\n<p>Mehr erfahren<\/p>\r\n<h3>Trommelantriebe<\/h3>\r\n<hr \/>\r\n<ul>\r\n<li>Angetriebener Haspelantrieb mit integrierter Haspel<\/li>\r\n<li>Einschlie\u00dflich spulbarem Bereich und Trennw\u00e4nden, je nach Bedarf<\/li>\r\n<li>Kompakte Bauweise mit integriertem Hydraulikaggregat (HPU)<\/li>\r\n<li>System erfordert 220 V, K\u00fchlwasser und 90-psi-Luftversorgung<\/li>\r\n<\/ul>\r\n<p>Kontakt<\/p>\r\n<h2>Unser Expertenteam ist bereit, Ihnen den Einstieg zu erleichtern.<\/h2>\r\n<p>Oceaneering bietet erstklassige Produkte und L\u00f6sungen, die sich durch unvergleichliche Qualit\u00e4t, Zuverl\u00e4ssigkeit und globalen Support auszeichnen. F\u00fcllen Sie das Anfrageformular aus, um noch heute ein Gespr\u00e4ch zu beginnen.<\/p>","protected":false},"excerpt":{"rendered":"<p>Diskutieren Sie ein Projekt Integrierte Schiffsl\u00f6sungen Wir liefern eine Reihe von voll integrierten Schiffen, um Ihre Projektanforderungen zu erf\u00fcllen. Flexibilit\u00e4t - \u00fcberall auf der Welt Unsere erstklassigen integrierten Schiffsl\u00f6sungen kombinieren Projektmanagement und technisches Fachwissen mit branchenf\u00fchrenden L\u00f6sungen, wie z. B. unseren fortschrittlichen ROV-Systemen der Arbeitsklasse, internen Vermessungs- und Kommunikationsl\u00f6sungen, fortschrittlichen Werkzeugen, ... <a title=\"Integrierte Schiffsl\u00f6sungen\" class=\"read-more\" href=\"https:\/\/www.oceaneering.com\/de\/subsea-projects\/vessel-fleet\/\" aria-label=\"Mehr Informationen \u00fcber Integrated Vessel Solutions\">Weiterlesen ...<\/a><\/p>","protected":false},"author":19,"featured_media":0,"parent":59840,"menu_order":2,"comment_status":"closed","ping_status":"closed","template":"","meta":{"_acf_changed":false,"footnotes":"","_links_to":"","_links_to_target":""},"product_category":[1326],"search_tags":[1327],"class_list":["post-59849","page","type-page","status-publish","product_category-vessels","search_tags-vessels"],"acf":[],"aioseo_notices":[],"_links":{"self":[{"href":"https:\/\/www.oceaneering.com\/de\/wp-json\/wp\/v2\/pages\/59849","targetHints":{"allow":["GET"]}}],"collection":[{"href":"https:\/\/www.oceaneering.com\/de\/wp-json\/wp\/v2\/pages"}],"about":[{"href":"https:\/\/www.oceaneering.com\/de\/wp-json\/wp\/v2\/types\/page"}],"author":[{"embeddable":true,"href":"https:\/\/www.oceaneering.com\/de\/wp-json\/wp\/v2\/users\/19"}],"replies":[{"embeddable":true,"href":"https:\/\/www.oceaneering.com\/de\/wp-json\/wp\/v2\/comments?post=59849"}],"version-history":[{"count":2,"href":"https:\/\/www.oceaneering.com\/de\/wp-json\/wp\/v2\/pages\/59849\/revisions"}],"predecessor-version":[{"id":81926,"href":"https:\/\/www.oceaneering.com\/de\/wp-json\/wp\/v2\/pages\/59849\/revisions\/81926"}],"up":[{"embeddable":true,"href":"https:\/\/www.oceaneering.com\/de\/wp-json\/wp\/v2\/pages\/59840"}],"wp:attachment":[{"href":"https:\/\/www.oceaneering.com\/de\/wp-json\/wp\/v2\/media?parent=59849"}],"wp:term":[{"taxonomy":"product_category","embeddable":true,"href":"https:\/\/www.oceaneering.com\/de\/wp-json\/wp\/v2\/product_category?post=59849"},{"taxonomy":"search_tags","embeddable":true,"href":"https:\/\/www.oceaneering.com\/de\/wp-json\/wp\/v2\/search_tags?post=59849"}],"curies":[{"name":"wp","href":"https:\/\/api.w.org\/{rel}","templated":true}]}}