{"id":59820,"date":"2023-10-20T11:47:31","date_gmt":"2023-10-20T15:47:31","guid":{"rendered":"https:\/\/oceaneering.com\/?page_id=59820"},"modified":"2025-07-16T00:45:55","modified_gmt":"2025-07-16T05:45:55","slug":"inspection","status":"publish","type":"page","link":"https:\/\/www.oceaneering.com\/de\/asset-integrity-management\/inspection\/","title":{"rendered":"Inspektion"},"content":{"rendered":"<a href=\"\/de\/asset-integrity\/#contact\" target=\"_self\">\n\t\t\t\t\t\t\tEin Projekt besprechen\n\t\t\t\t\t<\/a>\n<h1>\n\t\tInspektion\n\t<\/h1>\n\t<p>Mit mehr als 50 Jahren Erfahrung in der Inspektion kritischer Infrastrukturen liefern wir optimierte, projektspezifische L\u00f6sungen, die die Inspektionskriterien erf\u00fcllen und sicherstellen, dass Ihre Anlagen einsatzf\u00e4hig sind.<\/p>\n<h2>\n\t\tKonventionelle ZfP\n\t<\/h2>\n\t<p>Vorbeugung von Misserfolgen durch Erkennung und Bewertung von Fehlern<\/p>\n<p>Die konventionelle zerst\u00f6rungsfreie Pr\u00fcfung (ZfP) dient seit langem als Ausgangspunkt f\u00fcr die Feststellung oder Bewertung der Gebrauchstauglichkeit einer Anlage. Vom Bau bis zur Stilllegung kann die zerst\u00f6rungsfreie Pr\u00fcfung eingesetzt werden, um Anomalien und Defekte aufzusp\u00fcren, von denen einige eine weitere fachm\u00e4nnische Inspektion oder Sanierung erfordern k\u00f6nnen.<\/p>\n<p>Wir bieten ein Portfolio konventioneller ZfP-L\u00f6sungen, die auf die unterschiedlichsten Bed\u00fcrfnisse zugeschnitten sind.<\/p>\n\t\t\t<a href=\"https:\/\/www.oceaneering.com\/de\/asset-integrity-management\/inspection\/conventional-ndt\/\" target=\"_self\">\n\t\t\t\t\t\t\tMehr erfahren\n\t\t\t<\/a>\n<h2>\n\t\tAdvanced NDT: Spezialisierte Inspektionsdienstleistungen\n\t<\/h2>\n\t<p>Komplexe Probleme erfordern spezialisierte L\u00f6sungen<\/p>\n<p>In den letzten zwei Jahrzehnten hat sich der Schwerpunkt der zerst\u00f6rungsfreien Pr\u00fcfung weiterentwickelt, um neue Probleme anzugehen. Das gilt auch f\u00fcr unsere Dienstleistungen. Wir bieten ein umfangreiches Angebot an spezialisierten Pr\u00fcfl\u00f6sungen f\u00fcr Anwendungen, die von der Erkennung komplexer Defekte bei der Herstellung und Konstruktion bis hin zu prozessbedingten Integrit\u00e4tsproblemen in vor-, mittel- und nachgelagerten Anlagen reichen.<\/p>\n\t\t\t<a href=\"https:\/\/www.oceaneering.com\/de\/asset-integrity-management\/inspection\/advanced-ndt\/\" target=\"_self\">\n\t\t\t\t\t\t\tMehr erfahren\n\t\t\t<\/a>\n<h2>\n\t\tUnterwasser-Inspektion\n\t<\/h2>\n\t<p>Integrierte L\u00f6sungen f\u00fcr Ihre Unterwasserausr\u00fcstung<\/p>\n<p>Wir bieten einen integrierten Ansatz und greifen auf unser umfangreiches Produkt- und Dienstleistungsportfolio zur\u00fcck, um Ihre Anforderungen an die Unterwasserinspektion zu erf\u00fcllen.<\/p>\n<p>Von ferngesteuerten Fahrzeugen (Remotely Operated Vehicles, ROVs) und Schiffen bis hin zu Tauchern und Unterwasser-Inspektionsger\u00e4ten - wir verf\u00fcgen \u00fcber das Portfolio und die Fachkenntnisse, die erforderlich sind, um kosteneffiziente, optimierte Unterwasser-Inspektions- und Integrit\u00e4tsmanagementl\u00f6sungen anzubieten.<\/p>\n\t\t\t<a href=\"https:\/\/www.oceaneering.com\/de\/asset-integrity-management\/inspection\/subsea-inspection\/\" target=\"_self\">\n\t\t\t\t\t\t\tMehr erfahren\n\t\t\t<\/a>\n<h2>\n\t\tRohrleitungsbau NDT\n\t<\/h2>\n\t<p>Unterst\u00fctzung Ihrer Bau- und Rohrverlegungsaktivit\u00e4ten<\/p>\n<p>Mit unserer Erfolgsbilanz stehen wir an der Spitze der ZfP-Technologie f\u00fcr Pipelines und erf\u00fcllen Ihre Inspektionsanforderungen innerhalb anspruchsvoller Bauzyklen. Wir setzen eine Vielzahl von R\u00f6ntgen- und Ultraschallger\u00e4ten ein, um die Daten zu erfassen, die Sie ben\u00f6tigen, um die Einhaltung der Normen f\u00fcr den Pipelinebau zu best\u00e4tigen.<\/p>\n<p>Wir bieten eine effiziente, zuverl\u00e4ssige Erkennung und Charakterisierung von M\u00e4ngeln w\u00e4hrend der Bauphase. Unsere Systeme sind von DNV-GL unabh\u00e4ngig qualifiziert und durch Kundenvalidierungsprogramme verifiziert.<\/p>\n<h4>\n\t\tRadiographie\n\t<\/h4>\n\t<p>Unsere zwei- und vierr\u00e4drigen Antriebsraupen arbeiten mit R\u00f6ntgen- oder Gammastrahlung und k\u00f6nnen in Rohrleitungen mit Durchmessern von 3 bis 72 Zoll eingesetzt werden.<\/p>\n<h4>\n\t\tAutomatisierte Ultraschallpr\u00fcfung (AUT)\n\t<\/h4>\n\t<p>Seit mehr als einem Jahrzehnt werden unsere AUT-Technologien weltweit zur Inspektion von Pipelines mit Durchmessern von 4 bis 48 Zoll eingesetzt.<\/p>\n<h2>\n\t\tInspektionsdienste f\u00fcr Lieferanten\n\t<\/h2>\n\t<p>Gew\u00e4hrleistung von Qualit\u00e4t und p\u00fcnktlicher Lieferung<\/p>\n<p>Mit unseren Lieferanteninspektionsdiensten sind wir die wichtigste Schnittstelle, um zu \u00fcberpr\u00fcfen, ob die von Ihnen festgelegten Anforderungen und die von Ihnen erwarteten Qualit\u00e4tsstandards vollst\u00e4ndig erf\u00fcllt sind, bevor ein Produkt versandt wird. Unsere hochqualifizierten Teams bieten umfassende Dienstleistungen f\u00fcr Ihre unterschiedlichen Bed\u00fcrfnisse, von Lieferantenaudits bis hin zu Versandinspektionen.  <\/p>\n\t\t\t<a href=\"https:\/\/www.oceaneering.com\/de\/asset-integrity-management\/inspection\/vendor-inspection\/\" target=\"_self\">\n\t\t\t\t\t\t\tMehr erfahren\n\t\t\t<\/a>\n<h2>\n\t\tPr\u00fcfung und Qualifizierung von Kranen und Hebezeugen\n\t<\/h2>\n\tUmfassende Dienstleistungen f\u00fcr kritische Ger\u00e4te\n\n<p>Wir bieten umfassende Dienstleistungen f\u00fcr die Inspektion, \u00dcberpr\u00fcfung durch Dritte und Zertifizierung von Kr\u00e4nen und Hebezeugen. Unser Angebot umfasst Beratung, Konstruktion und Herstellung von speziell entwickelten, zweckgebundenen Kr\u00e4nen und Hebezeugen. Dar\u00fcber hinaus f\u00fchren wir Konformit\u00e4tsbewertungen, Risikoanalysen und Analysen von Fehlerm\u00f6glichkeiten, Auswirkungen und Kritikalit\u00e4t (FMECA) durch.<\/p>\n\t\t\t<a href=\"https:\/\/www.oceaneering.com\/de\/asset-integrity-management\/inspection\/crane-lifting\/\" target=\"_self\">\n\t\t\t\t\t\t\tMehr erfahren\n\t\t\t<\/a>\n<h1>\n\t\tKontakt\n\t<\/h1>\n<h2>\n\t\tUnser Expertenteam ist bereit, Ihnen den Einstieg zu erleichtern.\n\t<\/h2>\n\t<p>Oceaneering bietet erstklassige Produkte und L\u00f6sungen, die sich durch unvergleichliche Qualit\u00e4t, Zuverl\u00e4ssigkeit und globalen Support auszeichnen. F\u00fcllen Sie das Anfrageformular aus, um noch heute ein Gespr\u00e4ch zu beginnen.<\/p>","protected":false},"excerpt":{"rendered":"<p>Optimieren Sie die Routine- und Ad-hoc-Inspektion Ihrer kritischen Infrastruktur mit projektbezogenen L\u00f6sungen, die sicherstellen, dass Ihre Anlagen einsatzf\u00e4hig sind. <\/p>","protected":false},"author":19,"featured_media":67357,"parent":59710,"menu_order":2,"comment_status":"closed","ping_status":"closed","template":"","meta":{"_acf_changed":false,"footnotes":"","_links_to":"","_links_to_target":""},"product_category":[1205,1206],"search_tags":[1800,1367],"class_list":["post-59820","page","type-page","status-publish","has-post-thumbnail","product_category-asset-integrity-management","product_category-in-service-inspection","search_tags-asset-integrity","search_tags-inspection"],"acf":[],"aioseo_notices":[],"_links":{"self":[{"href":"https:\/\/www.oceaneering.com\/de\/wp-json\/wp\/v2\/pages\/59820","targetHints":{"allow":["GET"]}}],"collection":[{"href":"https:\/\/www.oceaneering.com\/de\/wp-json\/wp\/v2\/pages"}],"about":[{"href":"https:\/\/www.oceaneering.com\/de\/wp-json\/wp\/v2\/types\/page"}],"author":[{"embeddable":true,"href":"https:\/\/www.oceaneering.com\/de\/wp-json\/wp\/v2\/users\/19"}],"replies":[{"embeddable":true,"href":"https:\/\/www.oceaneering.com\/de\/wp-json\/wp\/v2\/comments?post=59820"}],"version-history":[{"count":1,"href":"https:\/\/www.oceaneering.com\/de\/wp-json\/wp\/v2\/pages\/59820\/revisions"}],"predecessor-version":[{"id":81578,"href":"https:\/\/www.oceaneering.com\/de\/wp-json\/wp\/v2\/pages\/59820\/revisions\/81578"}],"up":[{"embeddable":true,"href":"https:\/\/www.oceaneering.com\/de\/wp-json\/wp\/v2\/pages\/59710"}],"wp:featuredmedia":[{"embeddable":true,"href":"https:\/\/www.oceaneering.com\/de\/wp-json\/wp\/v2\/media\/67357"}],"wp:attachment":[{"href":"https:\/\/www.oceaneering.com\/de\/wp-json\/wp\/v2\/media?parent=59820"}],"wp:term":[{"taxonomy":"product_category","embeddable":true,"href":"https:\/\/www.oceaneering.com\/de\/wp-json\/wp\/v2\/product_category?post=59820"},{"taxonomy":"search_tags","embeddable":true,"href":"https:\/\/www.oceaneering.com\/de\/wp-json\/wp\/v2\/search_tags?post=59820"}],"curies":[{"name":"wp","href":"https:\/\/api.w.org\/{rel}","templated":true}]}}