{"id":59807,"date":"2023-10-19T22:38:10","date_gmt":"2023-10-20T02:38:10","guid":{"rendered":"https:\/\/oceaneering.com\/?page_id=59807"},"modified":"2025-06-24T01:23:09","modified_gmt":"2025-06-24T06:23:09","slug":"offshore-structural-inspection","status":"publish","type":"page","link":"https:\/\/www.oceaneering.com\/de\/asset-integrity-management\/inspection\/offshore-structural-inspection\/","title":{"rendered":"Strukturelle Offshore-Inspektion"},"content":{"rendered":"<p><a href=\"\/de\/asset-integrity\/#contact\" target=\"_self\" rel=\"noopener\"> Ein Projekt besprechen <\/a><\/p>\r\n<h1>Strukturelle Offshore-Inspektion<\/h1>\r\n<p>Regulierungskonforme Strukturinspektionen f\u00fcr Offshore-Plattformen.<\/p>\r\n<p>Als Ihr zuverl\u00e4ssiger Partner im Bereich Integrit\u00e4tsmanagement kann Oceaneering auf mehr als 50 Jahre Branchenerfahrung zur\u00fcckgreifen, um sicherzustellen, dass Ihre Strukturinspektionen den beh\u00f6rdlichen Vorschriften entsprechen, einschlie\u00dflich des Bureau of Safety and Environmental Enforcement (BSEE) und der U.S. Coast Guard.<\/p>\r\n<p><img decoding=\"async\" title=\"Helicopter-landing\" src=\"https:\/\/oceaneering.com\/wp-content\/uploads\/2023\/12\/Helicopter-landing.jpg\" alt=\"Helicopter-landing\" \/><\/p>\r\n<h2>Konformit\u00e4t aufrechterhalten<\/h2>\r\n<p>Wir bieten ganzheitliche und kosteneffiziente Inspektionsprogramme und Programme zur Einhaltung von Vorschriften, um sicherzustellen, dass Ihre Offshore-Anlagen im Einklang mit Ihren wirtschaftlichen und betrieblichen Zielen weiterhin sicher und optimal arbeiten.<\/p>\r\n<p>In allen Gebieten des Golfs von Mexiko bieten wir Inspektionen nach API RP 2A Stufe 1 und Berichte des Office of Structural and Technical Support (OSTS) an, damit Sie weiterhin unter allen gesetzlichen Bedingungen arbeiten k\u00f6nnen. Wir bieten zerst\u00f6rungsfreie Pr\u00fcfungen (NDT), seilunterst\u00fctzten Zugang und Management von engen R\u00e4umen zur Unterst\u00fctzung von Inspektionen der Oberseite, des Rumpfes und der Spritzwasserzone.<\/p>\r\n<h3>Oceaneering bietet auch ein umfassendes Angebot an Unterwasserinspektionen einschlie\u00dflich Datenerfassung und Berichterstattung.<\/h3>\r\n<ul>\r\n<li>API RP 2A Stufe 1,2,3,4 Inspektionen<\/li>\r\n<li>BSEE OSTS-Konformit\u00e4tsberichte<\/li>\r\n<li>Programm zur Inspektion schwimmender und fester Plattformen w\u00e4hrend des Betriebs (ISIP)<\/li>\r\n<li>Management der strukturellen Integrit\u00e4t<\/li>\r\n<li>Betreten von engen R\u00e4umen, Anwesenheit und Rettung<\/li>\r\n<li>Dienstleistungen f\u00fcr seilunterst\u00fctzten Zugang<\/li>\r\n<li>Unterwasserinspektion anstelle des Trockendocks (UWILD)<\/li>\r\n<li>Konventionelle und fortschrittliche ZfP<\/li>\r\n<\/ul>\r\n<h3>Zus\u00e4tzliche Dienstleistungen<\/h3>\r\n<ul>\r\n<li>ISIP-Rumpfvermessung und kritische Schwei\u00dfnahtpr\u00fcfung<\/li>\r\n<li>Pr\u00fcfung und Zertifizierung von Kr\u00e4nen und Hebezeugen<\/li>\r\n<li>Inspektionen mit Wechselstrom-Feldmessung (ACFM)<\/li>\r\n<li>Untersuchungen zum kathodischen Schutz<\/li>\r\n<li>UAV-Inspektion (Unmanned Aerial Vehicle) f\u00fcr die Untersuchung von Unterdeck oder Fackelturm<\/li>\r\n<li>Untersuchungen zu Beschichtungen, passivem Brandschutz (PFP) und Isolierung<\/li>\r\n<\/ul>\r\n<h1>Kontakt<\/h1>\r\n<h2>Unser Expertenteam ist bereit, Ihnen den Einstieg zu erleichtern.<\/h2>\r\n<p>Oceaneering bietet erstklassige Produkte und L\u00f6sungen, die sich durch unvergleichliche Qualit\u00e4t, Zuverl\u00e4ssigkeit und globalen Support auszeichnen. F\u00fcllen Sie das Anfrageformular aus, um noch heute ein Gespr\u00e4ch zu beginnen.<\/p>","protected":false},"excerpt":{"rendered":"<p>Discuss a Project Offshore Structural Inspection Regulatory-compliant structural inspections for offshore platforms. As your trusted integrity management partner, Oceaneering leverages over 50 years of industry experience to ensure your structural inspections comply with governmental regulations, including Bureau of Safety and Environmental Enforcement (BSEE) and U.S. Coast Guard. Maintain Compliance We deliver holistic and cost effective &#8230; <a title=\"Strukturelle Offshore-Inspektion\" class=\"read-more\" href=\"https:\/\/www.oceaneering.com\/de\/asset-integrity-management\/inspection\/offshore-structural-inspection\/\" aria-label=\"Mehr Informationen \u00fcber Offshore-Bauwerksinspektion\">Weiterlesen ...<\/a><\/p>","protected":false},"author":19,"featured_media":0,"parent":59820,"menu_order":2,"comment_status":"closed","ping_status":"closed","template":"","meta":{"_acf_changed":false,"footnotes":"","_links_to":"","_links_to_target":""},"product_category":[1205,1372],"search_tags":[1800,1367],"class_list":["post-59807","page","type-page","status-publish","product_category-asset-integrity-management","product_category-inspection-management","search_tags-asset-integrity","search_tags-inspection"],"acf":[],"aioseo_notices":[],"_links":{"self":[{"href":"https:\/\/www.oceaneering.com\/de\/wp-json\/wp\/v2\/pages\/59807","targetHints":{"allow":["GET"]}}],"collection":[{"href":"https:\/\/www.oceaneering.com\/de\/wp-json\/wp\/v2\/pages"}],"about":[{"href":"https:\/\/www.oceaneering.com\/de\/wp-json\/wp\/v2\/types\/page"}],"author":[{"embeddable":true,"href":"https:\/\/www.oceaneering.com\/de\/wp-json\/wp\/v2\/users\/19"}],"replies":[{"embeddable":true,"href":"https:\/\/www.oceaneering.com\/de\/wp-json\/wp\/v2\/comments?post=59807"}],"version-history":[{"count":0,"href":"https:\/\/www.oceaneering.com\/de\/wp-json\/wp\/v2\/pages\/59807\/revisions"}],"up":[{"embeddable":true,"href":"https:\/\/www.oceaneering.com\/de\/wp-json\/wp\/v2\/pages\/59820"}],"wp:attachment":[{"href":"https:\/\/www.oceaneering.com\/de\/wp-json\/wp\/v2\/media?parent=59807"}],"wp:term":[{"taxonomy":"product_category","embeddable":true,"href":"https:\/\/www.oceaneering.com\/de\/wp-json\/wp\/v2\/product_category?post=59807"},{"taxonomy":"search_tags","embeddable":true,"href":"https:\/\/www.oceaneering.com\/de\/wp-json\/wp\/v2\/search_tags?post=59807"}],"curies":[{"name":"wp","href":"https:\/\/api.w.org\/{rel}","templated":true}]}}