{"id":59710,"date":"2023-10-18T16:18:06","date_gmt":"2023-10-18T20:18:06","guid":{"rendered":"https:\/\/oceaneering.com\/?page_id=59710"},"modified":"2025-11-04T02:02:43","modified_gmt":"2025-11-04T08:02:43","slug":"asset-integrity-management","status":"publish","type":"page","link":"https:\/\/www.oceaneering.com\/de\/asset-integrity-management\/","title":{"rendered":"Integrit\u00e4tsmanagement von Verm\u00f6genswerten"},"content":{"rendered":"<a href=\"\/de\/asset-integrity\/#contact\" target=\"_self\">\n\t\t\t\t\t\t\tEin Projekt besprechen\n\t\t\t\t\t<\/a>\n<h1>\n\t\tIntegrit\u00e4tsmanagement von Verm\u00f6genswerten\n\t<\/h1>\n\t<p>Minimieren Sie Ausfallzeiten und verbessern Sie Ihre betriebliche Effizienz, indem Sie unseren integrierten Ansatz nutzen, der fachkundige Technik, Softwareplattformen und fortschrittliche Inspektionstechnologie kombiniert.<\/p>\n<h2>\n\t\tVerbesserung von Effizienz und Verl\u00e4sslichkeit\n\t<\/h2>\n\t<p>Wir bieten einen unvergleichlichen Mehrwert und sorgen mit branchenerprobten Dienstleistungen und Technologien f\u00fcr die Zuverl\u00e4ssigkeit und Langlebigkeit Ihrer Anlagen. Wir verfolgen einen ma\u00dfgeschneiderten, integrierten Ansatz, bei dem wir unser Fachwissen und unsere globale Pr\u00e4senz nutzen, um Ihren Betrieb zu optimieren.<\/p>\n\t\t\t<a href='https:\/\/www.oceaneering.com\/de\/asset-integrity-management\/combining-engineering-data-and-visualization\/' title='Kombination von technischen Daten und Visualisierung'><img width=\"1024\" height=\"459\" src=\"https:\/\/www.oceaneering.com\/wp-content\/uploads\/2025\/10\/shutterstock_2033428775-copy-1024x459.webp\" alt=\"Digital world with an engineer working with a digital technology screen\" itemprop=\"image\" decoding=\"async\" loading=\"lazy\" srcset=\"https:\/\/www.oceaneering.com\/wp-content\/uploads\/2025\/10\/shutterstock_2033428775-copy-1024x459.webp 1024w, https:\/\/www.oceaneering.com\/wp-content\/uploads\/2025\/10\/shutterstock_2033428775-copy-300x135.webp 300w, https:\/\/www.oceaneering.com\/wp-content\/uploads\/2025\/10\/shutterstock_2033428775-copy-768x344.webp 768w, https:\/\/www.oceaneering.com\/wp-content\/uploads\/2025\/10\/shutterstock_2033428775-copy-1536x689.webp 1536w, https:\/\/www.oceaneering.com\/wp-content\/uploads\/2025\/10\/shutterstock_2033428775-copy-18x8.webp 18w, https:\/\/www.oceaneering.com\/wp-content\/uploads\/2025\/10\/shutterstock_2033428775-copy.webp 1920w\" sizes=\"auto, (max-width: 1024px) 100vw, 1024px\" title=\"Digitale technische Daten | Oceaneering\" \/><\/a>\n\t<h3><a href='https:\/\/www.oceaneering.com\/de\/asset-integrity-management\/combining-engineering-data-and-visualization\/' title='Kombination von technischen Daten und Visualisierung'>Kombination von technischen Daten und Visualisierung<\/a><\/h3>\n    \t<p>Erwecken Sie Integrit\u00e4t in einer vernetzten Ansicht Ihrer Anlagen zum Leben, von der Oberseite bis zum Unterwasserbereich.<\/p>\n\t\t<a href=\"https:\/\/www.oceaneering.com\/de\/asset-integrity-management\/combining-engineering-data-and-visualization\/\">Mehr lesen<\/a>\n\t\t\t<a href='https:\/\/www.oceaneering.com\/de\/asset-integrity-management\/integrity-engineering\/' title='Integrit\u00e4tstechnik'><img width=\"1024\" height=\"576\" src=\"https:\/\/www.oceaneering.com\/wp-content\/uploads\/2023\/12\/Capability-Statement-RRM-1-1024x576.jpg\" alt=\"\" itemprop=\"image\" decoding=\"async\" loading=\"lazy\" srcset=\"https:\/\/www.oceaneering.com\/wp-content\/uploads\/2023\/12\/Capability-Statement-RRM-1-1024x576.jpg 1024w, https:\/\/www.oceaneering.com\/wp-content\/uploads\/2023\/12\/Capability-Statement-RRM-1-300x169.jpg 300w, https:\/\/www.oceaneering.com\/wp-content\/uploads\/2023\/12\/Capability-Statement-RRM-1-768x432.jpg 768w, https:\/\/www.oceaneering.com\/wp-content\/uploads\/2023\/12\/Capability-Statement-RRM-1-1536x864.jpg 1536w, https:\/\/www.oceaneering.com\/wp-content\/uploads\/2023\/12\/Capability-Statement-RRM-1-18x10.jpg 18w, https:\/\/www.oceaneering.com\/wp-content\/uploads\/2023\/12\/Capability-Statement-RRM-1-1280x720.jpg 1280w, https:\/\/www.oceaneering.com\/wp-content\/uploads\/2023\/12\/Capability-Statement-RRM-1-960x540.jpg 960w, https:\/\/www.oceaneering.com\/wp-content\/uploads\/2023\/12\/Capability-Statement-RRM-1-640x360.jpg 640w, https:\/\/www.oceaneering.com\/wp-content\/uploads\/2023\/12\/Capability-Statement-RRM-1-320x180.jpg 320w, https:\/\/www.oceaneering.com\/wp-content\/uploads\/2023\/12\/Capability-Statement-RRM-1.jpg 1920w\" sizes=\"auto, (max-width: 1024px) 100vw, 1024px\" title=\"TechnikRRM 1 | Oceaneering\" \/><\/a>\n\t<h3><a href='https:\/\/www.oceaneering.com\/de\/asset-integrity-management\/integrity-engineering\/' title='Integrit\u00e4tstechnik'>Integrit\u00e4tstechnik<\/a><\/h3>\n    \t<p>Minimieren Sie Ausfallzeiten und sorgen Sie f\u00fcr einen sicheren Betrieb mit unseren auf Ihre Bed\u00fcrfnisse zugeschnittenen Integrity Engineering Services. <\/p>\n\t\t<a href=\"https:\/\/www.oceaneering.com\/de\/asset-integrity-management\/integrity-engineering\/\">Mehr lesen<\/a>\n\t\t\t<a href='https:\/\/www.oceaneering.com\/de\/asset-integrity-management\/inspection\/' title='Inspektion'><img width=\"1024\" height=\"281\" src=\"https:\/\/www.oceaneering.com\/wp-content\/uploads\/2023\/11\/Inspection-and-Condition-Monitoring-cropped-1024x281.jpg\" alt=\"\" itemprop=\"image\" decoding=\"async\" loading=\"lazy\" srcset=\"https:\/\/www.oceaneering.com\/wp-content\/uploads\/2023\/11\/Inspection-and-Condition-Monitoring-cropped-1024x281.jpg 1024w, https:\/\/www.oceaneering.com\/wp-content\/uploads\/2023\/11\/Inspection-and-Condition-Monitoring-cropped-300x82.jpg 300w, https:\/\/www.oceaneering.com\/wp-content\/uploads\/2023\/11\/Inspection-and-Condition-Monitoring-cropped-768x211.jpg 768w, https:\/\/www.oceaneering.com\/wp-content\/uploads\/2023\/11\/Inspection-and-Condition-Monitoring-cropped-1536x421.jpg 1536w, https:\/\/www.oceaneering.com\/wp-content\/uploads\/2023\/11\/Inspection-and-Condition-Monitoring-cropped-2048x562.jpg 2048w, https:\/\/www.oceaneering.com\/wp-content\/uploads\/2023\/11\/Inspection-and-Condition-Monitoring-cropped-18x5.jpg 18w\" sizes=\"auto, (max-width: 1024px) 100vw, 1024px\" title=\"Inspektion und Zustands\u00fcberwachung | Oceaneering\" \/><\/a>\n\t<h3><a href='https:\/\/www.oceaneering.com\/de\/asset-integrity-management\/inspection\/' title='Inspektion'>Inspektion<\/a><\/h3>\n    \t<p>Optimieren Sie die Routine- und Ad-hoc-Inspektion Ihrer kritischen Infrastruktur mit projektbezogenen L\u00f6sungen, die sicherstellen, dass Ihre Anlagen einsatzf\u00e4hig sind. <\/p>\n\t\t<a href=\"https:\/\/www.oceaneering.com\/de\/asset-integrity-management\/inspection\/\">Mehr lesen<\/a>\n\t\t\t<a href='https:\/\/www.oceaneering.com\/de\/maintenance-and-reliability\/' title='Wartung und Verl\u00e4sslichkeit'><img width=\"1024\" height=\"605\" src=\"https:\/\/www.oceaneering.com\/wp-content\/uploads\/2024\/05\/Maintenance-and-reliability-solutions-1024x605.jpg\" alt=\"Engineer with industry background\" itemprop=\"image\" decoding=\"async\" loading=\"lazy\" srcset=\"https:\/\/www.oceaneering.com\/wp-content\/uploads\/2024\/05\/Maintenance-and-reliability-solutions-1024x605.jpg 1024w, https:\/\/www.oceaneering.com\/wp-content\/uploads\/2024\/05\/Maintenance-and-reliability-solutions-300x177.jpg 300w, https:\/\/www.oceaneering.com\/wp-content\/uploads\/2024\/05\/Maintenance-and-reliability-solutions-768x454.jpg 768w, https:\/\/www.oceaneering.com\/wp-content\/uploads\/2024\/05\/Maintenance-and-reliability-solutions-1536x908.jpg 1536w, https:\/\/www.oceaneering.com\/wp-content\/uploads\/2024\/05\/Maintenance-and-reliability-solutions-2048x1210.jpg 2048w, https:\/\/www.oceaneering.com\/wp-content\/uploads\/2024\/05\/Maintenance-and-reliability-solutions-18x12.jpg 18w\" sizes=\"auto, (max-width: 1024px) 100vw, 1024px\" title=\"Wartungs- und Zuverl\u00e4ssigkeitsl\u00f6sungen | Oceaneering\" \/><\/a>\n\t<h3><a href='https:\/\/www.oceaneering.com\/de\/maintenance-and-reliability\/' title='Wartung und Verl\u00e4sslichkeit'>Wartung und Verl\u00e4sslichkeit<\/a><\/h3>\n    \t<p>Steigern Sie die Betriebszeit und die Anlagenleistung in Ihrer gesamten physischen Infrastruktur, w\u00e4hrend Sie gleichzeitig die Sicherheit und die Einhaltung von Vorschriften gew\u00e4hrleisten. <\/p>\n\t\t<a href=\"https:\/\/www.oceaneering.com\/de\/maintenance-and-reliability\/\">Mehr lesen<\/a>\n\t\t<!-- .pp-content-posts -->\n<h2>\n\t\tUmfassende F\u00e4higkeiten. Globale Kompetenz.\n\t<\/h2>\n\t<p>Verbessern Sie die Zuverl\u00e4ssigkeit und Sicherheit Ihrer Anlagen mit datengest\u00fctzter Entscheidungsfindung \u00fcber alle Anlagen hinweg, so dass Sie sich auf die wichtigsten Problembereiche bei allen Anlagentypen konzentrieren k\u00f6nnen.<\/p>\n\t\t\t\t<img decoding=\"async\" src=\"https:\/\/www.oceaneering.com\/wp-content\/uploads\/2025\/06\/Pressure-Systems.png\" alt=\"Icon of a pressure valve showing services related to pressure systems.\" title=\"Drucksysteme\" itemprop=\"image\"\/>\n\t\t<h3>Drucksysteme<\/h3>\n\t\t\t\t<p>Reduzieren Sie Risiken, verl\u00e4ngern Sie die Lebensdauer Ihrer Anlagen und gew\u00e4hrleisten Sie die Zuverl\u00e4ssigkeit Ihrer Offshore- und Onshore-Systeme.<\/p>\n<a href=\"https:\/\/www.oceaneering.com\/de\/asset-integrity-management\/pressure-systems\/\" target=\"_self\">Mehr erfahren<\/a>\t\t\t\n\t\t\t\t<img decoding=\"async\" src=\"https:\/\/www.oceaneering.com\/wp-content\/uploads\/2025\/06\/Fixed-and-Floating-Structures-1.png\" alt=\"Icon of an oil platform showing services related to fixed and floating structures.\" title=\"Feste und schwimmende Bauwerke 1\" itemprop=\"image\"\/>\n\t\t<h3>Feste und schwimmende Bauwerke<\/h3>\n\t\t\t\t<p>Gew\u00e4hrleistung der strukturellen Sicherheit und Funktionalit\u00e4t sowie der Einhaltung von Vorschriften und Industriestandards.<\/p>\n<a href=\"https:\/\/www.oceaneering.com\/de\/asset-integrity-management\/fixed-and-floating-structures\/\" target=\"_self\">Mehr erfahren<\/a>\t\t\t\n\t\t\t\t<img decoding=\"async\" src=\"https:\/\/www.oceaneering.com\/wp-content\/uploads\/2025\/06\/Onshore-Pipelines.png\" alt=\"Icon of a pipeline showing services related to onshore pipelines.\" title=\"Onshore-Pipelines\" itemprop=\"image\"\/>\n\t\t<h3>Onshore-Pipelines<\/h3>\n\t\t\t\t<p>Nutzen Sie einen proaktiven, datengesteuerten Ansatz, um Ausf\u00e4lle zu vermeiden, die Wartung zu optimieren und einen sicheren, gesetzeskonformen Betrieb zu gew\u00e4hrleisten.<\/p>\n<a href=\"https:\/\/www.oceaneering.com\/de\/asset-integrity-management\/onshore-pipelines\/\" target=\"_self\">Mehr erfahren<\/a>\t\t\t\n\t\t\t\t<img decoding=\"async\" src=\"https:\/\/www.oceaneering.com\/wp-content\/uploads\/2025\/06\/Offshore-Pipeline-and-Subsea-Structure-1.png\" alt=\"Icon of a subsea structure showing services related to offshore pipeline and subsea structures.\" title=\"Offshore-Pipeline und Unterwasserstruktur 1\" itemprop=\"image\"\/>\n\t\t<h3>Unterwasser-Verm\u00f6genswerte<\/h3>\n\t\t\t\t<p>Bek\u00e4mpfung von Korrosion, Erosion, Materialverschlechterung, Strukturversagen und Bedrohungen durch Dritte.<\/p>\n<a href=\"https:\/\/www.oceaneering.com\/de\/asset-integrity-management\/subsea-assets\/\" target=\"_self\">Mehr erfahren<\/a>\t\t\t\n\t\t\t\t<img decoding=\"async\" src=\"https:\/\/www.oceaneering.com\/wp-content\/uploads\/2025\/06\/Storage-Tanks-and-Associated-Pipework.png\" alt=\"Icon of two storage tanks showing services related to storage tanks and associated pipework.\" title=\"Lagertanks und zugeh\u00f6rige Rohrleitungen\" itemprop=\"image\"\/>\n\t\t<h3>Lagertanks und zugeh\u00f6rige Rohrleitungen<\/h3>\n\t\t\t\t<p>Kombinieren Sie Inspektion und Engineering, um die Wartungsplanung zu optimieren und die Sicherheit und Langlebigkeit Ihrer Anlagen zu gew\u00e4hrleisten.<\/p>\n<a href=\"https:\/\/www.oceaneering.com\/de\/asset-integrity-management\/storage-tanks-and-associated-pipework\/\" target=\"_self\">Mehr erfahren<\/a>\t\t\t\n\t\t\t\t<img decoding=\"async\" src=\"https:\/\/www.oceaneering.com\/wp-content\/uploads\/2025\/06\/Cranes-and-Lifting-Equipment-1.png\" alt=\"Icon of an oil platform showing services related to fixed and floating structures.\" title=\"Kr\u00e4ne und Hebezeuge 1\" itemprop=\"image\"\/>\n\t\t<h3>Kr\u00e4ne und Hebezeuge<\/h3>\n\t\t\t\t<p>Rationalisierung der Inspektion, \u00dcberpr\u00fcfung durch Dritte und Zertifizierung von Kr\u00e4nen und Hebezeugen, sowohl an Land als auch auf See.<\/p>\n<a href=\"https:\/\/www.oceaneering.com\/de\/asset-integrity-management\/inspection\/crane-lifting\/\" target=\"_self\">Mehr erfahren<\/a>\t\t\t\n\t\t\t\t<img loading=\"lazy\" decoding=\"async\" src=\"https:\/\/www.oceaneering.com\/wp-content\/uploads\/2023\/11\/Floating_Windmill_SM_image_02.jpg\" alt=\"Floating_Windmill_SM_image_02\" itemprop=\"image\" height=\"698\" width=\"1080\" title=\"Schwebende_Windm\u00fchle_SM_image_02\" onerror=\"this.style.display='none'\"  \/>\n<h2>\n\t\tVerbesserte Einsicht \u00fcber Branchen hinweg\n\t<\/h2>\n\t<p>Mit unserer globalen Pr\u00e4senz, unserem zertifizierten Personal, unserem technischen Know-how unter schwierigen Bedingungen und unserer F\u00e4higkeit, rund um die Uhr umfassenden Support zu bieten, sind wir einzigartig positioniert, um eine Vielzahl von Branchen mit un\u00fcbertroffenen Dienstleistungen im Bereich Asset Integrity Management zu unterst\u00fctzen.<\/p>\n<ul>\n<li><strong>\u00d6l und Gas<\/strong>\n<ul>\n<li>Upstream, Midstream, Downstream, Onshore, Offshore, Subsea und Topside<\/li>\n<\/ul>\n<\/li>\n<li><strong>Erneuerbare und kohlenstoffarme Energie<\/strong>\n<ul>\n<li>Offshore-Wind, Kernenergie, Wasserstoff und Kohlenstoffabscheidung und -speicherung<\/li>\n<\/ul>\n<\/li>\n<li><strong>Konstruktion und Fabrikation<\/strong>\n<ul>\n<li>Infrastruktur, Br\u00fccken, Stadien und mehr<\/li>\n<\/ul>\n<\/li>\n<\/ul>\n<h2>\n\t\tSt\u00e4rken Sie Ihren Betrieb mit integrierten L\u00f6sungen \n\t<\/h2>\n<h3>\n\t\tEinen integrierten Ansatz w\u00e4hlen\n\t<\/h3>\n\t<p>Verbessern Sie die Effizienz und minimieren Sie Ausfallzeiten mit unserem ganzheitlichen Ansatz, der Integrit\u00e4tsmanagement und fortschrittliche Inspektion integriert.<\/p>\n<h3>\n\t\tNutzung von Spitzentechnologie \n\t<\/h3>\n\t<p>Verbessern Sie die Zuverl\u00e4ssigkeit, Datengenauigkeit und Sicherheit durch den Einsatz fortschrittlicher Inspektionstechnologien und integrit\u00e4tsorientierter Softwareplattformen.<\/p>\n<h3>\n\t\tDaten zur Entscheidungsfindung nutzen   \n\t<\/h3>\n\t<p>Vertrauen Sie auf unser technisches Fachwissen, damit Sie Ihre Ausgaben optimieren und sich auf die wichtigsten Bereiche konzentrieren k\u00f6nnen.<\/p>\n<h3>\n\t\tMehr Integrit\u00e4t und Sicherheit \n\t<\/h3>\n\t<p>Sie erf\u00fcllen die h\u00f6chsten Sicherheits-, Konformit\u00e4ts- und Zuverl\u00e4ssigkeitsstandards und gew\u00e4hrleisten die Funktionalit\u00e4t und Langlebigkeit Ihrer Anlagen.<\/p>\n<h2>\n\t\tH\u00e4ufig gestellte Fragen\n\t<\/h2>\n\t<p>Wie kann Oceaneering Ihr Asset Integrity Management ver\u00e4ndern?<\/p>\n\t\t\t\t\t\t<h5>What makes Oceaneering&#8217;s approach to asset integrity different?<\/h5>\n\t\t\t<p>We don&#8217;t just offer services-we deliver engineer-driven integrated solutions. Our approach combines advanced inspection technologies, integrity management, engineering expertise, and software solutions to give you a complete picture of your assets and operations.<\/p>\n\t\t\t\t\t\t<h5>Wie nutzt Oceaneering Technologien zur Verbesserung der Leistung?<\/h5>\n\t\t\t<p>We use cutting-edge tools and platforms to enhance data accuracy, streamline inspections, and support smarter decision-making. It&#8217;s all about using the right tech to drive real-world results.<\/p>\n\t\t\t\t\t\t<h5>Kann Oceaneering helfen, Ausfallzeiten zu reduzieren?<\/h5>\n\t\t\t<p>Ganz genau. Unsere ganzheitliche Strategie ist darauf ausgerichtet, die Effizienz zu verbessern und Ausfallzeiten zu minimieren. Unsere St\u00e4rken im Bereich der Integrit\u00e4tstechnik in Verbindung mit unseren Inspektionsf\u00e4higkeiten sind ideal, um Problemen zuvorzukommen, bevor sie zu Problemen werden. Der Einsatz fortschrittlicher Technik wie unser Ansatz zur Automatisierung der RBI kann Ihnen auch dabei helfen, Inspektionen aufzuschieben und so Zeit und Kosten zu sparen, w\u00e4hrend Ihr Betrieb weiterl\u00e4uft.<\/p>\n\t\t\t\t\t\t<h5>Wie steht es um die Sicherheit und die Einhaltung der Vorschriften?<\/h5>\n\t\t\t<p>Safety is non-negotiable. We help you meet the highest standards for safety, compliance, and reliability-ensuring your assets are not only functional but built to last.<\/p>\n\t\t\t\t\t\t<h5>Wie unterst\u00fctzt Oceaneering die Kostenoptimierung?<\/h5>\n\t\t\t<p>Unsere technischen Teams arbeiten eng mit Ihnen zusammen, um die wichtigsten Problembereiche zu ermitteln und Ihre Ausgaben zu optimieren. Wir nutzen Daten, um Ihre Ressourcen dort zu konzentrieren, wo sie am wichtigsten sind, ohne Kompromisse bei Qualit\u00e4t, Sicherheit oder Compliance einzugehen.<\/p>\n\t\t\t\t\t\t<h5>Warum investiert Oceaneering so viel Zeit und M\u00fche in die Entwicklung eigener L\u00f6sungen?<\/h5>\n\t\t\t<p>We develop solutions in-house because we know that all tools are not one-size-fits-all. Our teams work in some of the world&#8217;s most complex and demanding environments, enabling them to understand key integrity concerns at their core. By building our own technology, we maintain full control over performance, safety, and adaptability. It allows us to move faster, respond smarter, and deliver tools that are precisely engineered for the challenges our clients face, ensuring reliability, driving efficiency, and staying ahead of what&#8217;s next.<\/p>\n\t\t\t\t\t\t<h5>Werden alle Ihre Softwareplattformen und Inspektionstechnologien intern entwickelt?<\/h5>\n\t\t\t<p>Nein. Wir entwickeln interne L\u00f6sungen und integrieren Produkte von Drittanbietern, um unseren Kunden die robustesten und wertorientiertesten L\u00f6sungen zu bieten. Einige Beispiele sind die Erweiterung unserer 3D-Modellierungsf\u00e4higkeiten durch den Erwerb von <a href=\"https:\/\/investors.oceaneering.com\/news\/news-details\/2024\/Oceaneering-Acquires-Global-Design-Innovation-Ltd\/default.aspx\" target=\"_blank\" rel=\"noopener\">GDi<\/a> und die Durchf\u00fchrung von internen Tankinspektionen mit Drohnensystemen von Drittanbietern.<\/p>\n\t\t\t\t\t\t<h5>Warum sollte ich Oceaneering die Integrit\u00e4t meines Verm\u00f6gens anvertrauen?<\/h5>\n\t\t\t<p>Because we bring significant expertise, proven technology, and a commitment to excellence. From inspection to analytics, we&#8217;re here to help you protect your assets and power your performance.<\/p>\n\t\t\t<a href=\"#contact\" target=\"_self\">\n\t\t\t\t\t\t\tHaben Sie weitere Fragen? Kontaktieren Sie uns.\n\t\t\t<\/a>\n\n\t\tKontakt\n\t\n<h2>\n\t\tUnser Expertenteam ist bereit, Ihnen den Einstieg zu erleichtern.\n\t<\/h2>\n\t<p>Oceaneering bietet erstklassige Produkte und L\u00f6sungen, die sich durch unvergleichliche Qualit\u00e4t, Zuverl\u00e4ssigkeit und globalen Support auszeichnen. F\u00fcllen Sie das Anfrageformular aus, um noch heute ein Gespr\u00e4ch zu beginnen.<\/p>","protected":false},"excerpt":{"rendered":"<p>Discuss a Project Asset Integrity Management Minimize downtime and improve your operational efficiency by leveraging our integrated approach, combining expert engineering, software platforms, and advanced inspection technology. Enhance Efficiency and Reliability We deliver unparalleled value and peace of mind with industry-trusted services and technologies that ensure the reliability and longevity of your assets. Adopt a &#8230; <a title=\"Integrit\u00e4tsmanagement von Verm\u00f6genswerten\" class=\"read-more\" href=\"https:\/\/www.oceaneering.com\/de\/asset-integrity-management\/\" aria-label=\"Mehr Informationen \u00fcber Asset Integrity Management\">Weiterlesen ...<\/a><\/p>","protected":false},"author":19,"featured_media":0,"parent":0,"menu_order":2,"comment_status":"closed","ping_status":"closed","template":"","meta":{"_acf_changed":false,"footnotes":"","_links_to":"","_links_to_target":""},"product_category":[1205],"search_tags":[1800],"class_list":["post-59710","page","type-page","status-publish","product_category-asset-integrity-management","search_tags-asset-integrity"],"acf":[],"aioseo_notices":[],"_links":{"self":[{"href":"https:\/\/www.oceaneering.com\/de\/wp-json\/wp\/v2\/pages\/59710","targetHints":{"allow":["GET"]}}],"collection":[{"href":"https:\/\/www.oceaneering.com\/de\/wp-json\/wp\/v2\/pages"}],"about":[{"href":"https:\/\/www.oceaneering.com\/de\/wp-json\/wp\/v2\/types\/page"}],"author":[{"embeddable":true,"href":"https:\/\/www.oceaneering.com\/de\/wp-json\/wp\/v2\/users\/19"}],"replies":[{"embeddable":true,"href":"https:\/\/www.oceaneering.com\/de\/wp-json\/wp\/v2\/comments?post=59710"}],"version-history":[{"count":2,"href":"https:\/\/www.oceaneering.com\/de\/wp-json\/wp\/v2\/pages\/59710\/revisions"}],"predecessor-version":[{"id":80072,"href":"https:\/\/www.oceaneering.com\/de\/wp-json\/wp\/v2\/pages\/59710\/revisions\/80072"}],"wp:attachment":[{"href":"https:\/\/www.oceaneering.com\/de\/wp-json\/wp\/v2\/media?parent=59710"}],"wp:term":[{"taxonomy":"product_category","embeddable":true,"href":"https:\/\/www.oceaneering.com\/de\/wp-json\/wp\/v2\/product_category?post=59710"},{"taxonomy":"search_tags","embeddable":true,"href":"https:\/\/www.oceaneering.com\/de\/wp-json\/wp\/v2\/search_tags?post=59710"}],"curies":[{"name":"wp","href":"https:\/\/api.w.org\/{rel}","templated":true}]}}