{"id":59703,"date":"2023-10-18T15:41:07","date_gmt":"2023-10-18T19:41:07","guid":{"rendered":"https:\/\/oceaneering.com\/?page_id=59703"},"modified":"2025-12-05T03:41:18","modified_gmt":"2025-12-05T09:41:18","slug":"government-and-defense","status":"publish","type":"page","link":"https:\/\/www.oceaneering.com\/de\/government-and-defense\/","title":{"rendered":"Regierung und Verteidigung"},"content":{"rendered":"<h1>Regierung und Verteidigung<\/h1>\r\n<p>Wir sind ein zuverl\u00e4ssiger Partner, der technische L\u00f6sungen, Dienstleistungen und Fertigung f\u00fcr den kommerziellen Sektor, das US-Verteidigungsministerium und die NASA anbietet.<\/p>\r\n<p>Wir arbeiten mit Ihnen zusammen, um innovative L\u00f6sungen zu liefern, die die Entwicklung und Anwendung praktischer, kosteneffizienter Systeme unterst\u00fctzen, mit denen sich Herausforderungen meistern lassen - von der Routine bis hin zu extremen Herausforderungen.<\/p>\r\n<p>Unsere Erfahrung und unser Fachwissen in verschiedenen Branchen machen uns zu einem f\u00fchrenden Unternehmen auf dem Markt f\u00fcr Regierungs- und Verteidigungsdienstleistungen. Unsere Produkte und Dienstleistungen erf\u00fcllen die strengen Anforderungen der komplexen Umgebungen, in denen sie eingesetzt werden, und liefern Ergebnisse mit kompromissloser Sicherheit und Zuverl\u00e4ssigkeit.<\/p>\r\n<h2>Oceaneering Technologien<\/h2>\r\n<p>Oceaneering Technologies (OTECH) entwirft, baut und betreibt einzigartige maritime und spezialisierte Systeme f\u00fcr Regierungs-, Milit\u00e4r- und Handelskunden. Technisches Fachwissen gepaart mit umfassender Offshore-Erfahrung erm\u00f6glicht die Entwicklung pragmatischer L\u00f6sungen und die Lieferung zuverl\u00e4ssiger Systeme.<\/p>\r\n<p>Wir haben uns auf die Konstruktion von Ger\u00e4ten spezialisiert, die in rauen Umgebungen betrieben werden, indem wir L\u00f6sungen entwickeln, die die Auswirkungen von biologischem Bewuchs, Korrosion und langfristiger Exposition effektiv bew\u00e4ltigen.<\/p>\r\n<p><a href=\"https:\/\/www.oceaneering.com\/de\/oceaneering-technologies\/\" target=\"_self\" rel=\"noopener\"> Mehr erfahren <\/a><\/p>\r\n<h3><a href=\"https:\/\/careers.oceaneering.com\/global\/en\/search-results?keywords=otech\" target=\"_blank\" rel=\"noopener\">Wir stellen ein!<\/a><\/h3>\r\n<p>Erfahren Sie mehr \u00fcber unsere aktuellen Stellenangebote bei OTECH<\/p>\r\n<p><a href=\"https:\/\/careers.oceaneering.com\/global\/en\/search-results?keywords=otech\" target=\"_blank\" rel=\"noopener\">Mehr lesen<\/a><\/p>\r\n<h2>Oceaneering Raumfahrtsysteme<\/h2>\r\n<p>Oceaneering Space Systems (OSS) - mit einem idealen Standort in der N\u00e4he des Johnson Space Centers in Houston, Texas - entwickelt, integriert und wendet neue und bew\u00e4hrte Technologien an, um den Herausforderungen der Arbeit im Weltraum und in anderen rauen Umgebungen gerecht zu werden.<\/p>\r\n<p>Seit mehr als 35 Jahren beliefern wir das US-Verteidigungsministerium, die NASA, deren Auftragnehmer und kommerzielle Anbieter von Tr\u00e4gerraketen mit Hardware-Systemen und -Ausr\u00fcstung f\u00fcr die Raumfahrt. Unser Leistungsspektrum umfasst eine breite Palette von Produkten und Dienstleistungen, darunter weltraumgest\u00fctzte Robotik und Automatisierung, Satellitenservice, bemannte Raumfahrtsysteme und W\u00e4rmeschutzsysteme.<\/p>\r\n<p><a href=\"https:\/\/www.oceaneering.com\/de\/space-systems\/\" target=\"_self\" rel=\"noopener\"> Mehr erfahren <\/a><\/p>\r\n<h3><a href=\"https:\/\/www.oceaneering.com\/de\/space-systems\/#recruiting\" target=\"_blank\" rel=\"noopener\">Wir stellen ein!<\/a><\/h3>\r\n<p>Erfahren Sie mehr \u00fcber unsere aktuellen Stellenangebote bei Space Systems<\/p>\r\n<p><a href=\"https:\/\/www.oceaneering.com\/de\/space-systems\/#recruiting\" target=\"_blank\" rel=\"noopener\">Mehr lesen<\/a><\/p>\r\n<h2>Abteilung Marine Services<\/h2>\r\n<p>Unsere Marine Services Division verf\u00fcgt \u00fcber mehr als 30 Jahre Erfahrung in der Bereitstellung von Full-Service-Schiffsreparaturen f\u00fcr Schiffe der U.S. Navy, einschlie\u00dflich U-Booten, \u00dcberwasserschiffen und -booten sowie Tieftauchsystemen.<\/p>\r\n<p>In unseren hochmodernen Einrichtungen in Chesapeake, Virginia, sind wir f\u00fcr SUBSAFE- und DSS-SOC-Reparaturen zertifiziert und haben uns auf die Konstruktion, Reparatur, Wartung, Modifizierung und Installation von Schiffsk\u00f6rpern, mechanischen und elektrischen Systemen spezialisiert.<\/p>\r\n<p>Wir f\u00fchren Wartungsarbeiten an Anlagen durch, die in anspruchsvollen Umgebungen betrieben werden. Dank weltweiter Standorte und Zertifizierungen k\u00f6nnen wir selbst die zeitkritischsten und kritischsten Fristen einhalten.<\/p>\r\n<p><a href=\"https:\/\/www.oceaneering.com\/de\/marine-services-division\/\" target=\"_self\" rel=\"noopener\"> Mehr erfahren <\/a><\/p>\r\n<h1>Kontakt<\/h1>\r\n<h2>Unser Expertenteam ist bereit, Ihnen den Einstieg zu erleichtern.<\/h2>\r\n<p>Oceaneering bietet erstklassige Produkte und L\u00f6sungen, die sich durch unvergleichliche Qualit\u00e4t, Zuverl\u00e4ssigkeit und globalen Support auszeichnen. F\u00fcllen Sie das Anfrageformular aus, um noch heute ein Gespr\u00e4ch zu beginnen.<\/p>","protected":false},"excerpt":{"rendered":"<p>Regierung und Verteidigung Wir sind ein zuverl\u00e4ssiger Partner, der technische L\u00f6sungen, Dienstleistungen und Fertigung f\u00fcr den kommerziellen Sektor, das US-Verteidigungsministerium und die NASA anbietet. Wir arbeiten mit Ihnen zusammen, um innovative L\u00f6sungen zu liefern, die die Entwicklung und Anwendung praktischer, kosteneffizienter Systeme unterst\u00fctzen, die Herausforderungen meistern - von der Routine bis hin zu extremen Herausforderungen. Unsere Erfahrung und unser Fachwissen in ... <a title=\"Regierung und Verteidigung\" class=\"read-more\" href=\"https:\/\/www.oceaneering.com\/de\/government-and-defense\/\" aria-label=\"Mehr Informationen \u00fcber Regierung und Verteidigung\">Weiterlesen ...<\/a><\/p>","protected":false},"author":19,"featured_media":0,"parent":0,"menu_order":2,"comment_status":"closed","ping_status":"closed","template":"","meta":{"_acf_changed":false,"footnotes":"","_links_to":"","_links_to_target":""},"product_category":[1482,1461,1475],"search_tags":[1625,1626,1489,1515,1795,1787],"class_list":["post-59703","page","type-page","status-publish","product_category-marine-services-division-msd","product_category-oceaneering-technologies-otech","product_category-space-systems","search_tags-msd","search_tags-navy","search_tags-otech","search_tags-oss","search_tags-robotics-and-automation","search_tags-space-systems"],"acf":[],"aioseo_notices":[],"_links":{"self":[{"href":"https:\/\/www.oceaneering.com\/de\/wp-json\/wp\/v2\/pages\/59703","targetHints":{"allow":["GET"]}}],"collection":[{"href":"https:\/\/www.oceaneering.com\/de\/wp-json\/wp\/v2\/pages"}],"about":[{"href":"https:\/\/www.oceaneering.com\/de\/wp-json\/wp\/v2\/types\/page"}],"author":[{"embeddable":true,"href":"https:\/\/www.oceaneering.com\/de\/wp-json\/wp\/v2\/users\/19"}],"replies":[{"embeddable":true,"href":"https:\/\/www.oceaneering.com\/de\/wp-json\/wp\/v2\/comments?post=59703"}],"version-history":[{"count":2,"href":"https:\/\/www.oceaneering.com\/de\/wp-json\/wp\/v2\/pages\/59703\/revisions"}],"predecessor-version":[{"id":80147,"href":"https:\/\/www.oceaneering.com\/de\/wp-json\/wp\/v2\/pages\/59703\/revisions\/80147"}],"wp:attachment":[{"href":"https:\/\/www.oceaneering.com\/de\/wp-json\/wp\/v2\/media?parent=59703"}],"wp:term":[{"taxonomy":"product_category","embeddable":true,"href":"https:\/\/www.oceaneering.com\/de\/wp-json\/wp\/v2\/product_category?post=59703"},{"taxonomy":"search_tags","embeddable":true,"href":"https:\/\/www.oceaneering.com\/de\/wp-json\/wp\/v2\/search_tags?post=59703"}],"curies":[{"name":"wp","href":"https:\/\/api.w.org\/{rel}","templated":true}]}}