{"id":5,"date":"2017-05-24T17:12:39","date_gmt":"2017-05-24T17:12:39","guid":{"rendered":"http:\/\/ctframework.wpengine.com\/?page_id=5"},"modified":"2026-03-04T05:39:32","modified_gmt":"2026-03-04T11:39:32","slug":"home","status":"publish","type":"page","link":"https:\/\/www.oceaneering.com\/de\/","title":{"rendered":"Startseite"},"content":{"rendered":"Ein neues Robotik-Kraftpaket\n<h1>\n\t\tEinf\u00fchrung des Momentum\u2122 Electric Work Class ROV\n\t<\/h1>\n\n\t\tDieses elektrische Antriebssystem der n\u00e4chsten Generation unterst\u00fctzt ausgedehnte Unterwasserkampagnen mit bis zu 30 Tagen Wartungsfreiheit in komplexen Umgebungen.\n\t\n\t\t\t<a href=\"https:\/\/www.oceaneering.com\/de\/rov-services\/rov-systems\/momentum-electric-rov\/\" target=\"_self\">\n\t\t\t\t\t\t\tMehr erfahren\n\t\t\t<\/a>\n\t\t\t\t<img decoding=\"async\" src=\"https:\/\/oceaneering.com\/wp-content\/uploads\/2024\/01\/Group-2772.png\" alt=\"Group 2772\" itemprop=\"image\" title=\"Gruppe 2772\" onerror=\"this.style.display='none'\"  \/>\n<h2>\n\t\tEngagement f\u00fcr Sicherheit, Schutz und Qualit\u00e4t \n\t<\/h2>\n\n\t\tMit fortschrittlichem technischem Know-how und f\u00fchrender Technologie bieten wir integrierte L\u00f6sungen und Dienstleistungen, die Ihre einzigartigen Herausforderungen meistern - sicher und zuverl\u00e4ssig.\n\t\n\t\t\t<a href=\"https:\/\/www.oceaneering.com\/de\/contact-us\/\" target=\"_self\">\n\t\t\t\t\t\t\tEin Projekt besprechen\n\t\t\t<\/a>\n<h2>\n\t\tFachmessen, Webinare und Events\n\t<\/h2>\n\n\t\tTauschen Sie sich bei unseren Webinaren, Kundenveranstaltungen, Messen und Branchenveranstaltungen mit den Fachleuten von Oceaneering aus und erfahren Sie, wie wir mit unseren fortschrittlichen Technologien das Unl\u00f6sbare l\u00f6sen.\n\t\n\t\t\t<a href=\"https:\/\/www.oceaneering.com\/de\/news-media\/events\/\" target=\"_self\">\n\t\t\t\t\t\t\tAlle sehen\n\t\t\t<\/a>\n<h2>\n\t\tDie Erwartungen \u00fcbertreffen\n\t<\/h2>\n\t<p>Wir verstehen die komplexen Probleme, mit denen Sie konfrontiert sind, und wir sind hier, um Ihre Abl\u00e4ufe und Projekte zu vereinfachen und zu unterst\u00fctzen - von Routine bis hin zu extremen Situationen.<\/p>\n\t\t<!-- Comment to fix spacing issue\n\t-->\n\t\t0 Jahre\n\t<!-- Comment to fix spacing issue\n\t-->\t\n\n\t\tder Bereitstellung optimierter L\u00f6sungen\n\t\n\t\t<!-- Comment to fix spacing issue\n\t-->\n\t\t0+\n\t<!-- Comment to fix spacing issue\n\t-->\t\n\n\t\terfahrene Mitarbeiter, die Ergebnisse liefern\n\t\n\t\t<!-- Comment to fix spacing issue\n\t-->\n\t\t0+\n\t<!-- Comment to fix spacing issue\n\t-->\t\n\n\t\tEinsatzorte in 24 L\u00e4ndern auf sechs Kontinenten\n\t\n\t\t\t\t\t\t\t\t\t<h3>Echte, wirksame L\u00f6sungen.<\/h3>\n\t\t\t\t\t\t\t\t\t<p>Entdecken Sie, wie unsere kreativen Innovationen Herausforderungen in Chancen verwandeln und greifbare Ergebnisse liefern, auf die Sie sich verlassen k\u00f6nnen.<\/p>\n\t\t\t\t\t\t<a href=\"https:\/\/www.oceaneering.com\/de\/resources\/?_content_types=case-study\" target=\"_self\">\n\t\t\t\t\t\t\t\tAlle Fallstudien anzeigen\t\t\t\t\t\t\t\n\t\t\t\t\t\t\t\t\t\t\t\t\t<\/a>\n\t\t\t\t\t\t<button>\n\t\t\t\t\t\t\tVorherige\n\t\t\t\t\t\t<\/button>\n\t\t\t\t\t\t<button>\n\t\t\t\t\t\t\tWeiter\n\t\t\t\t\t\t<\/button>\n\t\t\t\t\t\t\t<a href=\"https:\/\/www.oceaneering.com\/de\/case-studies\/template-case-study\/\">\n\t\t\t\t\t\t\t\t\t\t<img decoding=\"async\" src=\"\" alt=\"\"\/>\n\t\t\t\t\t\t\t\t\t\t<h3>Private: Template Case Study<\/h3>\n\t\t\t\t\t\t\t\t\t\t<h3>Private: Template Case Study<\/h3>\n\t\t\t\t\t\t\t\t\t\t\t\t\t\t\t\t\t\t\t\t\t<p>Challenges Lorem ipsum dolor sit amet, consectetur adipiscing elit. Nunc luctus sapien nec egestas rutrum. Sed sagittis ex&#8230;<\/p>\n\t\t\t\t\t\t\t\t\t\t\tMehr erfahren\n\t\t\t\t\t\t\t<\/a>\n\t\t\t\t\t\t\t<a href=\"https:\/\/www.oceaneering.com\/de\/case-studies\/high-precision-subsea-survey-and-torpedo-anchor-support-for-fpso-mooring-line-hook-up\/\">\n\t\t\t\t\t\t\t\t\t\t<img decoding=\"async\" src=\"https:\/\/www.oceaneering.com\/wp-content\/uploads\/2026\/03\/Torpedo-Survey-1-copy.webp\" alt=\"\"\/>\n\t\t\t\t\t\t\t\t\t\t<h3>Private: High-Precision Subsea Survey and Torpedo Anchor Support for FPSO Mooring Line Hook Up<\/h3>\n\t\t\t\t\t\t\t\t\t\t<h3>Private: High-Precision Subsea Survey and Torpedo Anchor Support for FPSO Mooring Line Hook Up<\/h3>\n\t\t\t\t\t\t\t\t\t\t\t\t\t\t\t\t\t\t\t\t\t<p>In 2025, our team completed a multi-year project focused on survey and installation scopes for a floating&#8230;<\/p>\n\t\t\t\t\t\t\t\t\t\t\tMehr erfahren\n\t\t\t\t\t\t\t<\/a>\n\t\t\t\t\t\t\t<a href=\"https:\/\/www.oceaneering.com\/de\/case-studies\/delivering-fpso-life-extension-through-integrated-offshore-operations\/\">\n\t\t\t\t\t\t\t\t\t\t<img decoding=\"async\" src=\"https:\/\/www.oceaneering.com\/wp-content\/uploads\/2026\/01\/Single-Vessel-3-copy.webp\" alt=\"Oceaneering ROV and a diver work subsea in tandem on a large piece of subsea infrastructure in order to extend the life of an FPSO offshore Angola.\"\/>\n\t\t\t\t\t\t\t\t\t\t<h3>Verl\u00e4ngerung der Lebensdauer von FPSOs durch integrierten Offshore-Betrieb<\/h3>\n\t\t\t\t\t\t\t\t\t\t<h3>Verl\u00e4ngerung der Lebensdauer von FPSOs durch integrierten Offshore-Betrieb<\/h3>\n\t\t\t\t\t\t\t\t\t\t\t\t\t\t\t\t\t\t\t\t\t<p>Im April 2025 haben Ocean Installer und Oceaneering ein bedeutendes gemeinsames Projekt f\u00fcr ein gro\u00dfes...<\/p>\n\t\t\t\t\t\t\t\t\t\t\tMehr erfahren\n\t\t\t\t\t\t\t<\/a>\n\t\t\t\t\t\t\t<a href=\"https:\/\/www.oceaneering.com\/de\/case-studies\/automating-success-compactmover-agv-integration-at-ausnutria\/\">\n\t\t\t\t\t\t\t\t\t\t<img decoding=\"async\" src=\"https:\/\/www.oceaneering.com\/wp-content\/uploads\/2026\/01\/OMR-Case-study-scaled.webp\" alt=\"CompactMover\u2122 AGV integration transporting large bulk bags on pallets in an automated intralogistics environment at Ausnutria\"\/>\n\t\t\t\t\t\t\t\t\t\t<h3>Automatisierter Erfolg: CompactMover\u2122 AGV-Integration bei Ausnutria<\/h3>\n\t\t\t\t\t\t\t\t\t\t<h3>Automatisierter Erfolg: CompactMover\u2122 AGV-Integration bei Ausnutria<\/h3>\n\t\t\t\t\t\t\t\t\t\t\t\t\t\t\t\t\t\t\t\t\t<p>Ausnutria, ein f\u00fchrender Hersteller von S\u00e4uglingsnahrung mit Sitz in den Niederlanden, hat vier fahrerlose Transportfahrzeuge in einem...<\/p>\n\t\t\t\t\t\t\t\t\t\t\tMehr erfahren\n\t\t\t\t\t\t\t<\/a>\n\t\t\t\t\t\t\t<a href=\"https:\/\/www.oceaneering.com\/de\/case-studies\/fracture-mechanics-assessment-of-non-impact-tested-c-steel-pipework-at-risk-of-cold-temperature-exposu\/\">\n\t\t\t\t\t\t\t\t\t\t<img decoding=\"async\" src=\"https:\/\/www.oceaneering.com\/wp-content\/uploads\/2026\/01\/OMR-Case-study-scaled.webp\" alt=\"CompactMover\u2122 AGV integration transporting large bulk bags on pallets in an automated intralogistics environment at Ausnutria\"\/>\n\t\t\t\t\t\t\t\t\t\t<h3>Privat: Bruchmechanische Bewertung von nicht-schlaggepr\u00fcften C-Stahl-Rohrleitungen, die durch K\u00e4lteeinwirkung gef\u00e4hrdet sind<\/h3>\n\t\t\t\t\t\t\t\t\t\t<h3>Privat: Bruchmechanische Bewertung von nicht-schlaggepr\u00fcften C-Stahl-Rohrleitungen, die durch K\u00e4lteeinwirkung gef\u00e4hrdet sind<\/h3>\n\t\t\t\t\t\t\t\t\t\t\t\t\t\t\t\t\t\t\t\t\t<p>W\u00e4hrend der Stillstandsvorbereitungen in einer 20 Jahre alten Erdgasverarbeitungsanlage im asiatisch-pazifischen Raum sah sich unser Kunde...<\/p>\n\t\t\t\t\t\t\t\t\t\t\tMehr erfahren\n\t\t\t\t\t\t\t<\/a>\n\t\t\t\t\t\t\t<a href=\"https:\/\/www.oceaneering.com\/de\/case-studies\/delivering-confidence-through-hisc-assessment-of-subsea-cra-pipelines\/\">\n\t\t\t\t\t\t\t\t\t\t<img decoding=\"async\" src=\"https:\/\/www.oceaneering.com\/wp-content\/uploads\/2026\/01\/OMR-Case-study-scaled.webp\" alt=\"CompactMover\u2122 AGV integration transporting large bulk bags on pallets in an automated intralogistics environment at Ausnutria\"\/>\n\t\t\t\t\t\t\t\t\t\t<h3>Privat: Vertrauen schaffen durch HISC-Bewertung von Unterwasser-CRA-Pipelines<\/h3>\n\t\t\t\t\t\t\t\t\t\t<h3>Privat: Vertrauen schaffen durch HISC-Bewertung von Unterwasser-CRA-Pipelines<\/h3>\n\t\t\t\t\t\t\t\t\t\t\t\t\t\t\t\t\t\t\t\t\t<p>Die Integrit\u00e4t von Pipelines ist f\u00fcr einen sicheren und zuverl\u00e4ssigen Offshore-Betrieb unerl\u00e4sslich. Wir wurden beauftragt, wasserstoffinduzierte Spannungsrisse zu bewerten...<\/p>\n\t\t\t\t\t\t\t\t\t\t\tMehr erfahren\n\t\t\t\t\t\t\t<\/a>\n\t\t\t\t\t\t\t<a href=\"https:\/\/www.oceaneering.com\/de\/case-studies\/solving-the-challenges-of-fabric-maintenance-leveraging-software-platform-to-increase-efficiency-and-cost-savings\/\">\n\t\t\t\t\t\t\t\t\t\t<img decoding=\"async\" src=\"https:\/\/www.oceaneering.com\/wp-content\/uploads\/2023\/11\/shutterstock_164419370-1.jpg\" alt=\"Offshore oil and gas platform.\"\/>\n\t\t\t\t\t\t\t\t\t\t<h3>Privat: Die Herausforderungen der Fabric Maintenance l\u00f6sen: Nutzung der Software-Plattform zur Steigerung der Effizienz und Kosteneinsparung<\/h3>\n\t\t\t\t\t\t\t\t\t\t<h3>Privat: Die Herausforderungen der Fabric Maintenance l\u00f6sen: Nutzung der Software-Plattform zur Steigerung der Effizienz und Kosteneinsparung<\/h3>\n\t\t\t\t\t\t\t\t\t\t\t\t\t\t\t\t\t\t\t\t\t<p>Oceaneering hat k\u00fcrzlich das Jahr 12 eines laufenden SOLV-Programms f\u00fcr einen gro\u00dfen Energieerzeuger und dessen...<\/p>\n\t\t\t\t\t\t\t\t\t\t\tMehr erfahren\n\t\t\t\t\t\t\t<\/a>\n\t\t\t\t\t\t\t<a href=\"https:\/\/www.oceaneering.com\/de\/case-studies\/tennis-ball-sized-technology-overcomes-common-pigging-issues-to-improve-pipeline-inspection\/\">\n\t\t\t\t\t\t\t\t\t\t<img decoding=\"async\" src=\"https:\/\/www.oceaneering.com\/wp-content\/uploads\/2025\/11\/Pipe.webp\" alt=\"\"\/>\n\t\t\t\t\t\t\t\t\t\t<h3>Tennisballgro\u00dfe Technologie \u00fcberwindet g\u00e4ngige Molchprobleme und verbessert die Inspektion von Pipelines<\/h3>\n\t\t\t\t\t\t\t\t\t\t<h3>Tennisballgro\u00dfe Technologie \u00fcberwindet g\u00e4ngige Molchprobleme und verbessert die Inspektion von Pipelines<\/h3>\n\t\t\t\t\t\t\t\t\t\t\t\t\t\t\t\t\t\t\t\t\t<p>Angesichts wachsender Herausforderungen und eines Inspektionsr\u00fcckstands in seinem Pipeline-Inspektionsprogramm brauchte ein Kunde eine...<\/p>\n\t\t\t\t\t\t\t\t\t\t\tMehr erfahren\n\t\t\t\t\t\t\t<\/a>\n\t\t\t\t\t\t\t<a href=\"https:\/\/www.oceaneering.com\/de\/case-studies\/successful-special-periodic-survey-sps-and-under-water-inspection-in-lieu-of-dry-docking-uwild-scope-enables-client-to-remain-on-critical-path\/\">\n\t\t\t\t\t\t\t\t\t\t<img decoding=\"async\" src=\"https:\/\/www.oceaneering.com\/wp-content\/uploads\/2025\/09\/170-copy.webp\" alt=\"Image of underwater inspection of a vessel's outlet valves.\"\/>\n\t\t\t\t\t\t\t\t\t\t<h3>Erfolgreiche Spezielle Regelm\u00e4\u00dfige Besichtigung (SPS) und Unterwasserinspektion anstelle eines Trockendocks (UWILD) erm\u00f6glichen es dem Kunden, auf dem kritischen Pfad zu bleiben<\/h3>\n\t\t\t\t\t\t\t\t\t\t<h3>Erfolgreiche Spezielle Regelm\u00e4\u00dfige Besichtigung (SPS) und Unterwasserinspektion anstelle eines Trockendocks (UWILD) erm\u00f6glichen es dem Kunden, auf dem kritischen Pfad zu bleiben<\/h3>\n\t\t\t\t\t\t\t\t\t\t\t\t\t\t\t\t\t\t\t\t\t<p>Im Jahr 2025 haben wir eine SPS UWILD an Bord eines Bohrschiffs der 7. Nach der erfolgreichen Lieferung mehrerer globaler...<\/p>\n\t\t\t\t\t\t\t\t\t\t\tMehr erfahren\n\t\t\t\t\t\t\t<\/a>\n\t\t\t\t\t\t\t<a href=\"https:\/\/www.oceaneering.com\/de\/case-studies\/integrated-team-completes-fpso-mooring-line-inspection-off-coast-of-guyana\/\">\n\t\t\t\t\t\t\t\t\t\t<img decoding=\"async\" src=\"https:\/\/www.oceaneering.com\/wp-content\/uploads\/2025\/05\/FPSO-vessel.webp\" alt=\"Floating production storage and offloading (FPSO) vessel offshore.\"\/>\n\t\t\t\t\t\t\t\t\t\t<h3>Integriertes Team schlie\u00dft Inspektion der FPSO-Verankerungslinie vor der K\u00fcste Guyanas ab<\/h3>\n\t\t\t\t\t\t\t\t\t\t<h3>Integriertes Team schlie\u00dft Inspektion der FPSO-Verankerungslinie vor der K\u00fcste Guyanas ab<\/h3>\n\t\t\t\t\t\t\t\t\t\t\t\t\t\t\t\t\t\t\t\t\t<p>Im Juni 2024 schlossen wir erfolgreich eine umfangreiche Inspektion der Verankerungsleinen f\u00fcr zwei schwimmende Produktions-, Lager- und...<\/p>\n\t\t\t\t\t\t\t\t\t\t\tMehr erfahren\n\t\t\t\t\t\t\t<\/a>\n\t\tKarriere\n<h2>\n\t\tSind Sie bereit, einen neuen Weg einzuschlagen?\n\t<\/h2>\n\n\t\tWir definieren Arbeit neu als ein Tor zu transformativen L\u00f6sungen, die Branchen umgestalten. Ihre Chance, Pionierarbeit f\u00fcr die Zukunft zu leisten, beginnt hier, wo unser Engagement f\u00fcr Innovation, Sicherheit und Nachhaltigkeit alle Bem\u00fchungen antreibt.\n\t\n\t\t\t<a href=\"https:\/\/www.oceaneering.com\/de\/careers\/\" target=\"_self\">\n\t\t\t\t\t\t\tErstellen Sie Ihr n\u00e4chstes Abenteuer\n\t\t\t\t\t<\/a>\n\t\t\t\t<img decoding=\"async\" src=\"https:\/\/oceaneering.com\/wp-content\/uploads\/2024\/01\/Group-2768.png\" alt=\"Group 2768\" itemprop=\"image\" title=\"Fraktion 2768\" onerror=\"this.style.display='none'\"  \/>\n<h2>\n\t\tNeueste Pressemitteilungen\n\t<\/h2>\n\t\t\t<a href='https:\/\/www.oceaneering.com\/de\/oceaneering-secures-multi-year-inspection-contract-extension-in-norway\/' title='Oceaneering sichert sich eine mehrj\u00e4hrige Verl\u00e4ngerung des Inspektionsvertrags in Norwegen'><img width=\"1024\" height=\"683\" src=\"https:\/\/www.oceaneering.com\/wp-content\/uploads\/2023\/12\/19GR-0099-edited-1024x683.jpg\" alt=\"Rope Access Inspection\" itemprop=\"image\" decoding=\"async\" loading=\"lazy\" srcset=\"https:\/\/www.oceaneering.com\/wp-content\/uploads\/2023\/12\/19GR-0099-edited-1024x683.jpg 1024w, https:\/\/www.oceaneering.com\/wp-content\/uploads\/2023\/12\/19GR-0099-edited-300x200.jpg 300w, https:\/\/www.oceaneering.com\/wp-content\/uploads\/2023\/12\/19GR-0099-edited-768x512.jpg 768w, https:\/\/www.oceaneering.com\/wp-content\/uploads\/2023\/12\/19GR-0099-edited-1536x1024.jpg 1536w, https:\/\/www.oceaneering.com\/wp-content\/uploads\/2023\/12\/19GR-0099-edited-2048x1366.jpg 2048w, https:\/\/www.oceaneering.com\/wp-content\/uploads\/2023\/12\/19GR-0099-edited-18x12.jpg 18w\" sizes=\"auto, (max-width: 1024px) 100vw, 1024px\" title=\"Inspektion des seilunterst\u00fctzten Zugangs | Oceaneering\" \/><\/a>\n\t\t1\/22\/2026\n\t<h3><a href='https:\/\/www.oceaneering.com\/de\/oceaneering-secures-multi-year-inspection-contract-extension-in-norway\/' title='Oceaneering sichert sich eine mehrj\u00e4hrige Verl\u00e4ngerung des Inspektionsvertrags in Norwegen'>Oceaneering sichert sich eine mehrj\u00e4hrige Verl\u00e4ngerung des Inspektionsvertrags in Norwegen<\/a><\/h3>\n    \t<p>Houston - Oceaneering International, Inc. gab bekannt, dass sein Gesch\u00e4ftsbereich Integrity Management and Digital Solutions (IMDS) einen Vierjahresvertrag...<\/p>\n\t\t<a href=\"https:\/\/www.oceaneering.com\/de\/oceaneering-secures-multi-year-inspection-contract-extension-in-norway\/\">Mehr lesen <\/a>\n\t\t\t<a href='https:\/\/www.oceaneering.com\/de\/oceaneering-wins-asqe-diamond-award-for-quality-excellence\/' title='Oceaneering erh\u00e4lt ASQE Diamond Award f\u00fcr herausragende Qualit\u00e4t'><img width=\"1024\" height=\"819\" src=\"https:\/\/www.oceaneering.com\/wp-content\/uploads\/2025\/12\/News-Quality-Diamond-Award2025-web-1024x819.jpg\" alt=\"ASQE Diamond Award\" itemprop=\"image\" decoding=\"async\" loading=\"lazy\" srcset=\"https:\/\/www.oceaneering.com\/wp-content\/uploads\/2025\/12\/News-Quality-Diamond-Award2025-web-1024x819.jpg 1024w, https:\/\/www.oceaneering.com\/wp-content\/uploads\/2025\/12\/News-Quality-Diamond-Award2025-web-300x240.jpg 300w, https:\/\/www.oceaneering.com\/wp-content\/uploads\/2025\/12\/News-Quality-Diamond-Award2025-web-768x614.jpg 768w, https:\/\/www.oceaneering.com\/wp-content\/uploads\/2025\/12\/News-Quality-Diamond-Award2025-web-1536x1229.jpg 1536w, https:\/\/www.oceaneering.com\/wp-content\/uploads\/2025\/12\/News-Quality-Diamond-Award2025-web-15x12.jpg 15w, https:\/\/www.oceaneering.com\/wp-content\/uploads\/2025\/12\/News-Quality-Diamond-Award2025-web.jpg 2046w\" sizes=\"auto, (max-width: 1024px) 100vw, 1024px\" title=\"ASQEDiamondAward | Oceaneering\" \/><\/a>\n\t\t12\/10\/2025\n\t<h3><a href='https:\/\/www.oceaneering.com\/de\/oceaneering-wins-asqe-diamond-award-for-quality-excellence\/' title='Oceaneering erh\u00e4lt ASQE Diamond Award f\u00fcr herausragende Qualit\u00e4t'>Oceaneering erh\u00e4lt ASQE Diamond Award f\u00fcr herausragende Qualit\u00e4t<\/a><\/h3>\n    \t<p>Houston, Texas - Oceaneering International, Inc. ist mit dem Diamond Award der American Society for Quality and Excellence (ASQE) ausgezeichnet worden,...<\/p>\n\t\t<a href=\"https:\/\/www.oceaneering.com\/de\/oceaneering-wins-asqe-diamond-award-for-quality-excellence\/\">Mehr lesen <\/a>\n\t\t\t<a href='https:\/\/www.oceaneering.com\/de\/oceaneering-expands-vision-platform-with-subsea-module-for-engineering%e2%80%91grade-integrity-visualization\/' title='Oceaneering erweitert die Vision\u2122-Plattform um ein Unterwassermodul f\u00fcr die Visualisierung der Integrit\u00e4t in Ingenieurqualit\u00e4t'><img width=\"1024\" height=\"576\" src=\"https:\/\/www.oceaneering.com\/wp-content\/uploads\/2025\/11\/Vision-subsea3-1024x576.webp\" alt=\"Digital X ray visualization of a vessel\" itemprop=\"image\" decoding=\"async\" loading=\"lazy\" srcset=\"https:\/\/www.oceaneering.com\/wp-content\/uploads\/2025\/11\/Vision-subsea3-1024x576.webp 1024w, https:\/\/www.oceaneering.com\/wp-content\/uploads\/2025\/11\/Vision-subsea3-300x169.webp 300w, https:\/\/www.oceaneering.com\/wp-content\/uploads\/2025\/11\/Vision-subsea3-768x432.webp 768w, https:\/\/www.oceaneering.com\/wp-content\/uploads\/2025\/11\/Vision-subsea3-1536x864.webp 1536w, https:\/\/www.oceaneering.com\/wp-content\/uploads\/2025\/11\/Vision-subsea3-2048x1152.webp 2048w, https:\/\/www.oceaneering.com\/wp-content\/uploads\/2025\/11\/Vision-subsea3-18x10.webp 18w, https:\/\/www.oceaneering.com\/wp-content\/uploads\/2025\/11\/Vision-subsea3-1280x720.webp 1280w, https:\/\/www.oceaneering.com\/wp-content\/uploads\/2025\/11\/Vision-subsea3-960x540.webp 960w, https:\/\/www.oceaneering.com\/wp-content\/uploads\/2025\/11\/Vision-subsea3-640x360.webp 640w, https:\/\/www.oceaneering.com\/wp-content\/uploads\/2025\/11\/Vision-subsea3-320x180.webp 320w\" sizes=\"auto, (max-width: 1024px) 100vw, 1024px\" title=\"Vision Unterwasser 3 | Oceaneering\" \/><\/a>\n\t\t11\/4\/2025\n\t<h3><a href='https:\/\/www.oceaneering.com\/de\/oceaneering-expands-vision-platform-with-subsea-module-for-engineering%e2%80%91grade-integrity-visualization\/' title='Oceaneering erweitert die Vision\u2122-Plattform um ein Unterwassermodul f\u00fcr die Visualisierung der Integrit\u00e4t in Ingenieurqualit\u00e4t'>Oceaneering erweitert die Vision\u2122-Plattform um ein Unterwassermodul f\u00fcr die Visualisierung der Integrit\u00e4t in Ingenieurqualit\u00e4t<\/a><\/h3>\n    \t<p>Abu Dhabi, VAE - Oceaneering International, Inc. k\u00fcndigte heute Vision\u2122 Subsea an, ein neues Modul innerhalb der cloudbasierten Vision\u2122 3D-Datenbank...<\/p>\n\t\t<a href=\"https:\/\/www.oceaneering.com\/de\/oceaneering-expands-vision-platform-with-subsea-module-for-engineering%e2%80%91grade-integrity-visualization\/\">Mehr lesen <\/a>\n\t\t<!-- .pp-content-posts -->\n\t\t\t<a href=\"https:\/\/www.oceaneering.com\/de\/blog\/\" target=\"_self\">\n\t\t\t\t\t\t\tAlle Nachrichten anzeigen\n\t\t\t\t\t<\/a>","protected":false},"excerpt":{"rendered":"<p>A New Robotics Powerhouse Introducing the Momentum\u2122 Electric Work Class ROV This next-generation electric-propulsion system supports extended subsea campaigns with up to 30 days no\u2011touch maintenance in complex environments. Learn More Committed to Safety, Security, and Quality With advanced engineering expertise and leading technology, we provide integrated solutions and services that address your unique challenges-safely &#8230; <a title=\"Startseite\" class=\"read-more\" href=\"https:\/\/www.oceaneering.com\/de\/\" aria-label=\"Mehr Informationen \u00fcber Home\">Weiterlesen ...<\/a><\/p>","protected":false},"author":7,"featured_media":0,"parent":0,"menu_order":0,"comment_status":"closed","ping_status":"closed","template":"","meta":{"_acf_changed":false,"footnotes":"","_links_to":"","_links_to_target":""},"product_category":[],"search_tags":[1865,1867],"class_list":["post-5","page","type-page","status-publish","search_tags-about","search_tags-homepage"],"acf":[],"aioseo_notices":[],"_links":{"self":[{"href":"https:\/\/www.oceaneering.com\/de\/wp-json\/wp\/v2\/pages\/5","targetHints":{"allow":["GET"]}}],"collection":[{"href":"https:\/\/www.oceaneering.com\/de\/wp-json\/wp\/v2\/pages"}],"about":[{"href":"https:\/\/www.oceaneering.com\/de\/wp-json\/wp\/v2\/types\/page"}],"author":[{"embeddable":true,"href":"https:\/\/www.oceaneering.com\/de\/wp-json\/wp\/v2\/users\/7"}],"replies":[{"embeddable":true,"href":"https:\/\/www.oceaneering.com\/de\/wp-json\/wp\/v2\/comments?post=5"}],"version-history":[{"count":18,"href":"https:\/\/www.oceaneering.com\/de\/wp-json\/wp\/v2\/pages\/5\/revisions"}],"predecessor-version":[{"id":81324,"href":"https:\/\/www.oceaneering.com\/de\/wp-json\/wp\/v2\/pages\/5\/revisions\/81324"}],"wp:attachment":[{"href":"https:\/\/www.oceaneering.com\/de\/wp-json\/wp\/v2\/media?parent=5"}],"wp:term":[{"taxonomy":"product_category","embeddable":true,"href":"https:\/\/www.oceaneering.com\/de\/wp-json\/wp\/v2\/product_category?post=5"},{"taxonomy":"search_tags","embeddable":true,"href":"https:\/\/www.oceaneering.com\/de\/wp-json\/wp\/v2\/search_tags?post=5"}],"curies":[{"name":"wp","href":"https:\/\/api.w.org\/{rel}","templated":true}]}}