{"id":2682,"date":"2023-10-17T10:52:27","date_gmt":"2023-10-17T14:52:27","guid":{"rendered":"https:\/\/oceaneering.com\/?page_id=2682"},"modified":"2026-05-06T06:30:28","modified_gmt":"2026-05-06T11:30:28","slug":"remote-services","status":"publish","type":"page","link":"https:\/\/www.oceaneering.com\/de\/remote-services\/","title":{"rendered":"Entfernte Dienste"},"content":{"rendered":"<a href=\"https:\/\/www.oceaneering.com\/de\/remote-services\/#contact\"  target=\"_self\">\n\t\t\t\t\t\t\tEin Projekt besprechen\n\t\t\t\t\t<\/a>\n<h1>\n\t\t\tEntfernte Dienste\t<\/h1>\n\n\t\t\t\u00dcberdenken Sie die Art und Weise, wie die Offshore-Aktivit\u00e4ten von Anfang bis Ende durchgef\u00fchrt werden.\t\n<h2>\n\t\t\tRun Your Offshore Operations from Onshore\t<\/h2>\n\t<p>Oceaneering&#8217;s offshore expertise paired with high uptime and communications enables real-time monitoring, execution, and decision making. With your remote operations running from an onshore base, you can increase operational flexibility, reduce carbon footprint, and reduce risk to employees.<\/p>\n<h3>\n\t\t\tReduzierung der CO2-Emissionen\t<\/h3>\n<h3>\n\t\t\tReduce Topside Footprint\t<\/h3>\n<h3>\n\t\t\tReduce Required POB\t<\/h3>\n<h3>\n\t\t\tLower Logistics Costs\t<\/h3>\n<h3>\n\t\t\tStreamline Data Collection\t<\/h3>\n<figure itemscope itemtype=\"https:\/\/schema.org\/ImageObject\">\n\t\t\t\t<img decoding=\"async\" src=\"https:\/\/www.oceaneering.com\/wp-content\/uploads\/2023\/11\/Mission-support-center-1-e1560973968619.jpeg\" alt=\"People working in Oceaneering&#039;s Onshore Remote Operations Center.\" height=\"1046\" width=\"1396\" title=\"Mission-support-center-1-e1560973968619\" onerror=\"this.style.display='none'\" loading=\"lazy\" \/>\n\t<\/figure>\n<h2>\n\t\t\tOROCs\t<\/h2>\n<h3>\n\t\t\tOnshore Control for Offshore Execution\t<\/h3>\n\t<p>Our Onshore Remote Operations Centers (OROCs) enable offshore operations to be monitored, piloted, and supported from dedicated onshore facilities. By moving key personnel and decision-making onshore, OROCs increase operational flexibility, reduce offshore exposure, and support more efficient use of vessels and personnel. Our global facilities provide a scalable foundation for modern, digitally enabled offshore operations.<\/p>\n\t\t\t<a href=\"https:\/\/www.oceaneering.com\/de\/remote-services\/onshore-remote-operations-centers-orocs\/\"  target=\"_self\">\n\t\t\t\t\t\t\tMehr erfahren\n\t\t\t\t\t<\/a>\n<h2>\n\t\t\tAsset Agnostic Piloting Console\t<\/h2>\n<h3>\n\t\t\tSimplifying Multi-Asset Remote Piloting\t<\/h3>\n\t<p>Operating multiple uncrewed systems often means asset-specific controls, extensive retraining, and costly changes to control rooms. The Asset Agnostic Piloting Console solves these challenges using a standardized piloting environment that supports ROVs, AUVs, UUVs, USVs, and other platforms. A consistent, software-driven interface enables remote, onsite, and simulation operations using a single, consistent interface, helping teams transition between assets and campaigns more efficiently while maintaining operational continuity.<\/p>\n<figure itemscope itemtype=\"https:\/\/schema.org\/ImageObject\">\n\t\t\t\t<img decoding=\"async\" src=\"https:\/\/www.oceaneering.com\/wp-content\/uploads\/2026\/05\/shutterstock_1572149530-copy.webp\" alt=\"Close-up of a man using a remote controller.\" height=\"900\" width=\"1920\" title=\"shutterstock_1572149530 copy\" onerror=\"this.style.display='none'\" loading=\"lazy\" \/>\n\t<\/figure>\n\t\t\t\t\t\t\t\t\t<figure><img decoding=\"async\" src=\"https:\/\/www.oceaneering.com\/wp-content\/uploads\/2026\/05\/Simulation-2-copy.webp\" alt=\"\"\/><\/figure>\n\t\t\t\t\t\t\t\t<!-- .pp-device-media-screen-inner -->\n\t\t\t\t\t\t\t<!-- .pp-device-media-screen -->\n<h2>\n\t\t\tSimulation Services\t<\/h2>\n<h3>\n\t\t\tDe-Risking Operations Through Simulation\t<\/h3>\n\t<p>Our Simulation Services help you train teams, test concepts, and prepare for complex subsea operations before going offshore. Using a physics-based simulation environment, real-world forces such as hydrodynamics, vehicle response, and tool interaction are realistically replicated. This allows ROV pilots to prepare for a wide range of mission scenarios in conditions that mimic what they will experience subsea, building confidence and consistency in a low\u2011risk setting.<\/p>\n\t\t\t\t\t\t<h5>Validate Designs Earlier<\/h5>\n\t\t\t<p>Simulation Services also support tooling, equipment, and operational development early in the project lifecycle. Designs and procedures can be evaluated against realistic subsea behavior, allowing you to validate performance, refine approaches, and identify efficiencies before physical testing or offshore execution. By replicating operational conditions virtually, uncertainty is reduced, decision making improves, and teams are better prepared for safe, efficient offshore execution.<\/p>\n\t\t\tRPACT\t\n<h2>\n\t\t\tFernsteuerung und automatisierte Steuerungstechnik\t<\/h2>\n\t<p>Unsere OROC-Einrichtungen sind mit unserer charakteristischen Remote Piloting and Automated Control Technology (RPACT) ausgestattet, die eine vollst\u00e4ndige ROV-Steuerung \u00fcber virtuelle Verbindungstechnologien wie Radiofrequenz (RF) von Schiff zu Schiff, Satellit\/Internet oder eine optische Unterwasserverbindung erm\u00f6glicht. Die Software unterst\u00fctzt auch die kollaborative Steuerung, d. h. der Onshore-Pilot steuert das ROV, w\u00e4hrend der Offshore-Pilot die Manipulatoren bedient.<\/p>\n<p>Erg\u00e4nzt durch vorprogrammierte und automatische Befehle verwendet RPACT eine Videoverarbeitungssoftware, die Videos analysiert, r\u00e4umliche Abst\u00e4nde bestimmt und Formen erkennt, um eine freih\u00e4ndige Bewegung des ROV zu erm\u00f6glichen. Dies ist eine wesentliche Hilfe f\u00fcr den Piloten beim Betrieb des ROV \u00fcber Kommunikationsverbindungen mit langer Latenzzeit.<\/p>\n\t\t\t<a href=\"https:\/\/oceaneering.canto.com\/download\/document\/idcngclcrt2jj53n44fmeko32f\/original.pdf\"  target=\"_blank\" rel=\"noopener\">\n\t\t\t\t\t\t\tTechnologie f\u00fcr Fernsteuerung und automatisierte Kontrolle (RPACT)\n\t\t\t<\/a>\n<figure itemscope itemtype=\"https:\/\/schema.org\/ImageObject\">\n\t\t\t\t<img decoding=\"async\" src=\"https:\/\/www.oceaneering.com\/wp-content\/uploads\/2023\/12\/Mission-Support-Center-9-2000.jpg\" alt=\"Onshore Remote Operations Center (OROC)\" height=\"1125\" width=\"2000\" title=\"Ferngesteuertes Onshore-Betriebszentrum (OROC)\" onerror=\"this.style.display='none'\" loading=\"lazy\" \/>\n\t<\/figure>\n<h2>\n\t\t\tErm\u00f6glichende Technologien\t<\/h2>\n\t<p>Die Remote-Technologien von Oceaneering erm\u00f6glichen dank unserer fortschrittlichen Datenkommunikations- und Cloud-Softwarel\u00f6sungen eine Entscheidungsfindung in Echtzeit.<\/p>\n<figure itemscope itemtype=\"https:\/\/schema.org\/ImageObject\">\n\t\t\t\t<a href=\"https:\/\/oceaneering.canto.com\/download\/document\/lahb9qrv8d7vb37kcmsugea10o\/original.pdf\"  target=\"_blank\" rel=\"noopener\"  itemprop=\"url\">\n\t\t\t\t<img decoding=\"async\" src=\"https:\/\/oceaneering.com\/wp-content\/uploads\/2023\/10\/20AW038-1-panorama.png\" alt=\"20AW038-1-panorama\" title=\"20AW038-1-Panorama\" onerror=\"this.style.display='none'\" loading=\"lazy\" \/>\n\t\t\t\t<\/a>\n\t<\/figure>\n<h3>\n\t\t<a href=\"https:\/\/oceaneering.canto.com\/download\/document\/lahb9qrv8d7vb37kcmsugea10o\/original.pdf\" title=\"Bringen Sie Ihre Datenkommunikation in das 21. Jahrhundert\"  target=\"_blank\"  rel=\"noopener\">\n\t\t\tBringen Sie Ihre Datenkommunikation in das 21. Jahrhundert\t\t<\/a>\n\t<\/h3>\n\t<p>Unser <strong>Agnostische intelligente Satellitenverbindung (SAIL)<\/strong> Solution combines LTE, Wi-Fi, and Multi-Orbit Satellite Constellations to provide secure communication and networking capabilities, improving our customers&#8217; network speeds from the frustrating dial-up connections of last century. SAIL has been used by our customers to enable the offshore drilling rig of the future, today.<\/p>\n\t\t\t<a href=\"https:\/\/oceaneering.canto.com\/download\/document\/lahb9qrv8d7vb37kcmsugea10o\/original.pdf\"  target=\"_blank\" rel=\"noopener\">\n\t\t\t\t\t\t\tSAIL-L\u00f6sung (Satellite Agnostic Intelligent Link)\n\t\t\t\t\t<\/a>\n<figure itemscope itemtype=\"https:\/\/schema.org\/ImageObject\">\n\t\t\t\t<a href=\"https:\/\/oceaneering.canto.com\/download\/document\/obi7vkr4r931pefv15g160q90u\/original.pdf\"  target=\"_blank\" rel=\"noopener\"  itemprop=\"url\">\n\t\t\t\t<img decoding=\"async\" src=\"https:\/\/oceaneering.com\/wp-content\/uploads\/2023\/10\/shutterstock_1460459846-1852px-panorama.jpeg\" alt=\"shutterstock_1460459846-1852px-panorama\" title=\"shutterstock_1460459846-1852px-panorama\" onerror=\"this.style.display='none'\" loading=\"lazy\" \/>\n\t\t\t\t<\/a>\n\t<\/figure>\n<h3>\n\t\t<a href=\"https:\/\/oceaneering.canto.com\/download\/document\/obi7vkr4r931pefv15g160q90u\/original.pdf\" title=\"Live-Datenzugriff und Cloud-Speicher\"  target=\"_blank\"  rel=\"noopener\">\n\t\t\tLive-Datenzugriff und Cloud-Speicher\t\t<\/a>\n\t<\/h3>\n\t<p>Greifen Sie auf Ihre Daten zu und verwalten Sie sie, wann und wie Sie sie ben\u00f6tigen, w\u00e4hrend Sie Unterwasser- und Oberwasserarbeiten von Land aus \u00fcberwachen. <strong>Oceaneering Media Vault (OMV)<\/strong> bietet fortschrittliche Live-Streaming- und Archivierungsl\u00f6sungen, die Ihren Bedarf an Echtzeit-Fern\u00fcberwachung und Datenanalysel\u00f6sungen decken.<\/p>\n\t\t\t<a href=\"https:\/\/www.oceaneering.com\/de\/asset-intelligence-and-management\/media-and-integrity-management\/\"  target=\"_self\">\n\t\t\t\t\t\t\tMehr erfahren\n\t\t\t<\/a>\n<h2>\n\t\t\tKontakt\t<\/h2>\n<h3>\n\t\t\tUnser Expertenteam ist bereit, Ihnen den Einstieg zu erleichtern.\t<\/h3>\n\t<p>Oceaneering bietet erstklassige Produkte und L\u00f6sungen, die sich durch unvergleichliche Qualit\u00e4t, Zuverl\u00e4ssigkeit und globalen Support auszeichnen. F\u00fcllen Sie das Anfrageformular aus, um noch heute ein Gespr\u00e4ch zu beginnen.<\/p>","protected":false},"excerpt":{"rendered":"<p>Discuss a Project Remote Services Rethink the way offshore operations are run from end-to-end. Run Your Offshore Operations from Onshore Oceaneering&#8217;s offshore expertise paired with high uptime and communications enables real-time monitoring, execution, and decision making. With your remote operations running from an onshore base, you can increase operational flexibility, reduce carbon footprint, and reduce &#8230; <a title=\"Entfernte Dienste\" class=\"read-more\" href=\"https:\/\/www.oceaneering.com\/de\/remote-services\/\" aria-label=\"Mehr Informationen \u00fcber Remote Services\">Weiterlesen ...<\/a><\/p>","protected":false},"author":13,"featured_media":0,"parent":0,"menu_order":2,"comment_status":"closed","ping_status":"closed","template":"","meta":{"_acf_changed":false,"footnotes":"","_links_to":"","_links_to_target":""},"product_category":[1468],"search_tags":[1509,1802],"class_list":["post-2682","page","type-page","status-publish","product_category-remote-operations","search_tags-integrated-rig-solutions","search_tags-remote-services"],"acf":[],"aioseo_notices":[],"_links":{"self":[{"href":"https:\/\/www.oceaneering.com\/de\/wp-json\/wp\/v2\/pages\/2682","targetHints":{"allow":["GET"]}}],"collection":[{"href":"https:\/\/www.oceaneering.com\/de\/wp-json\/wp\/v2\/pages"}],"about":[{"href":"https:\/\/www.oceaneering.com\/de\/wp-json\/wp\/v2\/types\/page"}],"author":[{"embeddable":true,"href":"https:\/\/www.oceaneering.com\/de\/wp-json\/wp\/v2\/users\/13"}],"replies":[{"embeddable":true,"href":"https:\/\/www.oceaneering.com\/de\/wp-json\/wp\/v2\/comments?post=2682"}],"version-history":[{"count":7,"href":"https:\/\/www.oceaneering.com\/de\/wp-json\/wp\/v2\/pages\/2682\/revisions"}],"predecessor-version":[{"id":83583,"href":"https:\/\/www.oceaneering.com\/de\/wp-json\/wp\/v2\/pages\/2682\/revisions\/83583"}],"wp:attachment":[{"href":"https:\/\/www.oceaneering.com\/de\/wp-json\/wp\/v2\/media?parent=2682"}],"wp:term":[{"taxonomy":"product_category","embeddable":true,"href":"https:\/\/www.oceaneering.com\/de\/wp-json\/wp\/v2\/product_category?post=2682"},{"taxonomy":"search_tags","embeddable":true,"href":"https:\/\/www.oceaneering.com\/de\/wp-json\/wp\/v2\/search_tags?post=2682"}],"curies":[{"name":"wp","href":"https:\/\/api.w.org\/{rel}","templated":true}]}}